{"id":16743,"date":"2025-05-02T10:43:12","date_gmt":"2025-05-02T08:43:12","guid":{"rendered":"https:\/\/keluvo.com\/no\/produkt\/vannmatte-for-kjaeledyr\/"},"modified":"2025-05-17T22:44:27","modified_gmt":"2025-05-17T20:44:27","slug":"vannmatte-for-kjaeledyr","status":"publish","type":"product","link":"https:\/\/keluvo.com\/no\/produkt\/vannmatte-for-kjaeledyr\/","title":{"rendered":"Vannmatte for kj\u00e6ledyr"},"content":{"rendered":"<p style=\"text-align: center;\"><b>\ud83d\udca6 Vi introduserer vannmatten for kj\u00e6ledyr &#8211; kattens lekne og avslappende vannunderland! \ud83d\udc08<\/b><\/p>\n<p style=\"text-align: center;\"><span style=\"font-weight: 400;\">Denne myke vannmatten holder katten nysgjerrig, glad og engasjert. Ta p\u00e5 matten og se fiskene &laquo;sv\u00f8mme&raquo; inni &#8211; det er som et mini-hav hjemme!<\/span><\/p>\n<p><img decoding=\"async\" class=\"size-full wp-image-16957 aligncenter\" src=\"https:\/\/keluvo.com\/template\/wp-content\/uploads\/sites\/5\/2025\/05\/paet-ezgif.com-video-to-webp-converter.webp\" alt=\"\" \/><\/p>\n<h2 style=\"text-align: center;\">Hovedfordeler<\/h2>\n<ul>\n<li style=\"font-weight: 400;\"><span style=\"font-weight: 400;\">Interaktiv sanselek &#8211; katter elsker \u00e5 kl\u00e5 p\u00e5 fiskene som beveger seg inni.<\/span><span style=\"font-weight: 400;\"><br \/>\n<\/span><\/li>\n<li style=\"font-weight: 400;\"><span style=\"font-weight: 400;\">Flott for b\u00e5de lek og hvile &#8211; behagelig, koselig og kj\u00f8lig \u00e5 ligge p\u00e5.<\/span><span style=\"font-weight: 400;\"><br \/>\n<\/span><\/li>\n<li style=\"font-weight: 400;\"><span style=\"font-weight: 400;\">Laget av sterk PVC av h\u00f8y kvalitet &#8211; langvarig og trygg.<\/span><span style=\"font-weight: 400;\"><br \/>\n<\/span><\/li>\n<li style=\"font-weight: 400;\"><span style=\"font-weight: 400;\">Morsomt undervannsdesign &#8211; stimulerer kattens sinn og sanser.<\/span><span style=\"font-weight: 400;\"><br \/>\n<\/span><\/li>\n<li style=\"font-weight: 400;\"><span style=\"font-weight: 400;\">ogs\u00e5 morsomt for barn &#8211; se p\u00e5 eller lek sammen!<\/span><\/li>\n<\/ul>\n<p><img decoding=\"async\" class=\"size-full wp-image-16960 aligncenter\" src=\"https:\/\/keluvo.com\/template\/wp-content\/uploads\/sites\/5\/2025\/05\/301e182f-3aae-43f7-a649-462a7bff0620.webp\" alt=\"&quot;\" \/><\/p>\n<h2 style=\"text-align: center;\">Hvordan Dette Produktet Hjelper Deg<\/h2>\n<p style=\"text-align: center;\"><span style=\"font-weight: 400;\">Vannmatten er mer enn en leke &#8211; den bidrar til \u00e5 holde katten mentalt aktiv, fysisk leken og lykkelig underholdt.<\/span><\/p>\n<p style=\"text-align: center;\"><span style=\"font-weight: 400;\"> Den er perfekt for:<\/span><\/p>\n<ul>\n<li style=\"font-weight: 400;\"><span style=\"font-weight: 400;\">\u00c5 holde katten opptatt innend\u00f8rs<\/span><span style=\"font-weight: 400;\"><br \/>\n<\/span><\/li>\n<li style=\"font-weight: 400;\"><span style=\"font-weight: 400;\">Sanselek som engasjerer ber\u00f8ring og syn<\/span><\/li>\n<li style=\"font-weight: 400;\"><span style=\"font-weight: 400;\">Del interaktiv moro med kj\u00e6ledyret ditt og familien.<\/span><\/li>\n<\/ul>\n<h2 style=\"text-align: center;\">\ud83d\udce6 Pakken Inneholder<\/h2>\n<ul>\n<li style=\"font-weight: 400;\"><span style=\"font-weight: 400;\">1 vannmatte for kj\u00e6ledyr (interaktivt fiskedesign).<\/span><span style=\"font-weight: 400;\"><br \/>\n<\/span><\/li>\n<\/ul>\n","protected":false},"excerpt":{"rendered":"<p>\ud83d\udca6 Vi introduserer vannmatten for kj\u00e6ledyr &#8211; kattens lekne og avslappende vannunderland! \ud83d\udc08 Denne myke vannmatten holder katten nysgjerrig, glad [&hellip;]<\/p>\n","protected":false},"featured_media":16739,"comment_status":"open","ping_status":"closed","template":"","meta":{"site-sidebar-layout":"default","site-content-layout":"","ast-site-content-layout":"default","site-content-style":"default","site-sidebar-style":"default","ast-global-header-display":"","ast-banner-title-visibility":"","ast-main-header-display":"","ast-hfb-above-header-display":"","ast-hfb-below-header-display":"","ast-hfb-mobile-header-display":"","site-post-title":"","ast-breadcrumbs-content":"","ast-featured-img":"","footer-sml-layout":"","theme-transparent-header-meta":"default","adv-header-id-meta":"","stick-header-meta":"","header-above-stick-meta":"","header-main-stick-meta":"","header-below-stick-meta":"","astra-migrate-meta-layouts":"set","ast-page-background-enabled":"default","ast-page-background-meta":{"desktop":{"background-color":"var(--ast-global-color-4)","background-image":"","background-repeat":"repeat","background-position":"center center","background-size":"auto","background-attachment":"scroll","background-type":"","background-media":"","overlay-type":"","overlay-color":"","overlay-opacity":"","overlay-gradient":""},"tablet":{"background-color":"","background-image":"","background-repeat":"repeat","background-position":"center center","background-size":"auto","background-attachment":"scroll","background-type":"","background-media":"","overlay-type":"","overlay-color":"","overlay-opacity":"","overlay-gradient":""},"mobile":{"background-color":"","background-image":"","background-repeat":"repeat","background-position":"center center","background-size":"auto","background-attachment":"scroll","background-type":"","background-media":"","overlay-type":"","overlay-color":"","overlay-opacity":"","overlay-gradient":""}},"ast-content-background-meta":{"desktop":{"background-color":"var(--ast-global-color-5)","background-image":"","background-repeat":"repeat","background-position":"center center","background-size":"auto","background-attachment":"scroll","background-type":"","background-media":"","overlay-type":"","overlay-color":"","overlay-opacity":"","overlay-gradient":""},"tablet":{"background-color":"var(--ast-global-color-5)","background-image":"","background-repeat":"repeat","background-position":"center center","background-size":"auto","background-attachment":"scroll","background-type":"","background-media":"","overlay-type":"","overlay-color":"","overlay-opacity":"","overlay-gradient":""},"mobile":{"background-color":"var(--ast-global-color-5)","background-image":"","background-repeat":"repeat","background-position":"center center","background-size":"auto","background-attachment":"scroll","background-type":"","background-media":"","overlay-type":"","overlay-color":"","overlay-opacity":"","overlay-gradient":""}}},"product_brand":[],"product_cat":[997],"product_tag":[],"class_list":{"0":"post-16743","1":"product","2":"type-product","3":"status-publish","4":"has-post-thumbnail","6":"product_cat-husdyrprodukter","7":"pa_29909_9qskncsd-a","8":"pa_29909_9qskncsd-b","9":"pa_29909_9qskncsd-c","10":"pa_29909_9qskncsd-d","11":"pa_29909_9qskncsd-e","12":"pa_29909_9qskncsd-f","13":"pa_29909_9qskncsd-g","14":"pa_29909_9qskncsd-h","15":"pa_29909_9qskncsd-i","16":"pa_29909_9qskncsd-j","17":"pa_29909_9qskncsd-k","18":"pa_29909_9qskncsd-l","19":"pa_29909_9qskncsd-m","20":"pa_29909_9qskncsd-n","21":"pa_29909_9qskncsd-o","22":"desktop-align-left","23":"tablet-align-left","24":"mobile-align-left","26":"first","27":"instock","28":"shipping-taxable","29":"purchasable","30":"product-type-variable"},"_links":{"self":[{"href":"https:\/\/keluvo.com\/no\/wp-json\/wp\/v2\/product\/16743","targetHints":{"allow":["GET"]}}],"collection":[{"href":"https:\/\/keluvo.com\/no\/wp-json\/wp\/v2\/product"}],"about":[{"href":"https:\/\/keluvo.com\/no\/wp-json\/wp\/v2\/types\/product"}],"replies":[{"embeddable":true,"href":"https:\/\/keluvo.com\/no\/wp-json\/wp\/v2\/comments?post=16743"}],"wp:featuredmedia":[{"embeddable":true,"href":"https:\/\/keluvo.com\/no\/wp-json\/wp\/v2\/media\/16739"}],"wp:attachment":[{"href":"https:\/\/keluvo.com\/no\/wp-json\/wp\/v2\/media?parent=16743"}],"wp:term":[{"taxonomy":"product_brand","embeddable":true,"href":"https:\/\/keluvo.com\/no\/wp-json\/wp\/v2\/product_brand?post=16743"},{"taxonomy":"product_cat","embeddable":true,"href":"https:\/\/keluvo.com\/no\/wp-json\/wp\/v2\/product_cat?post=16743"},{"taxonomy":"product_tag","embeddable":true,"href":"https:\/\/keluvo.com\/no\/wp-json\/wp\/v2\/product_tag?post=16743"}],"curies":[{"name":"wp","href":"https:\/\/api.w.org\/{rel}","templated":true}]}}