{"id":1674,"date":"2024-10-11T16:41:14","date_gmt":"2024-10-11T13:41:14","guid":{"rendered":"https:\/\/keluvo.com\/no\/produkt\/wifi-kamera-2\/"},"modified":"2024-10-11T16:53:28","modified_gmt":"2024-10-11T13:53:28","slug":"wifi-kamera","status":"publish","type":"product","link":"https:\/\/keluvo.com\/no\/produkt\/wifi-kamera\/","title":{"rendered":"WiFi-kamera"},"content":{"rendered":"<h2 style=\"text-align: center;\"><strong>Soliditet og ytelse av h\u00f8y kvalitet<\/strong><\/h2>\n<p style=\"text-align: center;\">V\u00e5rt WiFi-kamera er bygget med robuste materialer som er designet for \u00e5 t\u00e5le daglig bruk, noe som sikrer langvarig ytelse og p\u00e5litelighet. Det tar bilder i sanntid av h\u00f8y kvalitet uten avbrudd<\/p>\n<p><img decoding=\"async\" class=\"size-medium wp-image-928 aligncenter\" src=\"https:\/\/keluvo.com\/template\/wp-content\/uploads\/sites\/5\/2024\/10\/c7d3d0d5-4a67-4555-903e-e535993da5fd.webp\" alt=\"\" \/><\/p>\n<p>&nbsp;<\/p>\n<h2 style=\"text-align: center;\"><strong>Bygget for \u00e5 t\u00e5le elementene<\/strong><\/h2>\n<p style=\"text-align: center;\">Dette kameraet er laget for \u00e5 motst\u00e5 ulike v\u00e6rforhold, noe som gj\u00f8r det egnet for b\u00e5de innend\u00f8rs og utend\u00f8rs bruk. Hold kontakten og beskyttelsen uansett v\u00e6r.<\/p>\n<p><img decoding=\"async\" class=\"size-medium wp-image-927 aligncenter\" src=\"https:\/\/keluvo.com\/template\/wp-content\/uploads\/sites\/5\/2024\/10\/f99f3c06-de1d-4065-9b88-2c6b6aa51e91.jpg\" alt=\"\" \/><\/p>\n<p>&nbsp;<\/p>\n<h2 style=\"text-align: center;\"><strong>Ubesv\u00e6ret administrasjon via app<\/strong><\/h2>\n<p style=\"text-align: center;\">Kontroller og overv\u00e5k sikkerheten din p\u00e5 en enkel m\u00e5te. Kameraet kobles til v\u00e5r brukervennlige app, slik at du kan fjernstyre innstillingene, se live-opptak og motta varsler, alt fra smarttelefonen din.<\/p>\n<p><img decoding=\"async\" class=\"size-medium wp-image-929 aligncenter\" src=\"https:\/\/keluvo.com\/template\/wp-content\/uploads\/sites\/5\/2024\/10\/18f6bf52-0215-4432-a948-e81df7257871.webp\" alt=\"\" \/><\/p>\n","protected":false},"excerpt":{"rendered":"<p>Soliditet og ytelse av h\u00f8y kvalitet V\u00e5rt WiFi-kamera er bygget med robuste materialer som er designet for \u00e5 t\u00e5le daglig [&hellip;]<\/p>\n","protected":false},"featured_media":1670,"comment_status":"open","ping_status":"closed","template":"","meta":{"site-sidebar-layout":"default","site-content-layout":"","ast-site-content-layout":"default","site-content-style":"default","site-sidebar-style":"default","ast-global-header-display":"","ast-banner-title-visibility":"","ast-main-header-display":"","ast-hfb-above-header-display":"","ast-hfb-below-header-display":"","ast-hfb-mobile-header-display":"","site-post-title":"","ast-breadcrumbs-content":"","ast-featured-img":"","footer-sml-layout":"","theme-transparent-header-meta":"default","adv-header-id-meta":"","stick-header-meta":"","header-above-stick-meta":"","header-main-stick-meta":"","header-below-stick-meta":"","astra-migrate-meta-layouts":"set","ast-page-background-enabled":"default","ast-page-background-meta":{"desktop":{"background-color":"var(--ast-global-color-4)","background-image":"","background-repeat":"repeat","background-position":"center center","background-size":"auto","background-attachment":"scroll","background-type":"","background-media":"","overlay-type":"","overlay-color":"","overlay-opacity":"","overlay-gradient":""},"tablet":{"background-color":"","background-image":"","background-repeat":"repeat","background-position":"center center","background-size":"auto","background-attachment":"scroll","background-type":"","background-media":"","overlay-type":"","overlay-color":"","overlay-opacity":"","overlay-gradient":""},"mobile":{"background-color":"","background-image":"","background-repeat":"repeat","background-position":"center center","background-size":"auto","background-attachment":"scroll","background-type":"","background-media":"","overlay-type":"","overlay-color":"","overlay-opacity":"","overlay-gradient":""}},"ast-content-background-meta":{"desktop":{"background-color":"var(--ast-global-color-5)","background-image":"","background-repeat":"repeat","background-position":"center center","background-size":"auto","background-attachment":"scroll","background-type":"","background-media":"","overlay-type":"","overlay-color":"","overlay-opacity":"","overlay-gradient":""},"tablet":{"background-color":"var(--ast-global-color-5)","background-image":"","background-repeat":"repeat","background-position":"center center","background-size":"auto","background-attachment":"scroll","background-type":"","background-media":"","overlay-type":"","overlay-color":"","overlay-opacity":"","overlay-gradient":""},"mobile":{"background-color":"var(--ast-global-color-5)","background-image":"","background-repeat":"repeat","background-position":"center center","background-size":"auto","background-attachment":"scroll","background-type":"","background-media":"","overlay-type":"","overlay-color":"","overlay-opacity":"","overlay-gradient":""}}},"product_brand":[],"product_cat":[15],"product_tag":[],"class_list":{"0":"post-1674","1":"product","2":"type-product","3":"status-publish","4":"has-post-thumbnail","6":"product_cat-uncategorized","7":"desktop-align-left","8":"tablet-align-left","9":"mobile-align-left","11":"first","12":"instock","13":"shipping-taxable","14":"purchasable","15":"product-type-simple"},"_links":{"self":[{"href":"https:\/\/keluvo.com\/no\/wp-json\/wp\/v2\/product\/1674","targetHints":{"allow":["GET"]}}],"collection":[{"href":"https:\/\/keluvo.com\/no\/wp-json\/wp\/v2\/product"}],"about":[{"href":"https:\/\/keluvo.com\/no\/wp-json\/wp\/v2\/types\/product"}],"replies":[{"embeddable":true,"href":"https:\/\/keluvo.com\/no\/wp-json\/wp\/v2\/comments?post=1674"}],"wp:featuredmedia":[{"embeddable":true,"href":"https:\/\/keluvo.com\/no\/wp-json\/wp\/v2\/media\/1670"}],"wp:attachment":[{"href":"https:\/\/keluvo.com\/no\/wp-json\/wp\/v2\/media?parent=1674"}],"wp:term":[{"taxonomy":"product_brand","embeddable":true,"href":"https:\/\/keluvo.com\/no\/wp-json\/wp\/v2\/product_brand?post=1674"},{"taxonomy":"product_cat","embeddable":true,"href":"https:\/\/keluvo.com\/no\/wp-json\/wp\/v2\/product_cat?post=1674"},{"taxonomy":"product_tag","embeddable":true,"href":"https:\/\/keluvo.com\/no\/wp-json\/wp\/v2\/product_tag?post=1674"}],"curies":[{"name":"wp","href":"https:\/\/api.w.org\/{rel}","templated":true}]}}