{"id":16703,"date":"2025-05-02T10:41:44","date_gmt":"2025-05-02T08:41:44","guid":{"rendered":"https:\/\/keluvo.com\/no\/produkt\/handveske-lommebok\/"},"modified":"2025-05-02T10:42:02","modified_gmt":"2025-05-02T08:42:02","slug":"handveske-lommebok","status":"publish","type":"product","link":"https:\/\/keluvo.com\/no\/produkt\/handveske-lommebok\/","title":{"rendered":"H\u00e5ndveske lommebok"},"content":{"rendered":"<p style=\"text-align: center\"><b>\ud83d\udc5c Vi introduserer mini-lommeboken &#8211; din stilige og sikre hverdagsveske! \ud83d\udcb3<\/b><\/p>\n<p style=\"text-align: center\"><span style=\"font-weight: 400\">Denne s\u00f8te og kompakte vesken er perfekt for \u00e5 ha plass til det du trenger hver dag. Den er stilig, trygg og passer til alle antrekk!<\/span><\/p>\n<p><img decoding=\"async\" class=\"size-full wp-image-17007 aligncenter\" src=\"https:\/\/keluvo.com\/template\/wp-content\/uploads\/sites\/5\/2025\/05\/bag-ezgif.com-video-to-webp-converter.webp\" alt=\"\" \/><\/p>\n<h2 style=\"text-align: center\">Hovedfordeler<\/h2>\n<ul>\n<li style=\"font-weight: 400\"><span style=\"font-weight: 400\">B\u00e6r den p\u00e5 din m\u00e5te &#8211; p\u00e5 skulderen eller p\u00e5 tvers av kroppen.<\/span><span style=\"font-weight: 400\"><br \/>\n<\/span><\/li>\n<li style=\"font-weight: 400\"><span style=\"font-weight: 400\">Mykt og slitesterkt syntetisk skinn &#8211; f\u00f8les godt og varer lenge.<\/span><span style=\"font-weight: 400\"><br \/>\n<\/span><\/li>\n<li style=\"font-weight: 400\"><span style=\"font-weight: 400\">Sikker glidel\u00e5s og trykknapplukking &#8211; holder alt trygt.<\/span><span style=\"font-weight: 400\"><br \/>\n<\/span><\/li>\n<li style=\"font-weight: 400\"><span style=\"font-weight: 400\">Innvendig glidel\u00e5slomme &#8211; enkel \u00e5 organisere kort, n\u00f8kler og sm\u00e5ting.<\/span><\/li>\n<li style=\"font-weight: 400\"><span style=\"font-weight: 400\">Elegant og enkel &#8211; passer til ethvert utseende, hver dag.<\/span><\/li>\n<\/ul>\n<p><img decoding=\"async\" class=\"size-full wp-image-17012 aligncenter\" src=\"https:\/\/keluvo.com\/template\/wp-content\/uploads\/sites\/5\/2025\/05\/47848d27-497a-4688-964e-5a3b14b1fa6c.webp\" alt=\"\" \/><\/p>\n<h2 style=\"text-align: center\">Hvordan dette produktet hjelper deg<\/h2>\n<p style=\"text-align: center\"><span style=\"font-weight: 400\">Minih\u00e5ndveske-lommeboken er den perfekte blandingen av mote og funksjon.<\/span><\/p>\n<p style=\"text-align: center\"><span style=\"font-weight: 400\"> Den er perfekt for:<\/span><\/p>\n<ul>\n<li style=\"font-weight: 400\"><span style=\"font-weight: 400\">Raske turer, jobbm\u00f8ter og daglige \u00e6render<\/span><span style=\"font-weight: 400\"><br \/>\n<\/span><\/li>\n<li style=\"font-weight: 400\"><span style=\"font-weight: 400\">Ha hendene frie og det viktigste i n\u00e6rheten<\/span><\/li>\n<li style=\"font-weight: 400\"><span style=\"font-weight: 400\">Alle som elsker en kompakt, ren og stilig stil.<\/span><\/li>\n<\/ul>\n<h2 style=\"text-align: center\">\ud83d\udce6 Pakken inneholder<\/h2>\n<ul>\n<li style=\"font-weight: 400\"><span style=\"font-weight: 400\">1 h\u00e5ndveske lommebok<\/span><\/li>\n<\/ul>\n","protected":false},"excerpt":{"rendered":"<p>\ud83d\udc5c Vi introduserer mini-lommeboken &#8211; din stilige og sikre hverdagsveske! \ud83d\udcb3 Denne s\u00f8te og kompakte vesken er perfekt for \u00e5 [&hellip;]<\/p>\n","protected":false},"featured_media":16699,"comment_status":"open","ping_status":"closed","template":"","meta":{"site-sidebar-layout":"default","site-content-layout":"","ast-site-content-layout":"default","site-content-style":"default","site-sidebar-style":"default","ast-global-header-display":"","ast-banner-title-visibility":"","ast-main-header-display":"","ast-hfb-above-header-display":"","ast-hfb-below-header-display":"","ast-hfb-mobile-header-display":"","site-post-title":"","ast-breadcrumbs-content":"","ast-featured-img":"","footer-sml-layout":"","theme-transparent-header-meta":"default","adv-header-id-meta":"","stick-header-meta":"","header-above-stick-meta":"","header-main-stick-meta":"","header-below-stick-meta":"","astra-migrate-meta-layouts":"set","ast-page-background-enabled":"default","ast-page-background-meta":{"desktop":{"background-color":"var(--ast-global-color-4)","background-image":"","background-repeat":"repeat","background-position":"center center","background-size":"auto","background-attachment":"scroll","background-type":"","background-media":"","overlay-type":"","overlay-color":"","overlay-opacity":"","overlay-gradient":""},"tablet":{"background-color":"","background-image":"","background-repeat":"repeat","background-position":"center center","background-size":"auto","background-attachment":"scroll","background-type":"","background-media":"","overlay-type":"","overlay-color":"","overlay-opacity":"","overlay-gradient":""},"mobile":{"background-color":"","background-image":"","background-repeat":"repeat","background-position":"center center","background-size":"auto","background-attachment":"scroll","background-type":"","background-media":"","overlay-type":"","overlay-color":"","overlay-opacity":"","overlay-gradient":""}},"ast-content-background-meta":{"desktop":{"background-color":"var(--ast-global-color-5)","background-image":"","background-repeat":"repeat","background-position":"center center","background-size":"auto","background-attachment":"scroll","background-type":"","background-media":"","overlay-type":"","overlay-color":"","overlay-opacity":"","overlay-gradient":""},"tablet":{"background-color":"var(--ast-global-color-5)","background-image":"","background-repeat":"repeat","background-position":"center center","background-size":"auto","background-attachment":"scroll","background-type":"","background-media":"","overlay-type":"","overlay-color":"","overlay-opacity":"","overlay-gradient":""},"mobile":{"background-color":"var(--ast-global-color-5)","background-image":"","background-repeat":"repeat","background-position":"center center","background-size":"auto","background-attachment":"scroll","background-type":"","background-media":"","overlay-type":"","overlay-color":"","overlay-opacity":"","overlay-gradient":""}}},"product_brand":[],"product_cat":[994],"product_tag":[],"class_list":{"0":"post-16703","1":"product","2":"type-product","3":"status-publish","4":"has-post-thumbnail","6":"product_cat-klaer-til-kvinner","7":"pa_19402_ktxt3237-bla","8":"pa_19402_ktxt3237-brun","9":"pa_19402_ktxt3237-gronn","10":"pa_19402_ktxt3237-himmelbla","11":"pa_19402_ktxt3237-lysegra","12":"pa_19402_ktxt3237-mork-rosa","13":"pa_19402_ktxt3237-morkebla","14":"pa_19402_ktxt3237-morkegra","15":"pa_19402_ktxt3237-rod","16":"pa_19402_ktxt3237-rosa","17":"pa_19402_ktxt3237-svart","18":"pa_19402_ktxt3237-vinrod","19":"desktop-align-left","20":"tablet-align-left","21":"mobile-align-left","23":"first","24":"instock","25":"shipping-taxable","26":"purchasable","27":"product-type-variable"},"_links":{"self":[{"href":"https:\/\/keluvo.com\/no\/wp-json\/wp\/v2\/product\/16703","targetHints":{"allow":["GET"]}}],"collection":[{"href":"https:\/\/keluvo.com\/no\/wp-json\/wp\/v2\/product"}],"about":[{"href":"https:\/\/keluvo.com\/no\/wp-json\/wp\/v2\/types\/product"}],"replies":[{"embeddable":true,"href":"https:\/\/keluvo.com\/no\/wp-json\/wp\/v2\/comments?post=16703"}],"wp:featuredmedia":[{"embeddable":true,"href":"https:\/\/keluvo.com\/no\/wp-json\/wp\/v2\/media\/16699"}],"wp:attachment":[{"href":"https:\/\/keluvo.com\/no\/wp-json\/wp\/v2\/media?parent=16703"}],"wp:term":[{"taxonomy":"product_brand","embeddable":true,"href":"https:\/\/keluvo.com\/no\/wp-json\/wp\/v2\/product_brand?post=16703"},{"taxonomy":"product_cat","embeddable":true,"href":"https:\/\/keluvo.com\/no\/wp-json\/wp\/v2\/product_cat?post=16703"},{"taxonomy":"product_tag","embeddable":true,"href":"https:\/\/keluvo.com\/no\/wp-json\/wp\/v2\/product_tag?post=16703"}],"curies":[{"name":"wp","href":"https:\/\/api.w.org\/{rel}","templated":true}]}}