{"id":16611,"date":"2025-05-01T20:20:27","date_gmt":"2025-05-01T18:20:27","guid":{"rendered":"https:\/\/keluvo.com\/no\/produkt\/telle-leke-med-frosk\/"},"modified":"2025-10-03T16:41:59","modified_gmt":"2025-10-03T13:41:59","slug":"telle-leke-med-frosk","status":"publish","type":"product","link":"https:\/\/keluvo.com\/no\/produkt\/telle-leke-med-frosk\/","title":{"rendered":"Telle-leke med frosk"},"content":{"rendered":"<p style=\"text-align: center\"><strong>Vi Presenterer Frosketelleleken \u2013 En Morsom M\u00e5te \u00c5 L\u00e6re Matte P\u00e5 Mens Du Leker!<\/strong><\/p>\n<p style=\"text-align: center\"><span style=\"font-weight: 400\">Denne s\u00f8te froskeleken hjelper barn \u00e5 l\u00e6re \u00e5 telle, legge til og balansere. Den gj\u00f8r matte enkelt, lekent og spennende!<\/span><\/p>\n<p><img decoding=\"async\" class=\"alignnone size-full wp-image-16910 aligncenter\" src=\"https:\/\/keluvo.com\/template\/wp-content\/uploads\/sites\/5\/2025\/05\/CountingToy-ezgif.com-video-to-webp-converter.webp\" alt=\"\" \/><\/p>\n<h2 style=\"text-align: center\">Hovedfordeler<\/h2>\n<ul>\n<li style=\"font-weight: 400\"><span style=\"font-weight: 400\">Froskens morsomme design vekker nysgjerrighet og engasjerer barna.<\/span><span style=\"font-weight: 400\"><br \/>\n<\/span><\/li>\n<li style=\"font-weight: 400\"><span style=\"font-weight: 400\">L\u00e6rer dem tall, telling og enkel matte p\u00e5 en morsom m\u00e5te.<\/span><span style=\"font-weight: 400\"><br \/>\n<\/span><\/li>\n<li style=\"font-weight: 400\"><span style=\"font-weight: 400\">Sikkert og slitesterkt ABS-materiale &#8211; glatt og giftfritt.<\/span><span style=\"font-weight: 400\"><br \/>\n<\/span><\/li>\n<li style=\"font-weight: 400\"><span style=\"font-weight: 400\">Lyse farger bidrar til \u00e5 utvikle barnas fargegjenkjenning og kognitive ferdigheter.<\/span><span style=\"font-weight: 400\"><br \/>\n<\/span><\/li>\n<li style=\"font-weight: 400\"><span style=\"font-weight: 400\">Perfekt for hjemmel\u00e6ring, klasserom, barnehager og veiledning.<\/span><\/li>\n<\/ul>\n<p><img decoding=\"async\" class=\"alignnone size-full wp-image-16905 aligncenter\" src=\"https:\/\/keluvo.com\/template\/wp-content\/uploads\/sites\/5\/2025\/05\/4625ade1-80a9-4ea4-aa60-edc0822eb250.webp.webp\" alt=\"\" \/><\/p>\n<h2 style=\"text-align: center\">Hvordan Dette Produktet Hjelper Deg<\/h2>\n<p style=\"text-align: center\"><span style=\"font-weight: 400\">Froskens telleleket\u00f8y er perfekt for \u00e5 gj\u00f8re tidlig matteundervisning morsom og praktisk.<\/span><\/p>\n<p style=\"text-align: center\"><span style=\"font-weight: 400\"> Den er perfekt til \u00e5:<\/span><\/p>\n<ul>\n<li style=\"font-weight: 400\"><span style=\"font-weight: 400\">Hjelpe barn med \u00e5 l\u00e6re tall og grunnleggende matematikk<\/span><span style=\"font-weight: 400\"><br \/>\n<\/span><\/li>\n<li style=\"font-weight: 400\"><span style=\"font-weight: 400\">Styrke hukommelsen og tenkeferdighetene<\/span><span style=\"font-weight: 400\"><br \/>\n<\/span><\/li>\n<li style=\"font-weight: 400\"><span style=\"font-weight: 400\">Samle pedagogisk kvalitetstid med barnet ditt<\/span><\/li>\n<\/ul>\n<h2 style=\"text-align: center\">Slik Bruker Du Den<\/h2>\n<ol>\n<li style=\"font-weight: 400\"><span style=\"font-weight: 400\">Sett opp froskevekten p\u00e5 basen.<\/span><span style=\"font-weight: 400\"><br \/>\n<\/span><\/li>\n<li style=\"font-weight: 400\"><span style=\"font-weight: 400\">plasser veieplatene p\u00e5 hver side.<\/span><span style=\"font-weight: 400\"><br \/>\n<\/span><\/li>\n<li style=\"font-weight: 400\"><span style=\"font-weight: 400\">velg et kort og f\u00f8lg tallene som vises.<\/span><span style=\"font-weight: 400\"><br \/>\n<\/span><\/li>\n<li style=\"font-weight: 400\"><span style=\"font-weight: 400\">plasser froskene eller tallene p\u00e5 platene for \u00e5 balansere begge sider.<\/span><\/li>\n<\/ol>\n<h2 style=\"text-align: center\">Pakken Inneholder<\/h2>\n<ul>\n<li style=\"font-weight: 400\"><span style=\"font-weight: 400\">1 froskevekt<\/span><span style=\"font-weight: 400\"><br \/>\n<\/span><\/li>\n<li style=\"font-weight: 400\"><span style=\"font-weight: 400\">2 veieplater<\/span><span style=\"font-weight: 400\"><br \/>\n<\/span><\/li>\n<li style=\"font-weight: 400\"><span style=\"font-weight: 400\">1 base<\/span><span style=\"font-weight: 400\"><br \/>\n<\/span><\/li>\n<li style=\"font-weight: 400\"><span style=\"font-weight: 400\">19 sm\u00e5 froskefigurer<\/span><span style=\"font-weight: 400\"><br \/>\n<\/span><\/li>\n<li style=\"font-weight: 400\"><span style=\"font-weight: 400\">Tall 1-10<\/span><span style=\"font-weight: 400\"><br \/>\n<\/span><\/li>\n<li style=\"font-weight: 400\"><span style=\"font-weight: 400\">30 dobbeltsidige aktivitetskort<\/span><span style=\"font-weight: 400\"><br \/>\n<\/span><\/li>\n<li style=\"font-weight: 400\"><span style=\"font-weight: 400\">1 bruksanvisning<\/span><\/li>\n<\/ul>\n","protected":false},"excerpt":{"rendered":"<p>Vi Presenterer Frosketelleleken \u2013 En Morsom M\u00e5te \u00c5 L\u00e6re Matte P\u00e5 Mens Du Leker! Denne s\u00f8te froskeleken hjelper barn \u00e5 [&hellip;]<\/p>\n","protected":false},"featured_media":16607,"comment_status":"open","ping_status":"closed","template":"","meta":{"site-sidebar-layout":"default","site-content-layout":"","ast-site-content-layout":"default","site-content-style":"default","site-sidebar-style":"default","ast-global-header-display":"","ast-banner-title-visibility":"","ast-main-header-display":"","ast-hfb-above-header-display":"","ast-hfb-below-header-display":"","ast-hfb-mobile-header-display":"","site-post-title":"","ast-breadcrumbs-content":"","ast-featured-img":"","footer-sml-layout":"","theme-transparent-header-meta":"default","adv-header-id-meta":"","stick-header-meta":"","header-above-stick-meta":"","header-main-stick-meta":"","header-below-stick-meta":"","astra-migrate-meta-layouts":"set","ast-page-background-enabled":"default","ast-page-background-meta":{"desktop":{"background-color":"var(--ast-global-color-4)","background-image":"","background-repeat":"repeat","background-position":"center center","background-size":"auto","background-attachment":"scroll","background-type":"","background-media":"","overlay-type":"","overlay-color":"","overlay-opacity":"","overlay-gradient":""},"tablet":{"background-color":"","background-image":"","background-repeat":"repeat","background-position":"center center","background-size":"auto","background-attachment":"scroll","background-type":"","background-media":"","overlay-type":"","overlay-color":"","overlay-opacity":"","overlay-gradient":""},"mobile":{"background-color":"","background-image":"","background-repeat":"repeat","background-position":"center center","background-size":"auto","background-attachment":"scroll","background-type":"","background-media":"","overlay-type":"","overlay-color":"","overlay-opacity":"","overlay-gradient":""}},"ast-content-background-meta":{"desktop":{"background-color":"var(--ast-global-color-5)","background-image":"","background-repeat":"repeat","background-position":"center center","background-size":"auto","background-attachment":"scroll","background-type":"","background-media":"","overlay-type":"","overlay-color":"","overlay-opacity":"","overlay-gradient":""},"tablet":{"background-color":"var(--ast-global-color-5)","background-image":"","background-repeat":"repeat","background-position":"center center","background-size":"auto","background-attachment":"scroll","background-type":"","background-media":"","overlay-type":"","overlay-color":"","overlay-opacity":"","overlay-gradient":""},"mobile":{"background-color":"var(--ast-global-color-5)","background-image":"","background-repeat":"repeat","background-position":"center center","background-size":"auto","background-attachment":"scroll","background-type":"","background-media":"","overlay-type":"","overlay-color":"","overlay-opacity":"","overlay-gradient":""}}},"product_brand":[],"product_cat":[990],"product_tag":[],"class_list":{"0":"post-16611","1":"product","2":"type-product","3":"status-publish","4":"has-post-thumbnail","6":"product_cat-leker-barne-og-babyprodukter","7":"pa_37506_igicge36-gronn","8":"pa_37506_igicge36-rosa","9":"desktop-align-left","10":"tablet-align-left","11":"mobile-align-left","13":"first","14":"instock","15":"shipping-taxable","16":"purchasable","17":"product-type-variable"},"_links":{"self":[{"href":"https:\/\/keluvo.com\/no\/wp-json\/wp\/v2\/product\/16611","targetHints":{"allow":["GET"]}}],"collection":[{"href":"https:\/\/keluvo.com\/no\/wp-json\/wp\/v2\/product"}],"about":[{"href":"https:\/\/keluvo.com\/no\/wp-json\/wp\/v2\/types\/product"}],"replies":[{"embeddable":true,"href":"https:\/\/keluvo.com\/no\/wp-json\/wp\/v2\/comments?post=16611"}],"wp:featuredmedia":[{"embeddable":true,"href":"https:\/\/keluvo.com\/no\/wp-json\/wp\/v2\/media\/16607"}],"wp:attachment":[{"href":"https:\/\/keluvo.com\/no\/wp-json\/wp\/v2\/media?parent=16611"}],"wp:term":[{"taxonomy":"product_brand","embeddable":true,"href":"https:\/\/keluvo.com\/no\/wp-json\/wp\/v2\/product_brand?post=16611"},{"taxonomy":"product_cat","embeddable":true,"href":"https:\/\/keluvo.com\/no\/wp-json\/wp\/v2\/product_cat?post=16611"},{"taxonomy":"product_tag","embeddable":true,"href":"https:\/\/keluvo.com\/no\/wp-json\/wp\/v2\/product_tag?post=16611"}],"curies":[{"name":"wp","href":"https:\/\/api.w.org\/{rel}","templated":true}]}}