{"id":16600,"date":"2025-05-01T20:19:39","date_gmt":"2025-05-01T18:19:39","guid":{"rendered":"https:\/\/keluvo.com\/no\/produkt\/hjorneklemmesett\/"},"modified":"2025-05-01T20:19:44","modified_gmt":"2025-05-01T18:19:44","slug":"hjorneklemmesett","status":"publish","type":"product","link":"https:\/\/keluvo.com\/no\/produkt\/hjorneklemmesett\/","title":{"rendered":"Hj\u00f8rneklemmesett"},"content":{"rendered":"<p style=\"text-align: center\"><strong>Vi Presenterer Hj\u00f8rneklemmesettet \u2013 Din Enkle Og Sterke Hjelper For Perfekte Hj\u00f8rner!<\/strong><\/p>\n<p style=\"text-align: center\"><span style=\"font-weight: 400\">Disse klemmene holder treverket stramt og rett, noe som gj\u00f8r det raskt og enkelt \u00e5 bygge og fikse prosjekter!<\/span><\/p>\n<p><img decoding=\"async\" class=\"alignnone size-full wp-image-16885 aligncenter\" src=\"https:\/\/keluvo.com\/template\/wp-content\/uploads\/sites\/5\/2025\/05\/Cornerclampset-ezgif.com-video-to-webp-converter.webp\" alt=\"\" \/><\/p>\n<h2 style=\"text-align: center\">Hovedfordeler<\/h2>\n<ul>\n<li style=\"font-weight: 400\"><span style=\"font-weight: 400\">Laget av sterkt ABS-materiale av h\u00f8y kvalitet &#8211; bygget for \u00e5 vare.<\/span><span style=\"font-weight: 400\"><br \/>\n<\/span><\/li>\n<li style=\"font-weight: 400\"><span style=\"font-weight: 400\">Hjelper deg med \u00e5 holde hj\u00f8rnene sammen mens du jobber.<\/span><span style=\"font-weight: 400\"><br \/>\n<\/span><\/li>\n<li style=\"font-weight: 400\"><span style=\"font-weight: 400\">Perfekt til trearbeid, sveising, skruing og liming.<\/span><span style=\"font-weight: 400\"><br \/>\n<\/span><\/li>\n<li style=\"font-weight: 400\"><span style=\"font-weight: 400\">Perfekt til \u00e5 lage skap, hyller, esker og bilderammer.<\/span><span style=\"font-weight: 400\"><br \/>\n<\/span><\/li>\n<li style=\"font-weight: 400\"><span style=\"font-weight: 400\">Enkel \u00e5 bruke &#8211; sparer tid og gj\u00f8r at prosjektene dine ser bra ut!<\/span><\/li>\n<\/ul>\n<p><img decoding=\"async\" class=\"alignnone size-full wp-image-16889 aligncenter\" src=\"https:\/\/keluvo.com\/template\/wp-content\/uploads\/sites\/5\/2025\/05\/211f047b-9359-4194-a5df-2c3029b597cf.webp.webp\" alt=\"\" \/><\/p>\n<h2 style=\"text-align: center\">Hvordan Dette Produktet Hjelper Deg<\/h2>\n<p style=\"text-align: center\"><span style=\"font-weight: 400\">Hj\u00f8rneklemmesettet er perfekt for alle som elsker gj\u00f8r-det-selv-prosjekter, trearbeid eller raske reparasjoner i hjemmet.<\/span><\/p>\n<p style=\"text-align: center\"><span style=\"font-weight: 400\"> Det er perfekt for:<\/span><\/p>\n<ul>\n<li style=\"font-weight: 400\"><span style=\"font-weight: 400\">Bygging eller montering av skap og m\u00f8bler<\/span><span style=\"font-weight: 400\"><br \/>\n<\/span><\/li>\n<li style=\"font-weight: 400\"><span style=\"font-weight: 400\">Montering av bilderammer og esker<\/span><span style=\"font-weight: 400\"><br \/>\n<\/span><\/li>\n<li style=\"font-weight: 400\"><span style=\"font-weight: 400\">Forsterkning av hj\u00f8rner p\u00e5 en enkel m\u00e5te<\/span><\/li>\n<\/ul>\n<h2 style=\"text-align: center\">Slik Bruker Du Det<\/h2>\n<ol>\n<li style=\"font-weight: 400\"><span style=\"font-weight: 400\">Plasser klemmen p\u00e5 hj\u00f8rnet der to trebiter m\u00f8tes.<\/span><span style=\"font-weight: 400\"><br \/>\n<\/span><\/li>\n<li style=\"font-weight: 400\"><span style=\"font-weight: 400\">Stram klemmen for \u00e5 holde bitene p\u00e5 plass.<\/span><span style=\"font-weight: 400\"><br \/>\n<\/span><\/li>\n<li style=\"font-weight: 400\"><span style=\"font-weight: 400\">Spikre, skru eller lim prosjektet ditt uten bekymring!<\/span><span style=\"font-weight: 400\"><br \/>\n<\/span><\/li>\n<li style=\"font-weight: 400\"><span style=\"font-weight: 400\">Fjern klemmen n\u00e5r du er ferdig.<\/span><\/li>\n<\/ol>\n<h2 style=\"text-align: center\">Pakken Inneholder<\/h2>\n<ul>\n<li style=\"font-weight: 400\"><span style=\"font-weight: 400\">1, 2 eller 4 stk hj\u00f8rneklemmer (avhengig av ditt valg)<\/span><span style=\"font-weight: 400\"><br \/>\n<\/span><\/li>\n<li style=\"font-weight: 400\"><span style=\"font-weight: 400\">St\u00f8rrelse: 7,8 cm x 8,5 cm x 5,1 cm<\/span><span style=\"font-weight: 400\"><br \/>\n<\/span><\/li>\n<li style=\"font-weight: 400\"><span style=\"font-weight: 400\">Klemmeomr\u00e5de: 0,5 cm &#8211; 2,3 cm.<\/span><\/li>\n<\/ul>\n","protected":false},"excerpt":{"rendered":"<p>Vi Presenterer Hj\u00f8rneklemmesettet \u2013 Din Enkle Og Sterke Hjelper For Perfekte Hj\u00f8rner! Disse klemmene holder treverket stramt og rett, noe [&hellip;]<\/p>\n","protected":false},"featured_media":16596,"comment_status":"open","ping_status":"closed","template":"","meta":{"site-sidebar-layout":"default","site-content-layout":"","ast-site-content-layout":"default","site-content-style":"default","site-sidebar-style":"default","ast-global-header-display":"","ast-banner-title-visibility":"","ast-main-header-display":"","ast-hfb-above-header-display":"","ast-hfb-below-header-display":"","ast-hfb-mobile-header-display":"","site-post-title":"","ast-breadcrumbs-content":"","ast-featured-img":"","footer-sml-layout":"","theme-transparent-header-meta":"default","adv-header-id-meta":"","stick-header-meta":"","header-above-stick-meta":"","header-main-stick-meta":"","header-below-stick-meta":"","astra-migrate-meta-layouts":"set","ast-page-background-enabled":"default","ast-page-background-meta":{"desktop":{"background-color":"var(--ast-global-color-4)","background-image":"","background-repeat":"repeat","background-position":"center center","background-size":"auto","background-attachment":"scroll","background-type":"","background-media":"","overlay-type":"","overlay-color":"","overlay-opacity":"","overlay-gradient":""},"tablet":{"background-color":"","background-image":"","background-repeat":"repeat","background-position":"center center","background-size":"auto","background-attachment":"scroll","background-type":"","background-media":"","overlay-type":"","overlay-color":"","overlay-opacity":"","overlay-gradient":""},"mobile":{"background-color":"","background-image":"","background-repeat":"repeat","background-position":"center center","background-size":"auto","background-attachment":"scroll","background-type":"","background-media":"","overlay-type":"","overlay-color":"","overlay-opacity":"","overlay-gradient":""}},"ast-content-background-meta":{"desktop":{"background-color":"var(--ast-global-color-5)","background-image":"","background-repeat":"repeat","background-position":"center center","background-size":"auto","background-attachment":"scroll","background-type":"","background-media":"","overlay-type":"","overlay-color":"","overlay-opacity":"","overlay-gradient":""},"tablet":{"background-color":"var(--ast-global-color-5)","background-image":"","background-repeat":"repeat","background-position":"center center","background-size":"auto","background-attachment":"scroll","background-type":"","background-media":"","overlay-type":"","overlay-color":"","overlay-opacity":"","overlay-gradient":""},"mobile":{"background-color":"var(--ast-global-color-5)","background-image":"","background-repeat":"repeat","background-position":"center center","background-size":"auto","background-attachment":"scroll","background-type":"","background-media":"","overlay-type":"","overlay-color":"","overlay-opacity":"","overlay-gradient":""}}},"product_brand":[],"product_cat":[996],"product_tag":[],"class_list":{"0":"post-16600","1":"product","2":"type-product","3":"status-publish","4":"has-post-thumbnail","6":"product_cat-verktoy","7":"pa_44284_g0gy3vsy-1-stk","8":"pa_44284_g0gy3vsy-2-stk","9":"pa_44284_g0gy3vsy-4-stk","10":"desktop-align-left","11":"tablet-align-left","12":"mobile-align-left","14":"first","15":"instock","16":"shipping-taxable","17":"purchasable","18":"product-type-variable"},"_links":{"self":[{"href":"https:\/\/keluvo.com\/no\/wp-json\/wp\/v2\/product\/16600","targetHints":{"allow":["GET"]}}],"collection":[{"href":"https:\/\/keluvo.com\/no\/wp-json\/wp\/v2\/product"}],"about":[{"href":"https:\/\/keluvo.com\/no\/wp-json\/wp\/v2\/types\/product"}],"replies":[{"embeddable":true,"href":"https:\/\/keluvo.com\/no\/wp-json\/wp\/v2\/comments?post=16600"}],"wp:featuredmedia":[{"embeddable":true,"href":"https:\/\/keluvo.com\/no\/wp-json\/wp\/v2\/media\/16596"}],"wp:attachment":[{"href":"https:\/\/keluvo.com\/no\/wp-json\/wp\/v2\/media?parent=16600"}],"wp:term":[{"taxonomy":"product_brand","embeddable":true,"href":"https:\/\/keluvo.com\/no\/wp-json\/wp\/v2\/product_brand?post=16600"},{"taxonomy":"product_cat","embeddable":true,"href":"https:\/\/keluvo.com\/no\/wp-json\/wp\/v2\/product_cat?post=16600"},{"taxonomy":"product_tag","embeddable":true,"href":"https:\/\/keluvo.com\/no\/wp-json\/wp\/v2\/product_tag?post=16600"}],"curies":[{"name":"wp","href":"https:\/\/api.w.org\/{rel}","templated":true}]}}