{"id":16515,"date":"2025-05-01T20:13:25","date_gmt":"2025-05-01T18:13:25","guid":{"rendered":"https:\/\/keluvo.com\/no\/produkt\/sammenleggbar-fiskestang\/"},"modified":"2025-05-03T10:47:29","modified_gmt":"2025-05-03T08:47:29","slug":"sammenleggbar-fiskestang","status":"publish","type":"product","link":"https:\/\/keluvo.com\/no\/produkt\/sammenleggbar-fiskestang\/","title":{"rendered":"Sammenleggbar fiskestang"},"content":{"rendered":"<p style=\"text-align: center;\"><b>Vi presenterer den <\/b><strong>sammenleggbare fiskestanga<\/strong><b> &#8211; din enkle og klare fiskekompis!<\/b><\/p>\n<p style=\"text-align: center;\">Fisk n\u00e5r som helst, hvor som helst.<\/p>\n<p style=\"text-align: center;\">Denne smarte fiskestanga leveres med alt du trenger &#8211; stang, snelle, sn\u00f8re, fl\u00e5te og krok. Bare brett ut, kast ut og fang fisken!<\/p>\n<p><img decoding=\"async\" class=\"alignnone size-full wp-image-16634 aligncenter\" src=\"https:\/\/keluvo.com\/template\/wp-content\/uploads\/sites\/5\/2025\/04\/FishingRod-ezgif.com-video-to-webp-converter.webp\" alt=\"\" \/><\/p>\n<h2 style=\"text-align: center;\">Hovedfordeler<\/h2>\n<ul>\n<li style=\"font-weight: 400;\"><span style=\"font-weight: 400;\">Alt-i-ett-design &#8211; du trenger ikke \u00e5 kj\u00f8pe ekstrautstyr.<\/span><span style=\"font-weight: 400;\"><br \/>\n<\/span><\/li>\n<li style=\"font-weight: 400;\"><span style=\"font-weight: 400;\">Liten sammenleggbar &#8211; lett \u00e5 ta med og oppbevare.<\/span><span style=\"font-weight: 400;\"><br \/>\n<\/span><\/li>\n<li style=\"font-weight: 400;\"><span style=\"font-weight: 400;\">Sterk og smidig &#8211; laget av robust glassfiber og slitesterk plast.<\/span><span style=\"font-weight: 400;\"><br \/>\n<\/span><\/li>\n<li style=\"font-weight: 400;\"><span style=\"font-weight: 400;\">Hjul med et jevnt 3,6:1-utvekslingsforhold for enkel kasting og opprulling.<\/span><span style=\"font-weight: 400;\"><br \/>\n<\/span><\/li>\n<li style=\"font-weight: 400;\"><span style=\"font-weight: 400;\">Perfekt for b\u00e5de ferskvanns- og saltvannsfiske.<\/span><\/li>\n<\/ul>\n<p><img decoding=\"async\" class=\"alignnone size-full wp-image-16629 aligncenter\" src=\"https:\/\/keluvo.com\/template\/wp-content\/uploads\/sites\/5\/2025\/04\/S8d17cef57a994ecd9a90a2b22b4737d3J.jpg_960x960q75.jpg_.jpeg\" alt=\"\" \/><\/p>\n<h2 style=\"text-align: center;\">Hvordan dette produktet hjelper deg<\/h2>\n<p style=\"text-align: center;\"><span style=\"font-weight: 400;\">Den sammenleggbare fiskestanga gj\u00f8r det enkelt og morsomt \u00e5 fiske for alle. Enten du g\u00e5r til en skjult innsj\u00f8 eller fisker ved stranden, har du alt du trenger i ett og samme verkt\u00f8y!<\/span><\/p>\n<h2 style=\"text-align: center;\">Den er perfekt for:<\/h2>\n<ul>\n<li style=\"font-weight: 400;\"><span style=\"font-weight: 400;\">Nybegynnere som vil ha et enkelt oppsett<\/span><span style=\"font-weight: 400;\"><br \/>\n<\/span><\/li>\n<li style=\"font-weight: 400;\"><span style=\"font-weight: 400;\">Erfarne sportsfiskere som trenger en ekstra stang<\/span><span style=\"font-weight: 400;\"><br \/>\n<\/span><\/li>\n<li style=\"font-weight: 400;\"><span style=\"font-weight: 400;\">Fisketurer, ferier og helgeeventyr<\/span><span style=\"font-weight: 400;\"><br \/>\n<\/span><\/li>\n<\/ul>\n<h2 style=\"text-align: center;\">Slik bruker du fiskestanga<\/h2>\n<ol>\n<li style=\"font-weight: 400;\"><span style=\"font-weight: 400;\">Brett ut fiskestanga.<\/span><span style=\"font-weight: 400;\"><br \/>\n<\/span><\/li>\n<li style=\"font-weight: 400;\"><span style=\"font-weight: 400;\">Kast sn\u00f8ret ut i vannet, og hiv inn fangsten med den innebygde hjulet!<\/span><span style=\"font-weight: 400;\"><br \/>\n<\/span><\/li>\n<\/ol>\n<h2 style=\"text-align: center;\">Pakken inkluderer<\/h2>\n<p style=\"text-align: center;\"><span style=\"font-weight: 400;\">N\u00e5r du kj\u00f8per dette produktet, f\u00e5r du med:<\/span><\/p>\n<ul>\n<li style=\"font-weight: 400;\"><span style=\"font-weight: 400;\">1 sammenleggbar fiskestang (med innebygd hjul)<\/span><span style=\"font-weight: 400;\"><br \/>\n<\/span><\/li>\n<li style=\"font-weight: 400;\"><span style=\"font-weight: 400;\">1 forh\u00e5ndsinstallert fiskesn\u00f8re<\/span><span style=\"font-weight: 400;\"><br \/>\n<\/span><\/li>\n<li style=\"font-weight: 400;\"><span style=\"font-weight: 400;\">1 fiskefl\u00e5te<\/span><span style=\"font-weight: 400;\"><br \/>\n<\/span><\/li>\n<li style=\"font-weight: 400;\"><span style=\"font-weight: 400;\">1 fiskekrok<\/span><span style=\"font-weight: 400;\"><br \/>\n<\/span><\/li>\n<li style=\"font-weight: 400;\"><span style=\"font-weight: 400;\">1 sn\u00f8re for enkel b\u00e6ring.<\/span><\/li>\n<\/ul>\n","protected":false},"excerpt":{"rendered":"<p>Vi presenterer den sammenleggbare fiskestanga &#8211; din enkle og klare fiskekompis! Fisk n\u00e5r som helst, hvor som helst. Denne smarte [&hellip;]<\/p>\n","protected":false},"featured_media":16511,"comment_status":"open","ping_status":"closed","template":"","meta":{"site-sidebar-layout":"default","site-content-layout":"","ast-site-content-layout":"default","site-content-style":"default","site-sidebar-style":"default","ast-global-header-display":"","ast-banner-title-visibility":"","ast-main-header-display":"","ast-hfb-above-header-display":"","ast-hfb-below-header-display":"","ast-hfb-mobile-header-display":"","site-post-title":"","ast-breadcrumbs-content":"","ast-featured-img":"","footer-sml-layout":"","theme-transparent-header-meta":"default","adv-header-id-meta":"","stick-header-meta":"","header-above-stick-meta":"","header-main-stick-meta":"","header-below-stick-meta":"","astra-migrate-meta-layouts":"set","ast-page-background-enabled":"default","ast-page-background-meta":{"desktop":{"background-color":"var(--ast-global-color-4)","background-image":"","background-repeat":"repeat","background-position":"center center","background-size":"auto","background-attachment":"scroll","background-type":"","background-media":"","overlay-type":"","overlay-color":"","overlay-opacity":"","overlay-gradient":""},"tablet":{"background-color":"","background-image":"","background-repeat":"repeat","background-position":"center center","background-size":"auto","background-attachment":"scroll","background-type":"","background-media":"","overlay-type":"","overlay-color":"","overlay-opacity":"","overlay-gradient":""},"mobile":{"background-color":"","background-image":"","background-repeat":"repeat","background-position":"center center","background-size":"auto","background-attachment":"scroll","background-type":"","background-media":"","overlay-type":"","overlay-color":"","overlay-opacity":"","overlay-gradient":""}},"ast-content-background-meta":{"desktop":{"background-color":"var(--ast-global-color-5)","background-image":"","background-repeat":"repeat","background-position":"center center","background-size":"auto","background-attachment":"scroll","background-type":"","background-media":"","overlay-type":"","overlay-color":"","overlay-opacity":"","overlay-gradient":""},"tablet":{"background-color":"var(--ast-global-color-5)","background-image":"","background-repeat":"repeat","background-position":"center center","background-size":"auto","background-attachment":"scroll","background-type":"","background-media":"","overlay-type":"","overlay-color":"","overlay-opacity":"","overlay-gradient":""},"mobile":{"background-color":"var(--ast-global-color-5)","background-image":"","background-repeat":"repeat","background-position":"center center","background-size":"auto","background-attachment":"scroll","background-type":"","background-media":"","overlay-type":"","overlay-color":"","overlay-opacity":"","overlay-gradient":""}}},"product_brand":[],"product_cat":[1000],"product_tag":[],"class_list":{"0":"post-16515","1":"product","2":"type-product","3":"status-publish","4":"has-post-thumbnail","6":"product_cat-tur-camping-og-fritidsutstyr","7":"desktop-align-left","8":"tablet-align-left","9":"mobile-align-left","11":"first","12":"instock","13":"shipping-taxable","14":"purchasable","15":"product-type-simple"},"_links":{"self":[{"href":"https:\/\/keluvo.com\/no\/wp-json\/wp\/v2\/product\/16515","targetHints":{"allow":["GET"]}}],"collection":[{"href":"https:\/\/keluvo.com\/no\/wp-json\/wp\/v2\/product"}],"about":[{"href":"https:\/\/keluvo.com\/no\/wp-json\/wp\/v2\/types\/product"}],"replies":[{"embeddable":true,"href":"https:\/\/keluvo.com\/no\/wp-json\/wp\/v2\/comments?post=16515"}],"wp:featuredmedia":[{"embeddable":true,"href":"https:\/\/keluvo.com\/no\/wp-json\/wp\/v2\/media\/16511"}],"wp:attachment":[{"href":"https:\/\/keluvo.com\/no\/wp-json\/wp\/v2\/media?parent=16515"}],"wp:term":[{"taxonomy":"product_brand","embeddable":true,"href":"https:\/\/keluvo.com\/no\/wp-json\/wp\/v2\/product_brand?post=16515"},{"taxonomy":"product_cat","embeddable":true,"href":"https:\/\/keluvo.com\/no\/wp-json\/wp\/v2\/product_cat?post=16515"},{"taxonomy":"product_tag","embeddable":true,"href":"https:\/\/keluvo.com\/no\/wp-json\/wp\/v2\/product_tag?post=16515"}],"curies":[{"name":"wp","href":"https:\/\/api.w.org\/{rel}","templated":true}]}}