{"id":16505,"date":"2025-05-01T20:12:14","date_gmt":"2025-05-01T18:12:14","guid":{"rendered":"https:\/\/keluvo.com\/no\/produkt\/magnetisk-sjakkspill\/"},"modified":"2025-05-01T20:12:14","modified_gmt":"2025-05-01T18:12:14","slug":"magnetisk-sjakkspill","status":"publish","type":"product","link":"https:\/\/keluvo.com\/no\/produkt\/magnetisk-sjakkspill\/","title":{"rendered":"Magnetisk sjakkspill"},"content":{"rendered":"<p style=\"text-align: center\"><b>Vi presenterer det magnetiske sjakkspillet &#8211; en morsom og smart m\u00e5te \u00e5 spille hvor som helst, n\u00e5r som helst!<\/b><\/p>\n<p style=\"text-align: center\">Spill unik sjakk hvor som helst uten \u00e5 miste brikker<br \/>\n<span style=\"font-weight: 400\"> Dette sterke magnetiske sjakkspillet er ekstremt morsomt og uforutsigbart. Du kan spille selv n\u00e5r du er p\u00e5 reise eller spiller utend\u00f8rs. Det er morsomt, lett \u00e5 ta med seg og perfekt for alle aldre!<\/span><\/p>\n<p><img decoding=\"async\" class=\"alignnone size-full wp-image-16616 aligncenter\" src=\"https:\/\/keluvo.com\/template\/wp-content\/uploads\/sites\/5\/2025\/04\/ChessGame-ezgif.com-video-to-webp-converter.webp\" alt=\"\" \/><\/p>\n<h2 style=\"text-align: center\">Hovedfordeler<\/h2>\n<ul>\n<li style=\"font-weight: 400\"><span style=\"font-weight: 400\">Brikkene holder seg p\u00e5 plass med skjulte magneter &#8211; de faller ikke av!<\/span><span style=\"font-weight: 400\"><br \/>\n<\/span><\/li>\n<li style=\"font-weight: 400\"><span style=\"font-weight: 400\">Sterkt, slitesterkt brett og brikker for langvarig moro.<\/span><span style=\"font-weight: 400\"><br \/>\n<\/span><\/li>\n<li style=\"font-weight: 400\"><span style=\"font-weight: 400\">Flott for \u00e5 l\u00e6re og forbedre tenkeferdighetene.<\/span><span style=\"font-weight: 400\"><br \/>\n<\/span><\/li>\n<li style=\"font-weight: 400\"><span style=\"font-weight: 400\">Perfekt for \u00e5 spille med familie og venner.<\/span><span style=\"font-weight: 400\"><br \/>\n<\/span><\/li>\n<li style=\"font-weight: 400\"><span style=\"font-weight: 400\">Lett \u00e5 ta med seg med en oppbevaringspose &#8211; perfekt for reiser og camping.<\/span><\/li>\n<\/ul>\n<p><img decoding=\"async\" class=\"alignnone size-full wp-image-16614 aligncenter\" src=\"https:\/\/keluvo.com\/template\/wp-content\/uploads\/sites\/5\/2025\/04\/S43090599e39c4530b5060f7f7d82bde3g.jpg_960x960q75.jpg_.jpeg\" alt=\"\" \/><\/p>\n<h2 style=\"text-align: center\">Hvordan dette produktet hjelper deg<\/h2>\n<p style=\"text-align: center\"><span style=\"font-weight: 400\">Med det magnetiske sjakkspillet kan du spille og nyte en unik type sjakkspill uten \u00e5 bekymre deg for tapte brikker eller rotete brett. Det er perfekt for familietid, vennlige utfordringer og for \u00e5 skjerpe tankene.<\/span><\/p>\n<h2 style=\"text-align: center\">Det er flott for:<\/h2>\n<ul>\n<li style=\"font-weight: 400\"><span style=\"font-weight: 400\">Spillkvelder hjemme<\/span><span style=\"font-weight: 400\"><br \/>\n<\/span><\/li>\n<li style=\"font-weight: 400\"><span style=\"font-weight: 400\">Familieferier<\/span><span style=\"font-weight: 400\"><br \/>\n<\/span><\/li>\n<li style=\"font-weight: 400\"><span style=\"font-weight: 400\">L\u00e6ring og \u00f8ving av tenkeferdigheter<\/span><span style=\"font-weight: 400\"><br \/>\n<\/span><\/li>\n<li style=\"font-weight: 400\"><span style=\"font-weight: 400\">G\u00f8y \u00e5 v\u00e6re sammen med barn og venner<\/span><\/li>\n<\/ul>\n<h2 style=\"text-align: center\">Slik bruker du det<\/h2>\n<ol>\n<li style=\"font-weight: 400\"><span style=\"font-weight: 400\">Sett opp brettet og brikkene.<\/span><span style=\"font-weight: 400\"><br \/>\n<\/span><\/li>\n<li style=\"font-weight: 400\"><span style=\"font-weight: 400\">Plasser magnetene p\u00e5 brettet uten at de klistrer seg sammen.<\/span><\/li>\n<li style=\"font-weight: 400\">Pakk alt i oppbevaringsposen n\u00e5r du er ferdig.<\/li>\n<\/ol>\n<h2 style=\"text-align: center\">Pakken inkluderer<\/h2>\n<p><span style=\"font-weight: 400\">N\u00e5r du kj\u00f8per dette produktet, mottar du:<\/span><\/p>\n<ul>\n<li style=\"font-weight: 400\"><span style=\"font-weight: 400\">1 magnetisk sjakkbrett<\/span><\/li>\n<li style=\"font-weight: 400\"><span style=\"font-weight: 400\">1 komplett sett med magnetiske sjakkbrikker (20 stk)<\/span><\/li>\n<li style=\"font-weight: 400\"><span style=\"font-weight: 400\">1 oppbevaringspose.<\/span><\/li>\n<\/ul>\n","protected":false},"excerpt":{"rendered":"<p>Vi presenterer det magnetiske sjakkspillet &#8211; en morsom og smart m\u00e5te \u00e5 spille hvor som helst, n\u00e5r som helst! Spill [&hellip;]<\/p>\n","protected":false},"featured_media":16501,"comment_status":"open","ping_status":"closed","template":"","meta":{"site-sidebar-layout":"default","site-content-layout":"","ast-site-content-layout":"default","site-content-style":"default","site-sidebar-style":"default","ast-global-header-display":"","ast-banner-title-visibility":"","ast-main-header-display":"","ast-hfb-above-header-display":"","ast-hfb-below-header-display":"","ast-hfb-mobile-header-display":"","site-post-title":"","ast-breadcrumbs-content":"","ast-featured-img":"","footer-sml-layout":"","theme-transparent-header-meta":"default","adv-header-id-meta":"","stick-header-meta":"","header-above-stick-meta":"","header-main-stick-meta":"","header-below-stick-meta":"","astra-migrate-meta-layouts":"set","ast-page-background-enabled":"default","ast-page-background-meta":{"desktop":{"background-color":"var(--ast-global-color-4)","background-image":"","background-repeat":"repeat","background-position":"center center","background-size":"auto","background-attachment":"scroll","background-type":"","background-media":"","overlay-type":"","overlay-color":"","overlay-opacity":"","overlay-gradient":""},"tablet":{"background-color":"","background-image":"","background-repeat":"repeat","background-position":"center center","background-size":"auto","background-attachment":"scroll","background-type":"","background-media":"","overlay-type":"","overlay-color":"","overlay-opacity":"","overlay-gradient":""},"mobile":{"background-color":"","background-image":"","background-repeat":"repeat","background-position":"center center","background-size":"auto","background-attachment":"scroll","background-type":"","background-media":"","overlay-type":"","overlay-color":"","overlay-opacity":"","overlay-gradient":""}},"ast-content-background-meta":{"desktop":{"background-color":"var(--ast-global-color-5)","background-image":"","background-repeat":"repeat","background-position":"center center","background-size":"auto","background-attachment":"scroll","background-type":"","background-media":"","overlay-type":"","overlay-color":"","overlay-opacity":"","overlay-gradient":""},"tablet":{"background-color":"var(--ast-global-color-5)","background-image":"","background-repeat":"repeat","background-position":"center center","background-size":"auto","background-attachment":"scroll","background-type":"","background-media":"","overlay-type":"","overlay-color":"","overlay-opacity":"","overlay-gradient":""},"mobile":{"background-color":"var(--ast-global-color-5)","background-image":"","background-repeat":"repeat","background-position":"center center","background-size":"auto","background-attachment":"scroll","background-type":"","background-media":"","overlay-type":"","overlay-color":"","overlay-opacity":"","overlay-gradient":""}}},"product_brand":[],"product_cat":[990],"product_tag":[],"class_list":{"0":"post-16505","1":"product","2":"type-product","3":"status-publish","4":"has-post-thumbnail","6":"product_cat-leker-barne-og-babyprodukter","7":"desktop-align-left","8":"tablet-align-left","9":"mobile-align-left","11":"first","12":"instock","13":"shipping-taxable","14":"purchasable","15":"product-type-simple"},"_links":{"self":[{"href":"https:\/\/keluvo.com\/no\/wp-json\/wp\/v2\/product\/16505","targetHints":{"allow":["GET"]}}],"collection":[{"href":"https:\/\/keluvo.com\/no\/wp-json\/wp\/v2\/product"}],"about":[{"href":"https:\/\/keluvo.com\/no\/wp-json\/wp\/v2\/types\/product"}],"replies":[{"embeddable":true,"href":"https:\/\/keluvo.com\/no\/wp-json\/wp\/v2\/comments?post=16505"}],"wp:featuredmedia":[{"embeddable":true,"href":"https:\/\/keluvo.com\/no\/wp-json\/wp\/v2\/media\/16501"}],"wp:attachment":[{"href":"https:\/\/keluvo.com\/no\/wp-json\/wp\/v2\/media?parent=16505"}],"wp:term":[{"taxonomy":"product_brand","embeddable":true,"href":"https:\/\/keluvo.com\/no\/wp-json\/wp\/v2\/product_brand?post=16505"},{"taxonomy":"product_cat","embeddable":true,"href":"https:\/\/keluvo.com\/no\/wp-json\/wp\/v2\/product_cat?post=16505"},{"taxonomy":"product_tag","embeddable":true,"href":"https:\/\/keluvo.com\/no\/wp-json\/wp\/v2\/product_tag?post=16505"}],"curies":[{"name":"wp","href":"https:\/\/api.w.org\/{rel}","templated":true}]}}