{"id":16387,"date":"2025-05-01T19:59:31","date_gmt":"2025-05-01T17:59:31","guid":{"rendered":"https:\/\/keluvo.com\/no\/produkt\/tiger-lighter\/"},"modified":"2025-05-03T10:19:39","modified_gmt":"2025-05-03T08:19:39","slug":"tiger-lighter","status":"publish","type":"product","link":"https:\/\/keluvo.com\/no\/produkt\/tiger-lighter\/","title":{"rendered":"Tiger lighter"},"content":{"rendered":"<p style=\"text-align: center;\"><b>Vi presenterer tigerhode-lighteren &#8211; den kule flammen for enhver anledning!<\/b><\/p>\n<p style=\"text-align: center;\"><span style=\"font-weight: 400;\">Kraftig flamme, kul design, enkel \u00e5 bruke.<\/span><\/p>\n<p><img decoding=\"async\" class=\"size-full wp-image-16915 aligncenter\" src=\"https:\/\/keluvo.com\/template\/wp-content\/uploads\/sites\/5\/2025\/04\/S3dec104c87df4f929af410848ab0b199v.jpg_960x960q75.jpg_-1.jpeg\" alt=\"\" \/><\/p>\n<h2 style=\"text-align: center;\">Hovedfordeler<b><br \/>\n<\/b><\/h2>\n<p><span style=\"font-weight: 400;\">\u2705 <\/span><b>Kreativ dobbeltflamme<\/b><span style=\"font-weight: 400;\"> &#8211; Trykk for en sterk bl\u00e5 fakkelflamme, slipp for en myk gul flamme<\/span><\/p>\n<p><span style=\"font-weight: 400;\"> \u2705 <\/span><b>Vindtett kraft<\/b><span style=\"font-weight: 400;\"> &#8211; Tenn b\u00e5let selv p\u00e5 dager med mye vind<\/span><\/p>\n<p><span style=\"font-weight: 400;\"> \u2705 <\/span><b>P\u00e5fyllbar og gjenbrukbar<\/b><span style=\"font-weight: 400;\"> &#8211; Enkel \u00e5 fylle med butangass for langvarig bruk<\/span><\/p>\n<p><span style=\"font-weight: 400;\"> \u2705 <\/span><b>Justerbar flamme<\/b><span style=\"font-weight: 400;\"> &#8211; Still inn flammest\u00f8rrelsen akkurat slik du vil med en liten omdreining p\u00e5 hjulet<\/span><\/p>\n<p><span style=\"font-weight: 400;\"> \u2705 <strong>Kult<\/strong> <\/span><b>design<\/b><span style=\"font-weight: 400;\"> &#8211; Tigerhodeform med et retro, eksklusivt utseende<\/span><\/p>\n<p><img decoding=\"async\" class=\"alignnone size-full wp-image-16365 aligncenter\" src=\"https:\/\/keluvo.com\/template\/wp-content\/uploads\/sites\/5\/2025\/04\/Scd19d576dc4c4297b0d7c73dfa34a13aY.jpg_960x960q75.jpg_.jpeg\" alt=\"\" \/><\/p>\n<h2 style=\"text-align: center;\">Status Og Luksus!<\/h2>\n<p style=\"text-align: center;\"><span style=\"font-weight: 400;\">Tigerhode-lighteren er ikke bare en lighter &#8211; den er et statement. Med to flammer i \u00e9n er den perfekt til \u00e5 tenne stearinlys, griller eller leirb\u00e5l. Den kraftige fakkelflammen er perfekt for utend\u00f8rsbruk, mens den myke flammen er ideell for hverdagsbruk. Den er laget av en sterk sinklegering, er bygget for \u00e5 vare og er en uforglemmelig gave til bursdager, jul eller andre spesielle anledninger.<\/span><\/p>\n<h2 style=\"text-align: center;\">Bruksanvisning<\/h2>\n<ol>\n<li style=\"font-weight: 400;\"><span style=\"font-weight: 400;\">Fyll lighteren med butangass (gass ikke inkludert).<\/span><\/li>\n<li style=\"font-weight: 400;\"><span style=\"font-weight: 400;\">Rist lighteren forsiktig opp og ned.<\/span><span style=\"font-weight: 400;\"><br \/>\n<\/span><\/li>\n<li style=\"font-weight: 400;\"><span style=\"font-weight: 400;\">Vent ett minutt f\u00f8r du tenner.<\/span><span style=\"font-weight: 400;\"><br \/>\n<\/span><\/li>\n<li style=\"font-weight: 400;\"><span style=\"font-weight: 400;\">Trykk p\u00e5 bryteren for \u00e5 tenne den bl\u00e5 flammen.<\/span><span style=\"font-weight: 400;\"><br \/>\n<\/span><\/li>\n<li style=\"font-weight: 400;\"><span style=\"font-weight: 400;\">Slipp bryteren for \u00e5 skifte til en myk, gul flamme.<\/span><span style=\"font-weight: 400;\"><br \/>\n<\/span><\/li>\n<li style=\"font-weight: 400;\"><span style=\"font-weight: 400;\">Juster flammeh\u00f8yden med hjulet nederst ved behov.<\/span><\/li>\n<\/ol>\n<h2 style=\"text-align: center;\">Pakken Inkluderer<\/h2>\n<p><span style=\"font-weight: 400;\">N\u00e5r du kj\u00f8per dette produktet, f\u00e5r du:<\/span><\/p>\n<ul>\n<li style=\"font-weight: 400;\"><span style=\"font-weight: 400;\">1 x lighter med tigerhode og to flammer (uten butangass).<\/span><\/li>\n<\/ul>\n","protected":false},"excerpt":{"rendered":"<p>Vi presenterer tigerhode-lighteren &#8211; den kule flammen for enhver anledning! Kraftig flamme, kul design, enkel \u00e5 bruke. Hovedfordeler \u2705 Kreativ [&hellip;]<\/p>\n","protected":false},"featured_media":16383,"comment_status":"open","ping_status":"closed","template":"","meta":{"site-sidebar-layout":"default","site-content-layout":"","ast-site-content-layout":"default","site-content-style":"default","site-sidebar-style":"default","ast-global-header-display":"","ast-banner-title-visibility":"","ast-main-header-display":"","ast-hfb-above-header-display":"","ast-hfb-below-header-display":"","ast-hfb-mobile-header-display":"","site-post-title":"","ast-breadcrumbs-content":"","ast-featured-img":"","footer-sml-layout":"","theme-transparent-header-meta":"default","adv-header-id-meta":"","stick-header-meta":"","header-above-stick-meta":"","header-main-stick-meta":"","header-below-stick-meta":"","astra-migrate-meta-layouts":"set","ast-page-background-enabled":"default","ast-page-background-meta":{"desktop":{"background-color":"var(--ast-global-color-4)","background-image":"","background-repeat":"repeat","background-position":"center center","background-size":"auto","background-attachment":"scroll","background-type":"","background-media":"","overlay-type":"","overlay-color":"","overlay-opacity":"","overlay-gradient":""},"tablet":{"background-color":"","background-image":"","background-repeat":"repeat","background-position":"center center","background-size":"auto","background-attachment":"scroll","background-type":"","background-media":"","overlay-type":"","overlay-color":"","overlay-opacity":"","overlay-gradient":""},"mobile":{"background-color":"","background-image":"","background-repeat":"repeat","background-position":"center center","background-size":"auto","background-attachment":"scroll","background-type":"","background-media":"","overlay-type":"","overlay-color":"","overlay-opacity":"","overlay-gradient":""}},"ast-content-background-meta":{"desktop":{"background-color":"var(--ast-global-color-5)","background-image":"","background-repeat":"repeat","background-position":"center center","background-size":"auto","background-attachment":"scroll","background-type":"","background-media":"","overlay-type":"","overlay-color":"","overlay-opacity":"","overlay-gradient":""},"tablet":{"background-color":"var(--ast-global-color-5)","background-image":"","background-repeat":"repeat","background-position":"center center","background-size":"auto","background-attachment":"scroll","background-type":"","background-media":"","overlay-type":"","overlay-color":"","overlay-opacity":"","overlay-gradient":""},"mobile":{"background-color":"var(--ast-global-color-5)","background-image":"","background-repeat":"repeat","background-position":"center center","background-size":"auto","background-attachment":"scroll","background-type":"","background-media":"","overlay-type":"","overlay-color":"","overlay-opacity":"","overlay-gradient":""}}},"product_brand":[],"product_cat":[1000],"product_tag":[],"class_list":{"0":"post-16387","1":"product","2":"type-product","3":"status-publish","4":"has-post-thumbnail","6":"product_cat-tur-camping-og-fritidsutstyr","7":"pa_17880_f7w8ua7d-gra","8":"pa_17880_f7w8ua7d-gull","9":"pa_17880_f7w8ua7d-kamuflasje","10":"pa_17880_f7w8ua7d-rod","11":"pa_17880_f7w8ua7d-svart","12":"desktop-align-left","13":"tablet-align-left","14":"mobile-align-left","16":"first","17":"instock","18":"shipping-taxable","19":"purchasable","20":"product-type-variable"},"_links":{"self":[{"href":"https:\/\/keluvo.com\/no\/wp-json\/wp\/v2\/product\/16387","targetHints":{"allow":["GET"]}}],"collection":[{"href":"https:\/\/keluvo.com\/no\/wp-json\/wp\/v2\/product"}],"about":[{"href":"https:\/\/keluvo.com\/no\/wp-json\/wp\/v2\/types\/product"}],"replies":[{"embeddable":true,"href":"https:\/\/keluvo.com\/no\/wp-json\/wp\/v2\/comments?post=16387"}],"wp:featuredmedia":[{"embeddable":true,"href":"https:\/\/keluvo.com\/no\/wp-json\/wp\/v2\/media\/16383"}],"wp:attachment":[{"href":"https:\/\/keluvo.com\/no\/wp-json\/wp\/v2\/media?parent=16387"}],"wp:term":[{"taxonomy":"product_brand","embeddable":true,"href":"https:\/\/keluvo.com\/no\/wp-json\/wp\/v2\/product_brand?post=16387"},{"taxonomy":"product_cat","embeddable":true,"href":"https:\/\/keluvo.com\/no\/wp-json\/wp\/v2\/product_cat?post=16387"},{"taxonomy":"product_tag","embeddable":true,"href":"https:\/\/keluvo.com\/no\/wp-json\/wp\/v2\/product_tag?post=16387"}],"curies":[{"name":"wp","href":"https:\/\/api.w.org\/{rel}","templated":true}]}}