{"id":1638,"date":"2024-10-11T13:14:09","date_gmt":"2024-10-11T10:14:09","guid":{"rendered":"https:\/\/keluvo.com\/no\/produkt\/vindusdeksel\/"},"modified":"2024-10-11T14:48:06","modified_gmt":"2024-10-11T11:48:06","slug":"vindusdeksel","status":"publish","type":"product","link":"https:\/\/keluvo.com\/no\/produkt\/vindusdeksel\/","title":{"rendered":"Vindusdeksel"},"content":{"rendered":"<h2 style=\"text-align: center;\"><strong>Soliditet og h\u00f8y kvalitet<\/strong><\/h2>\n<p style=\"text-align: center;\">Dette magnetiske frontrutetrekket er laget av en blanding av bomull og aluminiumsfolie, noe som gir robust beskyttelse mot hardt v\u00e6r. De slitesterke materialene sikrer lang levetid og motstandsdyktighet mot rifter, noe som gir deg trygghet i de kalde m\u00e5nedene. Vindusdekselet har en lengde og bredde p\u00e5 250 x 116 cm.<\/p>\n<p><img decoding=\"async\" class=\"size-medium wp-image-916 aligncenter\" src=\"https:\/\/keluvo.com\/template\/wp-content\/uploads\/sites\/5\/2024\/10\/65451edb-db9f-49e9-a8b9-7f5f601b812b.webp\" alt=\"\" \/><\/p>\n<h2><\/h2>\n<h2 style=\"text-align: center;\"><strong>Maksimal stabilitet<\/strong><\/h2>\n<p style=\"text-align: center;\">Med fem innebygde magneter holder dette overtrekket seg sikkert p\u00e5 plass selv i vindfulle forhold. Det magnetiske grepet og den skreddersydde passformen forhindrer at dekselet sklir eller blafrer, og s\u00f8rger for at frontruten din forblir helt beskyttet mot sn\u00f8 og is.<\/p>\n<p><img decoding=\"async\" class=\"size-medium wp-image-917 aligncenter\" src=\"https:\/\/keluvo.com\/template\/wp-content\/uploads\/sites\/5\/2024\/10\/1ad79694-16de-4718-aa4e-1d3080aba80c.webp\" alt=\"\" \/><\/p>\n<p>&nbsp;<\/p>\n<h2 style=\"text-align: center;\"><strong>Nyttig om vinteren og sommeren<\/strong><\/h2>\n<p style=\"text-align: center;\">I tillegg til \u00e5 beskytte mot frost og isdannelse om vinteren, holder det ogs\u00e5 bilen kj\u00f8ligere om sommeren. Ved \u00e5 reflektere solstr\u00e5lene forhindrer det overoppheting av dashbordet og reduserer temperaturen i kupeen, noe som gj\u00f8r bilen mer komfortabel \u00e5ret rundt.<\/p>\n<p><img decoding=\"async\" class=\"size-medium wp-image-918 aligncenter\" src=\"https:\/\/keluvo.com\/template\/wp-content\/uploads\/sites\/5\/2024\/10\/2ad0f527-32ce-4f11-9f91-b7092a5331b2.webp\" alt=\"&quot;\/\" \/><\/p>\n","protected":false},"excerpt":{"rendered":"<p>Soliditet og h\u00f8y kvalitet Dette magnetiske frontrutetrekket er laget av en blanding av bomull og aluminiumsfolie, noe som gir robust [&hellip;]<\/p>\n","protected":false},"featured_media":1634,"comment_status":"open","ping_status":"closed","template":"","meta":{"site-sidebar-layout":"default","site-content-layout":"","ast-site-content-layout":"default","site-content-style":"default","site-sidebar-style":"default","ast-global-header-display":"","ast-banner-title-visibility":"","ast-main-header-display":"","ast-hfb-above-header-display":"","ast-hfb-below-header-display":"","ast-hfb-mobile-header-display":"","site-post-title":"","ast-breadcrumbs-content":"","ast-featured-img":"","footer-sml-layout":"","theme-transparent-header-meta":"default","adv-header-id-meta":"","stick-header-meta":"","header-above-stick-meta":"","header-main-stick-meta":"","header-below-stick-meta":"","astra-migrate-meta-layouts":"set","ast-page-background-enabled":"default","ast-page-background-meta":{"desktop":{"background-color":"var(--ast-global-color-4)","background-image":"","background-repeat":"repeat","background-position":"center center","background-size":"auto","background-attachment":"scroll","background-type":"","background-media":"","overlay-type":"","overlay-color":"","overlay-opacity":"","overlay-gradient":""},"tablet":{"background-color":"","background-image":"","background-repeat":"repeat","background-position":"center center","background-size":"auto","background-attachment":"scroll","background-type":"","background-media":"","overlay-type":"","overlay-color":"","overlay-opacity":"","overlay-gradient":""},"mobile":{"background-color":"","background-image":"","background-repeat":"repeat","background-position":"center center","background-size":"auto","background-attachment":"scroll","background-type":"","background-media":"","overlay-type":"","overlay-color":"","overlay-opacity":"","overlay-gradient":""}},"ast-content-background-meta":{"desktop":{"background-color":"var(--ast-global-color-5)","background-image":"","background-repeat":"repeat","background-position":"center center","background-size":"auto","background-attachment":"scroll","background-type":"","background-media":"","overlay-type":"","overlay-color":"","overlay-opacity":"","overlay-gradient":""},"tablet":{"background-color":"var(--ast-global-color-5)","background-image":"","background-repeat":"repeat","background-position":"center center","background-size":"auto","background-attachment":"scroll","background-type":"","background-media":"","overlay-type":"","overlay-color":"","overlay-opacity":"","overlay-gradient":""},"mobile":{"background-color":"var(--ast-global-color-5)","background-image":"","background-repeat":"repeat","background-position":"center center","background-size":"auto","background-attachment":"scroll","background-type":"","background-media":"","overlay-type":"","overlay-color":"","overlay-opacity":"","overlay-gradient":""}}},"product_brand":[],"product_cat":[15],"product_tag":[],"class_list":{"0":"post-1638","1":"product","2":"type-product","3":"status-publish","4":"has-post-thumbnail","6":"product_cat-uncategorized","7":"desktop-align-left","8":"tablet-align-left","9":"mobile-align-left","11":"first","12":"instock","13":"shipping-taxable","14":"purchasable","15":"product-type-simple"},"_links":{"self":[{"href":"https:\/\/keluvo.com\/no\/wp-json\/wp\/v2\/product\/1638","targetHints":{"allow":["GET"]}}],"collection":[{"href":"https:\/\/keluvo.com\/no\/wp-json\/wp\/v2\/product"}],"about":[{"href":"https:\/\/keluvo.com\/no\/wp-json\/wp\/v2\/types\/product"}],"replies":[{"embeddable":true,"href":"https:\/\/keluvo.com\/no\/wp-json\/wp\/v2\/comments?post=1638"}],"wp:featuredmedia":[{"embeddable":true,"href":"https:\/\/keluvo.com\/no\/wp-json\/wp\/v2\/media\/1634"}],"wp:attachment":[{"href":"https:\/\/keluvo.com\/no\/wp-json\/wp\/v2\/media?parent=1638"}],"wp:term":[{"taxonomy":"product_brand","embeddable":true,"href":"https:\/\/keluvo.com\/no\/wp-json\/wp\/v2\/product_brand?post=1638"},{"taxonomy":"product_cat","embeddable":true,"href":"https:\/\/keluvo.com\/no\/wp-json\/wp\/v2\/product_cat?post=1638"},{"taxonomy":"product_tag","embeddable":true,"href":"https:\/\/keluvo.com\/no\/wp-json\/wp\/v2\/product_tag?post=1638"}],"curies":[{"name":"wp","href":"https:\/\/api.w.org\/{rel}","templated":true}]}}