{"id":16339,"date":"2025-05-01T19:54:05","date_gmt":"2025-05-01T17:54:05","guid":{"rendered":"https:\/\/keluvo.com\/no\/produkt\/malingsfjerner\/"},"modified":"2025-05-01T19:54:10","modified_gmt":"2025-05-01T17:54:10","slug":"malingsfjerner","status":"publish","type":"product","link":"https:\/\/keluvo.com\/no\/produkt\/malingsfjerner\/","title":{"rendered":"Malingsfjerner"},"content":{"rendered":"<p style=\"text-align: center\"><b>Vi presenterer malingsfjerneren &#8211; din enkle m\u00e5te \u00e5 friske opp og fornye p\u00e5!<\/b><\/p>\n<p style=\"text-align: center\"><span style=\"font-weight: 400\">F\u00e5 vegger, m\u00f8bler, biler og leker til \u00e5 se helt nye ut igjen &#8211; enkelt og raskt!<\/span><\/p>\n<p><img decoding=\"async\" class=\"size-full wp-image-16193 aligncenter\" src=\"https:\/\/keluvo.com\/template\/wp-content\/uploads\/sites\/5\/2025\/04\/5075b5b2-8a26-4992-8919-69770bd3b254-ezgif.com-video-to-webp-converter.webp\" alt=\"\" \/><\/p>\n<h2 style=\"text-align: center\"><strong>Hovedfordeler<\/strong><\/h2>\n<p><span style=\"font-weight: 400\">\u2705 <\/span><b>Fjerner maling raskt<\/b><span style=\"font-weight: 400\"> &#8211; Fjerner raskt gammel, u\u00f8nsket maling fra mange overflater<\/span><\/p>\n<p><span style=\"font-weight: 400\"> \u2705 <\/span><b>Kraftig og effektiv<\/b><span style=\"font-weight: 400\"> &#8211; Sterkt l\u00f8semiddel fjerner maling raskt<\/span><\/p>\n<p><span style=\"font-weight: 400\"> \u2705 <\/span><b>Sikker \u00e5 bruke<\/b><span style=\"font-weight: 400\"> &#8211; Ingen skade p\u00e5 overflaten, hendene eller milj\u00f8et<\/span><\/p>\n<p><span style=\"font-weight: 400\"> \u2705 <\/span><b>Enkel \u00e5 bruke<\/b><span style=\"font-weight: 400\"> &#8211; Bare spray, vent og skyll bort<\/span><\/p>\n<p><span style=\"font-weight: 400\"> \u2705 <\/span><b>Perfekt for mange jobber<\/b><span style=\"font-weight: 400\"> &#8211; Perfekt for biler, vegger, m\u00f8bler, metall, leker og mye mer<\/span><\/p>\n<p><img decoding=\"async\" class=\"size-full wp-image-16194 aligncenter\" src=\"https:\/\/keluvo.com\/template\/wp-content\/uploads\/sites\/5\/2025\/04\/ezgif.com-video-to-webp-converter.webp\" alt=\"\" \/><\/p>\n<h2 style=\"text-align: center\"><strong>Hvorfor Dette Er Noe For Deg:<\/strong><\/h2>\n<p style=\"text-align: center\"><span style=\"font-weight: 400\">Malingsfjerneren er din beste venn for hjemmeprosjekter, bilarbeid og renovering! Den fjerner lett gammel maling uten \u00e5 skade overflaten under. Enten du skal friske opp gamle m\u00f8bler, fjerne graffiti eller klargj\u00f8re bilen for et nytt lakkstr\u00f8k, sparer du tid, krefter og stress med denne malingsfjerneren. Bli forelsket i hjemmet eller bilen din p\u00e5 nytt!<\/span><\/p>\n<h2 style=\"text-align: center\"><strong>Slik Bruker Du Den<\/strong><\/h2>\n<ol>\n<li style=\"font-weight: 400\"><span style=\"font-weight: 400\">Rist malingsfjerneren godt f\u00f8r bruk<\/span><span style=\"font-weight: 400\"><br \/>\n<\/span><\/li>\n<li style=\"font-weight: 400\"><span style=\"font-weight: 400\">Spr\u00f8yt den p\u00e5 den malte overflaten du vil rengj\u00f8re<\/span><span style=\"font-weight: 400\"><br \/>\n<\/span><\/li>\n<li style=\"font-weight: 400\"><span style=\"font-weight: 400\">Vent ca. 15 minutter til malingen bobler og skaller av<\/span><span style=\"font-weight: 400\"><br \/>\n<\/span><\/li>\n<li style=\"font-weight: 400\"><span style=\"font-weight: 400\">Skyll med vann for \u00e5 vaske bort den gamle malingen<\/span><span style=\"font-weight: 400\"><br \/>\n<\/span><\/li>\n<li style=\"font-weight: 400\"><span style=\"font-weight: 400\">Gled deg over den rene, friske overflaten som er klar for en ny farge!<\/span><\/li>\n<\/ol>\n<h2 style=\"text-align: center\"><strong>Pakken Inneholder<\/strong><\/h2>\n<ul>\n<li style=\"font-weight: 400\"><span style=\"font-weight: 400\">1, 2 eller 4 flasker med 100 ml malingsfjerner<\/span><\/li>\n<li style=\"font-weight: 400\"><span style=\"font-weight: 400\">1 pensel<\/span><\/li>\n<\/ul>\n<p>&nbsp;<\/p>\n","protected":false},"excerpt":{"rendered":"<p>Vi presenterer malingsfjerneren &#8211; din enkle m\u00e5te \u00e5 friske opp og fornye p\u00e5! F\u00e5 vegger, m\u00f8bler, biler og leker til [&hellip;]<\/p>\n","protected":false},"featured_media":16335,"comment_status":"open","ping_status":"closed","template":"","meta":{"site-sidebar-layout":"default","site-content-layout":"","ast-site-content-layout":"default","site-content-style":"default","site-sidebar-style":"default","ast-global-header-display":"","ast-banner-title-visibility":"","ast-main-header-display":"","ast-hfb-above-header-display":"","ast-hfb-below-header-display":"","ast-hfb-mobile-header-display":"","site-post-title":"","ast-breadcrumbs-content":"","ast-featured-img":"","footer-sml-layout":"","theme-transparent-header-meta":"default","adv-header-id-meta":"","stick-header-meta":"","header-above-stick-meta":"","header-main-stick-meta":"","header-below-stick-meta":"","astra-migrate-meta-layouts":"set","ast-page-background-enabled":"default","ast-page-background-meta":{"desktop":{"background-color":"var(--ast-global-color-4)","background-image":"","background-repeat":"repeat","background-position":"center center","background-size":"auto","background-attachment":"scroll","background-type":"","background-media":"","overlay-type":"","overlay-color":"","overlay-opacity":"","overlay-gradient":""},"tablet":{"background-color":"","background-image":"","background-repeat":"repeat","background-position":"center center","background-size":"auto","background-attachment":"scroll","background-type":"","background-media":"","overlay-type":"","overlay-color":"","overlay-opacity":"","overlay-gradient":""},"mobile":{"background-color":"","background-image":"","background-repeat":"repeat","background-position":"center center","background-size":"auto","background-attachment":"scroll","background-type":"","background-media":"","overlay-type":"","overlay-color":"","overlay-opacity":"","overlay-gradient":""}},"ast-content-background-meta":{"desktop":{"background-color":"var(--ast-global-color-5)","background-image":"","background-repeat":"repeat","background-position":"center center","background-size":"auto","background-attachment":"scroll","background-type":"","background-media":"","overlay-type":"","overlay-color":"","overlay-opacity":"","overlay-gradient":""},"tablet":{"background-color":"var(--ast-global-color-5)","background-image":"","background-repeat":"repeat","background-position":"center center","background-size":"auto","background-attachment":"scroll","background-type":"","background-media":"","overlay-type":"","overlay-color":"","overlay-opacity":"","overlay-gradient":""},"mobile":{"background-color":"var(--ast-global-color-5)","background-image":"","background-repeat":"repeat","background-position":"center center","background-size":"auto","background-attachment":"scroll","background-type":"","background-media":"","overlay-type":"","overlay-color":"","overlay-opacity":"","overlay-gradient":""}}},"product_brand":[],"product_cat":[1001,996],"product_tag":[],"class_list":{"0":"post-16339","1":"product","2":"type-product","3":"status-publish","4":"has-post-thumbnail","6":"product_cat-husholdningsartikler","7":"product_cat-verktoy","8":"pa_29385_tzp4slc1-1-stk","9":"pa_29385_tzp4slc1-2-stk","10":"pa_29385_tzp4slc1-4-stk","11":"desktop-align-left","12":"tablet-align-left","13":"mobile-align-left","15":"first","16":"instock","17":"shipping-taxable","18":"purchasable","19":"product-type-variable"},"_links":{"self":[{"href":"https:\/\/keluvo.com\/no\/wp-json\/wp\/v2\/product\/16339","targetHints":{"allow":["GET"]}}],"collection":[{"href":"https:\/\/keluvo.com\/no\/wp-json\/wp\/v2\/product"}],"about":[{"href":"https:\/\/keluvo.com\/no\/wp-json\/wp\/v2\/types\/product"}],"replies":[{"embeddable":true,"href":"https:\/\/keluvo.com\/no\/wp-json\/wp\/v2\/comments?post=16339"}],"wp:featuredmedia":[{"embeddable":true,"href":"https:\/\/keluvo.com\/no\/wp-json\/wp\/v2\/media\/16335"}],"wp:attachment":[{"href":"https:\/\/keluvo.com\/no\/wp-json\/wp\/v2\/media?parent=16339"}],"wp:term":[{"taxonomy":"product_brand","embeddable":true,"href":"https:\/\/keluvo.com\/no\/wp-json\/wp\/v2\/product_brand?post=16339"},{"taxonomy":"product_cat","embeddable":true,"href":"https:\/\/keluvo.com\/no\/wp-json\/wp\/v2\/product_cat?post=16339"},{"taxonomy":"product_tag","embeddable":true,"href":"https:\/\/keluvo.com\/no\/wp-json\/wp\/v2\/product_tag?post=16339"}],"curies":[{"name":"wp","href":"https:\/\/api.w.org\/{rel}","templated":true}]}}