{"id":1629,"date":"2024-10-11T13:13:39","date_gmt":"2024-10-11T10:13:39","guid":{"rendered":"https:\/\/keluvo.com\/no\/produkt\/tradlos-mus\/"},"modified":"2024-10-11T13:13:41","modified_gmt":"2024-10-11T10:13:41","slug":"tradlos-mus","status":"publish","type":"product","link":"https:\/\/keluvo.com\/no\/produkt\/tradlos-mus\/","title":{"rendered":"Tr\u00e5dl\u00f8s mus"},"content":{"rendered":"<h2 style=\"text-align: center\"><strong>Ergonomisk og stilleg\u00e5ende<\/strong><\/h2>\n<p style=\"text-align: center\">Datamusens karakteristiske design gir deg komfortabel og enkel betjening. Rask kontaktrespons sikrer effektiv drift. Innebygd oppladbart batteri av h\u00f8y kvalitet. Innebygd automatisk hvilemodus som sparer str\u00f8m n\u00e5r musen ikke er i bruk.<\/p>\n<\/p>\n<p><img fetchpriority=\"high\" decoding=\"async\" width=\"800\" height=\"800\" class=\"size-medium wp-image-1497 aligncenter\" src=\"https:\/\/keluvo.com\/no\/wp-content\/uploads\/sites\/10\/2024\/10\/8e6c6663-793c-40e7-b0eb-2288a3798356.png\" alt=\"\" srcset=\"https:\/\/keluvo.com\/no\/wp-content\/uploads\/sites\/10\/2024\/10\/8e6c6663-793c-40e7-b0eb-2288a3798356.png 800w, https:\/\/keluvo.com\/no\/wp-content\/uploads\/sites\/10\/2024\/10\/8e6c6663-793c-40e7-b0eb-2288a3798356-300x300.png 300w, https:\/\/keluvo.com\/no\/wp-content\/uploads\/sites\/10\/2024\/10\/8e6c6663-793c-40e7-b0eb-2288a3798356-150x150.png 150w, https:\/\/keluvo.com\/no\/wp-content\/uploads\/sites\/10\/2024\/10\/8e6c6663-793c-40e7-b0eb-2288a3798356-768x768.png 768w, https:\/\/keluvo.com\/no\/wp-content\/uploads\/sites\/10\/2024\/10\/8e6c6663-793c-40e7-b0eb-2288a3798356-600x600.png 600w, https:\/\/keluvo.com\/no\/wp-content\/uploads\/sites\/10\/2024\/10\/8e6c6663-793c-40e7-b0eb-2288a3798356-100x100.png 100w, https:\/\/keluvo.com\/no\/wp-content\/uploads\/sites\/10\/2024\/10\/8e6c6663-793c-40e7-b0eb-2288a3798356-50x50.png 50w\" sizes=\"(max-width: 800px) 100vw, 800px\" \/><\/p>\n<h2> <\/h2>\n<h2 style=\"text-align: center\"><strong>Eksepsjonell design<\/strong><\/h2>\n<p style=\"text-align: center\">Datamusens design er eksepsjonell, den er laget av aluminium, som er ripebestandig og gir h\u00f8y kvalitet. Musen er tr\u00e5dl\u00f8s og kan enkelt lades n\u00e5r som helst n\u00e5r den er i bruk.<\/p>\n<p><p><img decoding=\"async\" width=\"960\" height=\"960\" class=\"size-medium wp-image-1498 aligncenter\" src=\"https:\/\/keluvo.com\/no\/wp-content\/uploads\/sites\/10\/2024\/10\/697638cc-e298-407c-8a2c-b00ba50505e0.webp\" alt=\"\" srcset=\"https:\/\/keluvo.com\/no\/wp-content\/uploads\/sites\/10\/2024\/10\/697638cc-e298-407c-8a2c-b00ba50505e0.webp 960w, https:\/\/keluvo.com\/no\/wp-content\/uploads\/sites\/10\/2024\/10\/697638cc-e298-407c-8a2c-b00ba50505e0-300x300.webp 300w, https:\/\/keluvo.com\/no\/wp-content\/uploads\/sites\/10\/2024\/10\/697638cc-e298-407c-8a2c-b00ba50505e0-150x150.webp 150w, https:\/\/keluvo.com\/no\/wp-content\/uploads\/sites\/10\/2024\/10\/697638cc-e298-407c-8a2c-b00ba50505e0-768x768.webp 768w, https:\/\/keluvo.com\/no\/wp-content\/uploads\/sites\/10\/2024\/10\/697638cc-e298-407c-8a2c-b00ba50505e0-600x600.webp 600w, https:\/\/keluvo.com\/no\/wp-content\/uploads\/sites\/10\/2024\/10\/697638cc-e298-407c-8a2c-b00ba50505e0-100x100.webp 100w, https:\/\/keluvo.com\/no\/wp-content\/uploads\/sites\/10\/2024\/10\/697638cc-e298-407c-8a2c-b00ba50505e0-50x50.webp 50w\" sizes=\"(max-width: 960px) 100vw, 960px\" \/><\/p>\n","protected":false},"excerpt":{"rendered":"<p>Ergonomisk og stilleg\u00e5ende Datamusens karakteristiske design gir deg komfortabel og enkel betjening. Rask kontaktrespons sikrer effektiv drift. Innebygd oppladbart batteri [&hellip;]<\/p>\n","protected":false},"featured_media":1625,"comment_status":"open","ping_status":"closed","template":"","meta":{"site-sidebar-layout":"default","site-content-layout":"","ast-site-content-layout":"default","site-content-style":"default","site-sidebar-style":"default","ast-global-header-display":"","ast-banner-title-visibility":"","ast-main-header-display":"","ast-hfb-above-header-display":"","ast-hfb-below-header-display":"","ast-hfb-mobile-header-display":"","site-post-title":"","ast-breadcrumbs-content":"","ast-featured-img":"","footer-sml-layout":"","theme-transparent-header-meta":"default","adv-header-id-meta":"","stick-header-meta":"","header-above-stick-meta":"","header-main-stick-meta":"","header-below-stick-meta":"","astra-migrate-meta-layouts":"set","ast-page-background-enabled":"default","ast-page-background-meta":{"desktop":{"background-color":"var(--ast-global-color-4)","background-image":"","background-repeat":"repeat","background-position":"center center","background-size":"auto","background-attachment":"scroll","background-type":"","background-media":"","overlay-type":"","overlay-color":"","overlay-opacity":"","overlay-gradient":""},"tablet":{"background-color":"","background-image":"","background-repeat":"repeat","background-position":"center center","background-size":"auto","background-attachment":"scroll","background-type":"","background-media":"","overlay-type":"","overlay-color":"","overlay-opacity":"","overlay-gradient":""},"mobile":{"background-color":"","background-image":"","background-repeat":"repeat","background-position":"center center","background-size":"auto","background-attachment":"scroll","background-type":"","background-media":"","overlay-type":"","overlay-color":"","overlay-opacity":"","overlay-gradient":""}},"ast-content-background-meta":{"desktop":{"background-color":"var(--ast-global-color-5)","background-image":"","background-repeat":"repeat","background-position":"center center","background-size":"auto","background-attachment":"scroll","background-type":"","background-media":"","overlay-type":"","overlay-color":"","overlay-opacity":"","overlay-gradient":""},"tablet":{"background-color":"var(--ast-global-color-5)","background-image":"","background-repeat":"repeat","background-position":"center center","background-size":"auto","background-attachment":"scroll","background-type":"","background-media":"","overlay-type":"","overlay-color":"","overlay-opacity":"","overlay-gradient":""},"mobile":{"background-color":"var(--ast-global-color-5)","background-image":"","background-repeat":"repeat","background-position":"center center","background-size":"auto","background-attachment":"scroll","background-type":"","background-media":"","overlay-type":"","overlay-color":"","overlay-opacity":"","overlay-gradient":""}}},"product_brand":[],"product_cat":[15],"product_tag":[],"class_list":{"0":"post-1629","1":"product","2":"type-product","3":"status-publish","4":"has-post-thumbnail","6":"product_cat-uncategorized","7":"desktop-align-left","8":"tablet-align-left","9":"mobile-align-left","11":"first","12":"instock","13":"shipping-taxable","14":"purchasable","15":"product-type-simple"},"_links":{"self":[{"href":"https:\/\/keluvo.com\/no\/wp-json\/wp\/v2\/product\/1629","targetHints":{"allow":["GET"]}}],"collection":[{"href":"https:\/\/keluvo.com\/no\/wp-json\/wp\/v2\/product"}],"about":[{"href":"https:\/\/keluvo.com\/no\/wp-json\/wp\/v2\/types\/product"}],"replies":[{"embeddable":true,"href":"https:\/\/keluvo.com\/no\/wp-json\/wp\/v2\/comments?post=1629"}],"wp:featuredmedia":[{"embeddable":true,"href":"https:\/\/keluvo.com\/no\/wp-json\/wp\/v2\/media\/1625"}],"wp:attachment":[{"href":"https:\/\/keluvo.com\/no\/wp-json\/wp\/v2\/media?parent=1629"}],"wp:term":[{"taxonomy":"product_brand","embeddable":true,"href":"https:\/\/keluvo.com\/no\/wp-json\/wp\/v2\/product_brand?post=1629"},{"taxonomy":"product_cat","embeddable":true,"href":"https:\/\/keluvo.com\/no\/wp-json\/wp\/v2\/product_cat?post=1629"},{"taxonomy":"product_tag","embeddable":true,"href":"https:\/\/keluvo.com\/no\/wp-json\/wp\/v2\/product_tag?post=1629"}],"curies":[{"name":"wp","href":"https:\/\/api.w.org\/{rel}","templated":true}]}}