{"id":16255,"date":"2025-05-01T10:15:03","date_gmt":"2025-05-01T08:15:03","guid":{"rendered":"https:\/\/keluvo.com\/no\/produkt\/kjolematte\/"},"modified":"2025-05-01T10:15:11","modified_gmt":"2025-05-01T08:15:11","slug":"kjolematte","status":"publish","type":"product","link":"https:\/\/keluvo.com\/no\/produkt\/kjolematte\/","title":{"rendered":"Kj\u00f8lematte"},"content":{"rendered":"<p style=\"text-align: center\"><b>Kj\u00f8l ned kj\u00e6ledyret ditt &#8211; med kj\u00f8lematten med pute!<\/b><b><br \/>\n<\/b><\/p>\n<p style=\"text-align: center\"><span style=\"font-weight: 400\">Denne kj\u00f8lematten hjelper hunden eller katten din med \u00e5 holde seg komfortabel p\u00e5 varme dager. Den er myk, trygg og har til og med en innebygd pute for den beste s\u00f8vnen for kj\u00e6ledyret noensinne!<\/span><\/p>\n<p><img decoding=\"async\" class=\"size-full wp-image-15865 aligncenter\" src=\"https:\/\/keluvo.com\/template\/wp-content\/uploads\/sites\/5\/2025\/04\/Untitled-video-Made-with-Clipchamp.gif\" alt=\"\" \/><\/p>\n<h2 style=\"text-align: center\">Hovedfordeler<\/h2>\n<p><b><\/b><span style=\"font-weight: 400\"> \u2705 <\/span><b>Holder kj\u00e6ledyr kj\u00f8lig<\/b><span style=\"font-weight: 400\"> \u2013 Spesialstoffet bidrar til \u00e5 senke kroppsvarmen naturlig<\/span><\/p>\n<p><span style=\"font-weight: 400\"> \u2705 <\/span><b>Myk og trygg<\/b><span style=\"font-weight: 400\"> \u2013 Ingen gel, ikke noe s\u00f8l, bare trygg kj\u00f8lekomfort<\/span><\/p>\n<p><span style=\"font-weight: 400\"> \u2705 <\/span><b>Innebygd pute<\/b><span style=\"font-weight: 400\"> \u2013 Ekstra koselig sted for kj\u00e6ledyret ditt \u00e5 hvile hodet<\/span><\/p>\n<p><span style=\"font-weight: 400\"> \u2705 <\/span><b>Flott for reiser<\/b><span style=\"font-weight: 400\"> \u2013 Lett, sammenleggbar og enkel \u00e5 b\u00e6re<\/span><\/p>\n<p><span style=\"font-weight: 400\"> \u2705 <\/span><b>Enkel \u00e5 rengj\u00f8re<\/b><span style=\"font-weight: 400\"> \u2013 Kast den i vaskemaskinen for en ny rengj\u00f8ring<\/span><\/p>\n<p><img decoding=\"async\" class=\"size-full wp-image-15869 aligncenter\" src=\"https:\/\/keluvo.com\/template\/wp-content\/uploads\/sites\/5\/2025\/04\/e5ad9bbe-9c16-464b-a6d7-2113407b310a.webp\" alt=\"\" \/><\/p>\n<h2 style=\"text-align: center\">Mer enn bare en seng<\/h2>\n<p style=\"text-align: center\"><span style=\"font-weight: 400\">Det er et sommer must-have for sm\u00e5 hunder og katter. Med det myke materialet og den koselige puten vil din pelskledde venn holde seg kj\u00f8lig og sove bedre, enten du er hjemme eller p\u00e5 farten. Det er den perfekte kombinasjonen av komfort, sikkerhet og s\u00f8t design!<\/span><\/p>\n<h2 style=\"text-align: center\">Slik bruker du matten<\/h2>\n<ol>\n<li style=\"font-weight: 400\"><span style=\"font-weight: 400\">Brett ut matten p\u00e5 kj\u00e6ledyrets favorittsted<\/span><\/li>\n<li style=\"font-weight: 400\"><span style=\"font-weight: 400\">La hunden eller katten legge seg ned og slappe av<\/span><\/li>\n<li style=\"font-weight: 400\"><span style=\"font-weight: 400\">Vask etter behov &#8211; den kan vaskes i maskin!<\/span><\/li>\n<\/ol>\n<h2 style=\"text-align: center\">Pakken inneholder<b><\/b><\/h2>\n<ul>\n<li style=\"font-weight: 400\"><span style=\"font-weight: 400\">1 selvkj\u00f8lende matte for kj\u00e6ledyr med innebygd pute<\/span><\/li>\n<li style=\"font-weight: 400\"><span style=\"font-weight: 400\">St\u00f8rrelse etter eget valg:<\/span><span style=\"font-weight: 400\"><br \/>\n<\/span><span style=\"font-weight: 400\"> \u2022 Liten: 60 cm x 40 cm<\/span><span style=\"font-weight: 400\"><br \/>\n<\/span><span style=\"font-weight: 400\"> \u2022 Medium: 80 cm x 60 cm<\/span><\/li>\n<li style=\"font-weight: 400\"><span style=\"font-weight: 400\">Lett og sammenleggbar for enkel oppbevaring og reise.<\/span><\/li>\n<\/ul>\n<p>&nbsp;<\/p>\n<p>&nbsp;<\/p>\n","protected":false},"excerpt":{"rendered":"<p>Kj\u00f8l ned kj\u00e6ledyret ditt &#8211; med kj\u00f8lematten med pute! Denne kj\u00f8lematten hjelper hunden eller katten din med \u00e5 holde seg [&hellip;]<\/p>\n","protected":false},"featured_media":16251,"comment_status":"open","ping_status":"closed","template":"","meta":{"site-sidebar-layout":"default","site-content-layout":"","ast-site-content-layout":"default","site-content-style":"default","site-sidebar-style":"default","ast-global-header-display":"","ast-banner-title-visibility":"","ast-main-header-display":"","ast-hfb-above-header-display":"","ast-hfb-below-header-display":"","ast-hfb-mobile-header-display":"","site-post-title":"","ast-breadcrumbs-content":"","ast-featured-img":"","footer-sml-layout":"","theme-transparent-header-meta":"default","adv-header-id-meta":"","stick-header-meta":"","header-above-stick-meta":"","header-main-stick-meta":"","header-below-stick-meta":"","astra-migrate-meta-layouts":"set","ast-page-background-enabled":"default","ast-page-background-meta":{"desktop":{"background-color":"var(--ast-global-color-4)","background-image":"","background-repeat":"repeat","background-position":"center center","background-size":"auto","background-attachment":"scroll","background-type":"","background-media":"","overlay-type":"","overlay-color":"","overlay-opacity":"","overlay-gradient":""},"tablet":{"background-color":"","background-image":"","background-repeat":"repeat","background-position":"center center","background-size":"auto","background-attachment":"scroll","background-type":"","background-media":"","overlay-type":"","overlay-color":"","overlay-opacity":"","overlay-gradient":""},"mobile":{"background-color":"","background-image":"","background-repeat":"repeat","background-position":"center center","background-size":"auto","background-attachment":"scroll","background-type":"","background-media":"","overlay-type":"","overlay-color":"","overlay-opacity":"","overlay-gradient":""}},"ast-content-background-meta":{"desktop":{"background-color":"var(--ast-global-color-5)","background-image":"","background-repeat":"repeat","background-position":"center center","background-size":"auto","background-attachment":"scroll","background-type":"","background-media":"","overlay-type":"","overlay-color":"","overlay-opacity":"","overlay-gradient":""},"tablet":{"background-color":"var(--ast-global-color-5)","background-image":"","background-repeat":"repeat","background-position":"center center","background-size":"auto","background-attachment":"scroll","background-type":"","background-media":"","overlay-type":"","overlay-color":"","overlay-opacity":"","overlay-gradient":""},"mobile":{"background-color":"var(--ast-global-color-5)","background-image":"","background-repeat":"repeat","background-position":"center center","background-size":"auto","background-attachment":"scroll","background-type":"","background-media":"","overlay-type":"","overlay-color":"","overlay-opacity":"","overlay-gradient":""}}},"product_brand":[],"product_cat":[997],"product_tag":[],"class_list":{"0":"post-16255","1":"product","2":"type-product","3":"status-publish","4":"has-post-thumbnail","6":"product_cat-husdyrprodukter","7":"pa_21629_6lzq32t7-gronn","8":"pa_21629_6lzq32t7-rosa","9":"pa_21629_ad57ek07-liten","10":"pa_21629_ad57ek07-medium","11":"desktop-align-left","12":"tablet-align-left","13":"mobile-align-left","15":"first","16":"instock","17":"shipping-taxable","18":"purchasable","19":"product-type-variable","20":"has-default-attributes"},"_links":{"self":[{"href":"https:\/\/keluvo.com\/no\/wp-json\/wp\/v2\/product\/16255","targetHints":{"allow":["GET"]}}],"collection":[{"href":"https:\/\/keluvo.com\/no\/wp-json\/wp\/v2\/product"}],"about":[{"href":"https:\/\/keluvo.com\/no\/wp-json\/wp\/v2\/types\/product"}],"replies":[{"embeddable":true,"href":"https:\/\/keluvo.com\/no\/wp-json\/wp\/v2\/comments?post=16255"}],"wp:featuredmedia":[{"embeddable":true,"href":"https:\/\/keluvo.com\/no\/wp-json\/wp\/v2\/media\/16251"}],"wp:attachment":[{"href":"https:\/\/keluvo.com\/no\/wp-json\/wp\/v2\/media?parent=16255"}],"wp:term":[{"taxonomy":"product_brand","embeddable":true,"href":"https:\/\/keluvo.com\/no\/wp-json\/wp\/v2\/product_brand?post=16255"},{"taxonomy":"product_cat","embeddable":true,"href":"https:\/\/keluvo.com\/no\/wp-json\/wp\/v2\/product_cat?post=16255"},{"taxonomy":"product_tag","embeddable":true,"href":"https:\/\/keluvo.com\/no\/wp-json\/wp\/v2\/product_tag?post=16255"}],"curies":[{"name":"wp","href":"https:\/\/api.w.org\/{rel}","templated":true}]}}