{"id":16177,"date":"2025-05-01T10:11:43","date_gmt":"2025-05-01T08:11:43","guid":{"rendered":"https:\/\/keluvo.com\/no\/produkt\/rammelost-mobildeksel\/"},"modified":"2025-05-01T10:12:22","modified_gmt":"2025-05-01T08:12:22","slug":"rammelost-mobildeksel","status":"publish","type":"product","link":"https:\/\/keluvo.com\/no\/produkt\/rammelost-mobildeksel\/","title":{"rendered":"Rammel\u00f8st mobildeksel"},"content":{"rendered":"<p style=\"text-align: center\"><strong>Beskytt Telefonen Din \u2013 Med Det Rammel\u00f8se Varmespredningsdekselet!<\/strong><\/p>\n<p style=\"text-align: center\"><span style=\"font-weight: 400\">Lett, kj\u00f8lig og t\u00f8ft.<\/span><\/p>\n<p style=\"text-align: center\"><span style=\"font-weight: 400\"> Dette mobildekselet holder iPhone trygg, kj\u00f8lig og stilig. Det er tynt, sterkt og passer perfekt uten \u00e5 tynge.<\/span><\/p>\n<p><img decoding=\"async\" class=\"size-full wp-image-16345 aligncenter\" src=\"https:\/\/keluvo.com\/template\/wp-content\/uploads\/sites\/5\/2025\/04\/case-ezgif.com-video-to-webp-converter.webp\" alt=\"\" \/><\/p>\n<h2 style=\"text-align: center\">Hovedfordeler<\/h2>\n<p><span style=\"font-weight: 400\">\u2705 <\/span><b>Kj\u00f8ler telefonen raskt<\/b><span style=\"font-weight: 400\"> \u2013 Hullene p\u00e5 baksiden slipper ut varmen slik at alt g\u00e5r som det skal<\/span><\/p>\n<p><span style=\"font-weight: 400\"> \u2705 <\/span><b>Beskytter kameraet<\/b><span style=\"font-weight: 400\"> \u2013 Rammel\u00f8s design beskytter alle linsene<\/span><\/p>\n<p><span style=\"font-weight: 400\"> \u2705 <\/span><b>Robust og lett<\/b><span style=\"font-weight: 400\"> \u2013 Laget av sterkt PC-materiale som ikke tynger deg ned<\/span><\/p>\n<p><span style=\"font-weight: 400\"> \u2705 <\/span><b>Passer perfekt<\/b><span style=\"font-weight: 400\"> \u2013 Tynn passform med perfekte utskj\u00e6ringer for lading og knapper<\/span><\/p>\n<p><span style=\"font-weight: 400\"> \u2705 <\/span><b>Full dekning<\/b><span style=\"font-weight: 400\"> \u2013 Opph\u00f8yde kanter holder skjermen og kameraet fritt for riper<\/span><\/p>\n<p><img decoding=\"async\" class=\"size-full wp-image-16354 aligncenter\" src=\"https:\/\/keluvo.com\/template\/wp-content\/uploads\/sites\/5\/2025\/04\/dark_purple.jpg\" alt=\"\" \/><\/p>\n<h2 style=\"text-align: center\">Beskyttelse Og Stil<\/h2>\n<p style=\"text-align: center\"><span style=\"font-weight: 400\">Dette etuiet er mer enn bare beskyttelse. Det er et smart og stilig verkt\u00f8y som holder din iPhone 15 Pro Max, 15 Pro, 15 Plus eller 15 kj\u00f8lig og trygg. Perfekt for gamere, streamere og alle som vil ha et elegant utseende med et sterkt forsvar. Nyt komforten av en bar telefonf\u00f8lelse &#8211; uten risiko.<\/span><\/p>\n<h2 style=\"text-align: center\">Hvordan Du Bruker<\/h2>\n<ol>\n<li style=\"font-weight: 400\"><span style=\"font-weight: 400\">Match etuiet med din iPhone-modell<\/span><\/li>\n<li style=\"font-weight: 400\"><span style=\"font-weight: 400\">Slipp det forsiktig p\u00e5 telefonen<\/span><\/li>\n<li style=\"font-weight: 400\"><span style=\"font-weight: 400\">S\u00f8rg for at linsen og knappene er p\u00e5 linje<\/span><\/li>\n<li style=\"font-weight: 400\"><span style=\"font-weight: 400\">S\u00e5 er det gjort &#8211; telefonen din er n\u00e5 trygg, stilig og kul!<\/span><\/li>\n<\/ol>\n<h2 style=\"text-align: center\">Pakken Inkluderer<\/h2>\n<ul>\n<li style=\"font-weight: 400\"><span style=\"font-weight: 400\">1 telefonveske<\/span><\/li>\n<\/ul>\n<p>&nbsp;<\/p>\n","protected":false},"excerpt":{"rendered":"<p>Beskytt Telefonen Din \u2013 Med Det Rammel\u00f8se Varmespredningsdekselet! Lett, kj\u00f8lig og t\u00f8ft. Dette mobildekselet holder iPhone trygg, kj\u00f8lig og stilig. [&hellip;]<\/p>\n","protected":false},"featured_media":16173,"comment_status":"open","ping_status":"closed","template":"","meta":{"site-sidebar-layout":"default","site-content-layout":"","ast-site-content-layout":"default","site-content-style":"default","site-sidebar-style":"default","ast-global-header-display":"","ast-banner-title-visibility":"","ast-main-header-display":"","ast-hfb-above-header-display":"","ast-hfb-below-header-display":"","ast-hfb-mobile-header-display":"","site-post-title":"","ast-breadcrumbs-content":"","ast-featured-img":"","footer-sml-layout":"","theme-transparent-header-meta":"default","adv-header-id-meta":"","stick-header-meta":"","header-above-stick-meta":"","header-main-stick-meta":"","header-below-stick-meta":"","astra-migrate-meta-layouts":"set","ast-page-background-enabled":"default","ast-page-background-meta":{"desktop":{"background-color":"var(--ast-global-color-4)","background-image":"","background-repeat":"repeat","background-position":"center center","background-size":"auto","background-attachment":"scroll","background-type":"","background-media":"","overlay-type":"","overlay-color":"","overlay-opacity":"","overlay-gradient":""},"tablet":{"background-color":"","background-image":"","background-repeat":"repeat","background-position":"center center","background-size":"auto","background-attachment":"scroll","background-type":"","background-media":"","overlay-type":"","overlay-color":"","overlay-opacity":"","overlay-gradient":""},"mobile":{"background-color":"","background-image":"","background-repeat":"repeat","background-position":"center center","background-size":"auto","background-attachment":"scroll","background-type":"","background-media":"","overlay-type":"","overlay-color":"","overlay-opacity":"","overlay-gradient":""}},"ast-content-background-meta":{"desktop":{"background-color":"var(--ast-global-color-5)","background-image":"","background-repeat":"repeat","background-position":"center center","background-size":"auto","background-attachment":"scroll","background-type":"","background-media":"","overlay-type":"","overlay-color":"","overlay-opacity":"","overlay-gradient":""},"tablet":{"background-color":"var(--ast-global-color-5)","background-image":"","background-repeat":"repeat","background-position":"center center","background-size":"auto","background-attachment":"scroll","background-type":"","background-media":"","overlay-type":"","overlay-color":"","overlay-opacity":"","overlay-gradient":""},"mobile":{"background-color":"var(--ast-global-color-5)","background-image":"","background-repeat":"repeat","background-position":"center center","background-size":"auto","background-attachment":"scroll","background-type":"","background-media":"","overlay-type":"","overlay-color":"","overlay-opacity":"","overlay-gradient":""}}},"product_brand":[],"product_cat":[15],"product_tag":[],"class_list":{"0":"post-16177","1":"product","2":"type-product","3":"status-publish","4":"has-post-thumbnail","6":"product_cat-uncategorized","7":"pa_19242_b8j3x6ct-iphone-15","8":"pa_19242_b8j3x6ct-iphone-15-plus","9":"pa_19242_b8j3x6ct-iphone-15-pro","10":"pa_19242_b8j3x6ct-iphone-15-pro-max","11":"pa_19242_zuxxfnw5-bla","12":"pa_19242_zuxxfnw5-gronn","13":"pa_19242_zuxxfnw5-gull","14":"pa_19242_zuxxfnw5-hvit","15":"pa_19242_zuxxfnw5-lilla","16":"pa_19242_zuxxfnw5-svart","17":"desktop-align-left","18":"tablet-align-left","19":"mobile-align-left","21":"first","22":"instock","23":"shipping-taxable","24":"purchasable","25":"product-type-variable"},"_links":{"self":[{"href":"https:\/\/keluvo.com\/no\/wp-json\/wp\/v2\/product\/16177","targetHints":{"allow":["GET"]}}],"collection":[{"href":"https:\/\/keluvo.com\/no\/wp-json\/wp\/v2\/product"}],"about":[{"href":"https:\/\/keluvo.com\/no\/wp-json\/wp\/v2\/types\/product"}],"replies":[{"embeddable":true,"href":"https:\/\/keluvo.com\/no\/wp-json\/wp\/v2\/comments?post=16177"}],"wp:featuredmedia":[{"embeddable":true,"href":"https:\/\/keluvo.com\/no\/wp-json\/wp\/v2\/media\/16173"}],"wp:attachment":[{"href":"https:\/\/keluvo.com\/no\/wp-json\/wp\/v2\/media?parent=16177"}],"wp:term":[{"taxonomy":"product_brand","embeddable":true,"href":"https:\/\/keluvo.com\/no\/wp-json\/wp\/v2\/product_brand?post=16177"},{"taxonomy":"product_cat","embeddable":true,"href":"https:\/\/keluvo.com\/no\/wp-json\/wp\/v2\/product_cat?post=16177"},{"taxonomy":"product_tag","embeddable":true,"href":"https:\/\/keluvo.com\/no\/wp-json\/wp\/v2\/product_tag?post=16177"}],"curies":[{"name":"wp","href":"https:\/\/api.w.org\/{rel}","templated":true}]}}