{"id":16168,"date":"2025-05-01T10:10:48","date_gmt":"2025-05-01T08:10:48","guid":{"rendered":"https:\/\/keluvo.com\/no\/produkt\/m41-tradlose-orepropper\/"},"modified":"2025-05-01T10:10:51","modified_gmt":"2025-05-01T08:10:51","slug":"m41-tradlose-orepropper","status":"publish","type":"product","link":"https:\/\/keluvo.com\/no\/produkt\/m41-tradlose-orepropper\/","title":{"rendered":"M41 tr\u00e5dl\u00f8se \u00f8repropper"},"content":{"rendered":"<p style=\"text-align: center\"><strong>F\u00e5 Mer Lyd \u2013 Med M41 Tr\u00e5dl\u00f8se \u00d8repropper!<\/strong><\/p>\n<p style=\"text-align: center\"><span style=\"font-weight: 400\">Spillklare, stilige og bygget for \u00e5 vare<\/span><\/p>\n<p style=\"text-align: center\"><span style=\"font-weight: 400\"> Disse \u00f8reproppene kobles raskt til, har fantastisk lyd og lyser til og med opp med kule pustelys. Ingen ledninger. Ingen begrensninger. Bare ren lyd og smart design.<\/span><\/p>\n<p><img decoding=\"async\" class=\"size-full wp-image-16341 aligncenter\" src=\"https:\/\/keluvo.com\/template\/wp-content\/uploads\/sites\/5\/2025\/04\/f6082734-8592-46d6-a8a5-03a57a80d94d-ezgif.com-video-to-webp-converter.webp\" alt=\"\" \/><\/p>\n<h2 style=\"text-align: center\">Hovedfordeler<\/h2>\n<p><span style=\"font-weight: 400\">\u2705 <\/span><b>Ekte tr\u00e5dl\u00f8s frihet<\/b><span style=\"font-weight: 400\"> \u2013 Ingen kabler, bare ren og enkel lyd<\/span><\/p>\n<p><span style=\"font-weight: 400\"> \u2705 <\/span><b>Kul LED-gl\u00f8d<\/b><span style=\"font-weight: 400\"> \u2013 Fargerikt pustelys viser frem stilen din<\/span><\/p>\n<p><span style=\"font-weight: 400\"> \u2705 <\/span><b>Bluetooth 5.3-oppgradering<\/b><span style=\"font-weight: 400\"> \u2013 Raskere sammenkobling, lav forsinkelse og lengre spilletid<\/span><\/p>\n<p><span style=\"font-weight: 400\"> \u2705 <\/span><b>Str\u00f8m hele dagen<\/b><span style=\"font-weight: 400\"> \u2013 Bruk etuiet som lader for \u00f8reproppene <\/span><span style=\"font-weight: 400\">og<\/span><span style=\"font-weight: 400\"> telefonen<\/span><\/p>\n<p><span style=\"font-weight: 400\"> \u2705 <\/span><b>Sterk og t\u00f8ff<\/b><span style=\"font-weight: 400\"> \u2013 Metallfinishen motst\u00e5r riper og gir et elegant, spillklart utseende<\/span><\/p>\n<p><span style=\"font-weight: 400\"> \u2705 <\/span><b>Smart automatisk tilkobling<\/b><span style=\"font-weight: 400\"> \u2013 Koble til \u00e9n gang, s\u00e5 husker den deg neste gang<\/span><\/p>\n<p><img decoding=\"async\" class=\"size-full wp-image-16334 aligncenter\" src=\"https:\/\/keluvo.com\/template\/wp-content\/uploads\/sites\/5\/2025\/04\/6a878fbd-9a45-41cf-9f33-0e578b9e9717.webp\" alt=\"\" \/><\/p>\n<h2 style=\"text-align: center\">Eksepsjonell Teknologi<\/h2>\n<p style=\"text-align: center\"><span style=\"font-weight: 400\">F\u00e5 mer enn bare \u00f8repropper. Du f\u00e5r klare samtaler, dyp bass og et futuristisk utseende &#8211; alt i et kompakt etui som ogs\u00e5 fungerer som en str\u00f8mbank. Enten du spiller, trener eller bare slapper av, er disse \u00f8reproppene klare. De er lette, vanntette og st\u00f8yreduserende &#8211; laget for \u00e5 v\u00e6re med deg overalt.<\/span><\/p>\n<h2 style=\"text-align: center\">Slik Bruker Du Dem<\/h2>\n<ol>\n<li style=\"font-weight: 400\"><span style=\"font-weight: 400\">\u00c5pne etuiet og sl\u00e5 p\u00e5 Bluetooth p\u00e5 telefonen<\/span><\/li>\n<li style=\"font-weight: 400\"><span style=\"font-weight: 400\">Koble til \u00e9n gang (neste gang kobler den til av seg selv!)<\/span><\/li>\n<li style=\"font-weight: 400\"><span style=\"font-weight: 400\">Sett i \u00f8reproppene og nyt musikken eller samtalen<\/span><\/li>\n<li style=\"font-weight: 400\"><span style=\"font-weight: 400\">Bruk etuiet til \u00e5 lade \u00f8reproppene &#8211; eller til og med telefonen!<\/span><\/li>\n<\/ol>\n<h2 style=\"text-align: center\"><b>Pakken Inneholder<\/b><\/h2>\n<ul>\n<li style=\"font-weight: 400\"><span style=\"font-weight: 400\">1 par M41 true wireless-\u00f8repropper<\/span><\/li>\n<li style=\"font-weight: 400\"><span style=\"font-weight: 400\">1 ladeetui med innebygd str\u00f8mbank<\/span><\/li>\n<li style=\"font-weight: 400\"><span style=\"font-weight: 400\">1 USB-ladekabel<\/span><\/li>\n<li style=\"font-weight: 400\"><span style=\"font-weight: 400\">1 bruksanvisning.<\/span><\/li>\n<\/ul>\n","protected":false},"excerpt":{"rendered":"<p>F\u00e5 Mer Lyd \u2013 Med M41 Tr\u00e5dl\u00f8se \u00d8repropper! Spillklare, stilige og bygget for \u00e5 vare Disse \u00f8reproppene kobles raskt til, [&hellip;]<\/p>\n","protected":false},"featured_media":16164,"comment_status":"open","ping_status":"closed","template":"","meta":{"site-sidebar-layout":"default","site-content-layout":"","ast-site-content-layout":"default","site-content-style":"default","site-sidebar-style":"default","ast-global-header-display":"","ast-banner-title-visibility":"","ast-main-header-display":"","ast-hfb-above-header-display":"","ast-hfb-below-header-display":"","ast-hfb-mobile-header-display":"","site-post-title":"","ast-breadcrumbs-content":"","ast-featured-img":"","footer-sml-layout":"","theme-transparent-header-meta":"default","adv-header-id-meta":"","stick-header-meta":"","header-above-stick-meta":"","header-main-stick-meta":"","header-below-stick-meta":"","astra-migrate-meta-layouts":"set","ast-page-background-enabled":"default","ast-page-background-meta":{"desktop":{"background-color":"var(--ast-global-color-4)","background-image":"","background-repeat":"repeat","background-position":"center center","background-size":"auto","background-attachment":"scroll","background-type":"","background-media":"","overlay-type":"","overlay-color":"","overlay-opacity":"","overlay-gradient":""},"tablet":{"background-color":"","background-image":"","background-repeat":"repeat","background-position":"center center","background-size":"auto","background-attachment":"scroll","background-type":"","background-media":"","overlay-type":"","overlay-color":"","overlay-opacity":"","overlay-gradient":""},"mobile":{"background-color":"","background-image":"","background-repeat":"repeat","background-position":"center center","background-size":"auto","background-attachment":"scroll","background-type":"","background-media":"","overlay-type":"","overlay-color":"","overlay-opacity":"","overlay-gradient":""}},"ast-content-background-meta":{"desktop":{"background-color":"var(--ast-global-color-5)","background-image":"","background-repeat":"repeat","background-position":"center center","background-size":"auto","background-attachment":"scroll","background-type":"","background-media":"","overlay-type":"","overlay-color":"","overlay-opacity":"","overlay-gradient":""},"tablet":{"background-color":"var(--ast-global-color-5)","background-image":"","background-repeat":"repeat","background-position":"center center","background-size":"auto","background-attachment":"scroll","background-type":"","background-media":"","overlay-type":"","overlay-color":"","overlay-opacity":"","overlay-gradient":""},"mobile":{"background-color":"var(--ast-global-color-5)","background-image":"","background-repeat":"repeat","background-position":"center center","background-size":"auto","background-attachment":"scroll","background-type":"","background-media":"","overlay-type":"","overlay-color":"","overlay-opacity":"","overlay-gradient":""}}},"product_brand":[],"product_cat":[15],"product_tag":[],"class_list":{"0":"post-16168","1":"product","2":"type-product","3":"status-publish","4":"has-post-thumbnail","6":"product_cat-uncategorized","7":"pa_34090_aq1kyrqi-hvit","8":"pa_34090_aq1kyrqi-svart","9":"desktop-align-left","10":"tablet-align-left","11":"mobile-align-left","13":"first","14":"instock","15":"shipping-taxable","16":"purchasable","17":"product-type-variable"},"_links":{"self":[{"href":"https:\/\/keluvo.com\/no\/wp-json\/wp\/v2\/product\/16168","targetHints":{"allow":["GET"]}}],"collection":[{"href":"https:\/\/keluvo.com\/no\/wp-json\/wp\/v2\/product"}],"about":[{"href":"https:\/\/keluvo.com\/no\/wp-json\/wp\/v2\/types\/product"}],"replies":[{"embeddable":true,"href":"https:\/\/keluvo.com\/no\/wp-json\/wp\/v2\/comments?post=16168"}],"wp:featuredmedia":[{"embeddable":true,"href":"https:\/\/keluvo.com\/no\/wp-json\/wp\/v2\/media\/16164"}],"wp:attachment":[{"href":"https:\/\/keluvo.com\/no\/wp-json\/wp\/v2\/media?parent=16168"}],"wp:term":[{"taxonomy":"product_brand","embeddable":true,"href":"https:\/\/keluvo.com\/no\/wp-json\/wp\/v2\/product_brand?post=16168"},{"taxonomy":"product_cat","embeddable":true,"href":"https:\/\/keluvo.com\/no\/wp-json\/wp\/v2\/product_cat?post=16168"},{"taxonomy":"product_tag","embeddable":true,"href":"https:\/\/keluvo.com\/no\/wp-json\/wp\/v2\/product_tag?post=16168"}],"curies":[{"name":"wp","href":"https:\/\/api.w.org\/{rel}","templated":true}]}}