{"id":16130,"date":"2025-05-01T10:07:02","date_gmt":"2025-05-01T08:07:02","guid":{"rendered":"https:\/\/keluvo.com\/no\/produkt\/oredobber-i-krystall\/"},"modified":"2025-05-01T10:07:06","modified_gmt":"2025-05-01T08:07:06","slug":"oredobber-i-krystall","status":"publish","type":"product","link":"https:\/\/keluvo.com\/no\/produkt\/oredobber-i-krystall\/","title":{"rendered":"\u00d8redobber i krystall"},"content":{"rendered":"<p style=\"text-align: center\"><strong>Skinn med stil \u2013 med de lilla dr\u00e5pe\u00f8reringene i krystall!<\/strong><\/p>\n<p style=\"text-align: center\"><span style=\"font-weight: 400\">Elegante, lette og perfekte til enhver dag.<\/span><\/p>\n<p style=\"text-align: center\"><span style=\"font-weight: 400\"> Disse vakre \u00f8redobbene er laget med skinnende lilla krystaller. De ser fancy ut, f\u00f8les lette og gir glitter til ethvert antrekk.<\/span><\/p>\n<p><img decoding=\"async\" class=\"size-full wp-image-16296 aligncenter\" src=\"https:\/\/keluvo.com\/template\/wp-content\/uploads\/sites\/5\/2025\/04\/purple.jpg\" alt=\"\" \/><\/p>\n<h2 style=\"text-align: center\">Hovedfordeler<\/h2>\n<p><span style=\"font-weight: 400\">\u2705 <\/span><b>Elegant design<\/b><span style=\"font-weight: 400\"> \u2013 Enkelt og stilig for alle stiler<\/span><\/p>\n<p><span style=\"font-weight: 400\"> \u2705 <\/span><b>Lett komfort<\/b><span style=\"font-weight: 400\"> \u2013 Bruk dem hele dagen uten \u00e5 f\u00f8le deg tung<\/span><\/p>\n<p><span style=\"font-weight: 400\"> \u2705 <\/span><b>Avansert f\u00f8lelse<\/b><span style=\"font-weight: 400\"> \u2013 Laget med f\u00f8rsteklasses lilla krystall<\/span><\/p>\n<p><span style=\"font-weight: 400\"> \u2705 <\/span><b>Laget for \u00e5 vare<\/b><span style=\"font-weight: 400\"> \u2013 Kvalitet laget med stor oppmerksomhet p\u00e5 detaljer<\/span><\/p>\n<p><span style=\"font-weight: 400\"> \u2705 <\/span><b>For enhver anledning<\/b><span style=\"font-weight: 400\"> \u2013 Perfekt for b\u00e5de uformelle dager og spesielle arrangementer<\/span><\/p>\n<p><img decoding=\"async\" class=\"size-full wp-image-16291 aligncenter\" src=\"https:\/\/keluvo.com\/template\/wp-content\/uploads\/sites\/5\/2025\/04\/2-13.jpg\" alt=\"\" \/><\/p>\n<h2 style=\"text-align: center\">Perfekt eleganse!<\/h2>\n<p style=\"text-align: center\"><span style=\"font-weight: 400\">Disse \u00f8reringene er det perfekte snev av eleganse for enhver kvinne. Enten du skal p\u00e5 fest, middag eller bare \u00f8nsker \u00e5 tilf\u00f8re dagen litt ekstra glitter, er disse lilla krystall\u00f8reringene skapt for \u00e5 imponere. Stilige, enkle \u00e5 ha p\u00e5 og passer til alt!<\/span><\/p>\n<h2 style=\"text-align: center\">Pakken inneholder<\/h2>\n<ul>\n<li style=\"font-weight: 400\"><span style=\"font-weight: 400\">1 par \u00f8redobber<\/span><\/li>\n<li style=\"font-weight: 400\"><span style=\"font-weight: 400\">Pakket i en beskyttende eske for \u00e5 holde dem trygge og skinnende.<\/span><\/li>\n<\/ul>\n","protected":false},"excerpt":{"rendered":"<p>Skinn med stil \u2013 med de lilla dr\u00e5pe\u00f8reringene i krystall! Elegante, lette og perfekte til enhver dag. Disse vakre \u00f8redobbene [&hellip;]<\/p>\n","protected":false},"featured_media":16126,"comment_status":"open","ping_status":"closed","template":"","meta":{"site-sidebar-layout":"default","site-content-layout":"","ast-site-content-layout":"default","site-content-style":"default","site-sidebar-style":"default","ast-global-header-display":"","ast-banner-title-visibility":"","ast-main-header-display":"","ast-hfb-above-header-display":"","ast-hfb-below-header-display":"","ast-hfb-mobile-header-display":"","site-post-title":"","ast-breadcrumbs-content":"","ast-featured-img":"","footer-sml-layout":"","theme-transparent-header-meta":"default","adv-header-id-meta":"","stick-header-meta":"","header-above-stick-meta":"","header-main-stick-meta":"","header-below-stick-meta":"","astra-migrate-meta-layouts":"set","ast-page-background-enabled":"default","ast-page-background-meta":{"desktop":{"background-color":"var(--ast-global-color-4)","background-image":"","background-repeat":"repeat","background-position":"center center","background-size":"auto","background-attachment":"scroll","background-type":"","background-media":"","overlay-type":"","overlay-color":"","overlay-opacity":"","overlay-gradient":""},"tablet":{"background-color":"","background-image":"","background-repeat":"repeat","background-position":"center center","background-size":"auto","background-attachment":"scroll","background-type":"","background-media":"","overlay-type":"","overlay-color":"","overlay-opacity":"","overlay-gradient":""},"mobile":{"background-color":"","background-image":"","background-repeat":"repeat","background-position":"center center","background-size":"auto","background-attachment":"scroll","background-type":"","background-media":"","overlay-type":"","overlay-color":"","overlay-opacity":"","overlay-gradient":""}},"ast-content-background-meta":{"desktop":{"background-color":"var(--ast-global-color-5)","background-image":"","background-repeat":"repeat","background-position":"center center","background-size":"auto","background-attachment":"scroll","background-type":"","background-media":"","overlay-type":"","overlay-color":"","overlay-opacity":"","overlay-gradient":""},"tablet":{"background-color":"var(--ast-global-color-5)","background-image":"","background-repeat":"repeat","background-position":"center center","background-size":"auto","background-attachment":"scroll","background-type":"","background-media":"","overlay-type":"","overlay-color":"","overlay-opacity":"","overlay-gradient":""},"mobile":{"background-color":"var(--ast-global-color-5)","background-image":"","background-repeat":"repeat","background-position":"center center","background-size":"auto","background-attachment":"scroll","background-type":"","background-media":"","overlay-type":"","overlay-color":"","overlay-opacity":"","overlay-gradient":""}}},"product_brand":[],"product_cat":[994,992],"product_tag":[],"class_list":{"0":"post-16130","1":"product","2":"type-product","3":"status-publish","4":"has-post-thumbnail","6":"product_cat-klaer-til-kvinner","7":"product_cat-skjonnhets-og-hygieneprodukter","8":"pa_41088_0zktlegb-gronn","9":"pa_41088_0zktlegb-lilla","10":"desktop-align-left","11":"tablet-align-left","12":"mobile-align-left","14":"first","15":"instock","16":"shipping-taxable","17":"purchasable","18":"product-type-variable"},"_links":{"self":[{"href":"https:\/\/keluvo.com\/no\/wp-json\/wp\/v2\/product\/16130","targetHints":{"allow":["GET"]}}],"collection":[{"href":"https:\/\/keluvo.com\/no\/wp-json\/wp\/v2\/product"}],"about":[{"href":"https:\/\/keluvo.com\/no\/wp-json\/wp\/v2\/types\/product"}],"replies":[{"embeddable":true,"href":"https:\/\/keluvo.com\/no\/wp-json\/wp\/v2\/comments?post=16130"}],"wp:featuredmedia":[{"embeddable":true,"href":"https:\/\/keluvo.com\/no\/wp-json\/wp\/v2\/media\/16126"}],"wp:attachment":[{"href":"https:\/\/keluvo.com\/no\/wp-json\/wp\/v2\/media?parent=16130"}],"wp:term":[{"taxonomy":"product_brand","embeddable":true,"href":"https:\/\/keluvo.com\/no\/wp-json\/wp\/v2\/product_brand?post=16130"},{"taxonomy":"product_cat","embeddable":true,"href":"https:\/\/keluvo.com\/no\/wp-json\/wp\/v2\/product_cat?post=16130"},{"taxonomy":"product_tag","embeddable":true,"href":"https:\/\/keluvo.com\/no\/wp-json\/wp\/v2\/product_tag?post=16130"}],"curies":[{"name":"wp","href":"https:\/\/api.w.org\/{rel}","templated":true}]}}