{"id":16121,"date":"2025-05-01T10:06:36","date_gmt":"2025-05-01T08:06:36","guid":{"rendered":"https:\/\/keluvo.com\/no\/produkt\/panneband\/"},"modified":"2025-05-02T14:37:50","modified_gmt":"2025-05-02T12:37:50","slug":"panneband","status":"publish","type":"product","link":"https:\/\/keluvo.com\/no\/produkt\/panneband\/","title":{"rendered":"Panneb\u00e5nd"},"content":{"rendered":"<p style=\"text-align: center;\"><strong>Style H\u00e5ret P\u00e5 Sekunder \u2013 Med Panneb\u00e5ndet Med Dobbeltklips!<\/strong><\/p>\n<p style=\"text-align: center;\"><span style=\"font-weight: 400;\">Hold deg s\u00f8t, komfortabel og i kontroll.<\/span><\/p>\n<p style=\"text-align: center;\"><span style=\"font-weight: 400;\"> Dette panneb\u00e5ndet er lett, sterkt og superenkelt \u00e5 bruke. Det holder h\u00e5ret p\u00e5 plass og lar deg skape morsomme stiler n\u00e5r som helst og hvor som helst.<\/span><\/p>\n<p><img decoding=\"async\" class=\"size-full wp-image-16280 aligncenter\" src=\"https:\/\/keluvo.com\/template\/wp-content\/uploads\/sites\/5\/2025\/04\/798e9d3d-94b2-4317-95f9-8c77f90002f6-ezgif.com-video-to-webp-converter.webp\" alt=\"\" \/><\/p>\n<h2 style=\"text-align: center;\">Hovedfordeler<\/h2>\n<p><span style=\"font-weight: 400;\">\u2705 <\/span><b>Mykt og fleksibelt<\/b><span style=\"font-weight: 400;\"> \u2013 Laget av sterk, men sk\u00e5nsom ABS-harpiks<\/span><\/p>\n<p><span style=\"font-weight: 400;\"> \u2705 <\/span><b>Lett \u00e5 ha p\u00e5<\/b><span style=\"font-weight: 400;\"> \u2013 F\u00f8les lett og behagelig p\u00e5 hodet<\/span><\/p>\n<p><span style=\"font-weight: 400;\"> \u2705 <\/span><b>Ingen skade<\/b><span style=\"font-weight: 400;\"> \u2013 Holder h\u00e5ret p\u00e5 plass uten \u00e5 dra eller skade<\/span><\/p>\n<p><span style=\"font-weight: 400;\"> \u2705 <\/span><b>Tilpassede stiler<\/b><span style=\"font-weight: 400;\"> \u2013 8 innebygde klips lar deg forme h\u00e5ret slik du vil<\/span><\/p>\n<p><span style=\"font-weight: 400;\"> \u2705 <\/span><b>Dobbeltlagsdesign<\/b><span style=\"font-weight: 400;\"> \u2013 Det ene laget holder luggen, det andre holder h\u00e5ret borte fra ansiktet<\/span><\/p>\n<p><img decoding=\"async\" class=\"size-full wp-image-16285 aligncenter\" src=\"https:\/\/keluvo.com\/template\/wp-content\/uploads\/sites\/5\/2025\/04\/2-12.jpg\" alt=\"\" \/><\/p>\n<h2 style=\"text-align: center;\">Dette Er Ikke Bare Et Panneb\u00e5nd \u2013 Det Er Din Daglige H\u00e5rhjelper.<\/h2>\n<p style=\"text-align: center;\"><span style=\"font-weight: 400;\"> Bruk det til \u00e5 lage morsomme frisyrer til skole, jobb eller for \u00e5 slappe av hjemme. Perfekt for alle h\u00e5rtyper &#8211; langt, kort, glatt eller kr\u00f8llete. Perfekt til sminke, yoga eller bare for \u00e5 holde h\u00e5ret pent og stilig!<\/span><\/p>\n<h2 style=\"text-align: center;\">Slik Bruker Du Det<\/h2>\n<ol>\n<li style=\"font-weight: 400;\"><span style=\"font-weight: 400;\">Plasser panneb\u00e5ndet p\u00e5 hodet<\/span><\/li>\n<li style=\"font-weight: 400;\">Velg en liten knute<\/li>\n<li style=\"font-weight: 400;\"><span style=\"font-weight: 400;\">Vri det litt og klips det p\u00e5 plass<\/span><\/li>\n<li style=\"font-weight: 400;\"><span style=\"font-weight: 400;\">Bruk s\u00e5 mange klips du vil for \u00e5 forme stilen din<\/span><\/li>\n<\/ol>\n<h2 style=\"text-align: center;\">Pakken Inneholder<\/h2>\n<ul>\n<li style=\"font-weight: 400;\"><span style=\"font-weight: 400;\">1 klipshodeb\u00e5nd<\/span><\/li>\n<\/ul>\n","protected":false},"excerpt":{"rendered":"<p>Style H\u00e5ret P\u00e5 Sekunder \u2013 Med Panneb\u00e5ndet Med Dobbeltklips! Hold deg s\u00f8t, komfortabel og i kontroll. Dette panneb\u00e5ndet er lett, [&hellip;]<\/p>\n","protected":false},"featured_media":16117,"comment_status":"open","ping_status":"closed","template":"","meta":{"site-sidebar-layout":"default","site-content-layout":"","ast-site-content-layout":"default","site-content-style":"default","site-sidebar-style":"default","ast-global-header-display":"","ast-banner-title-visibility":"","ast-main-header-display":"","ast-hfb-above-header-display":"","ast-hfb-below-header-display":"","ast-hfb-mobile-header-display":"","site-post-title":"","ast-breadcrumbs-content":"","ast-featured-img":"","footer-sml-layout":"","theme-transparent-header-meta":"default","adv-header-id-meta":"","stick-header-meta":"","header-above-stick-meta":"","header-main-stick-meta":"","header-below-stick-meta":"","astra-migrate-meta-layouts":"set","ast-page-background-enabled":"default","ast-page-background-meta":{"desktop":{"background-color":"var(--ast-global-color-4)","background-image":"","background-repeat":"repeat","background-position":"center center","background-size":"auto","background-attachment":"scroll","background-type":"","background-media":"","overlay-type":"","overlay-color":"","overlay-opacity":"","overlay-gradient":""},"tablet":{"background-color":"","background-image":"","background-repeat":"repeat","background-position":"center center","background-size":"auto","background-attachment":"scroll","background-type":"","background-media":"","overlay-type":"","overlay-color":"","overlay-opacity":"","overlay-gradient":""},"mobile":{"background-color":"","background-image":"","background-repeat":"repeat","background-position":"center center","background-size":"auto","background-attachment":"scroll","background-type":"","background-media":"","overlay-type":"","overlay-color":"","overlay-opacity":"","overlay-gradient":""}},"ast-content-background-meta":{"desktop":{"background-color":"var(--ast-global-color-5)","background-image":"","background-repeat":"repeat","background-position":"center center","background-size":"auto","background-attachment":"scroll","background-type":"","background-media":"","overlay-type":"","overlay-color":"","overlay-opacity":"","overlay-gradient":""},"tablet":{"background-color":"var(--ast-global-color-5)","background-image":"","background-repeat":"repeat","background-position":"center center","background-size":"auto","background-attachment":"scroll","background-type":"","background-media":"","overlay-type":"","overlay-color":"","overlay-opacity":"","overlay-gradient":""},"mobile":{"background-color":"var(--ast-global-color-5)","background-image":"","background-repeat":"repeat","background-position":"center center","background-size":"auto","background-attachment":"scroll","background-type":"","background-media":"","overlay-type":"","overlay-color":"","overlay-opacity":"","overlay-gradient":""}}},"product_brand":[],"product_cat":[992],"product_tag":[],"class_list":{"0":"post-16121","1":"product","2":"type-product","3":"status-publish","4":"has-post-thumbnail","6":"product_cat-skjonnhets-og-hygieneprodukter","7":"pa_36272_8rggq9gy-brun","8":"pa_36272_8rggq9gy-svart","9":"desktop-align-left","10":"tablet-align-left","11":"mobile-align-left","13":"first","14":"instock","15":"shipping-taxable","16":"purchasable","17":"product-type-variable"},"_links":{"self":[{"href":"https:\/\/keluvo.com\/no\/wp-json\/wp\/v2\/product\/16121","targetHints":{"allow":["GET"]}}],"collection":[{"href":"https:\/\/keluvo.com\/no\/wp-json\/wp\/v2\/product"}],"about":[{"href":"https:\/\/keluvo.com\/no\/wp-json\/wp\/v2\/types\/product"}],"replies":[{"embeddable":true,"href":"https:\/\/keluvo.com\/no\/wp-json\/wp\/v2\/comments?post=16121"}],"wp:featuredmedia":[{"embeddable":true,"href":"https:\/\/keluvo.com\/no\/wp-json\/wp\/v2\/media\/16117"}],"wp:attachment":[{"href":"https:\/\/keluvo.com\/no\/wp-json\/wp\/v2\/media?parent=16121"}],"wp:term":[{"taxonomy":"product_brand","embeddable":true,"href":"https:\/\/keluvo.com\/no\/wp-json\/wp\/v2\/product_brand?post=16121"},{"taxonomy":"product_cat","embeddable":true,"href":"https:\/\/keluvo.com\/no\/wp-json\/wp\/v2\/product_cat?post=16121"},{"taxonomy":"product_tag","embeddable":true,"href":"https:\/\/keluvo.com\/no\/wp-json\/wp\/v2\/product_tag?post=16121"}],"curies":[{"name":"wp","href":"https:\/\/api.w.org\/{rel}","templated":true}]}}