{"id":16083,"date":"2025-05-01T10:02:31","date_gmt":"2025-05-01T08:02:31","guid":{"rendered":"https:\/\/keluvo.com\/no\/produkt\/magisk-leppestift-som-endrer-farge\/"},"modified":"2025-05-01T10:02:37","modified_gmt":"2025-05-01T08:02:37","slug":"magisk-leppestift-som-endrer-farge","status":"publish","type":"product","link":"https:\/\/keluvo.com\/no\/produkt\/magisk-leppestift-som-endrer-farge\/","title":{"rendered":"Magisk leppestift som endrer farge"},"content":{"rendered":"<h2 style=\"text-align: center\">Glans med myke, vakre lepper hele dagen<\/h2>\n<p style=\"text-align: center\"><span style=\"font-weight: 400\">Denne unike leppestiften endrer farge i takt med kroppstemperaturen. Den holder leppene fuktige, glatte og gl\u00f8dende p\u00e5 en naturlig m\u00e5te &#8211; alt i et vakkert gel\u00e9blomstdesign!<\/span><\/p>\n<h2 style=\"text-align: center\"><img decoding=\"async\" class=\"size-full wp-image-16139 aligncenter\" src=\"https:\/\/keluvo.com\/template\/wp-content\/uploads\/sites\/5\/2025\/04\/OeFVDquMufXi97ldNgNw-Trim-ezgif.com-video-to-webp-converter.webp\" alt=\"\" \/><br \/>\nHovedfordeler<\/h2>\n<ul>\n<li><b>Skifter farge med leppene dine<\/b><span style=\"font-weight: 400\"> \u2013 Gir deg en unik, naturlig nyanse hver gang<\/span><span style=\"font-weight: 400\"><br \/>\n<\/span><b><\/b><\/li>\n<li><b>Fuktighetsgivende i timevis<\/b><span style=\"font-weight: 400\"> \u2013 Holder leppene myke og fuktige hele dagen<\/span><span style=\"font-weight: 400\"><br \/>\n<\/span><b><\/b><\/li>\n<li><b>Ligner en blomst i glass<\/b><span style=\"font-weight: 400\"> \u2013 Klar gel\u00e9 med ekte blomst inni<\/span><span style=\"font-weight: 400\"><br \/>\n<\/span><b><\/b><\/li>\n<li><b>Gir en myk, blank glans<\/b><span style=\"font-weight: 400\"> \u2013 For et friskt og gl\u00f8dende utseende<\/span><span style=\"font-weight: 400\"><br \/>\n<\/span><b><\/b><\/li>\n<li><b>Perfekt til enhver look<\/b><span style=\"font-weight: 400\"> \u2013 Passer perfekt til dag- eller kveldssminke<\/span><\/li>\n<\/ul>\n<h2 style=\"text-align: center\"><img decoding=\"async\" class=\"size-full wp-image-16140 aligncenter\" src=\"https:\/\/keluvo.com\/template\/wp-content\/uploads\/sites\/5\/2025\/04\/main-image-2-24.jpeg\" alt=\"\" \/><br \/>\nHovedtilbud<\/h2>\n<p style=\"text-align: center\"><span style=\"font-weight: 400\">Dette er ikke bare en leppestift &#8211; det er en skj\u00f8nnhetsopplevelse! Med sin krystallklare gel\u00e9base og ekte blomst p\u00e5 innsiden gir denne leppestiften leppene dine en tilpasset farge samtidig som den holder dem sunne og myke. Enten det er til deg selv eller som gave, er den en showstopper som h\u00f8rer hjemme i enhver sminkeveske.<\/span><\/p>\n<h2 style=\"text-align: center\"><img decoding=\"async\" class=\"size-full wp-image-16141 aligncenter\" src=\"https:\/\/keluvo.com\/template\/wp-content\/uploads\/sites\/5\/2025\/04\/76cbde49-5bad-48a1-b57d-868b135e2200-1.webp-1.webp\" alt=\"\" \/><br \/>\nHvordan bruke<\/h2>\n<ol>\n<li style=\"font-weight: 400\"><span style=\"font-weight: 400\">\u00c5pne leppestifthetten<\/span><span style=\"font-weight: 400\"><br \/>\n<\/span><\/li>\n<li style=\"font-weight: 400\"><span style=\"font-weight: 400\">P\u00e5f\u00f8r direkte p\u00e5 leppene<\/span><span style=\"font-weight: 400\"><br \/>\n<\/span><\/li>\n<li style=\"font-weight: 400\"><span style=\"font-weight: 400\">Se fargen endre seg for \u00e5 matche din naturlige tone<\/span><span style=\"font-weight: 400\"><br \/>\n<\/span><\/li>\n<li style=\"font-weight: 400\"><span style=\"font-weight: 400\">P\u00e5f\u00f8r etter behov for fuktighet og glans<\/span><span style=\"font-weight: 400\"><br \/>\n<\/span><\/li>\n<\/ol>\n<p><img fetchpriority=\"high\" decoding=\"async\" class=\"size-full wp-image-16142 aligncenter\" src=\"https:\/\/keluvo.com\/template\/wp-content\/uploads\/sites\/5\/2025\/04\/919adefe-1c40-4aa7-9f8c-189bdbca7c4a.webp.jpg\" alt=\"\" width=\"1000\" height=\"1000\" \/><\/p>\n<h2 style=\"text-align: center\">Pakken inkluderer<\/h2>\n<p style=\"text-align: center\"><span style=\"font-weight: 400\">N\u00e5r du kj\u00f8per dette produktet, f\u00e5r du:<\/span><\/p>\n<ul>\n<li style=\"font-weight: 400\"><span style=\"font-weight: 400\">1 fargeendrende leppestift<\/span><span style=\"font-weight: 400\"><br \/>\n<\/span><\/li>\n<li style=\"font-weight: 400\"><span style=\"font-weight: 400\">Nettovekt: 3,2 g<\/span><span style=\"font-weight: 400\"><br \/>\n<\/span><\/li>\n<li style=\"font-weight: 400\"><span style=\"font-weight: 400\">St\u00f8rrelse: 2,2 x 2,2 x 7,7 cm.<\/span><\/li>\n<\/ul>\n","protected":false},"excerpt":{"rendered":"<p>Glans med myke, vakre lepper hele dagen Denne unike leppestiften endrer farge i takt med kroppstemperaturen. Den holder leppene fuktige, [&hellip;]<\/p>\n","protected":false},"featured_media":16080,"comment_status":"open","ping_status":"closed","template":"","meta":{"site-sidebar-layout":"default","site-content-layout":"","ast-site-content-layout":"default","site-content-style":"default","site-sidebar-style":"default","ast-global-header-display":"","ast-banner-title-visibility":"","ast-main-header-display":"","ast-hfb-above-header-display":"","ast-hfb-below-header-display":"","ast-hfb-mobile-header-display":"","site-post-title":"","ast-breadcrumbs-content":"","ast-featured-img":"","footer-sml-layout":"","theme-transparent-header-meta":"default","adv-header-id-meta":"","stick-header-meta":"","header-above-stick-meta":"","header-main-stick-meta":"","header-below-stick-meta":"","astra-migrate-meta-layouts":"set","ast-page-background-enabled":"default","ast-page-background-meta":{"desktop":{"background-color":"var(--ast-global-color-4)","background-image":"","background-repeat":"repeat","background-position":"center center","background-size":"auto","background-attachment":"scroll","background-type":"","background-media":"","overlay-type":"","overlay-color":"","overlay-opacity":"","overlay-gradient":""},"tablet":{"background-color":"","background-image":"","background-repeat":"repeat","background-position":"center center","background-size":"auto","background-attachment":"scroll","background-type":"","background-media":"","overlay-type":"","overlay-color":"","overlay-opacity":"","overlay-gradient":""},"mobile":{"background-color":"","background-image":"","background-repeat":"repeat","background-position":"center center","background-size":"auto","background-attachment":"scroll","background-type":"","background-media":"","overlay-type":"","overlay-color":"","overlay-opacity":"","overlay-gradient":""}},"ast-content-background-meta":{"desktop":{"background-color":"var(--ast-global-color-5)","background-image":"","background-repeat":"repeat","background-position":"center center","background-size":"auto","background-attachment":"scroll","background-type":"","background-media":"","overlay-type":"","overlay-color":"","overlay-opacity":"","overlay-gradient":""},"tablet":{"background-color":"var(--ast-global-color-5)","background-image":"","background-repeat":"repeat","background-position":"center center","background-size":"auto","background-attachment":"scroll","background-type":"","background-media":"","overlay-type":"","overlay-color":"","overlay-opacity":"","overlay-gradient":""},"mobile":{"background-color":"var(--ast-global-color-5)","background-image":"","background-repeat":"repeat","background-position":"center center","background-size":"auto","background-attachment":"scroll","background-type":"","background-media":"","overlay-type":"","overlay-color":"","overlay-opacity":"","overlay-gradient":""}}},"product_brand":[],"product_cat":[992],"product_tag":[],"class_list":{"0":"post-16083","1":"product","2":"type-product","3":"status-publish","4":"has-post-thumbnail","6":"product_cat-skjonnhets-og-hygieneprodukter","7":"pa_21678_ybat87aq-bla-rose","8":"pa_21678_ybat87aq-orange-rose","9":"pa_21678_ybat87aq-rod-rose","10":"desktop-align-left","11":"tablet-align-left","12":"mobile-align-left","14":"first","15":"instock","16":"shipping-taxable","17":"purchasable","18":"product-type-variable"},"_links":{"self":[{"href":"https:\/\/keluvo.com\/no\/wp-json\/wp\/v2\/product\/16083","targetHints":{"allow":["GET"]}}],"collection":[{"href":"https:\/\/keluvo.com\/no\/wp-json\/wp\/v2\/product"}],"about":[{"href":"https:\/\/keluvo.com\/no\/wp-json\/wp\/v2\/types\/product"}],"replies":[{"embeddable":true,"href":"https:\/\/keluvo.com\/no\/wp-json\/wp\/v2\/comments?post=16083"}],"wp:featuredmedia":[{"embeddable":true,"href":"https:\/\/keluvo.com\/no\/wp-json\/wp\/v2\/media\/16080"}],"wp:attachment":[{"href":"https:\/\/keluvo.com\/no\/wp-json\/wp\/v2\/media?parent=16083"}],"wp:term":[{"taxonomy":"product_brand","embeddable":true,"href":"https:\/\/keluvo.com\/no\/wp-json\/wp\/v2\/product_brand?post=16083"},{"taxonomy":"product_cat","embeddable":true,"href":"https:\/\/keluvo.com\/no\/wp-json\/wp\/v2\/product_cat?post=16083"},{"taxonomy":"product_tag","embeddable":true,"href":"https:\/\/keluvo.com\/no\/wp-json\/wp\/v2\/product_tag?post=16083"}],"curies":[{"name":"wp","href":"https:\/\/api.w.org\/{rel}","templated":true}]}}