{"id":16075,"date":"2025-05-01T10:01:51","date_gmt":"2025-05-01T08:01:51","guid":{"rendered":"https:\/\/keluvo.com\/no\/produkt\/flokerfri-ladekabel\/"},"modified":"2025-05-02T14:33:58","modified_gmt":"2025-05-02T12:33:58","slug":"flokerfri-ladekabel","status":"publish","type":"product","link":"https:\/\/keluvo.com\/no\/produkt\/flokerfri-ladekabel\/","title":{"rendered":"Flokerfri ladekabel"},"content":{"rendered":"<h2 style=\"text-align: center;\">Rask Str\u00f8m, Smidig F\u00f8lelse<\/h2>\n<p style=\"text-align: center;\"><span style=\"font-weight: 400;\">Denne ladekabelen er laget for \u00e5 vare, lade raskt og v\u00e6re smidig og enkel \u00e5 bruke. Ingen floker. Ingen brudd. Bare str\u00f8m n\u00e5r du trenger det.<\/span><\/p>\n<h2 style=\"text-align: center;\"><img decoding=\"async\" class=\"size-full wp-image-16124 aligncenter\" src=\"https:\/\/keluvo.com\/template\/wp-content\/uploads\/sites\/5\/2025\/04\/descTrim-ezgif.com-video-to-webp-converter.webp\" alt=\"\" \/><\/h2>\n<h2 style=\"text-align: center;\">Hovedfordeler<\/h2>\n<ul>\n<li><b>Supersterk<\/b><span style=\"font-weight: 400;\"> \u2013 B\u00f8yes over 20 000 ganger uten \u00e5 g\u00e5 i stykker<\/span><span style=\"font-weight: 400;\"><br \/>\n<\/span><b><\/b><\/li>\n<li><b>Hurtiglading<\/b><span style=\"font-weight: 400;\"> \u2013 Gir lynrask str\u00f8m til USB-C-enhetene dine (opptil 120 W)<\/span><span style=\"font-weight: 400;\"><br \/>\n<\/span><b><\/b><\/li>\n<li><b>Glatt og myk<\/b><span style=\"font-weight: 400;\"> \u2013 F\u00f8les deilig med den flytende silikonoverflaten<\/span><span style=\"font-weight: 400;\"><br \/>\n<\/span><b><\/b><\/li>\n<li><span style=\"font-weight: 400;\"><strong>Flokefri<\/strong> \u2013 Holder seg pen og ryddig med den medf\u00f8lgende l\u00e6rstroppen<\/span><span style=\"font-weight: 400;\"><br \/>\n<\/span><b><\/b><\/li>\n<li><b>Sikker og smart<\/b><span style=\"font-weight: 400;\"> \u2013 Innebygd chip beskytter enheten din mens du lader<\/span><span style=\"font-weight: 400;\"><br \/>\n<\/span><b><\/b><\/li>\n<li><b>Hurtig filoverf\u00f8ring<\/b><span style=\"font-weight: 400;\"> \u2013 Flytt data med opptil 480mbps<\/span><\/li>\n<\/ul>\n<h2 style=\"text-align: center;\"><img decoding=\"async\" class=\"size-full wp-image-16126 aligncenter\" src=\"https:\/\/keluvo.com\/template\/wp-content\/uploads\/sites\/5\/2025\/04\/af025dcb-f27a-4d6e-98c1-3010d1d9de90.webp.webp\" alt=\"\" \/><\/h2>\n<h2 style=\"text-align: center;\">H\u00f8yt Allsidig!<\/h2>\n<p style=\"text-align: center;\"><span style=\"font-weight: 400;\">Denne kabelen er laget for \u00e5 v\u00e6re din daglige ladekompis. Enten du er hjemme, p\u00e5 jobb eller p\u00e5 reise, lader den enhetene dine raskt og holder seg sterk. Slutt \u00e5 kj\u00f8pe nye kabler hele tiden &#8211; denne varer og fungerer bedre.<\/span><\/p>\n<h2 style=\"text-align: center;\">Pakken Inkluderer<\/h2>\n<ul>\n<li style=\"font-weight: 400;\"><span style=\"font-weight: 400;\">1 USB-C til USB-C-ladekabel (2 m)<\/span><span style=\"font-weight: 400;\"><br \/>\n<\/span><\/li>\n<li style=\"font-weight: 400;\"><span style=\"font-weight: 400;\">1 kabelomslag i l\u00e6r for enkel oppbevaring<\/span><span style=\"font-weight: 400;\"><br \/>\n<\/span><\/li>\n<\/ul>\n","protected":false},"excerpt":{"rendered":"<p>Rask Str\u00f8m, Smidig F\u00f8lelse Denne ladekabelen er laget for \u00e5 vare, lade raskt og v\u00e6re smidig og enkel \u00e5 bruke. [&hellip;]<\/p>\n","protected":false},"featured_media":16071,"comment_status":"open","ping_status":"closed","template":"","meta":{"site-sidebar-layout":"default","site-content-layout":"","ast-site-content-layout":"default","site-content-style":"default","site-sidebar-style":"default","ast-global-header-display":"","ast-banner-title-visibility":"","ast-main-header-display":"","ast-hfb-above-header-display":"","ast-hfb-below-header-display":"","ast-hfb-mobile-header-display":"","site-post-title":"","ast-breadcrumbs-content":"","ast-featured-img":"","footer-sml-layout":"","theme-transparent-header-meta":"default","adv-header-id-meta":"","stick-header-meta":"","header-above-stick-meta":"","header-main-stick-meta":"","header-below-stick-meta":"","astra-migrate-meta-layouts":"set","ast-page-background-enabled":"default","ast-page-background-meta":{"desktop":{"background-color":"var(--ast-global-color-4)","background-image":"","background-repeat":"repeat","background-position":"center center","background-size":"auto","background-attachment":"scroll","background-type":"","background-media":"","overlay-type":"","overlay-color":"","overlay-opacity":"","overlay-gradient":""},"tablet":{"background-color":"","background-image":"","background-repeat":"repeat","background-position":"center center","background-size":"auto","background-attachment":"scroll","background-type":"","background-media":"","overlay-type":"","overlay-color":"","overlay-opacity":"","overlay-gradient":""},"mobile":{"background-color":"","background-image":"","background-repeat":"repeat","background-position":"center center","background-size":"auto","background-attachment":"scroll","background-type":"","background-media":"","overlay-type":"","overlay-color":"","overlay-opacity":"","overlay-gradient":""}},"ast-content-background-meta":{"desktop":{"background-color":"var(--ast-global-color-5)","background-image":"","background-repeat":"repeat","background-position":"center center","background-size":"auto","background-attachment":"scroll","background-type":"","background-media":"","overlay-type":"","overlay-color":"","overlay-opacity":"","overlay-gradient":""},"tablet":{"background-color":"var(--ast-global-color-5)","background-image":"","background-repeat":"repeat","background-position":"center center","background-size":"auto","background-attachment":"scroll","background-type":"","background-media":"","overlay-type":"","overlay-color":"","overlay-opacity":"","overlay-gradient":""},"mobile":{"background-color":"var(--ast-global-color-5)","background-image":"","background-repeat":"repeat","background-position":"center center","background-size":"auto","background-attachment":"scroll","background-type":"","background-media":"","overlay-type":"","overlay-color":"","overlay-opacity":"","overlay-gradient":""}}},"product_brand":[],"product_cat":[1570],"product_tag":[],"class_list":{"0":"post-16075","1":"product","2":"type-product","3":"status-publish","4":"has-post-thumbnail","6":"product_cat-elektronikk","7":"pa_18378_99lrhp7q-bla","8":"pa_18378_99lrhp7q-oransje","9":"desktop-align-left","10":"tablet-align-left","11":"mobile-align-left","13":"first","14":"instock","15":"shipping-taxable","16":"purchasable","17":"product-type-variable"},"_links":{"self":[{"href":"https:\/\/keluvo.com\/no\/wp-json\/wp\/v2\/product\/16075","targetHints":{"allow":["GET"]}}],"collection":[{"href":"https:\/\/keluvo.com\/no\/wp-json\/wp\/v2\/product"}],"about":[{"href":"https:\/\/keluvo.com\/no\/wp-json\/wp\/v2\/types\/product"}],"replies":[{"embeddable":true,"href":"https:\/\/keluvo.com\/no\/wp-json\/wp\/v2\/comments?post=16075"}],"wp:featuredmedia":[{"embeddable":true,"href":"https:\/\/keluvo.com\/no\/wp-json\/wp\/v2\/media\/16071"}],"wp:attachment":[{"href":"https:\/\/keluvo.com\/no\/wp-json\/wp\/v2\/media?parent=16075"}],"wp:term":[{"taxonomy":"product_brand","embeddable":true,"href":"https:\/\/keluvo.com\/no\/wp-json\/wp\/v2\/product_brand?post=16075"},{"taxonomy":"product_cat","embeddable":true,"href":"https:\/\/keluvo.com\/no\/wp-json\/wp\/v2\/product_cat?post=16075"},{"taxonomy":"product_tag","embeddable":true,"href":"https:\/\/keluvo.com\/no\/wp-json\/wp\/v2\/product_tag?post=16075"}],"curies":[{"name":"wp","href":"https:\/\/api.w.org\/{rel}","templated":true}]}}