{"id":16055,"date":"2025-05-01T10:00:41","date_gmt":"2025-05-01T08:00:41","guid":{"rendered":"https:\/\/keluvo.com\/no\/produkt\/tetningsmasse-leire\/"},"modified":"2025-05-02T11:10:47","modified_gmt":"2025-05-02T09:10:47","slug":"tetningsmasse-leire","status":"publish","type":"product","link":"https:\/\/keluvo.com\/no\/produkt\/tetningsmasse-leire\/","title":{"rendered":"Tetningsmasse leire"},"content":{"rendered":"<h2 style=\"text-align: center;\"><strong>Den Raske L\u00f8sningen For Sm\u00e5 Lekkasjer Og Hull!<\/strong><span style=\"font-weight: 400;\"><br \/>\n<\/span><\/h2>\n<p style=\"text-align: center;\"><span style=\"font-weight: 400;\">Denne brukervennlige tetningsleiren blokkerer vann og luft p\u00e5 bare noen sekunder. Bare riv, elt og lim &#8211; s\u00e5 enkelt er det!<\/span><\/p>\n<p><img decoding=\"async\" class=\"size-full wp-image-16098 aligncenter\" src=\"https:\/\/keluvo.com\/template\/wp-content\/uploads\/sites\/5\/2025\/04\/20794a2e-b54b-4a7a-b6a4-334f0589be7b.gif.gif\" alt=\"\" \/><\/p>\n<h2><\/h2>\n<h2 style=\"text-align: center;\">Hovedfordeler<\/h2>\n<ul>\n<li><b>Tetter Raskt<\/b><span style=\"font-weight: 400;\"> \u2013 stopper lekkasjer med en gang<\/span><span style=\"font-weight: 400;\"><br \/>\n<\/span><b><\/b><\/li>\n<li><b>Vanntett Og Sterk<\/b><span style=\"font-weight: 400;\"> \u2013 perfekt for utend\u00f8rs bruk p\u00e5 fliser og r\u00f8r<\/span><span style=\"font-weight: 400;\"><br \/>\n<\/span><b><\/b><\/li>\n<li><b>B\u00f8yes Etter Behov<\/b><span style=\"font-weight: 400;\"> \u2013 formes etter enhver form eller \u00e5pning<\/span><span style=\"font-weight: 400;\"><br \/>\n<\/span><b><\/b><\/li>\n<li><b>Sikker \u00c5 Bruke<\/b><span style=\"font-weight: 400;\"> \u2013 laget av milj\u00f8vennlig, giftfri gummi<\/span><span style=\"font-weight: 400;\"><br \/>\n<\/span><b><\/b><\/li>\n<li><b>Ingen Verkt\u00f8y Trengs<\/b><span style=\"font-weight: 400;\"> \u2013 bare \u00e5pne, trykk og du er ferdig<\/span><\/li>\n<\/ul>\n<h2 style=\"text-align: center;\"><img decoding=\"async\" class=\"size-full wp-image-16103 aligncenter\" src=\"https:\/\/keluvo.com\/template\/wp-content\/uploads\/sites\/5\/2025\/04\/521b3b06-9907-4e22-b491-8d183cfdb1d6.webp.jpg\" alt=\"\" \/><br \/>\nHovedtilbud<\/h2>\n<p style=\"text-align: center;\">Denne kraftige tetningsmassen av leire er perfekt for raske reparasjoner i hjemmet. Har du et r\u00f8r som er lekk? Et hull i n\u00e6rheten av klimaanlegget? En sprekk rundt en ledning? Dette produktet tetter det. Det er superenkelt og klart til bruk rett ut av pakken. Perfekt for gj\u00f8r-det-selv-entusiaster og alle som \u00f8nsker et rent og t\u00f8rt hjem!<\/p>\n<h2 style=\"text-align: center;\"><img decoding=\"async\" class=\"size-full wp-image-16104 aligncenter\" src=\"https:\/\/keluvo.com\/template\/wp-content\/uploads\/sites\/5\/2025\/04\/28e0d602-7211-4785-ae50-1bb4784631fb.webp.jpg\" alt=\"\" \/><br \/>\nSlik Bruker Du Det<\/h2>\n<ol>\n<li style=\"font-weight: 400;\"><span style=\"font-weight: 400;\">\u00c5pne pakken<\/span><\/li>\n<li style=\"font-weight: 400;\"><span style=\"font-weight: 400;\">Ta ut leiren<\/span><\/li>\n<li style=\"font-weight: 400;\"><span style=\"font-weight: 400;\">Knekk den med hendene<\/span><\/li>\n<li style=\"font-weight: 400;\"><span style=\"font-weight: 400;\">Trykk den inn i hullet eller sprekken<\/span><\/li>\n<\/ol>\n<p style=\"text-align: center;\"><span style=\"font-weight: 400;\">Klar! Den sitter godt fast og tetter godt<\/span><span style=\"font-weight: 400;\"><br \/>\n<\/span><\/p>\n<h2 style=\"text-align: center;\">Pakken Inneholder<b><\/b><\/h2>\n<ul>\n<li style=\"font-weight: 400;\">1, 2 eller 4 stykker hvit pakningsleire i gummi.<\/li>\n<\/ul>\n","protected":false},"excerpt":{"rendered":"<p>Den Raske L\u00f8sningen For Sm\u00e5 Lekkasjer Og Hull! Denne brukervennlige tetningsleiren blokkerer vann og luft p\u00e5 bare noen sekunder. Bare [&hellip;]<\/p>\n","protected":false},"featured_media":16051,"comment_status":"open","ping_status":"closed","template":"","meta":{"site-sidebar-layout":"default","site-content-layout":"","ast-site-content-layout":"default","site-content-style":"default","site-sidebar-style":"default","ast-global-header-display":"","ast-banner-title-visibility":"","ast-main-header-display":"","ast-hfb-above-header-display":"","ast-hfb-below-header-display":"","ast-hfb-mobile-header-display":"","site-post-title":"","ast-breadcrumbs-content":"","ast-featured-img":"","footer-sml-layout":"","theme-transparent-header-meta":"default","adv-header-id-meta":"","stick-header-meta":"","header-above-stick-meta":"","header-main-stick-meta":"","header-below-stick-meta":"","astra-migrate-meta-layouts":"set","ast-page-background-enabled":"default","ast-page-background-meta":{"desktop":{"background-color":"var(--ast-global-color-4)","background-image":"","background-repeat":"repeat","background-position":"center center","background-size":"auto","background-attachment":"scroll","background-type":"","background-media":"","overlay-type":"","overlay-color":"","overlay-opacity":"","overlay-gradient":""},"tablet":{"background-color":"","background-image":"","background-repeat":"repeat","background-position":"center center","background-size":"auto","background-attachment":"scroll","background-type":"","background-media":"","overlay-type":"","overlay-color":"","overlay-opacity":"","overlay-gradient":""},"mobile":{"background-color":"","background-image":"","background-repeat":"repeat","background-position":"center center","background-size":"auto","background-attachment":"scroll","background-type":"","background-media":"","overlay-type":"","overlay-color":"","overlay-opacity":"","overlay-gradient":""}},"ast-content-background-meta":{"desktop":{"background-color":"var(--ast-global-color-5)","background-image":"","background-repeat":"repeat","background-position":"center center","background-size":"auto","background-attachment":"scroll","background-type":"","background-media":"","overlay-type":"","overlay-color":"","overlay-opacity":"","overlay-gradient":""},"tablet":{"background-color":"var(--ast-global-color-5)","background-image":"","background-repeat":"repeat","background-position":"center center","background-size":"auto","background-attachment":"scroll","background-type":"","background-media":"","overlay-type":"","overlay-color":"","overlay-opacity":"","overlay-gradient":""},"mobile":{"background-color":"var(--ast-global-color-5)","background-image":"","background-repeat":"repeat","background-position":"center center","background-size":"auto","background-attachment":"scroll","background-type":"","background-media":"","overlay-type":"","overlay-color":"","overlay-opacity":"","overlay-gradient":""}}},"product_brand":[],"product_cat":[1001],"product_tag":[],"class_list":{"0":"post-16055","1":"product","2":"type-product","3":"status-publish","4":"has-post-thumbnail","6":"product_cat-husholdningsartikler","7":"pa_17932_s2s7e75o-1-stk","8":"pa_17932_s2s7e75o-2-stk","9":"pa_17932_s2s7e75o-4-stk","10":"desktop-align-left","11":"tablet-align-left","12":"mobile-align-left","14":"first","15":"instock","16":"shipping-taxable","17":"purchasable","18":"product-type-variable"},"_links":{"self":[{"href":"https:\/\/keluvo.com\/no\/wp-json\/wp\/v2\/product\/16055","targetHints":{"allow":["GET"]}}],"collection":[{"href":"https:\/\/keluvo.com\/no\/wp-json\/wp\/v2\/product"}],"about":[{"href":"https:\/\/keluvo.com\/no\/wp-json\/wp\/v2\/types\/product"}],"replies":[{"embeddable":true,"href":"https:\/\/keluvo.com\/no\/wp-json\/wp\/v2\/comments?post=16055"}],"wp:featuredmedia":[{"embeddable":true,"href":"https:\/\/keluvo.com\/no\/wp-json\/wp\/v2\/media\/16051"}],"wp:attachment":[{"href":"https:\/\/keluvo.com\/no\/wp-json\/wp\/v2\/media?parent=16055"}],"wp:term":[{"taxonomy":"product_brand","embeddable":true,"href":"https:\/\/keluvo.com\/no\/wp-json\/wp\/v2\/product_brand?post=16055"},{"taxonomy":"product_cat","embeddable":true,"href":"https:\/\/keluvo.com\/no\/wp-json\/wp\/v2\/product_cat?post=16055"},{"taxonomy":"product_tag","embeddable":true,"href":"https:\/\/keluvo.com\/no\/wp-json\/wp\/v2\/product_tag?post=16055"}],"curies":[{"name":"wp","href":"https:\/\/api.w.org\/{rel}","templated":true}]}}