{"id":15903,"date":"2025-04-28T16:31:36","date_gmt":"2025-04-28T14:31:36","guid":{"rendered":"https:\/\/keluvo.com\/no\/produkt\/tannblekingspenn\/"},"modified":"2025-09-22T18:53:49","modified_gmt":"2025-09-22T15:53:49","slug":"tannblekingspenn","status":"publish","type":"product","link":"https:\/\/keluvo.com\/no\/produkt\/tannblekingspenn\/","title":{"rendered":"Tannblekingspenn"},"content":{"rendered":"<p style=\"text-align: center;\"><strong>\ud83d\ude01 Gj\u00f8r smilet ditt lysere &#8211; med tannblekingspennen! \ud83e\uddb7<\/strong><\/p>\n<p style=\"text-align: center;\"><span style=\"font-weight: 400;\">Denne kraftige blekepennen fjerner \u00e5r med flekker fra kaffe, te, vin og mer. F\u00e5 et friskt, lyst smil uten \u00e5 bruke en formue hos tannlegen!<\/span><\/p>\n<p><img fetchpriority=\"high\" decoding=\"async\" width=\"500\" height=\"500\" class=\"size-full wp-image-15965 aligncenter\" src=\"https:\/\/keluvo.com\/no\/wp-content\/uploads\/sites\/10\/2025\/04\/teethpen1-ezgif.com-video-to-webp-converter.webp\" alt=\"\" srcset=\"https:\/\/keluvo.com\/no\/wp-content\/uploads\/sites\/10\/2025\/04\/teethpen1-ezgif.com-video-to-webp-converter.webp 500w, https:\/\/keluvo.com\/no\/wp-content\/uploads\/sites\/10\/2025\/04\/teethpen1-ezgif.com-video-to-webp-converter-300x300.webp 300w\" sizes=\"(max-width: 500px) 100vw, 500px\" \/><\/p>\n<h2 style=\"text-align: center;\">Hovedfordeler<\/h2>\n<p><b><\/b><span style=\"font-weight: 400;\"> \u2705 <\/span><b>Fjerner mange \u00e5rs flekker<\/b><span style=\"font-weight: 400;\"> &#8211; Bekjemper misfarging fra hverdagsmat og drikke<\/span><\/p>\n<p>\u2705 <strong>Naturlige ingredienser<\/strong> &#8211; peppermynte, sorbitol, vitamin E<\/p>\n<p><span style=\"font-weight: 400;\"> \u2705 <\/span><b>Raske resultater hjemme<\/b><span style=\"font-weight: 400;\"> &#8211; Ingen tannlegebes\u00f8k n\u00f8dvendig<\/span><\/p>\n<p><span style=\"font-weight: 400;\"> \u2705 <\/span><b>Enkel p\u00e5f\u00f8ring med pensel<\/b><span style=\"font-weight: 400;\"> &#8211; N\u00e5r hvert hj\u00f8rne av tennene dine<\/span><\/p>\n<p><span style=\"font-weight: 400;\"> \u2705 <\/span><b>Trygt og sk\u00e5nsomt<\/b><span style=\"font-weight: 400;\"> &#8211; Bleker uten \u00e5 skade tannkj\u00f8tt eller tenner<\/span><\/p>\n<p><span style=\"font-weight: 400;\"> \u2705 <\/span><b>Frisk myntesmak<\/b><span style=\"font-weight: 400;\"> &#8211; Holder munnen ren og frisk<\/span><\/p>\n<p><img decoding=\"async\" width=\"500\" height=\"500\" class=\"size-full wp-image-15964 aligncenter\" src=\"https:\/\/keluvo.com\/no\/wp-content\/uploads\/sites\/10\/2025\/04\/teethpen2-ezgif.com-video-to-webp-converter.webp\" alt=\"\" srcset=\"https:\/\/keluvo.com\/no\/wp-content\/uploads\/sites\/10\/2025\/04\/teethpen2-ezgif.com-video-to-webp-converter.webp 500w, https:\/\/keluvo.com\/no\/wp-content\/uploads\/sites\/10\/2025\/04\/teethpen2-ezgif.com-video-to-webp-converter-300x300.webp 300w\" sizes=\"(max-width: 500px) 100vw, 500px\" \/><\/p>\n<h2 style=\"text-align: center;\">Enkel og rimelig<\/h2>\n<p style=\"text-align: center;\"><span style=\"font-weight: 400;\">Denne blekepennen gir deg en rask og rimelig m\u00e5te \u00e5 f\u00e5 et lysere smil p\u00e5. Den er designet med en vridbar b\u00f8rste for enkel og presis bruk, og er perfekt for travle voksne som \u00f8nsker profesjonelle resultater hjemme. Sikker, enkel og reisevennlig &#8211; det er din nye smilhemmelighet!<\/span><\/p>\n<p><img decoding=\"async\" class=\"size-full wp-image-15901 aligncenter\" src=\"https:\/\/keluvo.com\/template\/wp-content\/uploads\/sites\/5\/2025\/04\/main-image-3-23.jpeg\" alt=\"\" \/><\/p>\n<h2 style=\"text-align: center;\">Slik bruker du<\/h2>\n<ol>\n<li style=\"font-weight: 400;\"><span style=\"font-weight: 400;\">B\u00f8rst tennene og bruk tanntr\u00e5d<\/span><\/li>\n<li style=\"font-weight: 400;\"><span style=\"font-weight: 400;\">T\u00f8rk tennene med et papirh\u00e5ndkle<\/span><\/li>\n<li style=\"font-weight: 400;\"><span style=\"font-weight: 400;\">Vri bunnen av pennen til det kommer gel p\u00e5 b\u00f8rsten<\/span><\/li>\n<li style=\"font-weight: 400;\"><span style=\"font-weight: 400;\">P\u00e5f\u00f8r et tynt lag med gel p\u00e5 hver tann (unng\u00e5 tannkj\u00f8ttet)<\/span><\/li>\n<li style=\"font-weight: 400;\"><span style=\"font-weight: 400;\">Slapp av i leppene etter 30 sekunder<\/span><\/li>\n<li style=\"font-weight: 400;\"><span style=\"font-weight: 400;\">Unng\u00e5 \u00e5 spise eller drikke i 30 minutter<\/span><\/li>\n<li style=\"font-weight: 400;\"><span style=\"font-weight: 400;\">Bruk to ganger daglig til du har oppn\u00e5dd \u00f8nsket hvithet<\/span><\/li>\n<\/ol>\n<h2 style=\"text-align: center;\">Pakken inneholder<b><\/b><\/h2>\n<ul>\n<li style=\"font-weight: 400;\"><span style=\"font-weight: 400;\">1\/2\/4 tannblekingspenner (avhengig av valg)<\/span><\/li>\n<li style=\"font-weight: 400;\"><span style=\"font-weight: 400;\">Hver eske inneholder en 3 g blekepenn<\/span><\/li>\n<li style=\"font-weight: 400;\"><span style=\"font-weight: 400;\">Frisk gel med mintsmak<\/span><\/li>\n<\/ul>\n","protected":false},"excerpt":{"rendered":"<p>\ud83d\ude01 Gj\u00f8r smilet ditt lysere &#8211; med tannblekingspennen! \ud83e\uddb7 Denne kraftige blekepennen fjerner \u00e5r med flekker fra kaffe, te, vin [&hellip;]<\/p>\n","protected":false},"featured_media":15900,"comment_status":"open","ping_status":"closed","template":"","meta":{"site-sidebar-layout":"default","site-content-layout":"","ast-site-content-layout":"default","site-content-style":"default","site-sidebar-style":"default","ast-global-header-display":"","ast-banner-title-visibility":"","ast-main-header-display":"","ast-hfb-above-header-display":"","ast-hfb-below-header-display":"","ast-hfb-mobile-header-display":"","site-post-title":"","ast-breadcrumbs-content":"","ast-featured-img":"","footer-sml-layout":"","theme-transparent-header-meta":"default","adv-header-id-meta":"","stick-header-meta":"","header-above-stick-meta":"","header-main-stick-meta":"","header-below-stick-meta":"","astra-migrate-meta-layouts":"set","ast-page-background-enabled":"default","ast-page-background-meta":{"desktop":{"background-color":"var(--ast-global-color-4)","background-image":"","background-repeat":"repeat","background-position":"center center","background-size":"auto","background-attachment":"scroll","background-type":"","background-media":"","overlay-type":"","overlay-color":"","overlay-opacity":"","overlay-gradient":""},"tablet":{"background-color":"","background-image":"","background-repeat":"repeat","background-position":"center center","background-size":"auto","background-attachment":"scroll","background-type":"","background-media":"","overlay-type":"","overlay-color":"","overlay-opacity":"","overlay-gradient":""},"mobile":{"background-color":"","background-image":"","background-repeat":"repeat","background-position":"center center","background-size":"auto","background-attachment":"scroll","background-type":"","background-media":"","overlay-type":"","overlay-color":"","overlay-opacity":"","overlay-gradient":""}},"ast-content-background-meta":{"desktop":{"background-color":"var(--ast-global-color-5)","background-image":"","background-repeat":"repeat","background-position":"center center","background-size":"auto","background-attachment":"scroll","background-type":"","background-media":"","overlay-type":"","overlay-color":"","overlay-opacity":"","overlay-gradient":""},"tablet":{"background-color":"var(--ast-global-color-5)","background-image":"","background-repeat":"repeat","background-position":"center center","background-size":"auto","background-attachment":"scroll","background-type":"","background-media":"","overlay-type":"","overlay-color":"","overlay-opacity":"","overlay-gradient":""},"mobile":{"background-color":"var(--ast-global-color-5)","background-image":"","background-repeat":"repeat","background-position":"center center","background-size":"auto","background-attachment":"scroll","background-type":"","background-media":"","overlay-type":"","overlay-color":"","overlay-opacity":"","overlay-gradient":""}}},"product_brand":[],"product_cat":[992],"product_tag":[],"class_list":{"0":"post-15903","1":"product","2":"type-product","3":"status-publish","4":"has-post-thumbnail","6":"product_cat-skjonnhets-og-hygieneprodukter","7":"pa_48089_2g8l6wmo-1-stk","8":"pa_48089_2g8l6wmo-2-stk","9":"pa_48089_2g8l6wmo-4-stk","10":"desktop-align-left","11":"tablet-align-left","12":"mobile-align-left","14":"first","15":"instock","16":"shipping-taxable","17":"purchasable","18":"product-type-variable"},"_links":{"self":[{"href":"https:\/\/keluvo.com\/no\/wp-json\/wp\/v2\/product\/15903","targetHints":{"allow":["GET"]}}],"collection":[{"href":"https:\/\/keluvo.com\/no\/wp-json\/wp\/v2\/product"}],"about":[{"href":"https:\/\/keluvo.com\/no\/wp-json\/wp\/v2\/types\/product"}],"replies":[{"embeddable":true,"href":"https:\/\/keluvo.com\/no\/wp-json\/wp\/v2\/comments?post=15903"}],"wp:featuredmedia":[{"embeddable":true,"href":"https:\/\/keluvo.com\/no\/wp-json\/wp\/v2\/media\/15900"}],"wp:attachment":[{"href":"https:\/\/keluvo.com\/no\/wp-json\/wp\/v2\/media?parent=15903"}],"wp:term":[{"taxonomy":"product_brand","embeddable":true,"href":"https:\/\/keluvo.com\/no\/wp-json\/wp\/v2\/product_brand?post=15903"},{"taxonomy":"product_cat","embeddable":true,"href":"https:\/\/keluvo.com\/no\/wp-json\/wp\/v2\/product_cat?post=15903"},{"taxonomy":"product_tag","embeddable":true,"href":"https:\/\/keluvo.com\/no\/wp-json\/wp\/v2\/product_tag?post=15903"}],"curies":[{"name":"wp","href":"https:\/\/api.w.org\/{rel}","templated":true}]}}