{"id":15722,"date":"2025-04-25T14:54:43","date_gmt":"2025-04-25T12:54:43","guid":{"rendered":"https:\/\/keluvo.com\/no\/produkt\/dinosaur-sprettert-leketoy-10-stk\/"},"modified":"2025-04-25T14:54:43","modified_gmt":"2025-04-25T12:54:43","slug":"dinosaur-sprettert-leketoy-10-stk","status":"publish","type":"product","link":"https:\/\/keluvo.com\/no\/produkt\/dinosaur-sprettert-leketoy-10-stk\/","title":{"rendered":"Dinosaur sprettert leket\u00f8y (10 stk)"},"content":{"rendered":"<h2 style=\"text-align: center\"><strong>T\u00f8yelig, T\u00e5pelig, Og S\u00e5 G\u00f8yal<\/strong><span style=\"font-weight: 400\"><br \/>\n<\/span><\/h2>\n<p style=\"text-align: center\">Disse minidinosaurene strekker seg, klemmer og flyr gjennom luften med bare en fingerbevegelse! Flott for barn, fester og morsomme pauser n\u00e5r som helst.<\/p>\n<p><img fetchpriority=\"high\" decoding=\"async\" class=\"size-full wp-image-15844 aligncenter\" src=\"https:\/\/keluvo.com\/template\/wp-content\/uploads\/sites\/5\/2025\/04\/desc-Trim-ezgif.com-video-to-webp-converter-1.webp\" alt=\"\" width=\"720\" height=\"1280\" \/><\/p>\n<h2><\/h2>\n<h2 style=\"text-align: center\"><b>Hovedfordeler<\/b><\/h2>\n<ul>\n<li><b>Superelastisk &amp; myk<\/b><span style=\"font-weight: 400\"> \u2013 laget av myk gummi som er morsom \u00e5 knipse<\/span><span style=\"font-weight: 400\"><br \/>\n<\/span><b><\/b><\/li>\n<li><b>Sikker &amp; gjenbrukbar<\/b><span style=\"font-weight: 400\"> \u2013 vaskbart TPR-materiale, lett \u00e5 rengj\u00f8re og bruke igjen<\/span><span style=\"font-weight: 400\"><br \/>\n<\/span><b><\/b><\/li>\n<li><b>Enkel \u00e5 leke<\/b><span style=\"font-weight: 400\"> \u2013 bare trekk, sikt og slipp! Se dinoen din fly<\/span><span style=\"font-weight: 400\"><br \/>\n<\/span><b><\/b><\/li>\n<li><b>Stressavlastning<\/b><span style=\"font-weight: 400\"> \u2013 flott som en fidget-leke for barn og voksne<\/span><span style=\"font-weight: 400\"><br \/>\n<\/span><b><\/b><\/li>\n<li><b>Perfekt til fest<\/b><span style=\"font-weight: 400\"> \u2013 stor hit i bursdager, skolearrangementer og ferier<\/span><\/li>\n<\/ul>\n<p><img decoding=\"async\" class=\"size-full wp-image-15845 aligncenter\" src=\"https:\/\/keluvo.com\/template\/wp-content\/uploads\/sites\/5\/2025\/04\/10f23d14-50fc-4938-b69e-1edaa8a57307.webp\" alt=\"\" width=\"800\" height=\"800\" \/><\/p>\n<h2><\/h2>\n<h2><\/h2>\n<h2 style=\"text-align: center\"><strong>Perfekt For Alle Barn<\/strong><\/h2>\n<p style=\"text-align: center\"><span style=\"font-weight: 400\">Denne pakken med 10 flygende dinosaurspretterter er perfekt for moro p\u00e5 farten. Enten det er en fest, en premie i klasserommet eller bare en t\u00e5pelig lek hjemme, vil disse dinosaurene f\u00e5 alle til \u00e5 le. De er enkle \u00e5 bruke, trygge for alle aldre (3+) og fulle av t\u00e5pelig moro!<\/span><\/p>\n<h2><img decoding=\"async\" class=\"size-full wp-image-15846 aligncenter\" src=\"https:\/\/keluvo.com\/template\/wp-content\/uploads\/sites\/5\/2025\/04\/57c4855d-0082-4c54-ba0d-bea72d40079c.webp\" alt=\"\" \/><\/h2>\n<h2><\/h2>\n<h2 style=\"text-align: center\"><b>Slik bruker du dem<\/b><\/h2>\n<ol>\n<li style=\"font-weight: 400\"><span style=\"font-weight: 400\">Stikk fingeren gjennom hullet under dinoens hode<\/span><span style=\"font-weight: 400\"><br \/>\n<\/span><\/li>\n<li style=\"font-weight: 400\"><span style=\"font-weight: 400\">Trekk halen bakover med den andre h\u00e5nden<\/span><span style=\"font-weight: 400\"><br \/>\n<\/span><\/li>\n<li style=\"font-weight: 400\"><span style=\"font-weight: 400\">Sikt p\u00e5 m\u00e5let<\/span><span style=\"font-weight: 400\"><br \/>\n<\/span><\/li>\n<li style=\"font-weight: 400\"><span style=\"font-weight: 400\">Slipp og se den fly!<\/span><span style=\"font-weight: 400\"><br \/>\n<\/span><\/li>\n<\/ol>\n<p><img decoding=\"async\" class=\"size-full wp-image-15848 aligncenter\" src=\"https:\/\/keluvo.com\/template\/wp-content\/uploads\/sites\/5\/2025\/04\/variant-image-2-18.jpeg\" alt=\"\" width=\"1000\" height=\"1000\" \/><\/p>\n<h2><\/h2>\n<h2 style=\"text-align: center\"><b>Pakken inneholder<\/b><\/h2>\n<ul>\n<li style=\"font-weight: 400\"><span style=\"font-weight: 400\">10 dinosaurspretterter<\/span><span style=\"font-weight: 400\"><br \/>\n<\/span><\/li>\n<li style=\"font-weight: 400\"><span style=\"font-weight: 400\">Leveres i en festvennlig pakke<\/span><\/li>\n<\/ul>\n<p>&nbsp;<\/p>\n","protected":false},"excerpt":{"rendered":"<p>T\u00f8yelig, T\u00e5pelig, Og S\u00e5 G\u00f8yal Disse minidinosaurene strekker seg, klemmer og flyr gjennom luften med bare en fingerbevegelse! Flott for [&hellip;]<\/p>\n","protected":false},"featured_media":15718,"comment_status":"open","ping_status":"closed","template":"","meta":{"site-sidebar-layout":"default","site-content-layout":"","ast-site-content-layout":"default","site-content-style":"default","site-sidebar-style":"default","ast-global-header-display":"","ast-banner-title-visibility":"","ast-main-header-display":"","ast-hfb-above-header-display":"","ast-hfb-below-header-display":"","ast-hfb-mobile-header-display":"","site-post-title":"","ast-breadcrumbs-content":"","ast-featured-img":"","footer-sml-layout":"","theme-transparent-header-meta":"default","adv-header-id-meta":"","stick-header-meta":"","header-above-stick-meta":"","header-main-stick-meta":"","header-below-stick-meta":"","astra-migrate-meta-layouts":"set","ast-page-background-enabled":"default","ast-page-background-meta":{"desktop":{"background-color":"var(--ast-global-color-4)","background-image":"","background-repeat":"repeat","background-position":"center center","background-size":"auto","background-attachment":"scroll","background-type":"","background-media":"","overlay-type":"","overlay-color":"","overlay-opacity":"","overlay-gradient":""},"tablet":{"background-color":"","background-image":"","background-repeat":"repeat","background-position":"center center","background-size":"auto","background-attachment":"scroll","background-type":"","background-media":"","overlay-type":"","overlay-color":"","overlay-opacity":"","overlay-gradient":""},"mobile":{"background-color":"","background-image":"","background-repeat":"repeat","background-position":"center center","background-size":"auto","background-attachment":"scroll","background-type":"","background-media":"","overlay-type":"","overlay-color":"","overlay-opacity":"","overlay-gradient":""}},"ast-content-background-meta":{"desktop":{"background-color":"var(--ast-global-color-5)","background-image":"","background-repeat":"repeat","background-position":"center center","background-size":"auto","background-attachment":"scroll","background-type":"","background-media":"","overlay-type":"","overlay-color":"","overlay-opacity":"","overlay-gradient":""},"tablet":{"background-color":"var(--ast-global-color-5)","background-image":"","background-repeat":"repeat","background-position":"center center","background-size":"auto","background-attachment":"scroll","background-type":"","background-media":"","overlay-type":"","overlay-color":"","overlay-opacity":"","overlay-gradient":""},"mobile":{"background-color":"var(--ast-global-color-5)","background-image":"","background-repeat":"repeat","background-position":"center center","background-size":"auto","background-attachment":"scroll","background-type":"","background-media":"","overlay-type":"","overlay-color":"","overlay-opacity":"","overlay-gradient":""}}},"product_brand":[],"product_cat":[990],"product_tag":[],"class_list":{"0":"post-15722","1":"product","2":"type-product","3":"status-publish","4":"has-post-thumbnail","6":"product_cat-leker-barne-og-babyprodukter","7":"desktop-align-left","8":"tablet-align-left","9":"mobile-align-left","11":"first","12":"instock","13":"shipping-taxable","14":"purchasable","15":"product-type-simple"},"_links":{"self":[{"href":"https:\/\/keluvo.com\/no\/wp-json\/wp\/v2\/product\/15722","targetHints":{"allow":["GET"]}}],"collection":[{"href":"https:\/\/keluvo.com\/no\/wp-json\/wp\/v2\/product"}],"about":[{"href":"https:\/\/keluvo.com\/no\/wp-json\/wp\/v2\/types\/product"}],"replies":[{"embeddable":true,"href":"https:\/\/keluvo.com\/no\/wp-json\/wp\/v2\/comments?post=15722"}],"wp:featuredmedia":[{"embeddable":true,"href":"https:\/\/keluvo.com\/no\/wp-json\/wp\/v2\/media\/15718"}],"wp:attachment":[{"href":"https:\/\/keluvo.com\/no\/wp-json\/wp\/v2\/media?parent=15722"}],"wp:term":[{"taxonomy":"product_brand","embeddable":true,"href":"https:\/\/keluvo.com\/no\/wp-json\/wp\/v2\/product_brand?post=15722"},{"taxonomy":"product_cat","embeddable":true,"href":"https:\/\/keluvo.com\/no\/wp-json\/wp\/v2\/product_cat?post=15722"},{"taxonomy":"product_tag","embeddable":true,"href":"https:\/\/keluvo.com\/no\/wp-json\/wp\/v2\/product_tag?post=15722"}],"curies":[{"name":"wp","href":"https:\/\/api.w.org\/{rel}","templated":true}]}}