{"id":15708,"date":"2025-04-25T14:51:20","date_gmt":"2025-04-25T12:51:20","guid":{"rendered":"https:\/\/keluvo.com\/no\/produkt\/hvitlokskvern\/"},"modified":"2025-04-25T19:08:22","modified_gmt":"2025-04-25T17:08:22","slug":"hvitlokskvern","status":"publish","type":"product","link":"https:\/\/keluvo.com\/no\/produkt\/hvitlokskvern\/","title":{"rendered":"Hvitl\u00f8kskvern"},"content":{"rendered":"<h2 style=\"text-align: center;\"><strong>Sikker, Enkel Og Uten S\u00f8l<\/strong><\/h2>\n<p style=\"text-align: center;\">Denne mini hvitl\u00f8kskvernen hjelper deg med \u00e5 skj\u00e6re og male hvitl\u00f8k raskt uten \u00e5 ber\u00f8re maten. Slutt p\u00e5 illeluktende hender og grisete skj\u00e6rebrett!<\/p>\n<p><img decoding=\"async\" class=\"size-full wp-image-15821 aligncenter\" src=\"https:\/\/keluvo.com\/template\/wp-content\/uploads\/sites\/5\/2025\/04\/desc3232Lp3SPDK-Trim-ezgif.com-video-to-webp-converter.webp\" alt=\"\" \/><\/p>\n<h2><\/h2>\n<h2 style=\"text-align: center;\"><b>Hovedfordeler<\/b><\/h2>\n<ul>\n<li><b>Hurtig hvitl\u00f8ksskiving<\/b><span style=\"font-weight: 400;\"> \u2013 kutter hvitl\u00f8k jevnt med noen f\u00e5 enkle h\u00e5ndgrep<\/span><span style=\"font-weight: 400;\"><br \/>\n<\/span><b><\/b><\/li>\n<li><b>Ingen h\u00e5ndlukt<\/b><span style=\"font-weight: 400;\"> \u2013 hendene forblir rene og trygge<\/span><span style=\"font-weight: 400;\"><br \/>\n<\/span><b><\/b><\/li>\n<li><b>Dobbeltsidige kniver<\/b><span style=\"font-weight: 400;\"> \u2013 skarpe og glatte for kutting eller kverning<\/span><span style=\"font-weight: 400;\"><br \/>\n<\/span><b><\/b><\/li>\n<li><b>Sikker \u00e5 bruke<\/b><span style=\"font-weight: 400;\"> \u2013 leveres med h\u00e5ndbeskyttelse for \u00e5 beskytte fingrene<\/span><span style=\"font-weight: 400;\"><br \/>\n<\/span><b><\/b><\/li>\n<li><b>Liten og lett<\/b><span style=\"font-weight: 400;\"> \u2013 enkel \u00e5 holde, oppbevare og rengj\u00f8re<\/span><\/li>\n<\/ul>\n<p><img decoding=\"async\" class=\"size-full wp-image-15823 aligncenter\" src=\"https:\/\/keluvo.com\/template\/wp-content\/uploads\/sites\/5\/2025\/04\/main-image-5-17.jpeg\" alt=\"\" \/><\/p>\n<h2><\/h2>\n<h2 style=\"text-align: center;\"><strong>Perfekt For Ethvert Kj\u00f8kken<\/strong><\/h2>\n<p style=\"text-align: center;\"><span style=\"font-weight: 400;\">Denne hvitl\u00f8kskvernen er perfekt for alle som elsker \u00e5 lage mat, men som hater rot. Den er b\u00e5de en skiver og kvern i ett. Enten du er nybegynner eller proff p\u00e5 kj\u00f8kkenet, hjelper dette verkt\u00f8yet deg med \u00e5 tilberede hvitl\u00f8k raskt og trygt. Perfekt for hjemmekj\u00f8kken, sm\u00e5 rom eller raske m\u00e5ltider!<\/span><\/p>\n<p><img decoding=\"async\" class=\"size-full wp-image-15824 aligncenter\" src=\"https:\/\/keluvo.com\/template\/wp-content\/uploads\/sites\/5\/2025\/04\/cc12af43-91ab-4187-9c03-cdb60df6d333.webp\" alt=\"\" \/><\/p>\n<h2><\/h2>\n<h2 style=\"text-align: center;\"><b>Pakken Inkluderer<\/b><\/h2>\n<p style=\"text-align: center;\"><span style=\"font-weight: 400;\">N\u00e5r du kj\u00f8per dette produktet, f\u00e5r du med<\/span><\/p>\n<ul>\n<li style=\"font-weight: 400;\"><span style=\"font-weight: 400;\">1 hvitl\u00f8kskvern<\/span><\/li>\n<\/ul>\n","protected":false},"excerpt":{"rendered":"<p>Sikker, Enkel Og Uten S\u00f8l Denne mini hvitl\u00f8kskvernen hjelper deg med \u00e5 skj\u00e6re og male hvitl\u00f8k raskt uten \u00e5 ber\u00f8re [&hellip;]<\/p>\n","protected":false},"featured_media":15704,"comment_status":"open","ping_status":"closed","template":"","meta":{"site-sidebar-layout":"default","site-content-layout":"","ast-site-content-layout":"default","site-content-style":"default","site-sidebar-style":"default","ast-global-header-display":"","ast-banner-title-visibility":"","ast-main-header-display":"","ast-hfb-above-header-display":"","ast-hfb-below-header-display":"","ast-hfb-mobile-header-display":"","site-post-title":"","ast-breadcrumbs-content":"","ast-featured-img":"","footer-sml-layout":"","theme-transparent-header-meta":"default","adv-header-id-meta":"","stick-header-meta":"","header-above-stick-meta":"","header-main-stick-meta":"","header-below-stick-meta":"","astra-migrate-meta-layouts":"set","ast-page-background-enabled":"default","ast-page-background-meta":{"desktop":{"background-color":"var(--ast-global-color-4)","background-image":"","background-repeat":"repeat","background-position":"center center","background-size":"auto","background-attachment":"scroll","background-type":"","background-media":"","overlay-type":"","overlay-color":"","overlay-opacity":"","overlay-gradient":""},"tablet":{"background-color":"","background-image":"","background-repeat":"repeat","background-position":"center center","background-size":"auto","background-attachment":"scroll","background-type":"","background-media":"","overlay-type":"","overlay-color":"","overlay-opacity":"","overlay-gradient":""},"mobile":{"background-color":"","background-image":"","background-repeat":"repeat","background-position":"center center","background-size":"auto","background-attachment":"scroll","background-type":"","background-media":"","overlay-type":"","overlay-color":"","overlay-opacity":"","overlay-gradient":""}},"ast-content-background-meta":{"desktop":{"background-color":"var(--ast-global-color-5)","background-image":"","background-repeat":"repeat","background-position":"center center","background-size":"auto","background-attachment":"scroll","background-type":"","background-media":"","overlay-type":"","overlay-color":"","overlay-opacity":"","overlay-gradient":""},"tablet":{"background-color":"var(--ast-global-color-5)","background-image":"","background-repeat":"repeat","background-position":"center center","background-size":"auto","background-attachment":"scroll","background-type":"","background-media":"","overlay-type":"","overlay-color":"","overlay-opacity":"","overlay-gradient":""},"mobile":{"background-color":"var(--ast-global-color-5)","background-image":"","background-repeat":"repeat","background-position":"center center","background-size":"auto","background-attachment":"scroll","background-type":"","background-media":"","overlay-type":"","overlay-color":"","overlay-opacity":"","overlay-gradient":""}}},"product_brand":[],"product_cat":[1001],"product_tag":[],"class_list":{"0":"post-15708","1":"product","2":"type-product","3":"status-publish","4":"has-post-thumbnail","6":"product_cat-husholdningsartikler","7":"pa_29946_t15k4ayw-gronn","8":"pa_29946_t15k4ayw-rosa","9":"desktop-align-left","10":"tablet-align-left","11":"mobile-align-left","13":"first","14":"instock","15":"shipping-taxable","16":"purchasable","17":"product-type-variable"},"_links":{"self":[{"href":"https:\/\/keluvo.com\/no\/wp-json\/wp\/v2\/product\/15708","targetHints":{"allow":["GET"]}}],"collection":[{"href":"https:\/\/keluvo.com\/no\/wp-json\/wp\/v2\/product"}],"about":[{"href":"https:\/\/keluvo.com\/no\/wp-json\/wp\/v2\/types\/product"}],"replies":[{"embeddable":true,"href":"https:\/\/keluvo.com\/no\/wp-json\/wp\/v2\/comments?post=15708"}],"wp:featuredmedia":[{"embeddable":true,"href":"https:\/\/keluvo.com\/no\/wp-json\/wp\/v2\/media\/15704"}],"wp:attachment":[{"href":"https:\/\/keluvo.com\/no\/wp-json\/wp\/v2\/media?parent=15708"}],"wp:term":[{"taxonomy":"product_brand","embeddable":true,"href":"https:\/\/keluvo.com\/no\/wp-json\/wp\/v2\/product_brand?post=15708"},{"taxonomy":"product_cat","embeddable":true,"href":"https:\/\/keluvo.com\/no\/wp-json\/wp\/v2\/product_cat?post=15708"},{"taxonomy":"product_tag","embeddable":true,"href":"https:\/\/keluvo.com\/no\/wp-json\/wp\/v2\/product_tag?post=15708"}],"curies":[{"name":"wp","href":"https:\/\/api.w.org\/{rel}","templated":true}]}}