{"id":15697,"date":"2025-04-25T14:49:39","date_gmt":"2025-04-25T12:49:39","guid":{"rendered":"https:\/\/keluvo.com\/no\/produkt\/skulptur-av-hjertehender\/"},"modified":"2025-04-25T19:09:32","modified_gmt":"2025-04-25T17:09:32","slug":"skulptur-av-hjertehender","status":"publish","type":"product","link":"https:\/\/keluvo.com\/no\/produkt\/skulptur-av-hjertehender\/","title":{"rendered":"Skulptur av hjertehender"},"content":{"rendered":"<h2 style=\"text-align: center;\"><strong>Sjarmerende, Fargerik Og Full Av Mening<\/strong><\/h2>\n<p style=\"text-align: center;\"><span style=\"font-weight: 400;\">Denne s\u00f8te hjerteformede h\u00e5ndstatuen er en vakker m\u00e5te \u00e5 vise kj\u00e6rlighet p\u00e5. Enten det er til hjemmet, hagen eller som gave &#8211; den bringer et smil overalt hvor den kommer.<\/span><\/p>\n<p><img fetchpriority=\"high\" decoding=\"async\" class=\"size-full wp-image-15814 aligncenter\" src=\"https:\/\/keluvo.com\/template\/wp-content\/uploads\/sites\/5\/2025\/04\/ce126f59-c0a3-410a-bafb-9ab3cc5a7124.webp\" alt=\"\" width=\"800\" height=\"800\" \/><\/p>\n<h2><\/h2>\n<h2 style=\"text-align: center;\"><strong>Perfekt Dekorasjon For Ethvert Hjem<\/strong><\/h2>\n<p style=\"text-align: center;\">Denne Hjerteformede statuen er mer enn bare dekorasjon &#8211; den er et symbol p\u00e5 kj\u00e6rlighet, omsorg og tilknytning. Enten du gir den bort i gave eller setter den p\u00e5 favorittrommet ditt, er dette et stykke som taler fra hjertet. Den er lett, fargerik og laget for \u00e5 lyse opp ethvert rom.<\/p>\n<p><img decoding=\"async\" class=\"size-full wp-image-15815 aligncenter\" src=\"https:\/\/keluvo.com\/template\/wp-content\/uploads\/sites\/5\/2025\/04\/afdf7487-8e56-458c-8b9b-a75af843593e.webp\" alt=\"\" width=\"600\" height=\"531\" \/><\/p>\n<h2 style=\"text-align: center;\"><b>Pakken Inneholder<\/b><b><\/b><\/h2>\n<ul>\n<li style=\"font-weight: 400;\"><span style=\"font-weight: 400;\">1 skulptur av hjertehender<\/span><span style=\"font-weight: 400;\"><br \/>\n<\/span><\/li>\n<li style=\"font-weight: 400;\"><span style=\"font-weight: 400;\">St\u00f8rrelse: 11 x 18,5 x 7 cm<\/span><span style=\"font-weight: 400;\"><br \/>\n<\/span><\/li>\n<\/ul>\n","protected":false},"excerpt":{"rendered":"<p>Sjarmerende, Fargerik Og Full Av Mening Denne s\u00f8te hjerteformede h\u00e5ndstatuen er en vakker m\u00e5te \u00e5 vise kj\u00e6rlighet p\u00e5. Enten det [&hellip;]<\/p>\n","protected":false},"featured_media":15693,"comment_status":"open","ping_status":"closed","template":"","meta":{"site-sidebar-layout":"default","site-content-layout":"","ast-site-content-layout":"default","site-content-style":"default","site-sidebar-style":"default","ast-global-header-display":"","ast-banner-title-visibility":"","ast-main-header-display":"","ast-hfb-above-header-display":"","ast-hfb-below-header-display":"","ast-hfb-mobile-header-display":"","site-post-title":"","ast-breadcrumbs-content":"","ast-featured-img":"","footer-sml-layout":"","theme-transparent-header-meta":"default","adv-header-id-meta":"","stick-header-meta":"","header-above-stick-meta":"","header-main-stick-meta":"","header-below-stick-meta":"","astra-migrate-meta-layouts":"set","ast-page-background-enabled":"default","ast-page-background-meta":{"desktop":{"background-color":"var(--ast-global-color-4)","background-image":"","background-repeat":"repeat","background-position":"center center","background-size":"auto","background-attachment":"scroll","background-type":"","background-media":"","overlay-type":"","overlay-color":"","overlay-opacity":"","overlay-gradient":""},"tablet":{"background-color":"","background-image":"","background-repeat":"repeat","background-position":"center center","background-size":"auto","background-attachment":"scroll","background-type":"","background-media":"","overlay-type":"","overlay-color":"","overlay-opacity":"","overlay-gradient":""},"mobile":{"background-color":"","background-image":"","background-repeat":"repeat","background-position":"center center","background-size":"auto","background-attachment":"scroll","background-type":"","background-media":"","overlay-type":"","overlay-color":"","overlay-opacity":"","overlay-gradient":""}},"ast-content-background-meta":{"desktop":{"background-color":"var(--ast-global-color-5)","background-image":"","background-repeat":"repeat","background-position":"center center","background-size":"auto","background-attachment":"scroll","background-type":"","background-media":"","overlay-type":"","overlay-color":"","overlay-opacity":"","overlay-gradient":""},"tablet":{"background-color":"var(--ast-global-color-5)","background-image":"","background-repeat":"repeat","background-position":"center center","background-size":"auto","background-attachment":"scroll","background-type":"","background-media":"","overlay-type":"","overlay-color":"","overlay-opacity":"","overlay-gradient":""},"mobile":{"background-color":"var(--ast-global-color-5)","background-image":"","background-repeat":"repeat","background-position":"center center","background-size":"auto","background-attachment":"scroll","background-type":"","background-media":"","overlay-type":"","overlay-color":"","overlay-opacity":"","overlay-gradient":""}}},"product_brand":[],"product_cat":[1001],"product_tag":[],"class_list":{"0":"post-15697","1":"product","2":"type-product","3":"status-publish","4":"has-post-thumbnail","6":"product_cat-husholdningsartikler","7":"desktop-align-left","8":"tablet-align-left","9":"mobile-align-left","11":"first","12":"instock","13":"shipping-taxable","14":"purchasable","15":"product-type-simple"},"_links":{"self":[{"href":"https:\/\/keluvo.com\/no\/wp-json\/wp\/v2\/product\/15697","targetHints":{"allow":["GET"]}}],"collection":[{"href":"https:\/\/keluvo.com\/no\/wp-json\/wp\/v2\/product"}],"about":[{"href":"https:\/\/keluvo.com\/no\/wp-json\/wp\/v2\/types\/product"}],"replies":[{"embeddable":true,"href":"https:\/\/keluvo.com\/no\/wp-json\/wp\/v2\/comments?post=15697"}],"wp:featuredmedia":[{"embeddable":true,"href":"https:\/\/keluvo.com\/no\/wp-json\/wp\/v2\/media\/15693"}],"wp:attachment":[{"href":"https:\/\/keluvo.com\/no\/wp-json\/wp\/v2\/media?parent=15697"}],"wp:term":[{"taxonomy":"product_brand","embeddable":true,"href":"https:\/\/keluvo.com\/no\/wp-json\/wp\/v2\/product_brand?post=15697"},{"taxonomy":"product_cat","embeddable":true,"href":"https:\/\/keluvo.com\/no\/wp-json\/wp\/v2\/product_cat?post=15697"},{"taxonomy":"product_tag","embeddable":true,"href":"https:\/\/keluvo.com\/no\/wp-json\/wp\/v2\/product_tag?post=15697"}],"curies":[{"name":"wp","href":"https:\/\/api.w.org\/{rel}","templated":true}]}}