{"id":15688,"date":"2025-04-25T14:49:19","date_gmt":"2025-04-25T12:49:19","guid":{"rendered":"https:\/\/keluvo.com\/no\/produkt\/baerepose-for-hund\/"},"modified":"2025-04-25T14:49:23","modified_gmt":"2025-04-25T12:49:23","slug":"baerepose-for-hund","status":"publish","type":"product","link":"https:\/\/keluvo.com\/no\/produkt\/baerepose-for-hund\/","title":{"rendered":"B\u00e6repose for hund"},"content":{"rendered":"<h2 style=\"text-align: center\"><strong>Trygt, Komfortabelt Og Perfekt For Reiser<\/strong><span style=\"font-weight: 400\"><br \/>\n<\/span><\/h2>\n<p style=\"text-align: center\"><span style=\"font-weight: 400\">Denne alt-i-ett-dyreholderen fungerer som en bag, et bilsete og en koselig seng. Den holder den lille hunden eller katten din trygg, lun og lykkelig &#8211; uansett hvor du drar.<\/span><\/p>\n<h2 style=\"text-align: center\"><img decoding=\"async\" class=\"size-full wp-image-15800 aligncenter\" src=\"https:\/\/keluvo.com\/template\/wp-content\/uploads\/sites\/5\/2025\/04\/c40fa7a7-1f90-4ce5-bba2-9ce23e56e789.webp\" alt=\"\" \/><br \/>\n<strong>Hovedfordeler<\/strong><\/h2>\n<ul>\n<li><b>3-i-1-design<\/b><span style=\"font-weight: 400\"> \u2013 bruk den som reiseveske, bilsete eller seng til kj\u00e6ledyr<\/span><span style=\"font-weight: 400\"><br \/>\n<\/span><b><\/b><\/li>\n<li><b>Myk og sterk<\/b><span style=\"font-weight: 400\"> \u2013 ripebestandig utside, myk pute innvendig<\/span><span style=\"font-weight: 400\"><br \/>\n<\/span><b><\/b><\/li>\n<li><b>Komfort \u00e5ret rundt<\/b><span style=\"font-weight: 400\"> \u2013 varm side for kalde dager, kj\u00f8lig side for varme dager<\/span><span style=\"font-weight: 400\"><br \/>\n<\/span><b><\/b><\/li>\n<li><b>Trygt for biler<\/b><span style=\"font-weight: 400\"> \u2013 innebygd sikkerhetsstropp med spenne holder kj\u00e6ledyrene trygge<\/span><span style=\"font-weight: 400\"><br \/>\n<\/span><b><\/b><\/li>\n<li><b>Lett \u00e5 montere og rengj\u00f8re<\/b><span style=\"font-weight: 400\"> \u2013 passer til de fleste biler, avtakbare deler for rask rengj\u00f8ring<\/span><\/li>\n<\/ul>\n<p><img decoding=\"async\" class=\"size-full wp-image-15796 aligncenter\" src=\"https:\/\/keluvo.com\/template\/wp-content\/uploads\/sites\/5\/2025\/04\/130b16b9-bc09-4dde-b8db-3249fa698fb6.webp\" alt=\"\" \/><\/p>\n<h2 style=\"text-align: center\"><strong>Perfekt For Alle Kj\u00e6ledyr<\/strong><\/h2>\n<p style=\"text-align: center\"><span style=\"font-weight: 400\">Denne hunde- og kattebagen er perfekt for eventyr med din pelskledde venn. Den er koselig nok for lur, t\u00f8ff nok for bilturer og lett nok til \u00e5 b\u00e6re. Med et sterkt h\u00e5ndtak og mykt minneskum inni er den bygget for komfort og sikkerhet. Passer perfekt for sm\u00e5 kj\u00e6ledyr opp til 10 kg.<\/span><\/p>\n<h2 style=\"text-align: center\"><img decoding=\"async\" class=\"size-full wp-image-15804 aligncenter\" src=\"https:\/\/keluvo.com\/template\/wp-content\/uploads\/sites\/5\/2025\/04\/0dbbd2e0-c205-4ced-9ae7-6b3068f8467a.webp\" alt=\"\" \/><br \/>\n<strong>Pakken Inneholder<\/strong><\/h2>\n<ul>\n<li style=\"font-weight: 400\"><span style=\"font-weight: 400\">1 b\u00e6repose til hund\/katt<\/span><span style=\"font-weight: 400\"><br \/>\n<\/span><\/li>\n<li style=\"font-weight: 400\"><span style=\"font-weight: 400\">1 Myk matte (til bunnen av posen)<\/span><span style=\"font-weight: 400\"><br \/>\n<\/span><\/li>\n<li style=\"font-weight: 400\"><span style=\"font-weight: 400\">1 Termisk innerpose (vendbar &#8211; varm og kj\u00f8lig side)<\/span><span style=\"font-weight: 400\"><br \/>\n<\/span><\/li>\n<\/ul>\n","protected":false},"excerpt":{"rendered":"<p>Trygt, Komfortabelt Og Perfekt For Reiser Denne alt-i-ett-dyreholderen fungerer som en bag, et bilsete og en koselig seng. Den holder [&hellip;]<\/p>\n","protected":false},"featured_media":15684,"comment_status":"open","ping_status":"closed","template":"","meta":{"site-sidebar-layout":"default","site-content-layout":"","ast-site-content-layout":"default","site-content-style":"default","site-sidebar-style":"default","ast-global-header-display":"","ast-banner-title-visibility":"","ast-main-header-display":"","ast-hfb-above-header-display":"","ast-hfb-below-header-display":"","ast-hfb-mobile-header-display":"","site-post-title":"","ast-breadcrumbs-content":"","ast-featured-img":"","footer-sml-layout":"","theme-transparent-header-meta":"default","adv-header-id-meta":"","stick-header-meta":"","header-above-stick-meta":"","header-main-stick-meta":"","header-below-stick-meta":"","astra-migrate-meta-layouts":"set","ast-page-background-enabled":"default","ast-page-background-meta":{"desktop":{"background-color":"var(--ast-global-color-4)","background-image":"","background-repeat":"repeat","background-position":"center center","background-size":"auto","background-attachment":"scroll","background-type":"","background-media":"","overlay-type":"","overlay-color":"","overlay-opacity":"","overlay-gradient":""},"tablet":{"background-color":"","background-image":"","background-repeat":"repeat","background-position":"center center","background-size":"auto","background-attachment":"scroll","background-type":"","background-media":"","overlay-type":"","overlay-color":"","overlay-opacity":"","overlay-gradient":""},"mobile":{"background-color":"","background-image":"","background-repeat":"repeat","background-position":"center center","background-size":"auto","background-attachment":"scroll","background-type":"","background-media":"","overlay-type":"","overlay-color":"","overlay-opacity":"","overlay-gradient":""}},"ast-content-background-meta":{"desktop":{"background-color":"var(--ast-global-color-5)","background-image":"","background-repeat":"repeat","background-position":"center center","background-size":"auto","background-attachment":"scroll","background-type":"","background-media":"","overlay-type":"","overlay-color":"","overlay-opacity":"","overlay-gradient":""},"tablet":{"background-color":"var(--ast-global-color-5)","background-image":"","background-repeat":"repeat","background-position":"center center","background-size":"auto","background-attachment":"scroll","background-type":"","background-media":"","overlay-type":"","overlay-color":"","overlay-opacity":"","overlay-gradient":""},"mobile":{"background-color":"var(--ast-global-color-5)","background-image":"","background-repeat":"repeat","background-position":"center center","background-size":"auto","background-attachment":"scroll","background-type":"","background-media":"","overlay-type":"","overlay-color":"","overlay-opacity":"","overlay-gradient":""}}},"product_brand":[],"product_cat":[997],"product_tag":[],"class_list":{"0":"post-15688","1":"product","2":"type-product","3":"status-publish","4":"has-post-thumbnail","6":"product_cat-husdyrprodukter","7":"pa_47895_pqdykx38-beige","8":"pa_47895_pqdykx38-svart","9":"desktop-align-left","10":"tablet-align-left","11":"mobile-align-left","13":"first","14":"instock","15":"shipping-taxable","16":"purchasable","17":"product-type-variable"},"_links":{"self":[{"href":"https:\/\/keluvo.com\/no\/wp-json\/wp\/v2\/product\/15688","targetHints":{"allow":["GET"]}}],"collection":[{"href":"https:\/\/keluvo.com\/no\/wp-json\/wp\/v2\/product"}],"about":[{"href":"https:\/\/keluvo.com\/no\/wp-json\/wp\/v2\/types\/product"}],"replies":[{"embeddable":true,"href":"https:\/\/keluvo.com\/no\/wp-json\/wp\/v2\/comments?post=15688"}],"wp:featuredmedia":[{"embeddable":true,"href":"https:\/\/keluvo.com\/no\/wp-json\/wp\/v2\/media\/15684"}],"wp:attachment":[{"href":"https:\/\/keluvo.com\/no\/wp-json\/wp\/v2\/media?parent=15688"}],"wp:term":[{"taxonomy":"product_brand","embeddable":true,"href":"https:\/\/keluvo.com\/no\/wp-json\/wp\/v2\/product_brand?post=15688"},{"taxonomy":"product_cat","embeddable":true,"href":"https:\/\/keluvo.com\/no\/wp-json\/wp\/v2\/product_cat?post=15688"},{"taxonomy":"product_tag","embeddable":true,"href":"https:\/\/keluvo.com\/no\/wp-json\/wp\/v2\/product_tag?post=15688"}],"curies":[{"name":"wp","href":"https:\/\/api.w.org\/{rel}","templated":true}]}}