{"id":15673,"date":"2025-04-25T14:46:39","date_gmt":"2025-04-25T12:46:39","guid":{"rendered":"https:\/\/keluvo.com\/no\/produkt\/armband-med-klokke\/"},"modified":"2025-04-25T14:46:39","modified_gmt":"2025-04-25T12:46:39","slug":"armband-med-klokke","status":"publish","type":"product","link":"https:\/\/keluvo.com\/no\/produkt\/armband-med-klokke\/","title":{"rendered":"Armb\u00e5nd med klokke"},"content":{"rendered":"<h2 style=\"text-align: center\"><strong>Elegant, Tidl\u00f8s Og Klar Til Bruk<\/strong><\/h2>\n<p style=\"text-align: center\"><span style=\"font-weight: 400\">Dette settet best\u00e5r av en vakker dameur og et matchende armb\u00e5nd. Det er en perfekt kombinasjon til ethvert antrekk, enten du skal pynte deg eller holde det uformelt.<\/span><\/p>\n<p><img decoding=\"async\" class=\"size-full wp-image-15641 aligncenter\" src=\"https:\/\/keluvo.com\/template\/wp-content\/uploads\/sites\/5\/2025\/04\/9af670ff-9f89-409a-ab7a-f49a956690e2.webp\" alt=\"\" \/><\/p>\n<h2><\/h2>\n<h2 style=\"text-align: center\"><strong>Hovedfordeler<\/strong><\/h2>\n<ul>\n<li style=\"text-align: left\"><b>Stilfull design<\/b><span style=\"font-weight: 400\"> &#8211; enkel og elegant som passer til ethvert utseende<\/span><span style=\"font-weight: 400\">\u00a0<\/span><\/li>\n<li style=\"text-align: left\"><b>Kvartsurverk<\/b><span style=\"font-weight: 400\"> &#8211; viser tiden n\u00f8yaktig og p\u00e5litelig<\/span><span style=\"font-weight: 400\"><br \/>\n<\/span><b><\/b><\/li>\n<li style=\"text-align: left\"><b>Komfortabel passform<\/b><span style=\"font-weight: 400\"> &#8211; lett og lett \u00e5 ha p\u00e5 seg hele dagen<\/span><span style=\"font-weight: 400\"><br \/>\n<\/span><\/li>\n<li style=\"text-align: left\"><b>Laget for \u00e5 vare<\/b><span style=\"font-weight: 400\"> &#8211; slitesterk legering og skinn t\u00e5ler daglig bruk<\/span><span style=\"font-weight: 400\"><br \/>\n<\/span><\/li>\n<li style=\"text-align: left\"><b>Godt \u00e5 gi bort i gave<\/b><span style=\"font-weight: 400\"> &#8211; et flott sett til bursdager, h\u00f8ytider eller andre anledninger<\/span><\/li>\n<\/ul>\n<p><img decoding=\"async\" class=\"size-full wp-image-15642 aligncenter\" src=\"https:\/\/keluvo.com\/template\/wp-content\/uploads\/sites\/5\/2025\/04\/5c14b054-5750-416d-b0ba-80616ee025ce.webp\" alt=\"\" \/><\/p>\n<h2><\/h2>\n<h2 style=\"text-align: center\"><strong>Perfekt Til Enhver Anledning<\/strong><\/h2>\n<p style=\"text-align: center\"><span style=\"font-weight: 400\">Dette fasjonable settet med klokke og armb\u00e5nd gir antrekket ditt en stilig touch. Perfekt til jobb, stevnem\u00f8ter eller spesielle begivenheter. Med en slank passform og et elegant utseende er det b\u00e5de praktisk og pent, noe som gj\u00f8r det til en favoritt for stilelskere.<\/span><\/p>\n<h2 style=\"text-align: center\"><b>Pakken Inkluderer<\/b><b><br \/>\n<\/b><\/h2>\n<p style=\"text-align: center\"><span style=\"font-weight: 400\">N\u00e5r du kj\u00f8per dette produktet, f\u00e5r du:<\/span><\/p>\n<ul>\n<li style=\"font-weight: 400\"><span style=\"font-weight: 400\">1 kvartsklokke for kvinner<\/span><span style=\"font-weight: 400\"><br \/>\n<\/span><\/li>\n<li style=\"font-weight: 400\"><span style=\"font-weight: 400\">1 Matchende motearmb\u00e5nd<\/span><span style=\"font-weight: 400\"><br \/>\n<\/span><\/li>\n<li style=\"font-weight: 400\"><i><span style=\"font-weight: 400\">Klokkeeske ikke inkludert<\/span><\/i><\/li>\n<li style=\"font-weight: 400\"><span style=\"font-weight: 400\">St\u00f8rrelsesdetaljer:<\/span><span style=\"font-weight: 400\"><br \/>\n<\/span><span style=\"font-weight: 400\"> \u2022 Urkassediameter: 33mm<\/span><span style=\"font-weight: 400\"><br \/>\n<\/span><span style=\"font-weight: 400\"> \u2022 Urkassetykkelse: 8mm<\/span><span style=\"font-weight: 400\"><br \/>\n<\/span><span style=\"font-weight: 400\"> \u2022 Armb\u00e5ndsbredde: 15mm<\/span><span style=\"font-weight: 400\"><br \/>\n<\/span><span style=\"font-weight: 400\"> \u2022 Armb\u00e5ndslengde: 200mm.<\/span><\/li>\n<\/ul>\n","protected":false},"excerpt":{"rendered":"<p>Elegant, Tidl\u00f8s Og Klar Til Bruk Dette settet best\u00e5r av en vakker dameur og et matchende armb\u00e5nd. Det er en [&hellip;]<\/p>\n","protected":false},"featured_media":15669,"comment_status":"open","ping_status":"closed","template":"","meta":{"site-sidebar-layout":"default","site-content-layout":"","ast-site-content-layout":"default","site-content-style":"default","site-sidebar-style":"default","ast-global-header-display":"","ast-banner-title-visibility":"","ast-main-header-display":"","ast-hfb-above-header-display":"","ast-hfb-below-header-display":"","ast-hfb-mobile-header-display":"","site-post-title":"","ast-breadcrumbs-content":"","ast-featured-img":"","footer-sml-layout":"","theme-transparent-header-meta":"default","adv-header-id-meta":"","stick-header-meta":"","header-above-stick-meta":"","header-main-stick-meta":"","header-below-stick-meta":"","astra-migrate-meta-layouts":"set","ast-page-background-enabled":"default","ast-page-background-meta":{"desktop":{"background-color":"var(--ast-global-color-4)","background-image":"","background-repeat":"repeat","background-position":"center center","background-size":"auto","background-attachment":"scroll","background-type":"","background-media":"","overlay-type":"","overlay-color":"","overlay-opacity":"","overlay-gradient":""},"tablet":{"background-color":"","background-image":"","background-repeat":"repeat","background-position":"center center","background-size":"auto","background-attachment":"scroll","background-type":"","background-media":"","overlay-type":"","overlay-color":"","overlay-opacity":"","overlay-gradient":""},"mobile":{"background-color":"","background-image":"","background-repeat":"repeat","background-position":"center center","background-size":"auto","background-attachment":"scroll","background-type":"","background-media":"","overlay-type":"","overlay-color":"","overlay-opacity":"","overlay-gradient":""}},"ast-content-background-meta":{"desktop":{"background-color":"var(--ast-global-color-5)","background-image":"","background-repeat":"repeat","background-position":"center center","background-size":"auto","background-attachment":"scroll","background-type":"","background-media":"","overlay-type":"","overlay-color":"","overlay-opacity":"","overlay-gradient":""},"tablet":{"background-color":"var(--ast-global-color-5)","background-image":"","background-repeat":"repeat","background-position":"center center","background-size":"auto","background-attachment":"scroll","background-type":"","background-media":"","overlay-type":"","overlay-color":"","overlay-opacity":"","overlay-gradient":""},"mobile":{"background-color":"var(--ast-global-color-5)","background-image":"","background-repeat":"repeat","background-position":"center center","background-size":"auto","background-attachment":"scroll","background-type":"","background-media":"","overlay-type":"","overlay-color":"","overlay-opacity":"","overlay-gradient":""}}},"product_brand":[],"product_cat":[994,993],"product_tag":[],"class_list":{"0":"post-15673","1":"product","2":"type-product","3":"status-publish","4":"has-post-thumbnail","6":"product_cat-klaer-til-kvinner","7":"product_cat-skotoy-tilbehor","8":"desktop-align-left","9":"tablet-align-left","10":"mobile-align-left","12":"first","13":"instock","14":"shipping-taxable","15":"purchasable","16":"product-type-simple"},"_links":{"self":[{"href":"https:\/\/keluvo.com\/no\/wp-json\/wp\/v2\/product\/15673","targetHints":{"allow":["GET"]}}],"collection":[{"href":"https:\/\/keluvo.com\/no\/wp-json\/wp\/v2\/product"}],"about":[{"href":"https:\/\/keluvo.com\/no\/wp-json\/wp\/v2\/types\/product"}],"replies":[{"embeddable":true,"href":"https:\/\/keluvo.com\/no\/wp-json\/wp\/v2\/comments?post=15673"}],"wp:featuredmedia":[{"embeddable":true,"href":"https:\/\/keluvo.com\/no\/wp-json\/wp\/v2\/media\/15669"}],"wp:attachment":[{"href":"https:\/\/keluvo.com\/no\/wp-json\/wp\/v2\/media?parent=15673"}],"wp:term":[{"taxonomy":"product_brand","embeddable":true,"href":"https:\/\/keluvo.com\/no\/wp-json\/wp\/v2\/product_brand?post=15673"},{"taxonomy":"product_cat","embeddable":true,"href":"https:\/\/keluvo.com\/no\/wp-json\/wp\/v2\/product_cat?post=15673"},{"taxonomy":"product_tag","embeddable":true,"href":"https:\/\/keluvo.com\/no\/wp-json\/wp\/v2\/product_tag?post=15673"}],"curies":[{"name":"wp","href":"https:\/\/api.w.org\/{rel}","templated":true}]}}