{"id":15614,"date":"2025-04-25T14:40:35","date_gmt":"2025-04-25T12:40:35","guid":{"rendered":"https:\/\/keluvo.com\/no\/produkt\/torkematte-for-oppvask\/"},"modified":"2025-04-25T14:40:41","modified_gmt":"2025-04-25T12:40:41","slug":"torkematte-for-oppvask","status":"publish","type":"product","link":"https:\/\/keluvo.com\/no\/produkt\/torkematte-for-oppvask\/","title":{"rendered":"T\u00f8rkematte for oppvask"},"content":{"rendered":"<p style=\"text-align: center\"><b>\ud83c\udf7d En hurtigt\u00f8rkende, sklisikker hjelper for et rent kj\u00f8kken \ud83e\uddfc<\/b><\/p>\n<p style=\"text-align: center\"><span style=\"font-weight: 400\">Denne myke matten suger raskt opp vann og holder benken t\u00f8rr og ryddig. Ingen rot, ingen glidning.<\/span><\/p>\n<p><img decoding=\"async\" class=\"size-full wp-image-15724 aligncenter\" src=\"https:\/\/keluvo.com\/template\/wp-content\/uploads\/sites\/5\/2025\/04\/dryingdish-ezgif.com-video-to-webp-converter.webp\" alt=\"\" \/><\/p>\n<h2 style=\"text-align: center\">Hovedfordeler<\/h2>\n<p><span style=\"font-weight: 400\">\u2714 Laget av naturlig kiselgur for rask vannabsorpsjon<\/span><\/p>\n<p><span style=\"font-weight: 400\"> \u2714 T\u00f8rker oppvasken raskt og bidrar til \u00e5 forhindre mugg eller lukt<\/span><\/p>\n<p><span style=\"font-weight: 400\"> \u2714 Sklisikker gummibakside holder den st\u00f8dig p\u00e5 v\u00e5te benker<\/span><\/p>\n<p><span style=\"font-weight: 400\"> \u2714 Myk pute beskytter oppvask og glass mot flis eller sprekker<\/span><\/p>\n<p><span style=\"font-weight: 400\"> \u2714 Fungerer utmerket under frukt, gr\u00f8nnsaker eller sm\u00e5 apparater<\/span><\/p>\n<p><span style=\"font-weight: 400\"> \u2714 Enkel \u00e5 rengj\u00f8re \u2013 t\u00f8rk av, skyll eller sett den i oppvaskmaskinen<\/span><\/p>\n<p><img decoding=\"async\" class=\"size-full wp-image-15726 aligncenter\" src=\"https:\/\/keluvo.com\/template\/wp-content\/uploads\/sites\/5\/2025\/04\/2c2ef0b2-7fcd-4c23-93df-d56d1dcd83c2.webp\" alt=\"\" \/><\/p>\n<h2 style=\"text-align: center\">Perfekt for ethvert kj\u00f8kken!<\/h2>\n<p style=\"text-align: center\"><span style=\"font-weight: 400\">Denne t\u00f8rkematten er perfekt for ethvert kj\u00f8kken. Den suger raskt opp vann og t\u00f8rker raskt, slik at oppvasken t\u00f8rker bedre og benken holder seg ren. Den er trygg, myk og robust &#8211; den kr\u00f8ller seg ikke og sklir ikke. Bruk det under oppvaskstativet, blenderen, kaffetrakteren eller skj\u00e6rebrettet. Den holder alt trygt og ryddig.<\/span><\/p>\n<h2 style=\"text-align: center\">Pakken inkluderer:<\/h2>\n<ul>\n<li><b><\/b><span style=\"font-weight: 400\">1 oppvaskmatte<\/span><\/li>\n<\/ul>\n","protected":false},"excerpt":{"rendered":"<p>\ud83c\udf7d En hurtigt\u00f8rkende, sklisikker hjelper for et rent kj\u00f8kken \ud83e\uddfc Denne myke matten suger raskt opp vann og holder benken [&hellip;]<\/p>\n","protected":false},"featured_media":15610,"comment_status":"open","ping_status":"closed","template":"","meta":{"site-sidebar-layout":"default","site-content-layout":"","ast-site-content-layout":"default","site-content-style":"default","site-sidebar-style":"default","ast-global-header-display":"","ast-banner-title-visibility":"","ast-main-header-display":"","ast-hfb-above-header-display":"","ast-hfb-below-header-display":"","ast-hfb-mobile-header-display":"","site-post-title":"","ast-breadcrumbs-content":"","ast-featured-img":"","footer-sml-layout":"","theme-transparent-header-meta":"default","adv-header-id-meta":"","stick-header-meta":"","header-above-stick-meta":"","header-main-stick-meta":"","header-below-stick-meta":"","astra-migrate-meta-layouts":"set","ast-page-background-enabled":"default","ast-page-background-meta":{"desktop":{"background-color":"var(--ast-global-color-4)","background-image":"","background-repeat":"repeat","background-position":"center center","background-size":"auto","background-attachment":"scroll","background-type":"","background-media":"","overlay-type":"","overlay-color":"","overlay-opacity":"","overlay-gradient":""},"tablet":{"background-color":"","background-image":"","background-repeat":"repeat","background-position":"center center","background-size":"auto","background-attachment":"scroll","background-type":"","background-media":"","overlay-type":"","overlay-color":"","overlay-opacity":"","overlay-gradient":""},"mobile":{"background-color":"","background-image":"","background-repeat":"repeat","background-position":"center center","background-size":"auto","background-attachment":"scroll","background-type":"","background-media":"","overlay-type":"","overlay-color":"","overlay-opacity":"","overlay-gradient":""}},"ast-content-background-meta":{"desktop":{"background-color":"var(--ast-global-color-5)","background-image":"","background-repeat":"repeat","background-position":"center center","background-size":"auto","background-attachment":"scroll","background-type":"","background-media":"","overlay-type":"","overlay-color":"","overlay-opacity":"","overlay-gradient":""},"tablet":{"background-color":"var(--ast-global-color-5)","background-image":"","background-repeat":"repeat","background-position":"center center","background-size":"auto","background-attachment":"scroll","background-type":"","background-media":"","overlay-type":"","overlay-color":"","overlay-opacity":"","overlay-gradient":""},"mobile":{"background-color":"var(--ast-global-color-5)","background-image":"","background-repeat":"repeat","background-position":"center center","background-size":"auto","background-attachment":"scroll","background-type":"","background-media":"","overlay-type":"","overlay-color":"","overlay-opacity":"","overlay-gradient":""}}},"product_brand":[],"product_cat":[1001],"product_tag":[],"class_list":{"0":"post-15614","1":"product","2":"type-product","3":"status-publish","4":"has-post-thumbnail","6":"product_cat-husholdningsartikler","7":"pa_18911_blk0z4my-bla","8":"pa_18911_blk0z4my-brun","9":"pa_18911_blk0z4my-gra","10":"pa_18911_blk0z4my-gronn","11":"pa_18911_blk0z4my-svart","12":"desktop-align-left","13":"tablet-align-left","14":"mobile-align-left","16":"first","17":"instock","18":"shipping-taxable","19":"purchasable","20":"product-type-variable"},"_links":{"self":[{"href":"https:\/\/keluvo.com\/no\/wp-json\/wp\/v2\/product\/15614","targetHints":{"allow":["GET"]}}],"collection":[{"href":"https:\/\/keluvo.com\/no\/wp-json\/wp\/v2\/product"}],"about":[{"href":"https:\/\/keluvo.com\/no\/wp-json\/wp\/v2\/types\/product"}],"replies":[{"embeddable":true,"href":"https:\/\/keluvo.com\/no\/wp-json\/wp\/v2\/comments?post=15614"}],"wp:featuredmedia":[{"embeddable":true,"href":"https:\/\/keluvo.com\/no\/wp-json\/wp\/v2\/media\/15610"}],"wp:attachment":[{"href":"https:\/\/keluvo.com\/no\/wp-json\/wp\/v2\/media?parent=15614"}],"wp:term":[{"taxonomy":"product_brand","embeddable":true,"href":"https:\/\/keluvo.com\/no\/wp-json\/wp\/v2\/product_brand?post=15614"},{"taxonomy":"product_cat","embeddable":true,"href":"https:\/\/keluvo.com\/no\/wp-json\/wp\/v2\/product_cat?post=15614"},{"taxonomy":"product_tag","embeddable":true,"href":"https:\/\/keluvo.com\/no\/wp-json\/wp\/v2\/product_tag?post=15614"}],"curies":[{"name":"wp","href":"https:\/\/api.w.org\/{rel}","templated":true}]}}