{"id":15609,"date":"2025-04-25T14:40:07","date_gmt":"2025-04-25T12:40:07","guid":{"rendered":"https:\/\/keluvo.com\/no\/produkt\/sprinkler-badeleketoy\/"},"modified":"2025-04-25T14:40:07","modified_gmt":"2025-04-25T12:40:07","slug":"sprinkler-badeleketoy","status":"publish","type":"product","link":"https:\/\/keluvo.com\/no\/produkt\/sprinkler-badeleketoy\/","title":{"rendered":"Sprinkler badeleket\u00f8y"},"content":{"rendered":"<p style=\"text-align: center\"><b>\ud83d\udec0\ud83c\udffb Babyens morsomme og trygge venn for sprutende badetid! \ud83e\udd86<\/b><\/p>\n<p style=\"text-align: center\"><span style=\"font-weight: 400\">Dette s\u00f8te ande- og b\u00e5tsettet gj\u00f8r hvert bad til en lekestund. Det gj\u00f8r barnet ditt glad og l\u00e6rer samtidig som det blir rent.<\/span><\/p>\n<p><img decoding=\"async\" class=\"size-full wp-image-15718 aligncenter\" src=\"https:\/\/keluvo.com\/template\/wp-content\/uploads\/sites\/5\/2025\/04\/bathtoy-ezgif.com-video-to-webp-converter.webp\" alt=\"\" \/><\/p>\n<h2 style=\"text-align: center\">Leveres Med Ender, En B\u00e5t Og Morsomme Dusjhoder<\/h2>\n<p><span style=\"font-weight: 400\">\u2714 Hver and spruter vann p\u00e5 forskjellige m\u00e5ter<\/span><\/p>\n<p><span style=\"font-weight: 400\"> \u2714 Mykt dusjhode for sk\u00e5nsom vannlek<\/span><\/p>\n<p><span style=\"font-weight: 400\"> \u2714 Trygge, glatte og giftfrie materialer<\/span><\/p>\n<p><span style=\"font-weight: 400\"> \u2714 Utvikler h\u00e5nd-\u00f8ye-koordinasjon og motoriske ferdigheter<\/span><\/p>\n<p><span style=\"font-weight: 400\"> \u2714 Forseglet batteriboks for vanntett sikkerhet<\/span><\/p>\n<p><span style=\"font-weight: 400\"> \u2714 Perfekt for sm\u00e5barn, gutter og jenter<\/span><\/p>\n<p><img decoding=\"async\" class=\"size-full wp-image-15710 aligncenter\" src=\"https:\/\/keluvo.com\/template\/wp-content\/uploads\/sites\/5\/2025\/04\/4b6e7a05-0d1d-4f8a-8484-c37547d5941d.webp\" alt=\"\" \/><\/p>\n<h2 style=\"text-align: center\">L\u00e6rer Farger, Former Og Probleml\u00f8sning<\/h2>\n<p style=\"text-align: center\"><span style=\"font-weight: 400\">Dette badelekesettet gj\u00f8r badetiden morsom og l\u00e6rerik. Settet inneholder en gr\u00f8nn b\u00e5t, fire spr\u00f8ytende ender og fire dusjhoder for ulike vannlekopplevelser. Barnet ditt vil elske de lyse fargene og de s\u00f8te designene. Det er en perfekt gave til bursdager, h\u00f8ytider eller andre spesielle anledninger.<\/span><\/p>\n<h2 style=\"text-align: center\">Hvordan Brukes Det?<\/h2>\n<p style=\"text-align: center\"><span style=\"font-weight: 400\">sett inn fire aaa-batterier (ikke inkludert). Plasser leket\u00f8yet i vann. Trykk for \u00e5 aktivere sprayfunksjonene. Nyt trygg, sprutende moro mens babyen l\u00e6rer og leker.<\/span><\/p>\n<h2 style=\"text-align: center\">Pakken Inneholder:<\/h2>\n<ul>\n<li><b><\/b><span style=\"font-weight: 400\">1 b\u00e5t<\/span><\/li>\n<li><span style=\"font-weight: 400\"> 4 spr\u00f8ytende ender<\/span><\/li>\n<li><span style=\"font-weight: 400\"> 4 dusjhoder<\/span><\/li>\n<li><span style=\"font-weight: 400\"> 1 mykt dusjhode<\/span><\/li>\n<\/ul>\n","protected":false},"excerpt":{"rendered":"<p>\ud83d\udec0\ud83c\udffb Babyens morsomme og trygge venn for sprutende badetid! \ud83e\udd86 Dette s\u00f8te ande- og b\u00e5tsettet gj\u00f8r hvert bad til en [&hellip;]<\/p>\n","protected":false},"featured_media":15605,"comment_status":"open","ping_status":"closed","template":"","meta":{"site-sidebar-layout":"default","site-content-layout":"","ast-site-content-layout":"default","site-content-style":"default","site-sidebar-style":"default","ast-global-header-display":"","ast-banner-title-visibility":"","ast-main-header-display":"","ast-hfb-above-header-display":"","ast-hfb-below-header-display":"","ast-hfb-mobile-header-display":"","site-post-title":"","ast-breadcrumbs-content":"","ast-featured-img":"","footer-sml-layout":"","theme-transparent-header-meta":"default","adv-header-id-meta":"","stick-header-meta":"","header-above-stick-meta":"","header-main-stick-meta":"","header-below-stick-meta":"","astra-migrate-meta-layouts":"set","ast-page-background-enabled":"default","ast-page-background-meta":{"desktop":{"background-color":"var(--ast-global-color-4)","background-image":"","background-repeat":"repeat","background-position":"center center","background-size":"auto","background-attachment":"scroll","background-type":"","background-media":"","overlay-type":"","overlay-color":"","overlay-opacity":"","overlay-gradient":""},"tablet":{"background-color":"","background-image":"","background-repeat":"repeat","background-position":"center center","background-size":"auto","background-attachment":"scroll","background-type":"","background-media":"","overlay-type":"","overlay-color":"","overlay-opacity":"","overlay-gradient":""},"mobile":{"background-color":"","background-image":"","background-repeat":"repeat","background-position":"center center","background-size":"auto","background-attachment":"scroll","background-type":"","background-media":"","overlay-type":"","overlay-color":"","overlay-opacity":"","overlay-gradient":""}},"ast-content-background-meta":{"desktop":{"background-color":"var(--ast-global-color-5)","background-image":"","background-repeat":"repeat","background-position":"center center","background-size":"auto","background-attachment":"scroll","background-type":"","background-media":"","overlay-type":"","overlay-color":"","overlay-opacity":"","overlay-gradient":""},"tablet":{"background-color":"var(--ast-global-color-5)","background-image":"","background-repeat":"repeat","background-position":"center center","background-size":"auto","background-attachment":"scroll","background-type":"","background-media":"","overlay-type":"","overlay-color":"","overlay-opacity":"","overlay-gradient":""},"mobile":{"background-color":"var(--ast-global-color-5)","background-image":"","background-repeat":"repeat","background-position":"center center","background-size":"auto","background-attachment":"scroll","background-type":"","background-media":"","overlay-type":"","overlay-color":"","overlay-opacity":"","overlay-gradient":""}}},"product_brand":[],"product_cat":[990],"product_tag":[],"class_list":{"0":"post-15609","1":"product","2":"type-product","3":"status-publish","4":"has-post-thumbnail","6":"product_cat-leker-barne-og-babyprodukter","7":"desktop-align-left","8":"tablet-align-left","9":"mobile-align-left","11":"first","12":"instock","13":"shipping-taxable","14":"purchasable","15":"product-type-simple"},"_links":{"self":[{"href":"https:\/\/keluvo.com\/no\/wp-json\/wp\/v2\/product\/15609","targetHints":{"allow":["GET"]}}],"collection":[{"href":"https:\/\/keluvo.com\/no\/wp-json\/wp\/v2\/product"}],"about":[{"href":"https:\/\/keluvo.com\/no\/wp-json\/wp\/v2\/types\/product"}],"replies":[{"embeddable":true,"href":"https:\/\/keluvo.com\/no\/wp-json\/wp\/v2\/comments?post=15609"}],"wp:featuredmedia":[{"embeddable":true,"href":"https:\/\/keluvo.com\/no\/wp-json\/wp\/v2\/media\/15605"}],"wp:attachment":[{"href":"https:\/\/keluvo.com\/no\/wp-json\/wp\/v2\/media?parent=15609"}],"wp:term":[{"taxonomy":"product_brand","embeddable":true,"href":"https:\/\/keluvo.com\/no\/wp-json\/wp\/v2\/product_brand?post=15609"},{"taxonomy":"product_cat","embeddable":true,"href":"https:\/\/keluvo.com\/no\/wp-json\/wp\/v2\/product_cat?post=15609"},{"taxonomy":"product_tag","embeddable":true,"href":"https:\/\/keluvo.com\/no\/wp-json\/wp\/v2\/product_tag?post=15609"}],"curies":[{"name":"wp","href":"https:\/\/api.w.org\/{rel}","templated":true}]}}