{"id":15604,"date":"2025-04-25T14:39:37","date_gmt":"2025-04-25T12:39:37","guid":{"rendered":"https:\/\/keluvo.com\/no\/produkt\/det-heldige-chakra-treet\/"},"modified":"2025-04-25T19:10:30","modified_gmt":"2025-04-25T17:10:30","slug":"det-heldige-chakra-treet","status":"publish","type":"product","link":"https:\/\/keluvo.com\/no\/produkt\/det-heldige-chakra-treet\/","title":{"rendered":"Det heldige chakra-treet"},"content":{"rendered":"<p style=\"text-align: center;\"><b>\ud83c\udf40 Ditt lykketre for fred, skj\u00f8nnhet og god energi \ud83c\udf32<\/b><\/p>\n<p style=\"text-align: center;\">Dette mini-treet er fullt av farger og mening. Det bidrar til \u00e5 tiltrekke rikdom, kj\u00e6rlighet og ro inn i rommet ditt.<\/p>\n<p><img decoding=\"async\" class=\"size-full wp-image-15702 aligncenter\" src=\"https:\/\/keluvo.com\/template\/wp-content\/uploads\/sites\/5\/2025\/04\/6d322d75-0eb7-4de1-8e50-f99debd528f8.webp\" alt=\"\" \/><\/p>\n<h2 style=\"text-align: center;\">Symbol P\u00e5 Hell, Vekst Og Styrke<\/h2>\n<p><span style=\"font-weight: 400;\">\u2714 Flott for hjemmet, kontoret eller spesielle rom<\/span><\/p>\n<p><span style=\"font-weight: 400;\"> \u2714 Gir positiv energi og balanse<\/span><\/p>\n<p><span style=\"font-weight: 400;\"> \u2714 Vakre h\u00e5ndlagde krystallblader<\/span><\/p>\n<p><span style=\"font-weight: 400;\"> \u2714 Hjelper med \u00e5 tiltrekke lykke og suksess<\/span><\/p>\n<p><span style=\"font-weight: 400;\"> \u2714 En perfekt gave til venner, familie eller deg selv<\/span><\/p>\n<p><img decoding=\"async\" class=\"size-full wp-image-15701 aligncenter\" src=\"https:\/\/keluvo.com\/template\/wp-content\/uploads\/sites\/5\/2025\/04\/44f0333d-70d2-4da4-85da-b2f0a33ffe54.webp\" alt=\"\" \/><\/p>\n<h2 style=\"text-align: center;\">Mer Enn Bare Dekor!<\/h2>\n<p style=\"text-align: center;\"><span style=\"font-weight: 400;\">Dette chakra-treet er mer enn bare dekor. Det er et feng shui-pengetre som kan bidra til \u00e5 bringe overflod, kj\u00e6rlighet og fred. Hvert krystallblad representerer balanse og styrke. Plasser det i stuen, p\u00e5 skrivebordet eller i meditasjonsrommet for \u00e5 l\u00f8fte energien og forskj\u00f8nne omgivelsene. Den er liten, vakker og full av mening.<\/span><\/p>\n<h2 style=\"text-align: center;\">Hvordan Bruker Du Den?<\/h2>\n<p style=\"text-align: center;\"><b><\/b><span style=\"font-weight: 400;\">Plasser treet p\u00e5 en flat overflate der du tilbringer tid. Form forsiktig grenene og bladene. La det st\u00e5 som en p\u00e5minnelse om fred, vekst og velsignelser i livet ditt.<\/span><\/p>\n<h2 style=\"text-align: center;\">Pakken Inneholder:<\/h2>\n<ul>\n<li><b><\/b><span style=\"font-weight: 400;\">1 lykkebringende chakra-tre<\/span><\/li>\n<\/ul>\n","protected":false},"excerpt":{"rendered":"<p>\ud83c\udf40 Ditt lykketre for fred, skj\u00f8nnhet og god energi \ud83c\udf32 Dette mini-treet er fullt av farger og mening. Det bidrar [&hellip;]<\/p>\n","protected":false},"featured_media":15600,"comment_status":"open","ping_status":"closed","template":"","meta":{"site-sidebar-layout":"default","site-content-layout":"","ast-site-content-layout":"default","site-content-style":"default","site-sidebar-style":"default","ast-global-header-display":"","ast-banner-title-visibility":"","ast-main-header-display":"","ast-hfb-above-header-display":"","ast-hfb-below-header-display":"","ast-hfb-mobile-header-display":"","site-post-title":"","ast-breadcrumbs-content":"","ast-featured-img":"","footer-sml-layout":"","theme-transparent-header-meta":"default","adv-header-id-meta":"","stick-header-meta":"","header-above-stick-meta":"","header-main-stick-meta":"","header-below-stick-meta":"","astra-migrate-meta-layouts":"set","ast-page-background-enabled":"default","ast-page-background-meta":{"desktop":{"background-color":"var(--ast-global-color-4)","background-image":"","background-repeat":"repeat","background-position":"center center","background-size":"auto","background-attachment":"scroll","background-type":"","background-media":"","overlay-type":"","overlay-color":"","overlay-opacity":"","overlay-gradient":""},"tablet":{"background-color":"","background-image":"","background-repeat":"repeat","background-position":"center center","background-size":"auto","background-attachment":"scroll","background-type":"","background-media":"","overlay-type":"","overlay-color":"","overlay-opacity":"","overlay-gradient":""},"mobile":{"background-color":"","background-image":"","background-repeat":"repeat","background-position":"center center","background-size":"auto","background-attachment":"scroll","background-type":"","background-media":"","overlay-type":"","overlay-color":"","overlay-opacity":"","overlay-gradient":""}},"ast-content-background-meta":{"desktop":{"background-color":"var(--ast-global-color-5)","background-image":"","background-repeat":"repeat","background-position":"center center","background-size":"auto","background-attachment":"scroll","background-type":"","background-media":"","overlay-type":"","overlay-color":"","overlay-opacity":"","overlay-gradient":""},"tablet":{"background-color":"var(--ast-global-color-5)","background-image":"","background-repeat":"repeat","background-position":"center center","background-size":"auto","background-attachment":"scroll","background-type":"","background-media":"","overlay-type":"","overlay-color":"","overlay-opacity":"","overlay-gradient":""},"mobile":{"background-color":"var(--ast-global-color-5)","background-image":"","background-repeat":"repeat","background-position":"center center","background-size":"auto","background-attachment":"scroll","background-type":"","background-media":"","overlay-type":"","overlay-color":"","overlay-opacity":"","overlay-gradient":""}}},"product_brand":[],"product_cat":[1001],"product_tag":[],"class_list":{"0":"post-15604","1":"product","2":"type-product","3":"status-publish","4":"has-post-thumbnail","6":"product_cat-husholdningsartikler","7":"desktop-align-left","8":"tablet-align-left","9":"mobile-align-left","11":"first","12":"instock","13":"shipping-taxable","14":"purchasable","15":"product-type-simple"},"_links":{"self":[{"href":"https:\/\/keluvo.com\/no\/wp-json\/wp\/v2\/product\/15604","targetHints":{"allow":["GET"]}}],"collection":[{"href":"https:\/\/keluvo.com\/no\/wp-json\/wp\/v2\/product"}],"about":[{"href":"https:\/\/keluvo.com\/no\/wp-json\/wp\/v2\/types\/product"}],"replies":[{"embeddable":true,"href":"https:\/\/keluvo.com\/no\/wp-json\/wp\/v2\/comments?post=15604"}],"wp:featuredmedia":[{"embeddable":true,"href":"https:\/\/keluvo.com\/no\/wp-json\/wp\/v2\/media\/15600"}],"wp:attachment":[{"href":"https:\/\/keluvo.com\/no\/wp-json\/wp\/v2\/media?parent=15604"}],"wp:term":[{"taxonomy":"product_brand","embeddable":true,"href":"https:\/\/keluvo.com\/no\/wp-json\/wp\/v2\/product_brand?post=15604"},{"taxonomy":"product_cat","embeddable":true,"href":"https:\/\/keluvo.com\/no\/wp-json\/wp\/v2\/product_cat?post=15604"},{"taxonomy":"product_tag","embeddable":true,"href":"https:\/\/keluvo.com\/no\/wp-json\/wp\/v2\/product_tag?post=15604"}],"curies":[{"name":"wp","href":"https:\/\/api.w.org\/{rel}","templated":true}]}}