{"id":15583,"date":"2025-04-25T14:38:47","date_gmt":"2025-04-25T12:38:47","guid":{"rendered":"https:\/\/keluvo.com\/no\/produkt\/halskjede-i-krystall\/"},"modified":"2025-04-25T14:38:58","modified_gmt":"2025-04-25T12:38:58","slug":"halskjede-i-krystall","status":"publish","type":"product","link":"https:\/\/keluvo.com\/no\/produkt\/halskjede-i-krystall\/","title":{"rendered":"Halskjede i krystall"},"content":{"rendered":"<p style=\"text-align: center\"><b>\ud83d\udcff En stilig m\u00e5te \u00e5 b\u00e6re energi og skj\u00f8nnhet p\u00e5 hver dag \ud83d\udc8e<\/b><\/p>\n<p style=\"text-align: center\"><span style=\"font-weight: 400\">Med dette halskjedet kan du b\u00e6re favorittsteinen din uansett hvor du g\u00e5r. Det er sterkt, stilig og fullt av gode vibber.<\/span><\/p>\n<p><img decoding=\"async\" class=\"size-full wp-image-15671 aligncenter\" src=\"https:\/\/keluvo.com\/template\/wp-content\/uploads\/sites\/5\/2025\/04\/necklace-ezgif.com-video-to-webp-converter.webp\" alt=\"\" \/><\/p>\n<h2 style=\"text-align: center\">Laget av sterkt rustfritt st\u00e5l &#8211; ruster ikke og g\u00e5r ikke i stykker<\/h2>\n<p><span style=\"font-weight: 400\">\u2714 Holder forskjellige krystaller eller steiner &#8211; enkelt \u00e5 bytte<\/span><\/p>\n<p><span style=\"font-weight: 400\"> \u2714 Justerbar nettingholder holder edelstenene trygge og n\u00e6r<\/span><\/p>\n<p><span style=\"font-weight: 400\"> \u2714 Bringer lykke, positiv energi og stil<\/span><\/p>\n<p><span style=\"font-weight: 400\"> \u2714 Passer til menn og kvinner &#8211; passer til alle antrekk<\/span><\/p>\n<p><span style=\"font-weight: 400\"> \u2714 En perfekt gave til enhver spesiell anledning<\/span><\/p>\n<p><img decoding=\"async\" class=\"size-full wp-image-15678 aligncenter\" src=\"https:\/\/keluvo.com\/template\/wp-content\/uploads\/sites\/5\/2025\/04\/e358a204-22d7-4254-bb4a-b614be016f5a.webp\" alt=\"\" \/><\/p>\n<h2 style=\"text-align: center\">Du kan b\u00e6re forskjellige krystaller<\/h2>\n<p style=\"text-align: center\"><span style=\"font-weight: 400\">Dette halskjedet er mer enn bare pent. det er en m\u00e5te \u00e5 b\u00e6re det som betyr noe n\u00e6r hjertet ditt. Du kan bytte ut krystallene etter hum\u00f8r eller antrekk. Det sitter godt fast og ser vakkert ut. Perfekt til daglig bruk eller som en omtenksom gave til noen du er glad i.<\/span><\/p>\n<h2 style=\"text-align: center\">Hvordan du bruker det?<\/h2>\n<p style=\"text-align: center\"><b><\/b><span style=\"font-weight: 400\">Skyv krystallen eller edelstenen inn i nettingposen. Juster knuten slik at den passer godt til steinen. B\u00e6r halskjedet rundt halsen for \u00e5 b\u00e6re med deg energi og stil uansett hvor du g\u00e5r.<\/span><\/p>\n<h2 style=\"text-align: center\">Pakken inneholder:<\/h2>\n<ul>\n<li><b><\/b><span style=\"font-weight: 400\">1 krystallhalskjede med kjede i rustfritt st\u00e5l og nettingpose<\/span><\/li>\n<\/ul>\n","protected":false},"excerpt":{"rendered":"<p>\ud83d\udcff En stilig m\u00e5te \u00e5 b\u00e6re energi og skj\u00f8nnhet p\u00e5 hver dag \ud83d\udc8e Med dette halskjedet kan du b\u00e6re favorittsteinen [&hellip;]<\/p>\n","protected":false},"featured_media":15579,"comment_status":"open","ping_status":"closed","template":"","meta":{"site-sidebar-layout":"default","site-content-layout":"","ast-site-content-layout":"default","site-content-style":"default","site-sidebar-style":"default","ast-global-header-display":"","ast-banner-title-visibility":"","ast-main-header-display":"","ast-hfb-above-header-display":"","ast-hfb-below-header-display":"","ast-hfb-mobile-header-display":"","site-post-title":"","ast-breadcrumbs-content":"","ast-featured-img":"","footer-sml-layout":"","theme-transparent-header-meta":"default","adv-header-id-meta":"","stick-header-meta":"","header-above-stick-meta":"","header-main-stick-meta":"","header-below-stick-meta":"","astra-migrate-meta-layouts":"set","ast-page-background-enabled":"default","ast-page-background-meta":{"desktop":{"background-color":"var(--ast-global-color-4)","background-image":"","background-repeat":"repeat","background-position":"center center","background-size":"auto","background-attachment":"scroll","background-type":"","background-media":"","overlay-type":"","overlay-color":"","overlay-opacity":"","overlay-gradient":""},"tablet":{"background-color":"","background-image":"","background-repeat":"repeat","background-position":"center center","background-size":"auto","background-attachment":"scroll","background-type":"","background-media":"","overlay-type":"","overlay-color":"","overlay-opacity":"","overlay-gradient":""},"mobile":{"background-color":"","background-image":"","background-repeat":"repeat","background-position":"center center","background-size":"auto","background-attachment":"scroll","background-type":"","background-media":"","overlay-type":"","overlay-color":"","overlay-opacity":"","overlay-gradient":""}},"ast-content-background-meta":{"desktop":{"background-color":"var(--ast-global-color-5)","background-image":"","background-repeat":"repeat","background-position":"center center","background-size":"auto","background-attachment":"scroll","background-type":"","background-media":"","overlay-type":"","overlay-color":"","overlay-opacity":"","overlay-gradient":""},"tablet":{"background-color":"var(--ast-global-color-5)","background-image":"","background-repeat":"repeat","background-position":"center center","background-size":"auto","background-attachment":"scroll","background-type":"","background-media":"","overlay-type":"","overlay-color":"","overlay-opacity":"","overlay-gradient":""},"mobile":{"background-color":"var(--ast-global-color-5)","background-image":"","background-repeat":"repeat","background-position":"center center","background-size":"auto","background-attachment":"scroll","background-type":"","background-media":"","overlay-type":"","overlay-color":"","overlay-opacity":"","overlay-gradient":""}}},"product_brand":[],"product_cat":[993],"product_tag":[],"class_list":{"0":"post-15583","1":"product","2":"type-product","3":"status-publish","4":"has-post-thumbnail","6":"product_cat-skotoy-tilbehor","7":"pa_29955_fkz88djm-bla","8":"pa_29955_fkz88djm-brun","9":"pa_29955_fkz88djm-gronn","10":"pa_29955_fkz88djm-lilla","11":"pa_29955_rtqiarp3-gull","12":"pa_29955_rtqiarp3-solv","13":"desktop-align-left","14":"tablet-align-left","15":"mobile-align-left","17":"first","18":"instock","19":"shipping-taxable","20":"purchasable","21":"product-type-variable"},"_links":{"self":[{"href":"https:\/\/keluvo.com\/no\/wp-json\/wp\/v2\/product\/15583","targetHints":{"allow":["GET"]}}],"collection":[{"href":"https:\/\/keluvo.com\/no\/wp-json\/wp\/v2\/product"}],"about":[{"href":"https:\/\/keluvo.com\/no\/wp-json\/wp\/v2\/types\/product"}],"replies":[{"embeddable":true,"href":"https:\/\/keluvo.com\/no\/wp-json\/wp\/v2\/comments?post=15583"}],"wp:featuredmedia":[{"embeddable":true,"href":"https:\/\/keluvo.com\/no\/wp-json\/wp\/v2\/media\/15579"}],"wp:attachment":[{"href":"https:\/\/keluvo.com\/no\/wp-json\/wp\/v2\/media?parent=15583"}],"wp:term":[{"taxonomy":"product_brand","embeddable":true,"href":"https:\/\/keluvo.com\/no\/wp-json\/wp\/v2\/product_brand?post=15583"},{"taxonomy":"product_cat","embeddable":true,"href":"https:\/\/keluvo.com\/no\/wp-json\/wp\/v2\/product_cat?post=15583"},{"taxonomy":"product_tag","embeddable":true,"href":"https:\/\/keluvo.com\/no\/wp-json\/wp\/v2\/product_tag?post=15583"}],"curies":[{"name":"wp","href":"https:\/\/api.w.org\/{rel}","templated":true}]}}