{"id":15479,"date":"2025-04-24T15:56:01","date_gmt":"2025-04-24T13:56:01","guid":{"rendered":"https:\/\/keluvo.com\/no\/produkt\/hagefe-dekor-i-metall\/"},"modified":"2025-04-24T16:43:38","modified_gmt":"2025-04-24T14:43:38","slug":"hagefe-dekor-i-metall","status":"publish","type":"product","link":"https:\/\/keluvo.com\/no\/produkt\/hagefe-dekor-i-metall\/","title":{"rendered":"Hagefe-dekor i metall"},"content":{"rendered":"<h2 style=\"text-align: center;\"><strong>Legg Til Et Snev Av Magi I Hagen Din<\/strong><\/h2>\n<p style=\"text-align: center;\">Legg til et snev av magi i hagen din med den fortryllende hagefeen i metall. Denne vakkert utformede dekorasjonen har et unikt og i\u00f8ynefallende fe-design, perfekt for \u00e5 skape en lunefull stemning p\u00e5 terrassen, plenen eller i hagen.<\/p>\n<h2 style=\"text-align: center;\"><img decoding=\"async\" class=\"size-full wp-image-15550 aligncenter\" src=\"https:\/\/keluvo.com\/template\/wp-content\/uploads\/sites\/5\/2025\/04\/main-image-7-13.jpeg\" alt=\"\" \/><br \/>\n<strong>N\u00f8kkelegenskaper<\/strong><\/h2>\n<ul>\n<li class=\"\" data-start=\"550\" data-end=\"749\">\n<p class=\"\" data-start=\"552\" data-end=\"749\"><strong data-start=\"552\" data-end=\"586\">Unik Og I\u00f8ynefallende Design<\/strong><br data-start=\"586\" data-end=\"589\" \/>Forvandle uterommet ditt til et eventyrlig tilfluktssted! Hagefeens sjarmerende silhuett gir et finurlig preg som tiltrekker seg oppmerksomhet og vekker samtale.<\/p>\n<\/li>\n<li class=\"\" data-start=\"751\" data-end=\"949\">\n<p class=\"\" data-start=\"753\" data-end=\"949\"><strong data-start=\"753\" data-end=\"782\">Slitesterk Og Langvarig<\/strong><br data-start=\"782\" data-end=\"785\" \/>Hagefepinnen er laget av metall av h\u00f8y kvalitet og er bygget for \u00e5 t\u00e5le elementene, noe som gj\u00f8r den til en p\u00e5litelig og langvarig del av utend\u00f8rsinnredningen din.<\/p>\n<\/li>\n<li class=\"\" data-start=\"951\" data-end=\"1076\">\n<p class=\"\" data-start=\"953\" data-end=\"1076\"><strong data-start=\"953\" data-end=\"976\">Enkel \u00c5 Installere<\/strong><br data-start=\"976\" data-end=\"979\" \/>Ingen verkt\u00f8y, ikke noe problem! Bare sett den i bakken og se hagen din forvandles umiddelbart.<\/p>\n<\/li>\n<li class=\"\" data-start=\"1078\" data-end=\"1275\">\n<p class=\"\" data-start=\"1080\" data-end=\"1275\"><strong data-start=\"1080\" data-end=\"1110\">Allsidig Utend\u00f8rs Dekor<\/strong><br data-start=\"1110\" data-end=\"1113\" \/>Uansett om du pynter opp et blomsterbed, markerer en sti eller fremhever en plen eller et uteplasshj\u00f8rne, passer denne allsidige hagestaken uanstrengt inn i alle omgivelser.<\/p>\n<\/li>\n<\/ul>\n<p><img decoding=\"async\" class=\"size-full wp-image-15557 aligncenter\" src=\"https:\/\/keluvo.com\/template\/wp-content\/uploads\/sites\/5\/2025\/04\/main-image-5-14.jpeg\" alt=\"\" \/><\/p>\n<h2><\/h2>\n<h2 style=\"text-align: center;\"><strong>Pakken Inkluderer<\/strong><\/h2>\n<ul>\n<li class=\"\" data-start=\"163\" data-end=\"211\">\n<p class=\"\" data-start=\"165\" data-end=\"211\">1 x hagefe metalldekorasjon<\/p>\n<\/li>\n<li class=\"\" data-start=\"212\" data-end=\"262\">\n<p class=\"\" data-start=\"214\" data-end=\"262\">Beskyttende emballasje for \u00e5 sikre trygg levering<\/p>\n<\/li>\n<\/ul>\n","protected":false},"excerpt":{"rendered":"<p>Legg Til Et Snev Av Magi I Hagen Din Legg til et snev av magi i hagen din med den [&hellip;]<\/p>\n","protected":false},"featured_media":15475,"comment_status":"open","ping_status":"closed","template":"","meta":{"site-sidebar-layout":"default","site-content-layout":"","ast-site-content-layout":"default","site-content-style":"default","site-sidebar-style":"default","ast-global-header-display":"","ast-banner-title-visibility":"","ast-main-header-display":"","ast-hfb-above-header-display":"","ast-hfb-below-header-display":"","ast-hfb-mobile-header-display":"","site-post-title":"","ast-breadcrumbs-content":"","ast-featured-img":"","footer-sml-layout":"","theme-transparent-header-meta":"default","adv-header-id-meta":"","stick-header-meta":"","header-above-stick-meta":"","header-main-stick-meta":"","header-below-stick-meta":"","astra-migrate-meta-layouts":"set","ast-page-background-enabled":"default","ast-page-background-meta":{"desktop":{"background-color":"var(--ast-global-color-4)","background-image":"","background-repeat":"repeat","background-position":"center center","background-size":"auto","background-attachment":"scroll","background-type":"","background-media":"","overlay-type":"","overlay-color":"","overlay-opacity":"","overlay-gradient":""},"tablet":{"background-color":"","background-image":"","background-repeat":"repeat","background-position":"center center","background-size":"auto","background-attachment":"scroll","background-type":"","background-media":"","overlay-type":"","overlay-color":"","overlay-opacity":"","overlay-gradient":""},"mobile":{"background-color":"","background-image":"","background-repeat":"repeat","background-position":"center center","background-size":"auto","background-attachment":"scroll","background-type":"","background-media":"","overlay-type":"","overlay-color":"","overlay-opacity":"","overlay-gradient":""}},"ast-content-background-meta":{"desktop":{"background-color":"var(--ast-global-color-5)","background-image":"","background-repeat":"repeat","background-position":"center center","background-size":"auto","background-attachment":"scroll","background-type":"","background-media":"","overlay-type":"","overlay-color":"","overlay-opacity":"","overlay-gradient":""},"tablet":{"background-color":"var(--ast-global-color-5)","background-image":"","background-repeat":"repeat","background-position":"center center","background-size":"auto","background-attachment":"scroll","background-type":"","background-media":"","overlay-type":"","overlay-color":"","overlay-opacity":"","overlay-gradient":""},"mobile":{"background-color":"var(--ast-global-color-5)","background-image":"","background-repeat":"repeat","background-position":"center center","background-size":"auto","background-attachment":"scroll","background-type":"","background-media":"","overlay-type":"","overlay-color":"","overlay-opacity":"","overlay-gradient":""}}},"product_brand":[],"product_cat":[1001],"product_tag":[],"class_list":{"0":"post-15479","1":"product","2":"type-product","3":"status-publish","4":"has-post-thumbnail","6":"product_cat-husholdningsartikler","7":"pa_48088_vppy336x-stil-1","8":"pa_48088_vppy336x-stil-2","9":"pa_48088_vppy336x-stil-3","10":"desktop-align-left","11":"tablet-align-left","12":"mobile-align-left","14":"first","15":"instock","16":"shipping-taxable","17":"purchasable","18":"product-type-variable","19":"has-default-attributes"},"_links":{"self":[{"href":"https:\/\/keluvo.com\/no\/wp-json\/wp\/v2\/product\/15479","targetHints":{"allow":["GET"]}}],"collection":[{"href":"https:\/\/keluvo.com\/no\/wp-json\/wp\/v2\/product"}],"about":[{"href":"https:\/\/keluvo.com\/no\/wp-json\/wp\/v2\/types\/product"}],"replies":[{"embeddable":true,"href":"https:\/\/keluvo.com\/no\/wp-json\/wp\/v2\/comments?post=15479"}],"wp:featuredmedia":[{"embeddable":true,"href":"https:\/\/keluvo.com\/no\/wp-json\/wp\/v2\/media\/15475"}],"wp:attachment":[{"href":"https:\/\/keluvo.com\/no\/wp-json\/wp\/v2\/media?parent=15479"}],"wp:term":[{"taxonomy":"product_brand","embeddable":true,"href":"https:\/\/keluvo.com\/no\/wp-json\/wp\/v2\/product_brand?post=15479"},{"taxonomy":"product_cat","embeddable":true,"href":"https:\/\/keluvo.com\/no\/wp-json\/wp\/v2\/product_cat?post=15479"},{"taxonomy":"product_tag","embeddable":true,"href":"https:\/\/keluvo.com\/no\/wp-json\/wp\/v2\/product_tag?post=15479"}],"curies":[{"name":"wp","href":"https:\/\/api.w.org\/{rel}","templated":true}]}}