{"id":15429,"date":"2025-04-24T15:03:52","date_gmt":"2025-04-24T13:03:52","guid":{"rendered":"https:\/\/keluvo.com\/no\/produkt\/luksus-vegglampe\/"},"modified":"2025-04-24T15:04:25","modified_gmt":"2025-04-24T13:04:25","slug":"luksus-vegglampe","status":"publish","type":"product","link":"https:\/\/keluvo.com\/no\/produkt\/luksus-vegglampe\/","title":{"rendered":"Luksus vegglampe"},"content":{"rendered":"<p style=\"text-align: center\"><b>\ud83d\udca1 Et moderne lys som lyser opp ethvert rom! \ud83c\udfd8<\/b><\/p>\n<p style=\"text-align: center\"><span style=\"font-weight: 400\">Denne elegante og enkle vegglampen gir en myk gl\u00f8d og et kult utseende til hjemmet ditt.<\/span><\/p>\n<p><img decoding=\"async\" class=\"size-full wp-image-15539 aligncenter\" src=\"https:\/\/keluvo.com\/template\/wp-content\/uploads\/sites\/5\/2025\/04\/DboSWL8tGD2oB4HFSmTl.jpg\" alt=\"\" \/><\/p>\n<h2 style=\"text-align: center\">Laget Av Sterkt Jern Og Pc-Materiale<\/h2>\n<p><span style=\"font-weight: 400\">\u2714 Leveres i flere st\u00f8rrelser:<\/span><\/p>\n<p><span style=\"font-weight: 400\"> \u2714 Innebygd LED-lys &#8211; sparer energi og varer lenge<\/span><\/p>\n<p><span style=\"font-weight: 400\"> \u2714 Tilgjengelig i varmt (3000k), naturlig (4000k) eller kj\u00f8lig lys (6000k)<\/span><\/p>\n<p><span style=\"font-weight: 400\"> \u2714 Passer til alle rom &#8211; gang, soverom, stue, kj\u00f8kken eller hotell<\/span><\/p>\n<p><span style=\"font-weight: 400\"> \u2714 Enkel \u00e5 montere med alle delene som f\u00f8lger med<\/span><\/p>\n<p><img decoding=\"async\" class=\"size-full wp-image-15541 aligncenter\" src=\"https:\/\/keluvo.com\/template\/wp-content\/uploads\/sites\/5\/2025\/04\/I8YvTjsNQgX7llgWrTU3.jpg\" alt=\"\" \/><\/p>\n<h2 style=\"text-align: center\">Passende Hjemme, P\u00e5 Kontoret Eller I Offentlige Rom<\/h2>\n<p style=\"text-align: center\"><span style=\"font-weight: 400\">Denne lampen i nordisk stil tilf\u00f8rer stil og komfort til veggene dine. Den svarte metallisten gir et rent utseende, mens det myke lyset skaper den perfekte stemningen. Enten du vil ha et koselig, n\u00f8ytralt eller sterkt lys, er den klar til \u00e5 skinne din vei.<\/span><\/p>\n<h2 style=\"text-align: center\">Slik Installerer Du:<\/h2>\n<p style=\"text-align: center\"><b><\/b><span style=\"font-weight: 400\">Monter lampen p\u00e5 veggen ved hjelp av de medf\u00f8lgende verkt\u00f8yene. Velg den fargen og st\u00f8rrelsen som passer til rommet ditt. Sl\u00e5 den p\u00e5 og nyt et godt opplyst, moderne rom.<\/span><\/p>\n<h2 style=\"text-align: center\">Pakken Inneholder<\/h2>\n<ul>\n<li><b><\/b><span style=\"font-weight: 400\">1 vegglampe\u00a0<\/span><\/li>\n<li><span style=\"font-weight: 400\"> 1 innebygd LED-lys\u00a0<\/span><\/li>\n<li><span style=\"font-weight: 400\"> 1 installasjonssett<\/span><\/li>\n<\/ul>\n","protected":false},"excerpt":{"rendered":"<p>\ud83d\udca1 Et moderne lys som lyser opp ethvert rom! \ud83c\udfd8 Denne elegante og enkle vegglampen gir en myk gl\u00f8d og [&hellip;]<\/p>\n","protected":false},"featured_media":15426,"comment_status":"open","ping_status":"closed","template":"","meta":{"site-sidebar-layout":"default","site-content-layout":"","ast-site-content-layout":"default","site-content-style":"default","site-sidebar-style":"default","ast-global-header-display":"","ast-banner-title-visibility":"","ast-main-header-display":"","ast-hfb-above-header-display":"","ast-hfb-below-header-display":"","ast-hfb-mobile-header-display":"","site-post-title":"","ast-breadcrumbs-content":"","ast-featured-img":"","footer-sml-layout":"","theme-transparent-header-meta":"default","adv-header-id-meta":"","stick-header-meta":"","header-above-stick-meta":"","header-main-stick-meta":"","header-below-stick-meta":"","astra-migrate-meta-layouts":"set","ast-page-background-enabled":"default","ast-page-background-meta":{"desktop":{"background-color":"var(--ast-global-color-4)","background-image":"","background-repeat":"repeat","background-position":"center center","background-size":"auto","background-attachment":"scroll","background-type":"","background-media":"","overlay-type":"","overlay-color":"","overlay-opacity":"","overlay-gradient":""},"tablet":{"background-color":"","background-image":"","background-repeat":"repeat","background-position":"center center","background-size":"auto","background-attachment":"scroll","background-type":"","background-media":"","overlay-type":"","overlay-color":"","overlay-opacity":"","overlay-gradient":""},"mobile":{"background-color":"","background-image":"","background-repeat":"repeat","background-position":"center center","background-size":"auto","background-attachment":"scroll","background-type":"","background-media":"","overlay-type":"","overlay-color":"","overlay-opacity":"","overlay-gradient":""}},"ast-content-background-meta":{"desktop":{"background-color":"var(--ast-global-color-5)","background-image":"","background-repeat":"repeat","background-position":"center center","background-size":"auto","background-attachment":"scroll","background-type":"","background-media":"","overlay-type":"","overlay-color":"","overlay-opacity":"","overlay-gradient":""},"tablet":{"background-color":"var(--ast-global-color-5)","background-image":"","background-repeat":"repeat","background-position":"center center","background-size":"auto","background-attachment":"scroll","background-type":"","background-media":"","overlay-type":"","overlay-color":"","overlay-opacity":"","overlay-gradient":""},"mobile":{"background-color":"var(--ast-global-color-5)","background-image":"","background-repeat":"repeat","background-position":"center center","background-size":"auto","background-attachment":"scroll","background-type":"","background-media":"","overlay-type":"","overlay-color":"","overlay-opacity":"","overlay-gradient":""}}},"product_brand":[],"product_cat":[1001],"product_tag":[],"class_list":{"0":"post-15429","1":"product","2":"type-product","3":"status-publish","4":"has-post-thumbnail","6":"product_cat-husholdningsartikler","7":"pa_31536_p40lu6fq-kult","8":"pa_31536_p40lu6fq-naturlig","9":"pa_31536_p40lu6fq-varm","10":"pa_31536_qh5zp9y8-100-cm","11":"pa_31536_qh5zp9y8-120-cm","12":"pa_31536_qh5zp9y8-60-cm","13":"pa_31536_qh5zp9y8-80-cm","14":"desktop-align-left","15":"tablet-align-left","16":"mobile-align-left","18":"first","19":"instock","20":"shipping-taxable","21":"purchasable","22":"product-type-variable","23":"has-default-attributes"},"_links":{"self":[{"href":"https:\/\/keluvo.com\/no\/wp-json\/wp\/v2\/product\/15429","targetHints":{"allow":["GET"]}}],"collection":[{"href":"https:\/\/keluvo.com\/no\/wp-json\/wp\/v2\/product"}],"about":[{"href":"https:\/\/keluvo.com\/no\/wp-json\/wp\/v2\/types\/product"}],"replies":[{"embeddable":true,"href":"https:\/\/keluvo.com\/no\/wp-json\/wp\/v2\/comments?post=15429"}],"wp:featuredmedia":[{"embeddable":true,"href":"https:\/\/keluvo.com\/no\/wp-json\/wp\/v2\/media\/15426"}],"wp:attachment":[{"href":"https:\/\/keluvo.com\/no\/wp-json\/wp\/v2\/media?parent=15429"}],"wp:term":[{"taxonomy":"product_brand","embeddable":true,"href":"https:\/\/keluvo.com\/no\/wp-json\/wp\/v2\/product_brand?post=15429"},{"taxonomy":"product_cat","embeddable":true,"href":"https:\/\/keluvo.com\/no\/wp-json\/wp\/v2\/product_cat?post=15429"},{"taxonomy":"product_tag","embeddable":true,"href":"https:\/\/keluvo.com\/no\/wp-json\/wp\/v2\/product_tag?post=15429"}],"curies":[{"name":"wp","href":"https:\/\/api.w.org\/{rel}","templated":true}]}}