{"id":15417,"date":"2025-04-24T15:00:27","date_gmt":"2025-04-24T13:00:27","guid":{"rendered":"https:\/\/keluvo.com\/no\/produkt\/sammenleggbar-handlevogn\/"},"modified":"2025-04-25T18:56:20","modified_gmt":"2025-04-25T16:56:20","slug":"sammenleggbar-handlevogn","status":"publish","type":"product","link":"https:\/\/keluvo.com\/no\/produkt\/sammenleggbar-handlevogn\/","title":{"rendered":"Sammenleggbar handlevogn"},"content":{"rendered":"<p style=\"text-align: center;\"><b>\ud83d\uded2 Din sammenleggbare venn for enkel shopping hvor som helst \ud83d\udc5c<\/b><\/p>\n<p style=\"text-align: center;\"><span style=\"font-weight: 400;\">B\u00e6r mer, stress mindre!<\/span><\/p>\n<p style=\"text-align: center;\">Denne lette og sammenleggbare vognen hjelper deg med \u00e5 b\u00e6re dagligvarer, kl\u00e6r eller andre varer uten \u00e5 skade hendene.<\/p>\n<p><img decoding=\"async\" class=\"size-full wp-image-15388 aligncenter\" src=\"https:\/\/keluvo.com\/template\/wp-content\/uploads\/sites\/5\/2025\/04\/foldableshoppingcart-ezgif.com-video-to-webp-converter.webp\" alt=\"\" \/><\/p>\n<h2 style=\"text-align: center;\">Lett \u00c5 B\u00e6re Og Brette.<\/h2>\n<p><span style=\"font-weight: 400;\">\u2714 Kan brukes som handlevogn, hengeveske eller h\u00e5ndveske<\/span><\/p>\n<p><span style=\"font-weight: 400;\">\u2714 <\/span><span style=\"font-weight: 400;\">Laget av sterkt oxford-materiale<\/span><\/p>\n<p><span style=\"font-weight: 400;\">\u2714 <\/span><span style=\"font-weight: 400;\">Rommer lett tunge gjenstander<\/span><\/p>\n<p><span style=\"font-weight: 400;\">\u2714 <\/span><span style=\"font-weight: 400;\">Flott for reiser, markedskj\u00f8ring eller daglige \u00e6render<\/span><\/p>\n<p><span style=\"font-weight: 400;\">\u2714 <\/span><span style=\"font-weight: 400;\">Kan brettes flatt for rask oppbevaring<\/span><\/p>\n<p><img decoding=\"async\" class=\"size-full wp-image-15394 aligncenter\" src=\"https:\/\/keluvo.com\/template\/wp-content\/uploads\/sites\/5\/2025\/04\/54bc6ee3-c15b-4aea-8da6-9f1e8c95288e.webp\" alt=\"\" \/><\/p>\n<p>&nbsp;<\/p>\n<h2 style=\"text-align: center;\">Handle Smart Og Spar Energi!<\/h2>\n<p style=\"text-align: center;\"><span style=\"font-weight: 400;\">Denne handlevognen gj\u00f8r livet enklere. Den er lett, sterk og kan forvandles til en veske du kan b\u00e6re eller henge opp. N\u00e5r du er ferdig, bretter du den sammen og oppbevarer den. Den er perfekt n\u00e5r du skal handle, g\u00e5 p\u00e5 markedet eller b\u00e6re rundt p\u00e5 ting. Perfekt for alle som \u00f8nsker \u00e5 handle smart og spare energi.<\/span><\/p>\n<h2 style=\"text-align: center;\">Hvordan Bruker Du Den?<\/h2>\n<p style=\"text-align: center;\"><b><\/b>\u00c5pne vognen og pakk varene dine inni. B\u00e6r den i h\u00e5ndtakene eller trekk den som en vogn. Etter bruk kan du brette den sammen og oppbevare den i bilen, skapet eller vesken.<\/p>\n<h2 style=\"text-align: center;\">Pakken Inkluderer:<\/h2>\n<ul>\n<li><b><\/b><span style=\"font-weight: 400;\"> 1 sammenleggbar handlevogn (27x12x46 cm, 0,4 kg).<\/span><\/li>\n<\/ul>\n","protected":false},"excerpt":{"rendered":"<p>\ud83d\uded2 Din sammenleggbare venn for enkel shopping hvor som helst \ud83d\udc5c B\u00e6r mer, stress mindre! Denne lette og sammenleggbare vognen [&hellip;]<\/p>\n","protected":false},"featured_media":15414,"comment_status":"open","ping_status":"closed","template":"","meta":{"site-sidebar-layout":"default","site-content-layout":"","ast-site-content-layout":"default","site-content-style":"default","site-sidebar-style":"default","ast-global-header-display":"","ast-banner-title-visibility":"","ast-main-header-display":"","ast-hfb-above-header-display":"","ast-hfb-below-header-display":"","ast-hfb-mobile-header-display":"","site-post-title":"","ast-breadcrumbs-content":"","ast-featured-img":"","footer-sml-layout":"","theme-transparent-header-meta":"default","adv-header-id-meta":"","stick-header-meta":"","header-above-stick-meta":"","header-main-stick-meta":"","header-below-stick-meta":"","astra-migrate-meta-layouts":"set","ast-page-background-enabled":"default","ast-page-background-meta":{"desktop":{"background-color":"var(--ast-global-color-4)","background-image":"","background-repeat":"repeat","background-position":"center center","background-size":"auto","background-attachment":"scroll","background-type":"","background-media":"","overlay-type":"","overlay-color":"","overlay-opacity":"","overlay-gradient":""},"tablet":{"background-color":"","background-image":"","background-repeat":"repeat","background-position":"center center","background-size":"auto","background-attachment":"scroll","background-type":"","background-media":"","overlay-type":"","overlay-color":"","overlay-opacity":"","overlay-gradient":""},"mobile":{"background-color":"","background-image":"","background-repeat":"repeat","background-position":"center center","background-size":"auto","background-attachment":"scroll","background-type":"","background-media":"","overlay-type":"","overlay-color":"","overlay-opacity":"","overlay-gradient":""}},"ast-content-background-meta":{"desktop":{"background-color":"var(--ast-global-color-5)","background-image":"","background-repeat":"repeat","background-position":"center center","background-size":"auto","background-attachment":"scroll","background-type":"","background-media":"","overlay-type":"","overlay-color":"","overlay-opacity":"","overlay-gradient":""},"tablet":{"background-color":"var(--ast-global-color-5)","background-image":"","background-repeat":"repeat","background-position":"center center","background-size":"auto","background-attachment":"scroll","background-type":"","background-media":"","overlay-type":"","overlay-color":"","overlay-opacity":"","overlay-gradient":""},"mobile":{"background-color":"var(--ast-global-color-5)","background-image":"","background-repeat":"repeat","background-position":"center center","background-size":"auto","background-attachment":"scroll","background-type":"","background-media":"","overlay-type":"","overlay-color":"","overlay-opacity":"","overlay-gradient":""}}},"product_brand":[],"product_cat":[1001],"product_tag":[],"class_list":{"0":"post-15417","1":"product","2":"type-product","3":"status-publish","4":"has-post-thumbnail","6":"product_cat-husholdningsartikler","7":"pa_22275_870kiq6a-bla","8":"pa_22275_870kiq6a-gronn","9":"pa_22275_870kiq6a-rod","10":"pa_22275_870kiq6a-svart","11":"desktop-align-left","12":"tablet-align-left","13":"mobile-align-left","15":"first","16":"instock","17":"shipping-taxable","18":"purchasable","19":"product-type-variable"},"_links":{"self":[{"href":"https:\/\/keluvo.com\/no\/wp-json\/wp\/v2\/product\/15417","targetHints":{"allow":["GET"]}}],"collection":[{"href":"https:\/\/keluvo.com\/no\/wp-json\/wp\/v2\/product"}],"about":[{"href":"https:\/\/keluvo.com\/no\/wp-json\/wp\/v2\/types\/product"}],"replies":[{"embeddable":true,"href":"https:\/\/keluvo.com\/no\/wp-json\/wp\/v2\/comments?post=15417"}],"wp:featuredmedia":[{"embeddable":true,"href":"https:\/\/keluvo.com\/no\/wp-json\/wp\/v2\/media\/15414"}],"wp:attachment":[{"href":"https:\/\/keluvo.com\/no\/wp-json\/wp\/v2\/media?parent=15417"}],"wp:term":[{"taxonomy":"product_brand","embeddable":true,"href":"https:\/\/keluvo.com\/no\/wp-json\/wp\/v2\/product_brand?post=15417"},{"taxonomy":"product_cat","embeddable":true,"href":"https:\/\/keluvo.com\/no\/wp-json\/wp\/v2\/product_cat?post=15417"},{"taxonomy":"product_tag","embeddable":true,"href":"https:\/\/keluvo.com\/no\/wp-json\/wp\/v2\/product_tag?post=15417"}],"curies":[{"name":"wp","href":"https:\/\/api.w.org\/{rel}","templated":true}]}}