{"id":15405,"date":"2025-04-24T14:54:57","date_gmt":"2025-04-24T12:54:57","guid":{"rendered":"https:\/\/keluvo.com\/no\/produkt\/slitesterk-midjeveske\/"},"modified":"2025-04-24T14:55:00","modified_gmt":"2025-04-24T12:55:00","slug":"slitesterk-midjeveske","status":"publish","type":"product","link":"https:\/\/keluvo.com\/no\/produkt\/slitesterk-midjeveske\/","title":{"rendered":"Slitesterk midjeveske"},"content":{"rendered":"<p style=\"text-align: center\"><b>\ud83d\udc50\ud83c\udffb En h\u00e5ndfri hjelper for hverdagslige ting! \ud83c\udf92<\/b><\/p>\n<p style=\"text-align: center\"><span style=\"font-weight: 400\">Denne midjevesken holder telefonen, kortene og n\u00f8klene dine trygge og lett tilgjengelige mens du reiser eller er ute og g\u00e5r.<\/span><\/p>\n<p><img decoding=\"async\" class=\"size-full wp-image-15595 aligncenter\" src=\"https:\/\/keluvo.com\/template\/wp-content\/uploads\/sites\/5\/2025\/04\/7df690b4-f99d-4f91-bb7f-63ab4aa69a61.webp\" alt=\"\" \/><\/p>\n<h2 style=\"text-align: center\">Perfekt for daglig bruk, reiser eller turer utend\u00f8rs<\/h2>\n<p><span style=\"font-weight: 400\">\u2714 Laget av sterkt og glatt pu-skinn<\/span><\/p>\n<p><span style=\"font-weight: 400\"> \u2714 Vannavvisende og ripebestandig<\/span><\/p>\n<p><span style=\"font-weight: 400\"> \u2714 Passer godt rundt midjen &#8211; myk og behagelig<\/span><\/p>\n<p><span style=\"font-weight: 400\"> \u2714 Har plass til telefon, kort, n\u00f8kler og mer<\/span><\/p>\n<p><span style=\"font-weight: 400\"> \u2714 Rask tilgang til dekselet slik at du ikke g\u00e5r glipp av en samtale<\/span><\/p>\n<p><span style=\"font-weight: 400\"> \u2714 Lommer i flere lag holder tingene organisert<\/span><\/p>\n<p><img decoding=\"async\" class=\"size-full wp-image-15592 aligncenter\" src=\"https:\/\/keluvo.com\/template\/wp-content\/uploads\/sites\/5\/2025\/04\/823ec997-711d-4918-b889-a16534c5d3e4.webp\" alt=\"\" \/><\/p>\n<h2 style=\"text-align: center\">Den har en lomme til alt<\/h2>\n<p style=\"text-align: center\"><span style=\"font-weight: 400\">Denne midjevesken gir deg plass til alle dine daglige behov i en liten, stilig pose. Den har en egen lomme for telefonen og plass til kort, n\u00f8kler og sm\u00e5ting. B\u00e6r den over beltet eller linningen for en elegant, h\u00e5ndfri look. Den er laget for \u00e5 vare og passer til alle antrekk.<\/span><\/p>\n<h2 style=\"text-align: center\">Pakken inneholder<\/h2>\n<ul>\n<li><b><\/b><span style=\"font-weight: 400\">1 multifunksjonell midjeoppbevaringspose (18,4 x 16,7 x 2 cm)<\/span><\/li>\n<\/ul>\n","protected":false},"excerpt":{"rendered":"<p>\ud83d\udc50\ud83c\udffb En h\u00e5ndfri hjelper for hverdagslige ting! \ud83c\udf92 Denne midjevesken holder telefonen, kortene og n\u00f8klene dine trygge og lett tilgjengelige [&hellip;]<\/p>\n","protected":false},"featured_media":15401,"comment_status":"open","ping_status":"closed","template":"","meta":{"site-sidebar-layout":"default","site-content-layout":"","ast-site-content-layout":"default","site-content-style":"default","site-sidebar-style":"default","ast-global-header-display":"","ast-banner-title-visibility":"","ast-main-header-display":"","ast-hfb-above-header-display":"","ast-hfb-below-header-display":"","ast-hfb-mobile-header-display":"","site-post-title":"","ast-breadcrumbs-content":"","ast-featured-img":"","footer-sml-layout":"","theme-transparent-header-meta":"default","adv-header-id-meta":"","stick-header-meta":"","header-above-stick-meta":"","header-main-stick-meta":"","header-below-stick-meta":"","astra-migrate-meta-layouts":"set","ast-page-background-enabled":"default","ast-page-background-meta":{"desktop":{"background-color":"var(--ast-global-color-4)","background-image":"","background-repeat":"repeat","background-position":"center center","background-size":"auto","background-attachment":"scroll","background-type":"","background-media":"","overlay-type":"","overlay-color":"","overlay-opacity":"","overlay-gradient":""},"tablet":{"background-color":"","background-image":"","background-repeat":"repeat","background-position":"center center","background-size":"auto","background-attachment":"scroll","background-type":"","background-media":"","overlay-type":"","overlay-color":"","overlay-opacity":"","overlay-gradient":""},"mobile":{"background-color":"","background-image":"","background-repeat":"repeat","background-position":"center center","background-size":"auto","background-attachment":"scroll","background-type":"","background-media":"","overlay-type":"","overlay-color":"","overlay-opacity":"","overlay-gradient":""}},"ast-content-background-meta":{"desktop":{"background-color":"var(--ast-global-color-5)","background-image":"","background-repeat":"repeat","background-position":"center center","background-size":"auto","background-attachment":"scroll","background-type":"","background-media":"","overlay-type":"","overlay-color":"","overlay-opacity":"","overlay-gradient":""},"tablet":{"background-color":"var(--ast-global-color-5)","background-image":"","background-repeat":"repeat","background-position":"center center","background-size":"auto","background-attachment":"scroll","background-type":"","background-media":"","overlay-type":"","overlay-color":"","overlay-opacity":"","overlay-gradient":""},"mobile":{"background-color":"var(--ast-global-color-5)","background-image":"","background-repeat":"repeat","background-position":"center center","background-size":"auto","background-attachment":"scroll","background-type":"","background-media":"","overlay-type":"","overlay-color":"","overlay-opacity":"","overlay-gradient":""}}},"product_brand":[],"product_cat":[994,995],"product_tag":[],"class_list":{"0":"post-15405","1":"product","2":"type-product","3":"status-publish","4":"has-post-thumbnail","6":"product_cat-klaer-til-kvinner","7":"product_cat-klaer-til-menn","8":"pa_30711_ezubfk48-brun","9":"pa_30711_ezubfk48-svart","10":"desktop-align-left","11":"tablet-align-left","12":"mobile-align-left","14":"first","15":"instock","16":"shipping-taxable","17":"purchasable","18":"product-type-variable"},"_links":{"self":[{"href":"https:\/\/keluvo.com\/no\/wp-json\/wp\/v2\/product\/15405","targetHints":{"allow":["GET"]}}],"collection":[{"href":"https:\/\/keluvo.com\/no\/wp-json\/wp\/v2\/product"}],"about":[{"href":"https:\/\/keluvo.com\/no\/wp-json\/wp\/v2\/types\/product"}],"replies":[{"embeddable":true,"href":"https:\/\/keluvo.com\/no\/wp-json\/wp\/v2\/comments?post=15405"}],"wp:featuredmedia":[{"embeddable":true,"href":"https:\/\/keluvo.com\/no\/wp-json\/wp\/v2\/media\/15401"}],"wp:attachment":[{"href":"https:\/\/keluvo.com\/no\/wp-json\/wp\/v2\/media?parent=15405"}],"wp:term":[{"taxonomy":"product_brand","embeddable":true,"href":"https:\/\/keluvo.com\/no\/wp-json\/wp\/v2\/product_brand?post=15405"},{"taxonomy":"product_cat","embeddable":true,"href":"https:\/\/keluvo.com\/no\/wp-json\/wp\/v2\/product_cat?post=15405"},{"taxonomy":"product_tag","embeddable":true,"href":"https:\/\/keluvo.com\/no\/wp-json\/wp\/v2\/product_tag?post=15405"}],"curies":[{"name":"wp","href":"https:\/\/api.w.org\/{rel}","templated":true}]}}