{"id":15400,"date":"2025-04-24T14:54:28","date_gmt":"2025-04-24T12:54:28","guid":{"rendered":"https:\/\/keluvo.com\/no\/produkt\/torkestativ-for-oppvask\/"},"modified":"2025-04-24T14:54:28","modified_gmt":"2025-04-24T12:54:28","slug":"torkestativ-for-oppvask","status":"publish","type":"product","link":"https:\/\/keluvo.com\/no\/produkt\/torkestativ-for-oppvask\/","title":{"rendered":"T\u00f8rkestativ for oppvask"},"content":{"rendered":"<p style=\"text-align: center\"><b>\ud83c\udf7d En sammenleggbar hjelper for rask og enkel kj\u00f8kkenopprydding! \ud83e\uddfc<\/b><\/p>\n<p style=\"text-align: center\"><span style=\"font-weight: 400\">Dette smarte t\u00f8rkestativet har plass til tallerkener, kopper og redskaper og kan brettes flatt n\u00e5r det ikke er i bruk for \u00e5 spare plass.<\/span><\/p>\n<p><img decoding=\"async\" class=\"size-full wp-image-15529 aligncenter\" src=\"https:\/\/keluvo.com\/template\/wp-content\/uploads\/sites\/5\/2025\/04\/dishrack-ezgif.com-video-to-webp-converter.webp\" alt=\"\" \/><\/p>\n<h2 style=\"text-align: center\">Brettes Og \u00c5pnes Enkelt For \u00c5 Spare Plass<\/h2>\n<p><span style=\"font-weight: 400\">\u2714 Laget av trygt, giftfritt materiale<\/span><\/p>\n<p><span style=\"font-weight: 400\"> \u2714 Stort nok til \u00e5 holde mange tallerkener<\/span><\/p>\n<p><span style=\"font-weight: 400\"> \u2714 Har et spesielt sted for skjeer og gafler<\/span><\/p>\n<p><span style=\"font-weight: 400\"> \u2714 Lett og lett \u00e5 b\u00e6re<\/span><\/p>\n<p><span style=\"font-weight: 400\"> \u2714 Holder benken ren og t\u00f8rr<\/span><\/p>\n<p><img decoding=\"async\" class=\"size-full wp-image-15534 aligncenter\" src=\"https:\/\/keluvo.com\/template\/wp-content\/uploads\/sites\/5\/2025\/04\/8ef9e0bc-bec6-48f7-b781-cd2d4b1ad048.webp\" alt=\"\" \/><\/p>\n<h2 style=\"text-align: center\">Great For Sm\u00e5 Kj\u00f8kken Eller Store Familier.<\/h2>\n<p style=\"text-align: center\"><span style=\"font-weight: 400\">Dette oppvaskt\u00f8rkestativet er perfekt for ethvert kj\u00f8kken. Det er sterkt, fleksibelt og kan brettes sammen n\u00e5r du er ferdig med \u00e5 bruke det. De innebygde seksjonene holder alt p\u00e5 plass, slik at oppvasken t\u00f8rker raskere og holder seg organisert. Bruk det sammen med en t\u00f8rkematte eller et avrenningsbrett for enda bedre resultater.<\/span><\/p>\n<h2 style=\"text-align: center\">Slik Bruker Du Det:<\/h2>\n<p style=\"text-align: center\"><b><\/b><span style=\"font-weight: 400\">\u00c5pne stativet og plasser det p\u00e5 benken eller p\u00e5 t\u00f8rkematten. Sett tallerkener, kopper og redskaper p\u00e5 de riktige plassene. La dem luftt\u00f8rke. N\u00e5r du er ferdig, bretter du det flatt sammen og oppbevarer det.<\/span><\/p>\n<h2 style=\"text-align: center\">Pakken Inneholder:<\/h2>\n<ul>\n<li><b><\/b><span style=\"font-weight: 400\">1 sammenleggbart t\u00f8rkestativ for oppvask (36,5&#215;31,5&#215;13 cm utfoldet, 5,5 cm sammenfoldet).<\/span><\/li>\n<\/ul>\n","protected":false},"excerpt":{"rendered":"<p>\ud83c\udf7d En sammenleggbar hjelper for rask og enkel kj\u00f8kkenopprydding! \ud83e\uddfc Dette smarte t\u00f8rkestativet har plass til tallerkener, kopper og redskaper [&hellip;]<\/p>\n","protected":false},"featured_media":15396,"comment_status":"open","ping_status":"closed","template":"","meta":{"site-sidebar-layout":"default","site-content-layout":"","ast-site-content-layout":"default","site-content-style":"default","site-sidebar-style":"default","ast-global-header-display":"","ast-banner-title-visibility":"","ast-main-header-display":"","ast-hfb-above-header-display":"","ast-hfb-below-header-display":"","ast-hfb-mobile-header-display":"","site-post-title":"","ast-breadcrumbs-content":"","ast-featured-img":"","footer-sml-layout":"","theme-transparent-header-meta":"default","adv-header-id-meta":"","stick-header-meta":"","header-above-stick-meta":"","header-main-stick-meta":"","header-below-stick-meta":"","astra-migrate-meta-layouts":"set","ast-page-background-enabled":"default","ast-page-background-meta":{"desktop":{"background-color":"var(--ast-global-color-4)","background-image":"","background-repeat":"repeat","background-position":"center center","background-size":"auto","background-attachment":"scroll","background-type":"","background-media":"","overlay-type":"","overlay-color":"","overlay-opacity":"","overlay-gradient":""},"tablet":{"background-color":"","background-image":"","background-repeat":"repeat","background-position":"center center","background-size":"auto","background-attachment":"scroll","background-type":"","background-media":"","overlay-type":"","overlay-color":"","overlay-opacity":"","overlay-gradient":""},"mobile":{"background-color":"","background-image":"","background-repeat":"repeat","background-position":"center center","background-size":"auto","background-attachment":"scroll","background-type":"","background-media":"","overlay-type":"","overlay-color":"","overlay-opacity":"","overlay-gradient":""}},"ast-content-background-meta":{"desktop":{"background-color":"var(--ast-global-color-5)","background-image":"","background-repeat":"repeat","background-position":"center center","background-size":"auto","background-attachment":"scroll","background-type":"","background-media":"","overlay-type":"","overlay-color":"","overlay-opacity":"","overlay-gradient":""},"tablet":{"background-color":"var(--ast-global-color-5)","background-image":"","background-repeat":"repeat","background-position":"center center","background-size":"auto","background-attachment":"scroll","background-type":"","background-media":"","overlay-type":"","overlay-color":"","overlay-opacity":"","overlay-gradient":""},"mobile":{"background-color":"var(--ast-global-color-5)","background-image":"","background-repeat":"repeat","background-position":"center center","background-size":"auto","background-attachment":"scroll","background-type":"","background-media":"","overlay-type":"","overlay-color":"","overlay-opacity":"","overlay-gradient":""}}},"product_brand":[],"product_cat":[1001],"product_tag":[],"class_list":{"0":"post-15400","1":"product","2":"type-product","3":"status-publish","4":"has-post-thumbnail","6":"product_cat-husholdningsartikler","7":"desktop-align-left","8":"tablet-align-left","9":"mobile-align-left","11":"first","12":"instock","13":"shipping-taxable","14":"purchasable","15":"product-type-simple"},"_links":{"self":[{"href":"https:\/\/keluvo.com\/no\/wp-json\/wp\/v2\/product\/15400","targetHints":{"allow":["GET"]}}],"collection":[{"href":"https:\/\/keluvo.com\/no\/wp-json\/wp\/v2\/product"}],"about":[{"href":"https:\/\/keluvo.com\/no\/wp-json\/wp\/v2\/types\/product"}],"replies":[{"embeddable":true,"href":"https:\/\/keluvo.com\/no\/wp-json\/wp\/v2\/comments?post=15400"}],"wp:featuredmedia":[{"embeddable":true,"href":"https:\/\/keluvo.com\/no\/wp-json\/wp\/v2\/media\/15396"}],"wp:attachment":[{"href":"https:\/\/keluvo.com\/no\/wp-json\/wp\/v2\/media?parent=15400"}],"wp:term":[{"taxonomy":"product_brand","embeddable":true,"href":"https:\/\/keluvo.com\/no\/wp-json\/wp\/v2\/product_brand?post=15400"},{"taxonomy":"product_cat","embeddable":true,"href":"https:\/\/keluvo.com\/no\/wp-json\/wp\/v2\/product_cat?post=15400"},{"taxonomy":"product_tag","embeddable":true,"href":"https:\/\/keluvo.com\/no\/wp-json\/wp\/v2\/product_tag?post=15400"}],"curies":[{"name":"wp","href":"https:\/\/api.w.org\/{rel}","templated":true}]}}