{"id":15389,"date":"2025-04-24T14:54:00","date_gmt":"2025-04-24T12:54:00","guid":{"rendered":"https:\/\/keluvo.com\/no\/produkt\/belte\/"},"modified":"2025-04-25T18:52:01","modified_gmt":"2025-04-25T16:52:01","slug":"belte","status":"publish","type":"product","link":"https:\/\/keluvo.com\/no\/produkt\/belte\/","title":{"rendered":"Belte"},"content":{"rendered":"<p style=\"text-align: center;\"><b>\ud83d\udc57 En stilig m\u00e5te \u00e5 forme midjen p\u00e5 og oppgradere antrekket ditt \ud83d\udd25<\/b><\/p>\n<p style=\"text-align: center;\"><span style=\"font-weight: 400;\">Dette vevde beltet passer til alle midjest\u00f8rrelser og gir sjarm til ethvert utseende. Det er sterkt, mykt og lett \u00e5 bruke<\/span><\/p>\n<p><img decoding=\"async\" class=\"size-full wp-image-15472 aligncenter\" src=\"https:\/\/keluvo.com\/template\/wp-content\/uploads\/sites\/5\/2025\/04\/925fbd1c-e7d8-42e3-a900-6154b6eb2605.webp\" alt=\"\" \/><\/p>\n<h2 style=\"text-align: center;\">Laget Av Sterk Bomull Og Lin For Langvarig Bruk<\/h2>\n<p><span style=\"font-weight: 400;\"> \u2714 Justeres enkelt for \u00e5 passe midjen din<\/span><\/p>\n<p><span style=\"font-weight: 400;\"> \u2714 Vevd design gir tekstur og moteriktig utseende<\/span><\/p>\n<p><span style=\"font-weight: 400;\"> \u2714 Passer til b\u00e5de uformelle og formelle antrekk<\/span><\/p>\n<p><span style=\"font-weight: 400;\"> \u2714 Hjelper deg med \u00e5 forme midjen for et slankt utseende<\/span><\/p>\n<p><span style=\"font-weight: 400;\"> \u2714 Komfortabelt og lett for bruk hele dagen<\/span><\/p>\n<p><img decoding=\"async\" class=\"size-full wp-image-15475 aligncenter\" src=\"https:\/\/keluvo.com\/template\/wp-content\/uploads\/sites\/5\/2025\/04\/dca0e81e-6a8d-4604-bac4-09abe8049833.webp\" alt=\"\" \/><\/p>\n<h2 style=\"text-align: center;\">Bruk Det Til Alt<\/h2>\n<p style=\"text-align: center;\">Dette beltet er b\u00e5de nyttig og vakkert. Det er laget med omhu og fin veving som gir stilen din en helt spesiell touch. Bruk det til kjoler, bukser eller skjorter for \u00e5 fremheve formene dine og tilf\u00f8re ekstra sjarm. Perfekt til hverdagsbruk eller spesielle anledninger.<\/p>\n<h2 style=\"text-align: center;\">Pakken Inneholder<\/h2>\n<ul>\n<li><b><\/b><span style=\"font-weight: 400;\">1 vevd belte i bomull og lin (105&#215;4 cm) i din valgte farge<\/span><\/li>\n<\/ul>\n","protected":false},"excerpt":{"rendered":"<p>\ud83d\udc57 En stilig m\u00e5te \u00e5 forme midjen p\u00e5 og oppgradere antrekket ditt \ud83d\udd25 Dette vevde beltet passer til alle midjest\u00f8rrelser [&hellip;]<\/p>\n","protected":false},"featured_media":15385,"comment_status":"open","ping_status":"closed","template":"","meta":{"site-sidebar-layout":"default","site-content-layout":"","ast-site-content-layout":"default","site-content-style":"default","site-sidebar-style":"default","ast-global-header-display":"","ast-banner-title-visibility":"","ast-main-header-display":"","ast-hfb-above-header-display":"","ast-hfb-below-header-display":"","ast-hfb-mobile-header-display":"","site-post-title":"","ast-breadcrumbs-content":"","ast-featured-img":"","footer-sml-layout":"","theme-transparent-header-meta":"default","adv-header-id-meta":"","stick-header-meta":"","header-above-stick-meta":"","header-main-stick-meta":"","header-below-stick-meta":"","astra-migrate-meta-layouts":"set","ast-page-background-enabled":"default","ast-page-background-meta":{"desktop":{"background-color":"var(--ast-global-color-4)","background-image":"","background-repeat":"repeat","background-position":"center center","background-size":"auto","background-attachment":"scroll","background-type":"","background-media":"","overlay-type":"","overlay-color":"","overlay-opacity":"","overlay-gradient":""},"tablet":{"background-color":"","background-image":"","background-repeat":"repeat","background-position":"center center","background-size":"auto","background-attachment":"scroll","background-type":"","background-media":"","overlay-type":"","overlay-color":"","overlay-opacity":"","overlay-gradient":""},"mobile":{"background-color":"","background-image":"","background-repeat":"repeat","background-position":"center center","background-size":"auto","background-attachment":"scroll","background-type":"","background-media":"","overlay-type":"","overlay-color":"","overlay-opacity":"","overlay-gradient":""}},"ast-content-background-meta":{"desktop":{"background-color":"var(--ast-global-color-5)","background-image":"","background-repeat":"repeat","background-position":"center center","background-size":"auto","background-attachment":"scroll","background-type":"","background-media":"","overlay-type":"","overlay-color":"","overlay-opacity":"","overlay-gradient":""},"tablet":{"background-color":"var(--ast-global-color-5)","background-image":"","background-repeat":"repeat","background-position":"center center","background-size":"auto","background-attachment":"scroll","background-type":"","background-media":"","overlay-type":"","overlay-color":"","overlay-opacity":"","overlay-gradient":""},"mobile":{"background-color":"var(--ast-global-color-5)","background-image":"","background-repeat":"repeat","background-position":"center center","background-size":"auto","background-attachment":"scroll","background-type":"","background-media":"","overlay-type":"","overlay-color":"","overlay-opacity":"","overlay-gradient":""}}},"product_brand":[],"product_cat":[994,15],"product_tag":[],"class_list":{"0":"post-15389","1":"product","2":"type-product","3":"status-publish","4":"has-post-thumbnail","6":"product_cat-klaer-til-kvinner","7":"product_cat-uncategorized","8":"pa_16642_iiggtlck-gull","9":"pa_16642_iiggtlck-hvit","10":"pa_16642_iiggtlck-kamel","11":"desktop-align-left","12":"tablet-align-left","13":"mobile-align-left","15":"first","16":"instock","17":"shipping-taxable","18":"purchasable","19":"product-type-variable"},"_links":{"self":[{"href":"https:\/\/keluvo.com\/no\/wp-json\/wp\/v2\/product\/15389","targetHints":{"allow":["GET"]}}],"collection":[{"href":"https:\/\/keluvo.com\/no\/wp-json\/wp\/v2\/product"}],"about":[{"href":"https:\/\/keluvo.com\/no\/wp-json\/wp\/v2\/types\/product"}],"replies":[{"embeddable":true,"href":"https:\/\/keluvo.com\/no\/wp-json\/wp\/v2\/comments?post=15389"}],"wp:featuredmedia":[{"embeddable":true,"href":"https:\/\/keluvo.com\/no\/wp-json\/wp\/v2\/media\/15385"}],"wp:attachment":[{"href":"https:\/\/keluvo.com\/no\/wp-json\/wp\/v2\/media?parent=15389"}],"wp:term":[{"taxonomy":"product_brand","embeddable":true,"href":"https:\/\/keluvo.com\/no\/wp-json\/wp\/v2\/product_brand?post=15389"},{"taxonomy":"product_cat","embeddable":true,"href":"https:\/\/keluvo.com\/no\/wp-json\/wp\/v2\/product_cat?post=15389"},{"taxonomy":"product_tag","embeddable":true,"href":"https:\/\/keluvo.com\/no\/wp-json\/wp\/v2\/product_tag?post=15389"}],"curies":[{"name":"wp","href":"https:\/\/api.w.org\/{rel}","templated":true}]}}