{"id":15341,"date":"2025-04-24T14:52:35","date_gmt":"2025-04-24T12:52:35","guid":{"rendered":"https:\/\/keluvo.com\/no\/produkt\/sky-harspenne\/"},"modified":"2025-04-24T14:52:57","modified_gmt":"2025-04-24T12:52:57","slug":"sky-harspenne","status":"publish","type":"product","link":"https:\/\/keluvo.com\/no\/produkt\/sky-harspenne\/","title":{"rendered":"Sky h\u00e5rspenne"},"content":{"rendered":"<p style=\"text-align: center\"><b>\ud83d\udc71\ud83c\udffb\u200d\u2640\ufe0f En s\u00f8t og fargerik m\u00e5te \u00e5 holde h\u00e5ret pent og morsomt p\u00e5 \ud83d\udcce<\/b><\/p>\n<p style=\"text-align: center\"><span style=\"font-weight: 400\">Disse morsomme h\u00e5rspennene gir farge og stil til h\u00e5ret ditt samtidig som de holder det p\u00e5 plass hele dagen.<\/span><\/p>\n<p><img decoding=\"async\" class=\"size-full wp-image-15494 aligncenter\" src=\"https:\/\/keluvo.com\/template\/wp-content\/uploads\/sites\/5\/2025\/01\/clip-ezgif.com-video-to-webp-converter.webp\" alt=\"\" \/><\/p>\n<h2 style=\"text-align: center\">Fungerer Med Tykt, Tynt, Rett, Eller Kr\u00f8llete H\u00e5r<\/h2>\n<p><span style=\"font-weight: 400\">\u2714 Laget av sterkt metall med glatt gummibelegg<\/span><\/p>\n<p><span style=\"font-weight: 400\"> \u2714 Holder h\u00e5ret p\u00e5 plass uten \u00e5 skli eller dra<\/span><\/p>\n<p><span style=\"font-weight: 400\"> \u2714 Perfekt til daglig bruk, fest eller spesielle arrangementer<\/span><\/p>\n<p><span style=\"font-weight: 400\"> \u2714 Morsom gave til jenter, venner eller familie<\/span><\/p>\n<p><img decoding=\"async\" class=\"alignnone size-medium wp-image-8981 aligncenter\" src=\"https:\/\/keluvo.com\/template\/wp-content\/uploads\/sites\/5\/2025\/01\/Sa092016a9f4c4a7fab9f708b6f44cffbt.jpg_960x960q75.jpg_.jpeg\" alt=\"\" \/><\/p>\n<h2 style=\"text-align: center\">H\u00e5rspennene Holder H\u00e5ret P\u00e5 Plass Uten \u00c5 Gj\u00f8re Vondt I Hodet!<\/h2>\n<p style=\"text-align: center\"><span style=\"font-weight: 400\">Disse stjerne- og skyformede spennene gj\u00f8r enhver frisyre bedre. De er myke \u00e5 ta p\u00e5, enkle \u00e5 \u00e5pne og lukke og holder seg p\u00e5 plass uten \u00e5 skade hodet. Bruk dem p\u00e5 skolen, p\u00e5 fritiden eller til spesielle arrangementer. De f\u00e5r deg til \u00e5 se s\u00f8t, morsom og klar for hva som helst.<\/span><\/p>\n<p><img decoding=\"async\" class=\"alignnone size-medium wp-image-8978 aligncenter\" src=\"https:\/\/keluvo.com\/template\/wp-content\/uploads\/sites\/5\/2025\/01\/S560c97d8643d4629b5ea906d61dc95a34.jpg_960x960q75.jpg_.jpeg\" alt=\"\" \/><\/p>\n<h2 style=\"text-align: center\">Pakken Inneholder<\/h2>\n<ul>\n<li><b><\/b><span style=\"font-weight: 400\">Fargerike h\u00e5rspenner i \u00f8nsket antall og farge.<\/span><\/li>\n<\/ul>\n","protected":false},"excerpt":{"rendered":"<p>\ud83d\udc71\ud83c\udffb\u200d\u2640\ufe0f En s\u00f8t og fargerik m\u00e5te \u00e5 holde h\u00e5ret pent og morsomt p\u00e5 \ud83d\udcce Disse morsomme h\u00e5rspennene gir farge og [&hellip;]<\/p>\n","protected":false},"featured_media":15337,"comment_status":"open","ping_status":"closed","template":"","meta":{"site-sidebar-layout":"default","site-content-layout":"","ast-site-content-layout":"default","site-content-style":"default","site-sidebar-style":"default","ast-global-header-display":"","ast-banner-title-visibility":"","ast-main-header-display":"","ast-hfb-above-header-display":"","ast-hfb-below-header-display":"","ast-hfb-mobile-header-display":"","site-post-title":"","ast-breadcrumbs-content":"","ast-featured-img":"","footer-sml-layout":"","theme-transparent-header-meta":"default","adv-header-id-meta":"","stick-header-meta":"","header-above-stick-meta":"","header-main-stick-meta":"","header-below-stick-meta":"","astra-migrate-meta-layouts":"set","ast-page-background-enabled":"default","ast-page-background-meta":{"desktop":{"background-color":"var(--ast-global-color-4)","background-image":"","background-repeat":"repeat","background-position":"center center","background-size":"auto","background-attachment":"scroll","background-type":"","background-media":"","overlay-type":"","overlay-color":"","overlay-opacity":"","overlay-gradient":""},"tablet":{"background-color":"","background-image":"","background-repeat":"repeat","background-position":"center center","background-size":"auto","background-attachment":"scroll","background-type":"","background-media":"","overlay-type":"","overlay-color":"","overlay-opacity":"","overlay-gradient":""},"mobile":{"background-color":"","background-image":"","background-repeat":"repeat","background-position":"center center","background-size":"auto","background-attachment":"scroll","background-type":"","background-media":"","overlay-type":"","overlay-color":"","overlay-opacity":"","overlay-gradient":""}},"ast-content-background-meta":{"desktop":{"background-color":"var(--ast-global-color-5)","background-image":"","background-repeat":"repeat","background-position":"center center","background-size":"auto","background-attachment":"scroll","background-type":"","background-media":"","overlay-type":"","overlay-color":"","overlay-opacity":"","overlay-gradient":""},"tablet":{"background-color":"var(--ast-global-color-5)","background-image":"","background-repeat":"repeat","background-position":"center center","background-size":"auto","background-attachment":"scroll","background-type":"","background-media":"","overlay-type":"","overlay-color":"","overlay-opacity":"","overlay-gradient":""},"mobile":{"background-color":"var(--ast-global-color-5)","background-image":"","background-repeat":"repeat","background-position":"center center","background-size":"auto","background-attachment":"scroll","background-type":"","background-media":"","overlay-type":"","overlay-color":"","overlay-opacity":"","overlay-gradient":""}}},"product_brand":[],"product_cat":[993],"product_tag":[],"class_list":{"0":"post-15341","1":"product","2":"type-product","3":"status-publish","4":"has-post-thumbnail","6":"product_cat-skotoy-tilbehor","7":"pa_36551_dqcdn7ro-brun","8":"pa_36551_dqcdn7ro-gronn","9":"pa_36551_dqcdn7ro-oransje","10":"pa_36551_dqcdn7ro-rosa","11":"pa_36551_dqcdn7ro-svart","12":"pa_36551_fdpckkkf-1-stk","13":"pa_36551_fdpckkkf-2-stk","14":"pa_36551_fdpckkkf-5-stk","15":"desktop-align-left","16":"tablet-align-left","17":"mobile-align-left","19":"first","20":"instock","21":"shipping-taxable","22":"purchasable","23":"product-type-variable","24":"has-default-attributes"},"_links":{"self":[{"href":"https:\/\/keluvo.com\/no\/wp-json\/wp\/v2\/product\/15341","targetHints":{"allow":["GET"]}}],"collection":[{"href":"https:\/\/keluvo.com\/no\/wp-json\/wp\/v2\/product"}],"about":[{"href":"https:\/\/keluvo.com\/no\/wp-json\/wp\/v2\/types\/product"}],"replies":[{"embeddable":true,"href":"https:\/\/keluvo.com\/no\/wp-json\/wp\/v2\/comments?post=15341"}],"wp:featuredmedia":[{"embeddable":true,"href":"https:\/\/keluvo.com\/no\/wp-json\/wp\/v2\/media\/15337"}],"wp:attachment":[{"href":"https:\/\/keluvo.com\/no\/wp-json\/wp\/v2\/media?parent=15341"}],"wp:term":[{"taxonomy":"product_brand","embeddable":true,"href":"https:\/\/keluvo.com\/no\/wp-json\/wp\/v2\/product_brand?post=15341"},{"taxonomy":"product_cat","embeddable":true,"href":"https:\/\/keluvo.com\/no\/wp-json\/wp\/v2\/product_cat?post=15341"},{"taxonomy":"product_tag","embeddable":true,"href":"https:\/\/keluvo.com\/no\/wp-json\/wp\/v2\/product_tag?post=15341"}],"curies":[{"name":"wp","href":"https:\/\/api.w.org\/{rel}","templated":true}]}}