{"id":15332,"date":"2025-04-24T14:50:29","date_gmt":"2025-04-24T12:50:29","guid":{"rendered":"https:\/\/keluvo.com\/no\/produkt\/solfontene\/"},"modified":"2025-04-24T14:50:33","modified_gmt":"2025-04-24T12:50:33","slug":"solfontene","status":"publish","type":"product","link":"https:\/\/keluvo.com\/no\/produkt\/solfontene\/","title":{"rendered":"Solfontene"},"content":{"rendered":"<p style=\"text-align: center\"><b>\ud83c\udf0a Et flytende vannshow drevet av solen \u2600<\/b><\/p>\n<p style=\"text-align: center\"><span style=\"font-weight: 400\">Denne solfontenen gir liv til fuglebadet, dammen eller bassenget ditt. Den drives av sollys og gir en morsom, bevegelig vanneffekt som alle vil elske.<\/span><\/p>\n<p><img decoding=\"async\" class=\"size-full wp-image-15485 aligncenter\" src=\"https:\/\/keluvo.com\/template\/wp-content\/uploads\/sites\/5\/2025\/01\/fountaint-ezgif.com-video-to-webp-converter.webp\" alt=\"\" \/><\/p>\n<h2 style=\"text-align: center\">Drives uten str\u00f8m &#8211; bare sollys<\/h2>\n<p><span style=\"font-weight: 400\">\u2714 Starter p\u00e5 sekunder n\u00e5r solen skinner<\/span><\/p>\n<p><span style=\"font-weight: 400\"> \u2714 Flyter p\u00e5 vannet &#8211; ingen ledninger, ingen problemer<\/span><\/p>\n<p><span style=\"font-weight: 400\"> \u2714 Tilf\u00f8rer skj\u00f8nnhet og bevegelse til fuglebad, dammer og hager<\/span><\/p>\n<p><span style=\"font-weight: 400\"> \u2714 Tiltrekker fugler og tilf\u00f8rer oksygen til vannet<\/span><\/p>\n<p><span style=\"font-weight: 400\"> \u2714 Enkel \u00e5 bruke og installere<\/span><\/p>\n<p><img decoding=\"async\" class=\"alignnone size-medium wp-image-8645 aligncenter\" src=\"https:\/\/keluvo.com\/template\/wp-content\/uploads\/sites\/5\/2025\/01\/S94960f747ce443969cbcaceaa8b2a93bE.jpg_960x960q75.jpg_.jpeg\" alt=\"\" \/><\/p>\n<h2 style=\"text-align: center\">Ingen s\u00f8l eller ledninger<\/h2>\n<p style=\"text-align: center\"><span style=\"font-weight: 400\">Denne flytende solfontenen er perfekt for alle som vil ha en vakker vannfunksjon uten s\u00f8l eller ledninger. Plasser den i solen, og den begynner \u00e5 sprute vann p\u00e5 sekunder. Den er perfekt for hager, fuglebad, akvarier eller sm\u00e5 dammer i hagen. Uterommet ditt vil se mer levende og fredelig ut.<\/span><\/p>\n<h2 style=\"text-align: center\">Hvordan du bruker den:<\/h2>\n<p style=\"text-align: center\"><b><\/b><span style=\"font-weight: 400\">Fyll fuglebadet eller dammen med vann. Plasser fontenen p\u00e5 toppen av vannet. S\u00f8rg for at den st\u00e5r i full sol. Fontenen vil begynne \u00e5 sprute av seg selv etter noen sekunder. Bruk de medf\u00f8lgende holderne for \u00e5 holde den p\u00e5 plass om n\u00f8dvendig.<\/span><\/p>\n<h2 style=\"text-align: center\">Pakken inkluderer:<\/h2>\n<ul>\n<li><b><\/b><span style=\"font-weight: 400\">1 flytende solfontenepumpe<\/span><\/li>\n<li><span style=\"font-weight: 400\"> 4 plastholdere for \u00e5 holde den p\u00e5 plass<\/span><\/li>\n<\/ul>\n","protected":false},"excerpt":{"rendered":"<p>\ud83c\udf0a Et flytende vannshow drevet av solen \u2600 Denne solfontenen gir liv til fuglebadet, dammen eller bassenget ditt. Den drives [&hellip;]<\/p>\n","protected":false},"featured_media":15328,"comment_status":"open","ping_status":"closed","template":"","meta":{"site-sidebar-layout":"default","site-content-layout":"","ast-site-content-layout":"default","site-content-style":"default","site-sidebar-style":"default","ast-global-header-display":"","ast-banner-title-visibility":"","ast-main-header-display":"","ast-hfb-above-header-display":"","ast-hfb-below-header-display":"","ast-hfb-mobile-header-display":"","site-post-title":"","ast-breadcrumbs-content":"","ast-featured-img":"","footer-sml-layout":"","theme-transparent-header-meta":"default","adv-header-id-meta":"","stick-header-meta":"","header-above-stick-meta":"","header-main-stick-meta":"","header-below-stick-meta":"","astra-migrate-meta-layouts":"set","ast-page-background-enabled":"default","ast-page-background-meta":{"desktop":{"background-color":"var(--ast-global-color-4)","background-image":"","background-repeat":"repeat","background-position":"center center","background-size":"auto","background-attachment":"scroll","background-type":"","background-media":"","overlay-type":"","overlay-color":"","overlay-opacity":"","overlay-gradient":""},"tablet":{"background-color":"","background-image":"","background-repeat":"repeat","background-position":"center center","background-size":"auto","background-attachment":"scroll","background-type":"","background-media":"","overlay-type":"","overlay-color":"","overlay-opacity":"","overlay-gradient":""},"mobile":{"background-color":"","background-image":"","background-repeat":"repeat","background-position":"center center","background-size":"auto","background-attachment":"scroll","background-type":"","background-media":"","overlay-type":"","overlay-color":"","overlay-opacity":"","overlay-gradient":""}},"ast-content-background-meta":{"desktop":{"background-color":"var(--ast-global-color-5)","background-image":"","background-repeat":"repeat","background-position":"center center","background-size":"auto","background-attachment":"scroll","background-type":"","background-media":"","overlay-type":"","overlay-color":"","overlay-opacity":"","overlay-gradient":""},"tablet":{"background-color":"var(--ast-global-color-5)","background-image":"","background-repeat":"repeat","background-position":"center center","background-size":"auto","background-attachment":"scroll","background-type":"","background-media":"","overlay-type":"","overlay-color":"","overlay-opacity":"","overlay-gradient":""},"mobile":{"background-color":"var(--ast-global-color-5)","background-image":"","background-repeat":"repeat","background-position":"center center","background-size":"auto","background-attachment":"scroll","background-type":"","background-media":"","overlay-type":"","overlay-color":"","overlay-opacity":"","overlay-gradient":""}}},"product_brand":[],"product_cat":[993],"product_tag":[],"class_list":{"0":"post-15332","1":"product","2":"type-product","3":"status-publish","4":"has-post-thumbnail","6":"product_cat-skotoy-tilbehor","7":"pa_39717_w9zwod46-13-cm","8":"pa_39717_w9zwod46-16-cm","9":"desktop-align-left","10":"tablet-align-left","11":"mobile-align-left","13":"first","14":"instock","15":"shipping-taxable","16":"purchasable","17":"product-type-variable"},"_links":{"self":[{"href":"https:\/\/keluvo.com\/no\/wp-json\/wp\/v2\/product\/15332","targetHints":{"allow":["GET"]}}],"collection":[{"href":"https:\/\/keluvo.com\/no\/wp-json\/wp\/v2\/product"}],"about":[{"href":"https:\/\/keluvo.com\/no\/wp-json\/wp\/v2\/types\/product"}],"replies":[{"embeddable":true,"href":"https:\/\/keluvo.com\/no\/wp-json\/wp\/v2\/comments?post=15332"}],"wp:featuredmedia":[{"embeddable":true,"href":"https:\/\/keluvo.com\/no\/wp-json\/wp\/v2\/media\/15328"}],"wp:attachment":[{"href":"https:\/\/keluvo.com\/no\/wp-json\/wp\/v2\/media?parent=15332"}],"wp:term":[{"taxonomy":"product_brand","embeddable":true,"href":"https:\/\/keluvo.com\/no\/wp-json\/wp\/v2\/product_brand?post=15332"},{"taxonomy":"product_cat","embeddable":true,"href":"https:\/\/keluvo.com\/no\/wp-json\/wp\/v2\/product_cat?post=15332"},{"taxonomy":"product_tag","embeddable":true,"href":"https:\/\/keluvo.com\/no\/wp-json\/wp\/v2\/product_tag?post=15332"}],"curies":[{"name":"wp","href":"https:\/\/api.w.org\/{rel}","templated":true}]}}