{"id":15322,"date":"2025-04-24T14:45:38","date_gmt":"2025-04-24T12:45:38","guid":{"rendered":"https:\/\/keluvo.com\/no\/produkt\/perlesmykke-sett\/"},"modified":"2025-04-25T18:54:25","modified_gmt":"2025-04-25T16:54:25","slug":"perlesmykke-sett","status":"publish","type":"product","link":"https:\/\/keluvo.com\/no\/produkt\/perlesmykke-sett\/","title":{"rendered":"Perlesmykke-sett"},"content":{"rendered":"<p style=\"text-align: center;\"><b>\ud83c\udf08 En morsom og fargerik m\u00e5te \u00e5 lage smykker p\u00e5 hjemme \ud83d\udc8d<\/b><\/p>\n<p style=\"text-align: center;\">Med dette fargerike og lekne perlesettet kan barna enkelt lage sine egne halskjeder, armb\u00e5nd og mye mer med glede.<\/p>\n<p><img decoding=\"async\" class=\"size-full wp-image-15447 aligncenter\" src=\"https:\/\/keluvo.com\/template\/wp-content\/uploads\/sites\/5\/2025\/04\/3142fb1c-8d93-4d3e-9856-797e882e255c-ezgif.com-gif-to-webp-converter.webp\" alt=\"\" \/><\/p>\n<h2 style=\"text-align: center;\"><strong>Morsomt Og Trygt For Barn Fra 3 \u00c5r Og Oppover<\/strong><\/h2>\n<p><span style=\"font-weight: 400;\">\u2714 188 fargerike perler i mange former og st\u00f8rrelser<\/span><\/p>\n<p><span style=\"font-weight: 400;\"> \u2714 Lett \u00e5 sette sammen uten snor eller verkt\u00f8y<\/span><\/p>\n<p><span style=\"font-weight: 400;\"> \u2714 Styrker kreativiteten og h\u00e5nd-\u00f8ye-koordinasjonen<\/span><\/p>\n<p><span style=\"font-weight: 400;\"> \u2714 Hjelper barna med \u00e5 l\u00e6re farger, former og design<\/span><\/p>\n<p><span style=\"font-weight: 400;\"> \u2714 Leveres med en eske for \u00e5 holde orden p\u00e5 alt<\/span><\/p>\n<p><img decoding=\"async\" class=\"size-full wp-image-15444 aligncenter\" src=\"https:\/\/keluvo.com\/template\/wp-content\/uploads\/sites\/5\/2025\/04\/36a954e4-efd6-483f-8f82-de80d0e55577.webp\" alt=\"\" \/><\/p>\n<p>&nbsp;<\/p>\n<h2 style=\"text-align: center;\">Uendelige Design<\/h2>\n<p style=\"text-align: center;\"><span style=\"font-weight: 400;\">Dette perlesettet er perfekt for barn som elsker \u00e5 skape. Hver perle har et hull slik at den enkelt kan kobles sammen med de andre. Barna kan lage smykker om og om igjen med uendelig mange design. Perfekt for lek alene eller sammen med venner. Dette settet er ikke bare morsomt, det er ogs\u00e5 en fin m\u00e5te \u00e5 utvikle finmotorikken og fantasien p\u00e5.<\/span><\/p>\n<h2 style=\"text-align: center;\">Hvordan Bruker Du Det?<\/h2>\n<p style=\"text-align: center;\"><b><\/b>\u00c5pne oppbevaringsboksen og velg dine favorittperler. Sett dem sammen ved \u00e5 stikke hullene i hverandre. Lag et armb\u00e5nd, et halskjede eller til og med en ring. N\u00e5r du er ferdig, kan du ta dem fra hverandre og begynne p\u00e5 nytt.<\/p>\n<h2 style=\"text-align: center;\">Pakken Inneholder:<\/h2>\n<ul>\n<li><b><\/b><span style=\"font-weight: 400;\">188 pop-perler i en oppbevaringsboks<\/span><\/li>\n<li><span style=\"font-weight: 400;\"> 2 armb\u00e5nd<\/span><\/li>\n<li><span style=\"font-weight: 400;\"> 1 h\u00e5rb\u00e5nd<\/span><\/li>\n<\/ul>\n","protected":false},"excerpt":{"rendered":"<p>\ud83c\udf08 En morsom og fargerik m\u00e5te \u00e5 lage smykker p\u00e5 hjemme \ud83d\udc8d Med dette fargerike og lekne perlesettet kan barna [&hellip;]<\/p>\n","protected":false},"featured_media":15318,"comment_status":"open","ping_status":"closed","template":"","meta":{"site-sidebar-layout":"default","site-content-layout":"","ast-site-content-layout":"default","site-content-style":"default","site-sidebar-style":"default","ast-global-header-display":"","ast-banner-title-visibility":"","ast-main-header-display":"","ast-hfb-above-header-display":"","ast-hfb-below-header-display":"","ast-hfb-mobile-header-display":"","site-post-title":"","ast-breadcrumbs-content":"","ast-featured-img":"","footer-sml-layout":"","theme-transparent-header-meta":"default","adv-header-id-meta":"","stick-header-meta":"","header-above-stick-meta":"","header-main-stick-meta":"","header-below-stick-meta":"","astra-migrate-meta-layouts":"set","ast-page-background-enabled":"default","ast-page-background-meta":{"desktop":{"background-color":"var(--ast-global-color-4)","background-image":"","background-repeat":"repeat","background-position":"center center","background-size":"auto","background-attachment":"scroll","background-type":"","background-media":"","overlay-type":"","overlay-color":"","overlay-opacity":"","overlay-gradient":""},"tablet":{"background-color":"","background-image":"","background-repeat":"repeat","background-position":"center center","background-size":"auto","background-attachment":"scroll","background-type":"","background-media":"","overlay-type":"","overlay-color":"","overlay-opacity":"","overlay-gradient":""},"mobile":{"background-color":"","background-image":"","background-repeat":"repeat","background-position":"center center","background-size":"auto","background-attachment":"scroll","background-type":"","background-media":"","overlay-type":"","overlay-color":"","overlay-opacity":"","overlay-gradient":""}},"ast-content-background-meta":{"desktop":{"background-color":"var(--ast-global-color-5)","background-image":"","background-repeat":"repeat","background-position":"center center","background-size":"auto","background-attachment":"scroll","background-type":"","background-media":"","overlay-type":"","overlay-color":"","overlay-opacity":"","overlay-gradient":""},"tablet":{"background-color":"var(--ast-global-color-5)","background-image":"","background-repeat":"repeat","background-position":"center center","background-size":"auto","background-attachment":"scroll","background-type":"","background-media":"","overlay-type":"","overlay-color":"","overlay-opacity":"","overlay-gradient":""},"mobile":{"background-color":"var(--ast-global-color-5)","background-image":"","background-repeat":"repeat","background-position":"center center","background-size":"auto","background-attachment":"scroll","background-type":"","background-media":"","overlay-type":"","overlay-color":"","overlay-opacity":"","overlay-gradient":""}}},"product_brand":[],"product_cat":[990],"product_tag":[],"class_list":{"0":"post-15322","1":"product","2":"type-product","3":"status-publish","4":"has-post-thumbnail","6":"product_cat-leker-barne-og-babyprodukter","7":"desktop-align-left","8":"tablet-align-left","9":"mobile-align-left","11":"first","12":"instock","13":"shipping-taxable","14":"purchasable","15":"product-type-simple"},"_links":{"self":[{"href":"https:\/\/keluvo.com\/no\/wp-json\/wp\/v2\/product\/15322","targetHints":{"allow":["GET"]}}],"collection":[{"href":"https:\/\/keluvo.com\/no\/wp-json\/wp\/v2\/product"}],"about":[{"href":"https:\/\/keluvo.com\/no\/wp-json\/wp\/v2\/types\/product"}],"replies":[{"embeddable":true,"href":"https:\/\/keluvo.com\/no\/wp-json\/wp\/v2\/comments?post=15322"}],"wp:featuredmedia":[{"embeddable":true,"href":"https:\/\/keluvo.com\/no\/wp-json\/wp\/v2\/media\/15318"}],"wp:attachment":[{"href":"https:\/\/keluvo.com\/no\/wp-json\/wp\/v2\/media?parent=15322"}],"wp:term":[{"taxonomy":"product_brand","embeddable":true,"href":"https:\/\/keluvo.com\/no\/wp-json\/wp\/v2\/product_brand?post=15322"},{"taxonomy":"product_cat","embeddable":true,"href":"https:\/\/keluvo.com\/no\/wp-json\/wp\/v2\/product_cat?post=15322"},{"taxonomy":"product_tag","embeddable":true,"href":"https:\/\/keluvo.com\/no\/wp-json\/wp\/v2\/product_tag?post=15322"}],"curies":[{"name":"wp","href":"https:\/\/api.w.org\/{rel}","templated":true}]}}