{"id":15313,"date":"2025-04-24T14:44:13","date_gmt":"2025-04-24T12:44:13","guid":{"rendered":"https:\/\/keluvo.com\/no\/produkt\/smart-robotstovsuger\/"},"modified":"2025-04-24T14:44:16","modified_gmt":"2025-04-24T12:44:16","slug":"smart-robotstovsuger","status":"publish","type":"product","link":"https:\/\/keluvo.com\/no\/produkt\/smart-robotstovsuger\/","title":{"rendered":"Smart robotst\u00f8vsuger"},"content":{"rendered":"<p style=\"text-align: center\"><b>\ud83e\udd16 En smart liten hjelper for et rent hjem hver dag \ud83e\uddf9<\/b><\/p>\n<p style=\"text-align: center\"><span style=\"font-weight: 400\">Denne robotst\u00f8vsugeren beveger seg av seg selv for \u00e5 plukke opp smuss, h\u00e5r og st\u00f8v. Den passer under senger og sofaer og holder hjemmet ditt friskt og trygt.<\/span><\/p>\n<p><img decoding=\"async\" class=\"size-full wp-image-15410 aligncenter\" src=\"https:\/\/keluvo.com\/template\/wp-content\/uploads\/sites\/5\/2025\/04\/robotvacuum-ezgif.com-video-to-webp-converter.webp\" alt=\"\" \/><\/p>\n<h2 style=\"text-align: center\">Fungerer P\u00e5 Alle Typer Gulv!<span style=\"font-weight: 400\"><br \/>\n<\/span><\/h2>\n<p><span style=\"font-weight: 400\">\u2714 Sterkt sug tar raskt opp h\u00e5r og st\u00f8v<\/span><\/p>\n<p><span style=\"font-weight: 400\">\u2714 Rengj\u00f8r vanskelig tilgjengelige steder under senger og sofaer<\/span><\/p>\n<p><span style=\"font-weight: 400\"> \u2714 Planlegger sin egen vei for rengj\u00f8ring av hele rommet<\/span><\/p>\n<p><span style=\"font-weight: 400\"> \u2714 Stille lyd slik at den ikke forstyrrer deg<\/span><\/p>\n<p><span style=\"font-weight: 400\"> \u2714 Liten og lett, enkel \u00e5 flytte og oppbevare<\/span><\/p>\n<p><img decoding=\"async\" class=\"size-full wp-image-15411 aligncenter\" src=\"https:\/\/keluvo.com\/template\/wp-content\/uploads\/sites\/5\/2025\/04\/S5437179fea5345ce9428e33c540967e1m.jpg_960x960q75.jpg_.png\" alt=\"\" \/><\/p>\n<h2 style=\"text-align: center\">Great For Travle Familier Og Kj\u00e6ledyrseiere.<\/h2>\n<p style=\"text-align: center\"><span style=\"font-weight: 400\">Denne smarte st\u00f8vsugeren hjelper deg med \u00e5 gj\u00f8re rent uten \u00e5 l\u00f8fte en finger. bare sl\u00e5 den p\u00e5, s\u00e5 begynner den \u00e5 rengj\u00f8re med en gang. Den beveger seg rundt m\u00f8bler og inn i hj\u00f8rner for \u00e5 s\u00f8rge for at du ikke g\u00e5r glipp av noe. Perfekt for travle familier, dyreeiere eller alle som \u00f8nsker et renere hjem med mindre arbeid.<\/span><\/p>\n<h2 style=\"text-align: center\">Hvordan Bruker Du Den?<\/h2>\n<p style=\"text-align: center\"><b><\/b><span style=\"font-weight: 400\"> Lad st\u00f8vsugeren i 100 til 200 minutter. Trykk p\u00e5 str\u00f8mknappen for \u00e5 starte. La den g\u00e5 i 20 minutter mens den rengj\u00f8r gulvet. N\u00e5r den er ferdig, lader du den igjen til neste gang.<\/span><\/p>\n<h2 style=\"text-align: center\">Pakken Inneholder:<\/h2>\n<ul>\n<li><b><\/b><span style=\"font-weight: 400\">1 robotst\u00f8vsuger (180x180x54 mm, 250 g)<\/span><\/li>\n<li><span style=\"font-weight: 400\"> 1 innebygd oppladbart batteri (3,7 V\/300 mAh).<\/span><\/li>\n<\/ul>\n","protected":false},"excerpt":{"rendered":"<p>\ud83e\udd16 En smart liten hjelper for et rent hjem hver dag \ud83e\uddf9 Denne robotst\u00f8vsugeren beveger seg av seg selv for [&hellip;]<\/p>\n","protected":false},"featured_media":15309,"comment_status":"open","ping_status":"closed","template":"","meta":{"site-sidebar-layout":"default","site-content-layout":"","ast-site-content-layout":"default","site-content-style":"default","site-sidebar-style":"default","ast-global-header-display":"","ast-banner-title-visibility":"","ast-main-header-display":"","ast-hfb-above-header-display":"","ast-hfb-below-header-display":"","ast-hfb-mobile-header-display":"","site-post-title":"","ast-breadcrumbs-content":"","ast-featured-img":"","footer-sml-layout":"","theme-transparent-header-meta":"default","adv-header-id-meta":"","stick-header-meta":"","header-above-stick-meta":"","header-main-stick-meta":"","header-below-stick-meta":"","astra-migrate-meta-layouts":"set","ast-page-background-enabled":"default","ast-page-background-meta":{"desktop":{"background-color":"var(--ast-global-color-4)","background-image":"","background-repeat":"repeat","background-position":"center center","background-size":"auto","background-attachment":"scroll","background-type":"","background-media":"","overlay-type":"","overlay-color":"","overlay-opacity":"","overlay-gradient":""},"tablet":{"background-color":"","background-image":"","background-repeat":"repeat","background-position":"center center","background-size":"auto","background-attachment":"scroll","background-type":"","background-media":"","overlay-type":"","overlay-color":"","overlay-opacity":"","overlay-gradient":""},"mobile":{"background-color":"","background-image":"","background-repeat":"repeat","background-position":"center center","background-size":"auto","background-attachment":"scroll","background-type":"","background-media":"","overlay-type":"","overlay-color":"","overlay-opacity":"","overlay-gradient":""}},"ast-content-background-meta":{"desktop":{"background-color":"var(--ast-global-color-5)","background-image":"","background-repeat":"repeat","background-position":"center center","background-size":"auto","background-attachment":"scroll","background-type":"","background-media":"","overlay-type":"","overlay-color":"","overlay-opacity":"","overlay-gradient":""},"tablet":{"background-color":"var(--ast-global-color-5)","background-image":"","background-repeat":"repeat","background-position":"center center","background-size":"auto","background-attachment":"scroll","background-type":"","background-media":"","overlay-type":"","overlay-color":"","overlay-opacity":"","overlay-gradient":""},"mobile":{"background-color":"var(--ast-global-color-5)","background-image":"","background-repeat":"repeat","background-position":"center center","background-size":"auto","background-attachment":"scroll","background-type":"","background-media":"","overlay-type":"","overlay-color":"","overlay-opacity":"","overlay-gradient":""}}},"product_brand":[],"product_cat":[1001],"product_tag":[],"class_list":{"0":"post-15313","1":"product","2":"type-product","3":"status-publish","4":"has-post-thumbnail","6":"product_cat-husholdningsartikler","7":"pa_29566_7swoz3a0-hvit","8":"pa_29566_7swoz3a0-svart","9":"desktop-align-left","10":"tablet-align-left","11":"mobile-align-left","13":"first","14":"instock","15":"shipping-taxable","16":"purchasable","17":"product-type-variable"},"_links":{"self":[{"href":"https:\/\/keluvo.com\/no\/wp-json\/wp\/v2\/product\/15313","targetHints":{"allow":["GET"]}}],"collection":[{"href":"https:\/\/keluvo.com\/no\/wp-json\/wp\/v2\/product"}],"about":[{"href":"https:\/\/keluvo.com\/no\/wp-json\/wp\/v2\/types\/product"}],"replies":[{"embeddable":true,"href":"https:\/\/keluvo.com\/no\/wp-json\/wp\/v2\/comments?post=15313"}],"wp:featuredmedia":[{"embeddable":true,"href":"https:\/\/keluvo.com\/no\/wp-json\/wp\/v2\/media\/15309"}],"wp:attachment":[{"href":"https:\/\/keluvo.com\/no\/wp-json\/wp\/v2\/media?parent=15313"}],"wp:term":[{"taxonomy":"product_brand","embeddable":true,"href":"https:\/\/keluvo.com\/no\/wp-json\/wp\/v2\/product_brand?post=15313"},{"taxonomy":"product_cat","embeddable":true,"href":"https:\/\/keluvo.com\/no\/wp-json\/wp\/v2\/product_cat?post=15313"},{"taxonomy":"product_tag","embeddable":true,"href":"https:\/\/keluvo.com\/no\/wp-json\/wp\/v2\/product_tag?post=15313"}],"curies":[{"name":"wp","href":"https:\/\/api.w.org\/{rel}","templated":true}]}}