{"id":15299,"date":"2025-04-24T14:41:08","date_gmt":"2025-04-24T12:41:08","guid":{"rendered":"https:\/\/keluvo.com\/no\/produkt\/glodende-stein\/"},"modified":"2025-04-24T14:41:08","modified_gmt":"2025-04-24T12:41:08","slug":"glodende-stein","status":"publish","type":"product","link":"https:\/\/keluvo.com\/no\/produkt\/glodende-stein\/","title":{"rendered":"Gl\u00f8dende stein"},"content":{"rendered":"<p style=\"text-align: center\"><b>\ud83c\udf1f En gl\u00f8dende stein som lyser opp ethvert rom. \ud83c\udfe1<\/b><\/p>\n<p style=\"text-align: center\"><span style=\"font-weight: 400\">Denne vakre brosteinsbelysningen gir farge og sjarm til hjemmet ditt. Den lades i solen og lyser om natten med myke, fargerike lys.<\/span><\/p>\n<p><img decoding=\"async\" class=\"size-full wp-image-15382 aligncenter\" src=\"https:\/\/keluvo.com\/template\/wp-content\/uploads\/sites\/5\/2025\/04\/glowingstones-ezgif.com-video-to-webp-converter.webp\" alt=\"\" \/><\/p>\n<h2 style=\"text-align: center\">Lyser Opp Hagen, Rommet Eller Arrangementet Ditt!<\/h2>\n<p><span style=\"font-weight: 400\">\u2714 Skifter til 16 vakre farger<\/span><\/p>\n<p><span style=\"font-weight: 400\"> \u2714 Sol- og usb-ladealternativer<\/span><\/p>\n<p><span style=\"font-weight: 400\"> \u2714 Tennes om natten og slukkes om morgenen<\/span><\/p>\n<p><span style=\"font-weight: 400\"> \u2714 V\u00e6rbestandig og trygg for utend\u00f8rs eller innend\u00f8rs bruk<\/span><\/p>\n<p><span style=\"font-weight: 400\"> \u2714 Varer 8-10 timer etter lading<\/span><\/p>\n<p><img decoding=\"async\" class=\"size-full wp-image-15383 aligncenter\" src=\"https:\/\/keluvo.com\/template\/wp-content\/uploads\/sites\/5\/2025\/04\/S3e24c6ffd5334a7caa6cd7dec8cd2608x.jpg_960x960q75.jpg_.png\" alt=\"\" \/><\/p>\n<h2 style=\"text-align: center\">Vanntett Og Slitesterk.<\/h2>\n<p style=\"text-align: center\"><span style=\"font-weight: 400\">Dette hagelyset ser ut som en gl\u00f8dende stein og tilf\u00f8rer magi til ethvert sted. Bruk den i hagen, til fest eller i hjemmet. Den er vanntett, slitesterk og enkel \u00e5 bruke. Bare lad den i solen eller med USB-kabelen. Den er perfekt til bursdager, bryllup, h\u00f8ytider eller avslappende kvelder ute.<\/span><\/p>\n<h2 style=\"text-align: center\">Hvordan Du Bruker Den Gl\u00f8dende Steinen?<\/h2>\n<p style=\"text-align: center\"><b><\/b><span style=\"font-weight: 400\">Plasser lyset der det f\u00e5r sollys, eller lad det med USB-kabelen. Trykk p\u00e5 knappen eller bruk fjernkontrollen for \u00e5 sl\u00e5 den p\u00e5. Den vil lyse om natten og slukke om morgenen. Velg mellom 16 farger for \u00e5 matche hum\u00f8ret eller arrangementet ditt.<\/span><\/p>\n<h2 style=\"text-align: center\">Pakken Inkluderer:<\/h2>\n<ul>\n<li><b><\/b><span style=\"font-weight: 400\">1 solcellelampe til hagen (brosteinsform)<\/span><\/li>\n<li><span style=\"font-weight: 400\"> 1 fjernkontroll<\/span><\/li>\n<li><span style=\"font-weight: 400\"> 1 brukerh\u00e5ndbok<\/span><\/li>\n<li><span style=\"font-weight: 400\"> 1 usb-dc-ladekabel.<\/span><\/li>\n<\/ul>\n","protected":false},"excerpt":{"rendered":"<p>\ud83c\udf1f En gl\u00f8dende stein som lyser opp ethvert rom. \ud83c\udfe1 Denne vakre brosteinsbelysningen gir farge og sjarm til hjemmet ditt. [&hellip;]<\/p>\n","protected":false},"featured_media":15295,"comment_status":"open","ping_status":"closed","template":"","meta":{"site-sidebar-layout":"default","site-content-layout":"","ast-site-content-layout":"default","site-content-style":"default","site-sidebar-style":"default","ast-global-header-display":"","ast-banner-title-visibility":"","ast-main-header-display":"","ast-hfb-above-header-display":"","ast-hfb-below-header-display":"","ast-hfb-mobile-header-display":"","site-post-title":"","ast-breadcrumbs-content":"","ast-featured-img":"","footer-sml-layout":"","theme-transparent-header-meta":"default","adv-header-id-meta":"","stick-header-meta":"","header-above-stick-meta":"","header-main-stick-meta":"","header-below-stick-meta":"","astra-migrate-meta-layouts":"set","ast-page-background-enabled":"default","ast-page-background-meta":{"desktop":{"background-color":"var(--ast-global-color-4)","background-image":"","background-repeat":"repeat","background-position":"center center","background-size":"auto","background-attachment":"scroll","background-type":"","background-media":"","overlay-type":"","overlay-color":"","overlay-opacity":"","overlay-gradient":""},"tablet":{"background-color":"","background-image":"","background-repeat":"repeat","background-position":"center center","background-size":"auto","background-attachment":"scroll","background-type":"","background-media":"","overlay-type":"","overlay-color":"","overlay-opacity":"","overlay-gradient":""},"mobile":{"background-color":"","background-image":"","background-repeat":"repeat","background-position":"center center","background-size":"auto","background-attachment":"scroll","background-type":"","background-media":"","overlay-type":"","overlay-color":"","overlay-opacity":"","overlay-gradient":""}},"ast-content-background-meta":{"desktop":{"background-color":"var(--ast-global-color-5)","background-image":"","background-repeat":"repeat","background-position":"center center","background-size":"auto","background-attachment":"scroll","background-type":"","background-media":"","overlay-type":"","overlay-color":"","overlay-opacity":"","overlay-gradient":""},"tablet":{"background-color":"var(--ast-global-color-5)","background-image":"","background-repeat":"repeat","background-position":"center center","background-size":"auto","background-attachment":"scroll","background-type":"","background-media":"","overlay-type":"","overlay-color":"","overlay-opacity":"","overlay-gradient":""},"mobile":{"background-color":"var(--ast-global-color-5)","background-image":"","background-repeat":"repeat","background-position":"center center","background-size":"auto","background-attachment":"scroll","background-type":"","background-media":"","overlay-type":"","overlay-color":"","overlay-opacity":"","overlay-gradient":""}}},"product_brand":[],"product_cat":[1001],"product_tag":[],"class_list":{"0":"post-15299","1":"product","2":"type-product","3":"status-publish","4":"has-post-thumbnail","6":"product_cat-husholdningsartikler","7":"desktop-align-left","8":"tablet-align-left","9":"mobile-align-left","11":"first","12":"instock","13":"shipping-taxable","14":"purchasable","15":"product-type-simple"},"_links":{"self":[{"href":"https:\/\/keluvo.com\/no\/wp-json\/wp\/v2\/product\/15299","targetHints":{"allow":["GET"]}}],"collection":[{"href":"https:\/\/keluvo.com\/no\/wp-json\/wp\/v2\/product"}],"about":[{"href":"https:\/\/keluvo.com\/no\/wp-json\/wp\/v2\/types\/product"}],"replies":[{"embeddable":true,"href":"https:\/\/keluvo.com\/no\/wp-json\/wp\/v2\/comments?post=15299"}],"wp:featuredmedia":[{"embeddable":true,"href":"https:\/\/keluvo.com\/no\/wp-json\/wp\/v2\/media\/15295"}],"wp:attachment":[{"href":"https:\/\/keluvo.com\/no\/wp-json\/wp\/v2\/media?parent=15299"}],"wp:term":[{"taxonomy":"product_brand","embeddable":true,"href":"https:\/\/keluvo.com\/no\/wp-json\/wp\/v2\/product_brand?post=15299"},{"taxonomy":"product_cat","embeddable":true,"href":"https:\/\/keluvo.com\/no\/wp-json\/wp\/v2\/product_cat?post=15299"},{"taxonomy":"product_tag","embeddable":true,"href":"https:\/\/keluvo.com\/no\/wp-json\/wp\/v2\/product_tag?post=15299"}],"curies":[{"name":"wp","href":"https:\/\/api.w.org\/{rel}","templated":true}]}}