{"id":15285,"date":"2025-04-24T14:38:28","date_gmt":"2025-04-24T12:38:28","guid":{"rendered":"https:\/\/keluvo.com\/no\/produkt\/vanndemper-av-silikon\/"},"modified":"2025-04-24T14:38:31","modified_gmt":"2025-04-24T12:38:31","slug":"vanndemper-av-silikon","status":"publish","type":"product","link":"https:\/\/keluvo.com\/no\/produkt\/vanndemper-av-silikon\/","title":{"rendered":"Vanndemper av silikon"},"content":{"rendered":"<p style=\"text-align: center\"><b>\ud83d\udca6 En enkel m\u00e5te \u00e5 holde vannet der det h\u00f8rer hjemme \ud83d\udebe<\/b><\/p>\n<p style=\"text-align: center\"><span style=\"font-weight: 400\">Stopp vanns\u00f8l!<\/span><\/p>\n<p style=\"text-align: center\"><span style=\"font-weight: 400\">Denne myke barrieren holder vannet inne i dusjen eller v\u00e5tomr\u00e5det. Ingen flere s\u00f8lepytter eller v\u00e5te gulv.<\/span><\/p>\n<p><img decoding=\"async\" class=\"size-full wp-image-15368 aligncenter\" src=\"https:\/\/keluvo.com\/template\/wp-content\/uploads\/sites\/5\/2025\/04\/siliconedam-ezgif.com-video-to-webp-converter.webp\" alt=\"\" \/><\/p>\n<h2 style=\"text-align: center\">Hovedfordeler<\/h2>\n<p><span style=\"font-weight: 400\">\u2714 Blokkerer vann fra \u00e5 lekke ut av dusjer eller vasker<\/span><\/p>\n<p><span style=\"font-weight: 400\"> \u2714 Kan b\u00f8yes til den formen du trenger<\/span><\/p>\n<p><span style=\"font-weight: 400\"> \u2714 Festes godt til gulvet med lim og magneter<\/span><\/p>\n<p><span style=\"font-weight: 400\"> \u2714 Perfekt for dusjer uten kantstein, bad eller kj\u00f8kken<\/span><\/p>\n<p><span style=\"font-weight: 400\"> \u2714 Enkel \u00e5 montere og bruke<\/span><\/p>\n<p><span style=\"font-weight: 400\"> \u2714 Ren hvit farge som passer inn i alle rom<\/span><\/p>\n<p><img decoding=\"async\" class=\"size-full wp-image-15364 aligncenter\" src=\"https:\/\/keluvo.com\/template\/wp-content\/uploads\/sites\/5\/2025\/04\/7366a2f3-3ca4-47df-844e-366f44d955aa.webp\" alt=\"\" \/><\/p>\n<h2 style=\"text-align: center\">Perfekt for alle dusjer<\/h2>\n<p style=\"text-align: center\"><span style=\"font-weight: 400\">Denne vannsperren i silikon er perfekt for hjem med dusjkabinett eller \u00e5pne omr\u00e5der. Den hindrer vannet i \u00e5 spre seg, slik at gulvet holder seg t\u00f8rt og trygt. Den er b\u00f8yelig, sterk og ligger tett inntil underlaget. Du kan velge en lengde p\u00e5 150 cm eller 200 cm for \u00e5 tilpasse den til ditt rom. Perfekt for daglig bruk i ethvert hjem.<\/span><\/p>\n<h2 style=\"text-align: center\">Hvordan du bruker den?<\/h2>\n<p style=\"text-align: center\"><b><\/b><span style=\"font-weight: 400\">T\u00f8rk av omr\u00e5det rent og t\u00f8rt. Plasser demningen der du vil ha den, og merk av stedet. Trekk av baksiden og trykk den ned. Legg limet p\u00e5 b\u00e5de demningen og veggen. La det stivne, s\u00e5 er du ferdig.<\/span><\/p>\n<h2 style=\"text-align: center\">Pakken inneholder<\/h2>\n<ul>\n<li><b><\/b><span style=\"font-weight: 400\">1 silikonvanndemning (velg 150 cm eller 200 cm)<\/span><\/li>\n<li><span style=\"font-weight: 400\"> 1 selvklebende stripe<\/span><\/li>\n<li><span style=\"font-weight: 400\"> 1 tube glasslim<\/span><\/li>\n<\/ul>\n","protected":false},"excerpt":{"rendered":"<p>\ud83d\udca6 En enkel m\u00e5te \u00e5 holde vannet der det h\u00f8rer hjemme \ud83d\udebe Stopp vanns\u00f8l! Denne myke barrieren holder vannet inne [&hellip;]<\/p>\n","protected":false},"featured_media":15281,"comment_status":"open","ping_status":"closed","template":"","meta":{"site-sidebar-layout":"default","site-content-layout":"","ast-site-content-layout":"default","site-content-style":"default","site-sidebar-style":"default","ast-global-header-display":"","ast-banner-title-visibility":"","ast-main-header-display":"","ast-hfb-above-header-display":"","ast-hfb-below-header-display":"","ast-hfb-mobile-header-display":"","site-post-title":"","ast-breadcrumbs-content":"","ast-featured-img":"","footer-sml-layout":"","theme-transparent-header-meta":"default","adv-header-id-meta":"","stick-header-meta":"","header-above-stick-meta":"","header-main-stick-meta":"","header-below-stick-meta":"","astra-migrate-meta-layouts":"set","ast-page-background-enabled":"default","ast-page-background-meta":{"desktop":{"background-color":"var(--ast-global-color-4)","background-image":"","background-repeat":"repeat","background-position":"center center","background-size":"auto","background-attachment":"scroll","background-type":"","background-media":"","overlay-type":"","overlay-color":"","overlay-opacity":"","overlay-gradient":""},"tablet":{"background-color":"","background-image":"","background-repeat":"repeat","background-position":"center center","background-size":"auto","background-attachment":"scroll","background-type":"","background-media":"","overlay-type":"","overlay-color":"","overlay-opacity":"","overlay-gradient":""},"mobile":{"background-color":"","background-image":"","background-repeat":"repeat","background-position":"center center","background-size":"auto","background-attachment":"scroll","background-type":"","background-media":"","overlay-type":"","overlay-color":"","overlay-opacity":"","overlay-gradient":""}},"ast-content-background-meta":{"desktop":{"background-color":"var(--ast-global-color-5)","background-image":"","background-repeat":"repeat","background-position":"center center","background-size":"auto","background-attachment":"scroll","background-type":"","background-media":"","overlay-type":"","overlay-color":"","overlay-opacity":"","overlay-gradient":""},"tablet":{"background-color":"var(--ast-global-color-5)","background-image":"","background-repeat":"repeat","background-position":"center center","background-size":"auto","background-attachment":"scroll","background-type":"","background-media":"","overlay-type":"","overlay-color":"","overlay-opacity":"","overlay-gradient":""},"mobile":{"background-color":"var(--ast-global-color-5)","background-image":"","background-repeat":"repeat","background-position":"center center","background-size":"auto","background-attachment":"scroll","background-type":"","background-media":"","overlay-type":"","overlay-color":"","overlay-opacity":"","overlay-gradient":""}}},"product_brand":[],"product_cat":[1001],"product_tag":[],"class_list":{"0":"post-15285","1":"product","2":"type-product","3":"status-publish","4":"has-post-thumbnail","6":"product_cat-husholdningsartikler","7":"pa_29342_r0qa7kec-150-cm","8":"pa_29342_r0qa7kec-200-cm","9":"desktop-align-left","10":"tablet-align-left","11":"mobile-align-left","13":"first","14":"instock","15":"shipping-taxable","16":"purchasable","17":"product-type-variable"},"_links":{"self":[{"href":"https:\/\/keluvo.com\/no\/wp-json\/wp\/v2\/product\/15285","targetHints":{"allow":["GET"]}}],"collection":[{"href":"https:\/\/keluvo.com\/no\/wp-json\/wp\/v2\/product"}],"about":[{"href":"https:\/\/keluvo.com\/no\/wp-json\/wp\/v2\/types\/product"}],"replies":[{"embeddable":true,"href":"https:\/\/keluvo.com\/no\/wp-json\/wp\/v2\/comments?post=15285"}],"wp:featuredmedia":[{"embeddable":true,"href":"https:\/\/keluvo.com\/no\/wp-json\/wp\/v2\/media\/15281"}],"wp:attachment":[{"href":"https:\/\/keluvo.com\/no\/wp-json\/wp\/v2\/media?parent=15285"}],"wp:term":[{"taxonomy":"product_brand","embeddable":true,"href":"https:\/\/keluvo.com\/no\/wp-json\/wp\/v2\/product_brand?post=15285"},{"taxonomy":"product_cat","embeddable":true,"href":"https:\/\/keluvo.com\/no\/wp-json\/wp\/v2\/product_cat?post=15285"},{"taxonomy":"product_tag","embeddable":true,"href":"https:\/\/keluvo.com\/no\/wp-json\/wp\/v2\/product_tag?post=15285"}],"curies":[{"name":"wp","href":"https:\/\/api.w.org\/{rel}","templated":true}]}}