{"id":15256,"date":"2025-04-24T14:36:51","date_gmt":"2025-04-24T12:36:51","guid":{"rendered":"https:\/\/keluvo.com\/no\/produkt\/metallisk-flytende-eyeliner\/"},"modified":"2025-04-25T18:58:29","modified_gmt":"2025-04-25T16:58:29","slug":"metallisk-flytende-eyeliner","status":"publish","type":"product","link":"https:\/\/keluvo.com\/no\/produkt\/metallisk-flytende-eyeliner\/","title":{"rendered":"Metallisk flytende eyeliner"},"content":{"rendered":"<p style=\"text-align: center;\"><b>\u2728 En enkel m\u00e5te \u00e5 gi glitter til \u00f8ynene dine! \ud83d\udc41<\/b><\/p>\n<p style=\"text-align: center;\"><span style=\"font-weight: 400;\">Denne eyelineren skifter farge i forskjellig lys og holder seg p\u00e5 hele dagen. Den er perfekt til fest, bilder og hverdagsskj\u00f8nnhet.<\/span><\/p>\n<p><img decoding=\"async\" class=\"size-full wp-image-15492 aligncenter\" src=\"https:\/\/keluvo.com\/template\/wp-content\/uploads\/sites\/5\/2025\/02\/eyeliner-ezgif.com-video-to-webp-converter.webp\" alt=\"\" \/><\/p>\n<h2 style=\"text-align: center;\"><strong>Sitter Lenge Uten \u00c5 Kladde<\/strong><\/h2>\n<p><span style=\"font-weight: 400;\"> \u2714 Vannfast og svettebestandig<\/span><\/p>\n<p><span style=\"font-weight: 400;\"> \u2714 Morsom til bursdager, bryllup eller andre arrangementer<\/span><\/p>\n<p><span style=\"font-weight: 400;\"> \u2714 Enkel \u00e5 ta med seg og bruke<\/span><\/p>\n<h2 style=\"text-align: center;\"><\/h2>\n<p><img decoding=\"async\" class=\"alignnone size-medium wp-image-10486 aligncenter\" style=\"font-style: inherit; font-weight: inherit;\" src=\"https:\/\/keluvo.com\/template\/wp-content\/uploads\/sites\/5\/2025\/02\/S9755a764fc584f3685b138b6150ea8f9w.jpg_960x960q75.jpg_.jpeg\" alt=\"\" \/><\/p>\n<h2 style=\"text-align: center;\"><strong>12 Vakre Farger<\/strong><\/h2>\n<p style=\"text-align: center;\"><span style=\"font-weight: 400;\">Denne glitrende eyelineren f\u00e5r \u00f8ynene dine til \u00e5 poppe av farge. Den passer til alle hudtyper og passer alle. Velg mellom 12 vakre farger. Den er lett \u00e5 b\u00e6re og enkel \u00e5 tegne med. Du kan bruke den hele dagen uten \u00e5 bekymre deg.<\/span><\/p>\n<p><img decoding=\"async\" class=\"alignnone size-medium wp-image-10487 aligncenter\" src=\"https:\/\/keluvo.com\/template\/wp-content\/uploads\/sites\/5\/2025\/02\/Sde99cf086d7144e3b930f095bb23be69o.jpg_960x960q75.jpg_.jpeg\" alt=\"\" \/><\/p>\n<h2 style=\"text-align: center;\">Hvordan Bruker Du Den?<\/h2>\n<p style=\"text-align: center;\"><b><\/b><span style=\"font-weight: 400;\">\u00c5pne hetten og tegn en strek over \u00f8yevippene. Bruk ett lag for et mykt utseende, eller legg til flere for en dristig stil. Pr\u00f8v den med forskjellige lys for \u00e5 se glitringen.<\/span><\/p>\n<h2 style=\"text-align: center;\"><strong>Pakken Inneholder<\/strong><\/h2>\n<ul>\n<li><b><\/b><span style=\"font-weight: 400;\">1 metallic eyelinerblyant i din valgte farge<\/span><\/li>\n<\/ul>\n","protected":false},"excerpt":{"rendered":"<p>\u2728 En enkel m\u00e5te \u00e5 gi glitter til \u00f8ynene dine! \ud83d\udc41 Denne eyelineren skifter farge i forskjellig lys og holder [&hellip;]<\/p>\n","protected":false},"featured_media":15252,"comment_status":"open","ping_status":"closed","template":"","meta":{"site-sidebar-layout":"default","site-content-layout":"","ast-site-content-layout":"default","site-content-style":"default","site-sidebar-style":"default","ast-global-header-display":"","ast-banner-title-visibility":"","ast-main-header-display":"","ast-hfb-above-header-display":"","ast-hfb-below-header-display":"","ast-hfb-mobile-header-display":"","site-post-title":"","ast-breadcrumbs-content":"","ast-featured-img":"","footer-sml-layout":"","theme-transparent-header-meta":"default","adv-header-id-meta":"","stick-header-meta":"","header-above-stick-meta":"","header-main-stick-meta":"","header-below-stick-meta":"","astra-migrate-meta-layouts":"set","ast-page-background-enabled":"default","ast-page-background-meta":{"desktop":{"background-color":"var(--ast-global-color-4)","background-image":"","background-repeat":"repeat","background-position":"center center","background-size":"auto","background-attachment":"scroll","background-type":"","background-media":"","overlay-type":"","overlay-color":"","overlay-opacity":"","overlay-gradient":""},"tablet":{"background-color":"","background-image":"","background-repeat":"repeat","background-position":"center center","background-size":"auto","background-attachment":"scroll","background-type":"","background-media":"","overlay-type":"","overlay-color":"","overlay-opacity":"","overlay-gradient":""},"mobile":{"background-color":"","background-image":"","background-repeat":"repeat","background-position":"center center","background-size":"auto","background-attachment":"scroll","background-type":"","background-media":"","overlay-type":"","overlay-color":"","overlay-opacity":"","overlay-gradient":""}},"ast-content-background-meta":{"desktop":{"background-color":"var(--ast-global-color-5)","background-image":"","background-repeat":"repeat","background-position":"center center","background-size":"auto","background-attachment":"scroll","background-type":"","background-media":"","overlay-type":"","overlay-color":"","overlay-opacity":"","overlay-gradient":""},"tablet":{"background-color":"var(--ast-global-color-5)","background-image":"","background-repeat":"repeat","background-position":"center center","background-size":"auto","background-attachment":"scroll","background-type":"","background-media":"","overlay-type":"","overlay-color":"","overlay-opacity":"","overlay-gradient":""},"mobile":{"background-color":"var(--ast-global-color-5)","background-image":"","background-repeat":"repeat","background-position":"center center","background-size":"auto","background-attachment":"scroll","background-type":"","background-media":"","overlay-type":"","overlay-color":"","overlay-opacity":"","overlay-gradient":""}}},"product_brand":[],"product_cat":[992],"product_tag":[],"class_list":{"0":"post-15256","1":"product","2":"type-product","3":"status-publish","4":"has-post-thumbnail","6":"product_cat-skjonnhets-og-hygieneprodukter","7":"pa_40021_bei9cdiw-3111","8":"pa_40021_bei9cdiw-3112","9":"pa_40021_bei9cdiw-3113","10":"pa_40021_bei9cdiw-3114","11":"pa_40021_bei9cdiw-3115","12":"pa_40021_bei9cdiw-3116","13":"pa_40021_bei9cdiw-3117","14":"pa_40021_bei9cdiw-3118","15":"pa_40021_bei9cdiw-3119","16":"pa_40021_bei9cdiw-3120","17":"pa_40021_bei9cdiw-3121","18":"pa_40021_bei9cdiw-3122","19":"desktop-align-left","20":"tablet-align-left","21":"mobile-align-left","23":"first","24":"instock","25":"shipping-taxable","26":"purchasable","27":"product-type-variable"},"_links":{"self":[{"href":"https:\/\/keluvo.com\/no\/wp-json\/wp\/v2\/product\/15256","targetHints":{"allow":["GET"]}}],"collection":[{"href":"https:\/\/keluvo.com\/no\/wp-json\/wp\/v2\/product"}],"about":[{"href":"https:\/\/keluvo.com\/no\/wp-json\/wp\/v2\/types\/product"}],"replies":[{"embeddable":true,"href":"https:\/\/keluvo.com\/no\/wp-json\/wp\/v2\/comments?post=15256"}],"wp:featuredmedia":[{"embeddable":true,"href":"https:\/\/keluvo.com\/no\/wp-json\/wp\/v2\/media\/15252"}],"wp:attachment":[{"href":"https:\/\/keluvo.com\/no\/wp-json\/wp\/v2\/media?parent=15256"}],"wp:term":[{"taxonomy":"product_brand","embeddable":true,"href":"https:\/\/keluvo.com\/no\/wp-json\/wp\/v2\/product_brand?post=15256"},{"taxonomy":"product_cat","embeddable":true,"href":"https:\/\/keluvo.com\/no\/wp-json\/wp\/v2\/product_cat?post=15256"},{"taxonomy":"product_tag","embeddable":true,"href":"https:\/\/keluvo.com\/no\/wp-json\/wp\/v2\/product_tag?post=15256"}],"curies":[{"name":"wp","href":"https:\/\/api.w.org\/{rel}","templated":true}]}}