{"id":15247,"date":"2025-04-24T14:35:40","date_gmt":"2025-04-24T12:35:40","guid":{"rendered":"https:\/\/keluvo.com\/no\/produkt\/multifunksjonell-hagespade\/"},"modified":"2025-04-24T14:35:43","modified_gmt":"2025-04-24T12:35:43","slug":"multifunksjonell-hagespade","status":"publish","type":"product","link":"https:\/\/keluvo.com\/no\/produkt\/multifunksjonell-hagespade\/","title":{"rendered":"Multifunksjonell hagespade"},"content":{"rendered":"<p style=\"text-align: center\"><strong>\ud83d\udcaa En sterk hjelper for rengj\u00f8ring, graving og mye mer. \ud83d\udcaa<\/strong><\/p>\n<p style=\"text-align: center\"><span style=\"font-weight: 400\">Rengj\u00f8r raskt og enkelt!<\/span><\/p>\n<p style=\"text-align: center\"><span style=\"font-weight: 400\">Denne t\u00f8ffe st\u00e5lspaden hjelper deg med \u00e5 fjerne smuss, ugress, sn\u00f8 og til og med dyrem\u00f8kk uten \u00e5 b\u00f8ye deg eller bli skitten p\u00e5 hendene.<\/span><\/p>\n<p><img decoding=\"async\" class=\"alignnone size-medium wp-image-10284 aligncenter\" src=\"https:\/\/keluvo.com\/template\/wp-content\/uploads\/sites\/5\/2025\/02\/86a227a0-9d81-4bb7-9c29-b0eb59a8a153.webp\" alt=\"\" \/><\/p>\n<h2 style=\"text-align: center\"><strong>Perfekt For Smuss, Sn\u00f8, L\u00f8v Og Rot!<\/strong><\/h2>\n<p><span style=\"font-weight: 400\">\u2714 Enkel \u00e5 bruke uten \u00e5 b\u00f8ye seg<\/span><\/p>\n<p><span style=\"font-weight: 400\"> \u2714 Skarp kant griper alt p\u00e5 en gang<\/span><\/p>\n<p><span style=\"font-weight: 400\"> \u2714 Liten og lett \u00e5 oppbevare eller b\u00e6re<\/span><\/p>\n<p><span style=\"font-weight: 400\"> \u2714 Sterkt st\u00e5l som varer lenge<\/span><\/p>\n<p><img decoding=\"async\" class=\"alignnone size-medium wp-image-10291 aligncenter\" src=\"https:\/\/keluvo.com\/template\/wp-content\/uploads\/sites\/5\/2025\/02\/Sabc71bfdedb4473385f576120a36580ak.jpeg_960x960q75.jpeg_.jpeg\" alt=\"\" \/><\/p>\n<h2 style=\"text-align: center\"><strong>Skraper, Graver Og Rengj\u00f8r Alt I Ett.<\/strong><\/h2>\n<p style=\"text-align: center\"><span style=\"font-weight: 400\">Denne spaden er mer enn bare en spade. Den skraper, graver og rengj\u00f8r alt i ett. Du kan bruke den hjemme, i hagen, garasjen, bilen eller til og med p\u00e5 g\u00e5rden. Den fungerer p\u00e5 gress, jord, fliser, tre, betong og mye mer. Det er det perfekte verkt\u00f8yet for alle som vil ha rene omr\u00e5der uten hardt arbeid.<\/span><\/p>\n<h2 style=\"text-align: center\"><strong>Hvordan Du Bruker Den?<\/strong><\/h2>\n<p style=\"text-align: center\"><b><\/b><span style=\"font-weight: 400\">Velg riktig st\u00f8rrelse p\u00e5 h\u00e5ndtaket for din h\u00f8yde. Fest spadehodet og vri p\u00e5 skruen for \u00e5 l\u00e5se det p\u00e5 plass. Hold i h\u00e5ndtaket og skrap eller spade etter behov. Oppbevar den p\u00e5 et t\u00f8rt sted etter bruk.<\/span><\/p>\n<h2 style=\"text-align: center\"><strong>Pakken Inneholder:<\/strong><\/h2>\n<ul>\n<li><b><\/b><span style=\"font-weight: 400\">1 multifunksjonelt spadehode i st\u00e5l (du kan velge st\u00f8rrelse: 18 cm, 25 cm eller 30 cm).<\/span><\/li>\n<\/ul>\n","protected":false},"excerpt":{"rendered":"<p>\ud83d\udcaa En sterk hjelper for rengj\u00f8ring, graving og mye mer. \ud83d\udcaa Rengj\u00f8r raskt og enkelt! Denne t\u00f8ffe st\u00e5lspaden hjelper deg [&hellip;]<\/p>\n","protected":false},"featured_media":15243,"comment_status":"open","ping_status":"closed","template":"","meta":{"site-sidebar-layout":"default","site-content-layout":"","ast-site-content-layout":"default","site-content-style":"default","site-sidebar-style":"default","ast-global-header-display":"","ast-banner-title-visibility":"","ast-main-header-display":"","ast-hfb-above-header-display":"","ast-hfb-below-header-display":"","ast-hfb-mobile-header-display":"","site-post-title":"","ast-breadcrumbs-content":"","ast-featured-img":"","footer-sml-layout":"","theme-transparent-header-meta":"default","adv-header-id-meta":"","stick-header-meta":"","header-above-stick-meta":"","header-main-stick-meta":"","header-below-stick-meta":"","astra-migrate-meta-layouts":"set","ast-page-background-enabled":"default","ast-page-background-meta":{"desktop":{"background-color":"var(--ast-global-color-4)","background-image":"","background-repeat":"repeat","background-position":"center center","background-size":"auto","background-attachment":"scroll","background-type":"","background-media":"","overlay-type":"","overlay-color":"","overlay-opacity":"","overlay-gradient":""},"tablet":{"background-color":"","background-image":"","background-repeat":"repeat","background-position":"center center","background-size":"auto","background-attachment":"scroll","background-type":"","background-media":"","overlay-type":"","overlay-color":"","overlay-opacity":"","overlay-gradient":""},"mobile":{"background-color":"","background-image":"","background-repeat":"repeat","background-position":"center center","background-size":"auto","background-attachment":"scroll","background-type":"","background-media":"","overlay-type":"","overlay-color":"","overlay-opacity":"","overlay-gradient":""}},"ast-content-background-meta":{"desktop":{"background-color":"var(--ast-global-color-5)","background-image":"","background-repeat":"repeat","background-position":"center center","background-size":"auto","background-attachment":"scroll","background-type":"","background-media":"","overlay-type":"","overlay-color":"","overlay-opacity":"","overlay-gradient":""},"tablet":{"background-color":"var(--ast-global-color-5)","background-image":"","background-repeat":"repeat","background-position":"center center","background-size":"auto","background-attachment":"scroll","background-type":"","background-media":"","overlay-type":"","overlay-color":"","overlay-opacity":"","overlay-gradient":""},"mobile":{"background-color":"var(--ast-global-color-5)","background-image":"","background-repeat":"repeat","background-position":"center center","background-size":"auto","background-attachment":"scroll","background-type":"","background-media":"","overlay-type":"","overlay-color":"","overlay-opacity":"","overlay-gradient":""}}},"product_brand":[],"product_cat":[993],"product_tag":[],"class_list":{"0":"post-15247","1":"product","2":"type-product","3":"status-publish","4":"has-post-thumbnail","6":"product_cat-skotoy-tilbehor","7":"pa_39887_2ywb17ae-19-cm","8":"pa_39887_2ywb17ae-38-cm","9":"desktop-align-left","10":"tablet-align-left","11":"mobile-align-left","13":"first","14":"instock","15":"shipping-taxable","16":"purchasable","17":"product-type-variable"},"_links":{"self":[{"href":"https:\/\/keluvo.com\/no\/wp-json\/wp\/v2\/product\/15247","targetHints":{"allow":["GET"]}}],"collection":[{"href":"https:\/\/keluvo.com\/no\/wp-json\/wp\/v2\/product"}],"about":[{"href":"https:\/\/keluvo.com\/no\/wp-json\/wp\/v2\/types\/product"}],"replies":[{"embeddable":true,"href":"https:\/\/keluvo.com\/no\/wp-json\/wp\/v2\/comments?post=15247"}],"wp:featuredmedia":[{"embeddable":true,"href":"https:\/\/keluvo.com\/no\/wp-json\/wp\/v2\/media\/15243"}],"wp:attachment":[{"href":"https:\/\/keluvo.com\/no\/wp-json\/wp\/v2\/media?parent=15247"}],"wp:term":[{"taxonomy":"product_brand","embeddable":true,"href":"https:\/\/keluvo.com\/no\/wp-json\/wp\/v2\/product_brand?post=15247"},{"taxonomy":"product_cat","embeddable":true,"href":"https:\/\/keluvo.com\/no\/wp-json\/wp\/v2\/product_cat?post=15247"},{"taxonomy":"product_tag","embeddable":true,"href":"https:\/\/keluvo.com\/no\/wp-json\/wp\/v2\/product_tag?post=15247"}],"curies":[{"name":"wp","href":"https:\/\/api.w.org\/{rel}","templated":true}]}}