{"id":15211,"date":"2025-04-24T13:41:25","date_gmt":"2025-04-24T11:41:25","guid":{"rendered":"https:\/\/keluvo.com\/no\/produkt\/baerbar-kaffekopp-med-innebygd-dripper\/"},"modified":"2025-04-24T13:41:25","modified_gmt":"2025-04-24T11:41:25","slug":"baerbar-kaffekopp-med-innebygd-dripper","status":"publish","type":"product","link":"https:\/\/keluvo.com\/no\/produkt\/baerbar-kaffekopp-med-innebygd-dripper\/","title":{"rendered":"B\u00e6rbar kaffekopp med innebygd dripper"},"content":{"rendered":"<h2 style=\"text-align: center\"><strong>Brygg Hvor Som Helst, N\u00e5r Som Helst<\/strong><\/h2>\n<p style=\"text-align: center\">Gled deg over kaffe av baristakvalitet uansett hvor livet tar deg med denne b\u00e6rbare kaffekoppen med integrert pour-over-drypper. Den er designet for bekvemmelighet og laget med omhu, slik at du kan brygge fersk, smakfull kaffe n\u00e5r du er p\u00e5 farten, uten at det g\u00e5r p\u00e5 bekostning av kvaliteten. Enten du er p\u00e5 campingtur, pendler eller bare trenger en god kopp ved skrivebordet, s\u00f8rger denne b\u00e6rbare kaffekoppen for at du alltid har den perfekte koppen innen rekkevidde.<\/p>\n<h2 style=\"text-align: center\"><img decoding=\"async\" class=\"size-full wp-image-15249 aligncenter\" src=\"https:\/\/keluvo.com\/template\/wp-content\/uploads\/sites\/5\/2025\/04\/main-image-4-15.jpeg\" alt=\"\" \/><br \/>\n<strong>N\u00f8kkelfunksjoner<\/strong><\/h2>\n<ul>\n<li class=\"\" data-start=\"499\" data-end=\"693\">\n<p class=\"\" data-start=\"501\" data-end=\"693\"><strong data-start=\"501\" data-end=\"523\">Alt-I-Ett-Design:<\/strong> Kombinerer et slitesterkt drikkebeger, et sikkert vridbart lokksystem og en innvendig pour-over-drypper. Du trenger ikke noe ekstra utstyr &#8211; bare tilsett din favorittkaffe og varmt vann.<\/p>\n<\/li>\n<li class=\"\" data-start=\"695\" data-end=\"858\">\n<p class=\"\" data-start=\"697\" data-end=\"858\"><strong data-start=\"697\" data-end=\"719\">F\u00f8rsteklasses Materialer:<\/strong> Laget av BPA-fri tritan, med et keramisk belegg for varmebestandighet og silikondetaljer for et sklisikkert grep og lekkasjesikker ytelse.<\/p>\n<\/li>\n<li class=\"\" data-start=\"860\" data-end=\"996\">\n<p class=\"\" data-start=\"862\" data-end=\"996\"><strong data-start=\"862\" data-end=\"884\">Enkel Bryggeprosess:<\/strong> Nyt en tradisjonell pour-over-kaffeopplevelse med en moderne vri &#8211; ingen klumpete maskiner eller papirkopper kreves.<\/p>\n<\/li>\n<li class=\"\" data-start=\"1121\" data-end=\"1275\">\n<p class=\"\" data-start=\"1123\" data-end=\"1275\"><strong data-start=\"1123\" data-end=\"1153\">Kompakt &amp; Reisevennlig:<\/strong> Lett, b\u00e6rbar og designet for \u00e5 passe i de fleste koppholdere &#8211; ideell for pendlere, reisende og friluftsentusiaster.<\/p>\n<\/li>\n<\/ul>\n<h2 style=\"text-align: center\"><img decoding=\"async\" class=\"size-full wp-image-15250 aligncenter\" src=\"https:\/\/keluvo.com\/template\/wp-content\/uploads\/sites\/5\/2025\/04\/Sd723b5533ff34ea0a8d979f8737bf36cB.jpg\" alt=\"\" \/><br \/>\n<strong>Hvordan Du Bruker<\/strong><\/h2>\n<ol>\n<li class=\"\" data-start=\"1302\" data-end=\"1342\">\n<p class=\"\" data-start=\"1305\" data-end=\"1342\">Vrid opp det \u00f8vre og midtre lokket.<\/p>\n<\/li>\n<li class=\"\" data-start=\"1343\" data-end=\"1417\">\n<p class=\"\" data-start=\"1346\" data-end=\"1417\">Vend det r\u00f8dmerkede midtre lokket (dryppestativ) p\u00e5 tumblerkroppen.<\/p>\n<\/li>\n<li class=\"\" data-start=\"1418\" data-end=\"1491\">\n<p class=\"\" data-start=\"1421\" data-end=\"1491\">Plasser et papirfilter i kurvestil i drypperen og fukt det for \u00e5 feste.<\/p>\n<\/li>\n<li class=\"\" data-start=\"1492\" data-end=\"1541\">\n<p class=\"\" data-start=\"1495\" data-end=\"1541\">Kast vannet som brukes til \u00e5 fukte filteret.<\/p>\n<\/li>\n<li class=\"\" data-start=\"1542\" data-end=\"1610\">\n<p class=\"\" data-start=\"1545\" data-end=\"1610\">Tilsett malt kaffe og hell varmt vann sakte i en sirkelbevegelse.<\/p>\n<\/li>\n<li class=\"\" data-start=\"1611\" data-end=\"1657\">\n<p class=\"\" data-start=\"1614\" data-end=\"1657\">Nyt din nybryggede pour-over-kaffe!<\/p>\n<\/li>\n<\/ol>\n<h2 style=\"text-align: center\"><img decoding=\"async\" class=\"size-full wp-image-15247 aligncenter\" src=\"https:\/\/keluvo.com\/template\/wp-content\/uploads\/sites\/5\/2025\/04\/main-image-2-18.jpeg\" alt=\"\" \/><br \/>\n<strong>Pakken Inkluderer<\/strong><\/h2>\n<p>1 \u00d7 B\u00e6rbar Kaffekopp Med Innebygd Drypper<\/p>\n","protected":false},"excerpt":{"rendered":"<p>Brygg Hvor Som Helst, N\u00e5r Som Helst Gled deg over kaffe av baristakvalitet uansett hvor livet tar deg med denne [&hellip;]<\/p>\n","protected":false},"featured_media":15207,"comment_status":"open","ping_status":"closed","template":"","meta":{"site-sidebar-layout":"default","site-content-layout":"","ast-site-content-layout":"default","site-content-style":"default","site-sidebar-style":"default","ast-global-header-display":"","ast-banner-title-visibility":"","ast-main-header-display":"","ast-hfb-above-header-display":"","ast-hfb-below-header-display":"","ast-hfb-mobile-header-display":"","site-post-title":"","ast-breadcrumbs-content":"","ast-featured-img":"","footer-sml-layout":"","theme-transparent-header-meta":"default","adv-header-id-meta":"","stick-header-meta":"","header-above-stick-meta":"","header-main-stick-meta":"","header-below-stick-meta":"","astra-migrate-meta-layouts":"set","ast-page-background-enabled":"default","ast-page-background-meta":{"desktop":{"background-color":"var(--ast-global-color-4)","background-image":"","background-repeat":"repeat","background-position":"center center","background-size":"auto","background-attachment":"scroll","background-type":"","background-media":"","overlay-type":"","overlay-color":"","overlay-opacity":"","overlay-gradient":""},"tablet":{"background-color":"","background-image":"","background-repeat":"repeat","background-position":"center center","background-size":"auto","background-attachment":"scroll","background-type":"","background-media":"","overlay-type":"","overlay-color":"","overlay-opacity":"","overlay-gradient":""},"mobile":{"background-color":"","background-image":"","background-repeat":"repeat","background-position":"center center","background-size":"auto","background-attachment":"scroll","background-type":"","background-media":"","overlay-type":"","overlay-color":"","overlay-opacity":"","overlay-gradient":""}},"ast-content-background-meta":{"desktop":{"background-color":"var(--ast-global-color-5)","background-image":"","background-repeat":"repeat","background-position":"center center","background-size":"auto","background-attachment":"scroll","background-type":"","background-media":"","overlay-type":"","overlay-color":"","overlay-opacity":"","overlay-gradient":""},"tablet":{"background-color":"var(--ast-global-color-5)","background-image":"","background-repeat":"repeat","background-position":"center center","background-size":"auto","background-attachment":"scroll","background-type":"","background-media":"","overlay-type":"","overlay-color":"","overlay-opacity":"","overlay-gradient":""},"mobile":{"background-color":"var(--ast-global-color-5)","background-image":"","background-repeat":"repeat","background-position":"center center","background-size":"auto","background-attachment":"scroll","background-type":"","background-media":"","overlay-type":"","overlay-color":"","overlay-opacity":"","overlay-gradient":""}}},"product_brand":[],"product_cat":[1001],"product_tag":[],"class_list":{"0":"post-15211","1":"product","2":"type-product","3":"status-publish","4":"has-post-thumbnail","6":"product_cat-husholdningsartikler","7":"desktop-align-left","8":"tablet-align-left","9":"mobile-align-left","11":"first","12":"instock","13":"shipping-taxable","14":"purchasable","15":"product-type-simple"},"_links":{"self":[{"href":"https:\/\/keluvo.com\/no\/wp-json\/wp\/v2\/product\/15211","targetHints":{"allow":["GET"]}}],"collection":[{"href":"https:\/\/keluvo.com\/no\/wp-json\/wp\/v2\/product"}],"about":[{"href":"https:\/\/keluvo.com\/no\/wp-json\/wp\/v2\/types\/product"}],"replies":[{"embeddable":true,"href":"https:\/\/keluvo.com\/no\/wp-json\/wp\/v2\/comments?post=15211"}],"wp:featuredmedia":[{"embeddable":true,"href":"https:\/\/keluvo.com\/no\/wp-json\/wp\/v2\/media\/15207"}],"wp:attachment":[{"href":"https:\/\/keluvo.com\/no\/wp-json\/wp\/v2\/media?parent=15211"}],"wp:term":[{"taxonomy":"product_brand","embeddable":true,"href":"https:\/\/keluvo.com\/no\/wp-json\/wp\/v2\/product_brand?post=15211"},{"taxonomy":"product_cat","embeddable":true,"href":"https:\/\/keluvo.com\/no\/wp-json\/wp\/v2\/product_cat?post=15211"},{"taxonomy":"product_tag","embeddable":true,"href":"https:\/\/keluvo.com\/no\/wp-json\/wp\/v2\/product_tag?post=15211"}],"curies":[{"name":"wp","href":"https:\/\/api.w.org\/{rel}","templated":true}]}}