{"id":15106,"date":"2025-04-23T15:24:43","date_gmt":"2025-04-23T13:24:43","guid":{"rendered":"https:\/\/keluvo.com\/no\/produkt\/solenergivintre-av-pil\/"},"modified":"2025-04-23T15:29:32","modified_gmt":"2025-04-23T13:29:32","slug":"solenergivintre-av-pil","status":"publish","type":"product","link":"https:\/\/keluvo.com\/no\/produkt\/solenergivintre-av-pil\/","title":{"rendered":"Solenergivintre av pil"},"content":{"rendered":"<p style=\"text-align: center;\"><strong>\u2618 Magisk Lys for Alle Rom \ud83c\udf1f<\/strong><\/p>\n<p style=\"text-align: center;\"><span class=\"relative -mx-px my-[-0.2rem] rounded px-px py-[0.2rem] transition-colors duration-100 ease-in-out\">Denne solcelledrevne pilelampen har myke, varmhvite lysdioder.<\/span> <span class=\"relative -mx-px my-[-0.2rem] rounded px-px py-[0.2rem] transition-colors duration-100 ease-in-out\">Den er perfekt for soverom, stuer eller uterom.<\/span> <span class=\"relative -mx-px my-[-0.2rem] rounded px-px py-[0.2rem] transition-colors duration-100 ease-in-out\">Med 8 lysmoduser og en fjernkontroll kan du sette den helt riktige stemningen.<\/span><\/p>\n<p><img decoding=\"async\" class=\"size-full wp-image-15286 aligncenter\" src=\"https:\/\/keluvo.com\/template\/wp-content\/uploads\/sites\/5\/2025\/04\/Sed4054b33dde464cba8699e39adbd5c66.png\" alt=\"\" \/><\/p>\n<h2 style=\"text-align: center;\" data-start=\"316\" data-end=\"333\">Hovedfordeler<\/h2>\n<ul data-start=\"335\" data-end=\"621\">\n<li class=\"\" data-start=\"335\" data-end=\"395\">\n<p class=\"\" data-start=\"337\" data-end=\"395\"><strong data-start=\"337\" data-end=\"356\">Fleksibel Design<\/strong>: <span class=\"relative -mx-px my-[-0.2rem] rounded px-px py-[0.2rem] transition-colors duration-100 ease-in-out\">Du kan forme den slik du vil for \u00e5 tilpasse den til rommet ditt.<\/span><\/p>\n<\/li>\n<li class=\"\" data-start=\"396\" data-end=\"455\">\n<p class=\"\" data-start=\"398\" data-end=\"455\"><strong data-start=\"398\" data-end=\"416\">Flere Moduser<\/strong>: <span class=\"relative -mx-px my-[-0.2rem] rounded px-px py-[0.2rem] transition-colors duration-100 ease-in-out\">Velg mellom 8 lysm\u00f8nstre for \u00e5 matche hum\u00f8ret ditt.<\/span><\/p>\n<\/li>\n<li class=\"\" data-start=\"456\" data-end=\"515\">\n<p class=\"\" data-start=\"458\" data-end=\"515\"><strong data-start=\"458\" data-end=\"476\">Fjernkontroll<\/strong>: <span class=\"relative -mx-px my-[-0.2rem] rounded px-px py-[0.2rem] transition-colors duration-100 ease-in-out\">Du kan enkelt endre innstillingene uten \u00e5 m\u00e5tte reise deg.<\/span><\/p>\n<\/li>\n<li class=\"\" data-start=\"516\" data-end=\"621\">\n<p class=\"\" data-start=\"518\" data-end=\"621\"><strong data-start=\"518\" data-end=\"538\">Energieffektiv<\/strong>: <span class=\"relative -mx-px my-[-0.2rem] rounded px-px py-[0.2rem] transition-colors duration-100 ease-in-out\">Solcelledrevet og oppladbar via USB.<\/span><\/p>\n<\/li>\n<\/ul>\n<h2 style=\"text-align: center;\" data-start=\"1039\" data-end=\"1061\">\ud83d\udc96 Derfor Vil Du Elske Den<\/h2>\n<ul data-start=\"1063\" data-end=\"1375\">\n<li class=\"\" data-start=\"1063\" data-end=\"1125\">\n<p class=\"\" data-start=\"1065\" data-end=\"1125\"><strong data-start=\"1065\" data-end=\"1084\">Enkel \u00e5 Installere<\/strong>: <span class=\"relative -mx-px my-[-0.2rem] rounded px-px py-[0.2rem] transition-colors duration-100 ease-in-out\">Heng den p\u00e5 vegger, vinduer eller m\u00f8bler.<\/span><\/p>\n<\/li>\n<li class=\"\" data-start=\"1126\" data-end=\"1197\">\n<p class=\"\" data-start=\"1128\" data-end=\"1197\"><strong data-start=\"1128\" data-end=\"1156\">Perfekt til Enhver Anledning<\/strong>: <span class=\"relative -mx-px my-[-0.2rem] rounded px-px py-[0.2rem] transition-colors duration-100 ease-in-out\">Perfekt til fest, h\u00f8ytid eller hverdagsdekorasjon.<\/span><\/p>\n<\/li>\n<li class=\"\" data-start=\"1198\" data-end=\"1266\">\n<p class=\"\" data-start=\"1200\" data-end=\"1266\"><strong data-start=\"1200\" data-end=\"1225\">Trygg og Milj\u00f8vennlig<\/strong>: <span class=\"relative -mx-px my-[-0.2rem] rounded px-px py-[0.2rem] transition-colors duration-100 ease-in-out\">Ingen behov for batterier eller st\u00f8psler.<\/span><\/p>\n<\/li>\n<\/ul>\n<p><img decoding=\"async\" class=\"size-full wp-image-15284 aligncenter\" src=\"https:\/\/keluvo.com\/template\/wp-content\/uploads\/sites\/5\/2025\/04\/WillowVineLightsRoomDecorations_1_1024x1024.jpg\" alt=\"\" \/><\/p>\n<h2 style=\"text-align: center;\" data-start=\"628\" data-end=\"644\">Viktige Funksjoner<\/h2>\n<ul data-start=\"646\" data-end=\"1032\">\n<li class=\"\" data-start=\"646\" data-end=\"702\">\n<p class=\"\" data-start=\"648\" data-end=\"702\"><strong data-start=\"648\" data-end=\"661\">LED-antall<\/strong>: <span class=\"relative -mx-px my-[-0.2rem] rounded px-px py-[0.2rem] transition-colors duration-100 ease-in-out\">72 eller 96 lysdioder.<\/span><\/p>\n<\/li>\n<li class=\"\" data-start=\"703\" data-end=\"756\">\n<p class=\"\" data-start=\"705\" data-end=\"756\"><strong data-start=\"705\" data-end=\"715\">Lengde<\/strong>: <span class=\"relative -mx-px my-[-0.2rem] rounded px-px py-[0.2rem] transition-colors duration-100 ease-in-out\">1,45 m eller 1,85 m.<\/span><\/p>\n<\/li>\n<li class=\"\" data-start=\"757\" data-end=\"812\">\n<p class=\"\" data-start=\"759\" data-end=\"812\"><strong data-start=\"759\" data-end=\"771\">Materiale<\/strong>: <span class=\"relative -mx-px my-[-0.2rem] rounded px-px py-[0.2rem] transition-colors duration-100 ease-in-out\">Slitesterk PVC.<\/span><\/p>\n<\/li>\n<li class=\"\" data-start=\"813\" data-end=\"870\">\n<p class=\"\" data-start=\"815\" data-end=\"870\"><strong data-start=\"815\" data-end=\"829\">Vanntett<\/strong>: <span class=\"relative -mx-px my-[-0.2rem] rounded px-px py-[0.2rem] bg-[#FCECC1] dark:bg-[#64572A] transition-colors duration-100 ease-in-out\">Ja, egnet for innend\u00f8rs og utend\u00f8rs bruk.<\/span><\/p>\n<\/li>\n<li class=\"\" data-start=\"871\" data-end=\"926\">\n<p class=\"\" data-start=\"873\" data-end=\"926\"><strong data-start=\"873\" data-end=\"885\">Dimbar<\/strong>: <span class=\"relative -mx-px my-[-0.2rem] rounded px-px py-[0.2rem] transition-colors duration-100 ease-in-out\">Juster lysstyrken etter eget \u00f8nske.<\/span><\/p>\n<\/li>\n<li class=\"\" data-start=\"927\" data-end=\"1032\">\n<p class=\"\" data-start=\"929\" data-end=\"1032\"><strong data-start=\"929\" data-end=\"945\">Str\u00f8mforsyning<\/strong>: <span class=\"relative -mx-px my-[-0.2rem] rounded px-px py-[0.2rem] transition-colors duration-100 ease-in-out\">USB-oppladbar.<\/span><\/p>\n<\/li>\n<\/ul>\n<h2 style=\"text-align: center;\" data-start=\"1382\" data-end=\"1407\">Hva er i Pakken:<\/h2>\n<ul data-start=\"1409\" data-end=\"1622\">\n<li class=\"\" data-start=\"1409\" data-end=\"1450\">\n<p class=\"\" data-start=\"1411\" data-end=\"1450\"><span class=\"relative -mx-px my-[-0.2rem] rounded px-px py-[0.2rem] transition-colors duration-100 ease-in-out\">1 Solcellelys<\/span><\/p>\n<\/li>\n<li class=\"\" data-start=\"1451\" data-end=\"1492\">\n<p class=\"\" data-start=\"1453\" data-end=\"1492\"><span class=\"relative -mx-px my-[-0.2rem] rounded px-px py-[0.2rem] transition-colors duration-100 ease-in-out\">1 Fjernkontroll<\/span><\/p>\n<\/li>\n<li class=\"\" data-start=\"1493\" data-end=\"1534\">\n<p class=\"\" data-start=\"1495\" data-end=\"1534\">1 USB-ladekabel<\/p>\n<\/li>\n<li data-start=\"1493\" data-end=\"1534\">1 Brukerh\u00e5ndbok<\/li>\n<\/ul>\n","protected":false},"excerpt":{"rendered":"<p>\u2618 Magisk Lys for Alle Rom \ud83c\udf1f Denne solcelledrevne pilelampen har myke, varmhvite lysdioder. Den er perfekt for soverom, stuer [&hellip;]<\/p>\n","protected":false},"featured_media":15102,"comment_status":"open","ping_status":"closed","template":"","meta":{"site-sidebar-layout":"default","site-content-layout":"","ast-site-content-layout":"default","site-content-style":"default","site-sidebar-style":"default","ast-global-header-display":"","ast-banner-title-visibility":"","ast-main-header-display":"","ast-hfb-above-header-display":"","ast-hfb-below-header-display":"","ast-hfb-mobile-header-display":"","site-post-title":"","ast-breadcrumbs-content":"","ast-featured-img":"","footer-sml-layout":"","theme-transparent-header-meta":"default","adv-header-id-meta":"","stick-header-meta":"","header-above-stick-meta":"","header-main-stick-meta":"","header-below-stick-meta":"","astra-migrate-meta-layouts":"set","ast-page-background-enabled":"default","ast-page-background-meta":{"desktop":{"background-color":"var(--ast-global-color-4)","background-image":"","background-repeat":"repeat","background-position":"center center","background-size":"auto","background-attachment":"scroll","background-type":"","background-media":"","overlay-type":"","overlay-color":"","overlay-opacity":"","overlay-gradient":""},"tablet":{"background-color":"","background-image":"","background-repeat":"repeat","background-position":"center center","background-size":"auto","background-attachment":"scroll","background-type":"","background-media":"","overlay-type":"","overlay-color":"","overlay-opacity":"","overlay-gradient":""},"mobile":{"background-color":"","background-image":"","background-repeat":"repeat","background-position":"center center","background-size":"auto","background-attachment":"scroll","background-type":"","background-media":"","overlay-type":"","overlay-color":"","overlay-opacity":"","overlay-gradient":""}},"ast-content-background-meta":{"desktop":{"background-color":"var(--ast-global-color-5)","background-image":"","background-repeat":"repeat","background-position":"center center","background-size":"auto","background-attachment":"scroll","background-type":"","background-media":"","overlay-type":"","overlay-color":"","overlay-opacity":"","overlay-gradient":""},"tablet":{"background-color":"var(--ast-global-color-5)","background-image":"","background-repeat":"repeat","background-position":"center center","background-size":"auto","background-attachment":"scroll","background-type":"","background-media":"","overlay-type":"","overlay-color":"","overlay-opacity":"","overlay-gradient":""},"mobile":{"background-color":"var(--ast-global-color-5)","background-image":"","background-repeat":"repeat","background-position":"center center","background-size":"auto","background-attachment":"scroll","background-type":"","background-media":"","overlay-type":"","overlay-color":"","overlay-opacity":"","overlay-gradient":""}}},"product_brand":[],"product_cat":[1001],"product_tag":[],"class_list":{"0":"post-15106","1":"product","2":"type-product","3":"status-publish","4":"has-post-thumbnail","6":"product_cat-husholdningsartikler","7":"pa_48082_ug95vgus-72-lysdioder","8":"pa_48082_ug95vgus-96-lysdioder","9":"desktop-align-left","10":"tablet-align-left","11":"mobile-align-left","13":"first","14":"instock","15":"shipping-taxable","16":"purchasable","17":"product-type-variable"},"_links":{"self":[{"href":"https:\/\/keluvo.com\/no\/wp-json\/wp\/v2\/product\/15106","targetHints":{"allow":["GET"]}}],"collection":[{"href":"https:\/\/keluvo.com\/no\/wp-json\/wp\/v2\/product"}],"about":[{"href":"https:\/\/keluvo.com\/no\/wp-json\/wp\/v2\/types\/product"}],"replies":[{"embeddable":true,"href":"https:\/\/keluvo.com\/no\/wp-json\/wp\/v2\/comments?post=15106"}],"wp:featuredmedia":[{"embeddable":true,"href":"https:\/\/keluvo.com\/no\/wp-json\/wp\/v2\/media\/15102"}],"wp:attachment":[{"href":"https:\/\/keluvo.com\/no\/wp-json\/wp\/v2\/media?parent=15106"}],"wp:term":[{"taxonomy":"product_brand","embeddable":true,"href":"https:\/\/keluvo.com\/no\/wp-json\/wp\/v2\/product_brand?post=15106"},{"taxonomy":"product_cat","embeddable":true,"href":"https:\/\/keluvo.com\/no\/wp-json\/wp\/v2\/product_cat?post=15106"},{"taxonomy":"product_tag","embeddable":true,"href":"https:\/\/keluvo.com\/no\/wp-json\/wp\/v2\/product_tag?post=15106"}],"curies":[{"name":"wp","href":"https:\/\/api.w.org\/{rel}","templated":true}]}}