{"id":15095,"date":"2025-04-23T15:22:40","date_gmt":"2025-04-23T13:22:40","guid":{"rendered":"https:\/\/keluvo.com\/no\/produkt\/firkantet-glassbeger\/"},"modified":"2025-04-23T15:26:33","modified_gmt":"2025-04-23T13:26:33","slug":"firkantet-glassbeger","status":"publish","type":"product","link":"https:\/\/keluvo.com\/no\/produkt\/firkantet-glassbeger\/","title":{"rendered":"Firkantet glassbeger"},"content":{"rendered":"<p style=\"text-align: center;\"><strong>\u2615 Nyt favorittdrinkene dine med stil! \ud83e\udd5b<\/strong><\/p>\n<p style=\"text-align: center;\"><span class=\"relative -mx-px my-[-0.2rem] rounded px-px py-[0.2rem] transition-colors duration-100 ease-in-out\">Denne klare, firkantede glasskoppen rommer 400 ml og leveres med lokk og suger\u00f8r.<\/span> <span class=\"relative -mx-px my-[-0.2rem] rounded px-px py-[0.2rem] transition-colors duration-100 ease-in-out\">Den er perfekt til juice, te, kaffe eller smoothies.<\/span> <span class=\"relative -mx-px my-[-0.2rem] rounded px-px py-[0.2rem] transition-colors duration-100 ease-in-out\">Den er laget av sterkt, milj\u00f8vennlig glass og er trygg og enkel \u00e5 bruke hver dag.<\/span><\/p>\n<p><img decoding=\"async\" class=\"size-full wp-image-15277 aligncenter\" src=\"https:\/\/keluvo.com\/template\/wp-content\/uploads\/sites\/5\/2025\/04\/S4c1b86bed1114a74be6878c2316586fdB.png\" alt=\"\" \/><\/p>\n<h2 style=\"text-align: center;\">Hovedfordeler<\/h2>\n<ul>\n<li class=\"\" data-start=\"300\" data-end=\"360\">\n<p class=\"\" data-start=\"302\" data-end=\"360\"><strong data-start=\"302\" data-end=\"321\">Sterkt Og Trygt<\/strong>: <span class=\"relative -mx-px my-[-0.2rem] rounded px-px py-[0.2rem] transition-colors duration-100 ease-in-out\">Laget av blyfritt glass av h\u00f8y kvalitet.<\/span><\/p>\n<\/li>\n<li class=\"\" data-start=\"361\" data-end=\"419\">\n<p class=\"\" data-start=\"363\" data-end=\"419\"><strong data-start=\"363\" data-end=\"380\">Allsidig Bruk<\/strong>: <span class=\"relative -mx-px my-[-0.2rem] rounded px-px py-[0.2rem] transition-colors duration-100 ease-in-out\">Passer utmerket til b\u00e5de varme og kalde drikker.<\/span><\/p>\n<\/li>\n<li class=\"\" data-start=\"420\" data-end=\"477\">\n<p class=\"\" data-start=\"422\" data-end=\"477\"><strong data-start=\"422\" data-end=\"438\">Klar Design<\/strong>: <span class=\"relative -mx-px my-[-0.2rem] rounded px-px py-[0.2rem] transition-colors duration-100 ease-in-out\">Du ser drikken din tydelig.<\/span><\/p>\n<\/li>\n<li class=\"\" data-start=\"478\" data-end=\"580\">\n<p class=\"\" data-start=\"480\" data-end=\"580\"><strong data-start=\"480\" data-end=\"497\">Lett \u00c5 B\u00e6re<\/strong>: <span class=\"relative -mx-px my-[-0.2rem] rounded px-px py-[0.2rem] transition-colors duration-100 ease-in-out\">Leveres med lokk og suger\u00f8r for \u00e5 drikke n\u00e5r du er p\u00e5 farten.<\/span><\/p>\n<\/li>\n<\/ul>\n<h2 style=\"text-align: center;\" data-start=\"928\" data-end=\"950\">\u2665 Derfor Vil Du Elske Det<\/h2>\n<ul data-start=\"952\" data-end=\"1207\">\n<li class=\"\" data-start=\"952\" data-end=\"1020\">\n<p class=\"\" data-start=\"954\" data-end=\"1020\"><strong data-start=\"954\" data-end=\"979\">Perfekt Til Alle Drikker<\/strong>: <span class=\"relative -mx-px my-[-0.2rem] rounded px-px py-[0.2rem] transition-colors duration-100 ease-in-out\">Bruk den til juice, te, kaffe eller smoothies.<\/span><\/p>\n<\/li>\n<li class=\"\" data-start=\"1021\" data-end=\"1090\">\n<p class=\"\" data-start=\"1023\" data-end=\"1090\"><strong data-start=\"1023\" data-end=\"1049\">Ideell Til Hjemmet, Kontoret Eller Arrangementer<\/strong>: <span class=\"relative -mx-px my-[-0.2rem] rounded px-px py-[0.2rem] transition-colors duration-100 ease-in-out\">Ideell til hjemmet, kontoret eller arrangementer.<\/span><\/p>\n<\/li>\n<li class=\"\" data-start=\"1091\" data-end=\"1207\">\n<p class=\"\" data-start=\"1093\" data-end=\"1207\"><strong data-start=\"1093\" data-end=\"1120\">En Gjennomtenkt Gave<\/strong>: Perfekt til bursdager, h\u00f8ytider eller husoppvarminger.<\/p>\n<\/li>\n<\/ul>\n<h2 style=\"text-align: center;\" data-start=\"1214\" data-end=\"1239\">\ud83d\udce6 Hva Er I Pakken:<\/h2>\n<ul data-start=\"1241\" data-end=\"1412\">\n<li style=\"list-style-type: none;\">\n<ul data-start=\"1241\" data-end=\"1412\">\n<li class=\"\" data-start=\"1241\" data-end=\"1282\">\n<p class=\"\" data-start=\"1243\" data-end=\"1282\"><span class=\"relative -mx-px my-[-0.2rem] rounded px-px py-[0.2rem] transition-colors duration-100 ease-in-out\">1 firkantet glasskopp (400 ml)<\/span><\/p>\n<\/li>\n<li class=\"\" data-start=\"1283\" data-end=\"1324\">\n<p class=\"\" data-start=\"1285\" data-end=\"1324\"><span class=\"relative -mx-px my-[-0.2rem] rounded px-px py-[0.2rem] transition-colors duration-100 ease-in-out\">1 lokk<\/span><\/p>\n<\/li>\n<li class=\"\" data-start=\"1325\" data-end=\"1412\">\n<p class=\"\" data-start=\"1327\" data-end=\"1412\"><span class=\"relative -mx-px my-[-0.2rem] rounded px-px py-[0.2rem] transition-colors duration-100 ease-in-out\">1 suger\u00f8r<\/span><\/p>\n<\/li>\n<\/ul>\n<\/li>\n<\/ul>\n","protected":false},"excerpt":{"rendered":"<p>\u2615 Nyt favorittdrinkene dine med stil! \ud83e\udd5b Denne klare, firkantede glasskoppen rommer 400 ml og leveres med lokk og suger\u00f8r. [&hellip;]<\/p>\n","protected":false},"featured_media":15091,"comment_status":"open","ping_status":"closed","template":"","meta":{"site-sidebar-layout":"default","site-content-layout":"","ast-site-content-layout":"default","site-content-style":"default","site-sidebar-style":"default","ast-global-header-display":"","ast-banner-title-visibility":"","ast-main-header-display":"","ast-hfb-above-header-display":"","ast-hfb-below-header-display":"","ast-hfb-mobile-header-display":"","site-post-title":"","ast-breadcrumbs-content":"","ast-featured-img":"","footer-sml-layout":"","theme-transparent-header-meta":"default","adv-header-id-meta":"","stick-header-meta":"","header-above-stick-meta":"","header-main-stick-meta":"","header-below-stick-meta":"","astra-migrate-meta-layouts":"set","ast-page-background-enabled":"default","ast-page-background-meta":{"desktop":{"background-color":"var(--ast-global-color-4)","background-image":"","background-repeat":"repeat","background-position":"center center","background-size":"auto","background-attachment":"scroll","background-type":"","background-media":"","overlay-type":"","overlay-color":"","overlay-opacity":"","overlay-gradient":""},"tablet":{"background-color":"","background-image":"","background-repeat":"repeat","background-position":"center center","background-size":"auto","background-attachment":"scroll","background-type":"","background-media":"","overlay-type":"","overlay-color":"","overlay-opacity":"","overlay-gradient":""},"mobile":{"background-color":"","background-image":"","background-repeat":"repeat","background-position":"center center","background-size":"auto","background-attachment":"scroll","background-type":"","background-media":"","overlay-type":"","overlay-color":"","overlay-opacity":"","overlay-gradient":""}},"ast-content-background-meta":{"desktop":{"background-color":"var(--ast-global-color-5)","background-image":"","background-repeat":"repeat","background-position":"center center","background-size":"auto","background-attachment":"scroll","background-type":"","background-media":"","overlay-type":"","overlay-color":"","overlay-opacity":"","overlay-gradient":""},"tablet":{"background-color":"var(--ast-global-color-5)","background-image":"","background-repeat":"repeat","background-position":"center center","background-size":"auto","background-attachment":"scroll","background-type":"","background-media":"","overlay-type":"","overlay-color":"","overlay-opacity":"","overlay-gradient":""},"mobile":{"background-color":"var(--ast-global-color-5)","background-image":"","background-repeat":"repeat","background-position":"center center","background-size":"auto","background-attachment":"scroll","background-type":"","background-media":"","overlay-type":"","overlay-color":"","overlay-opacity":"","overlay-gradient":""}}},"product_brand":[],"product_cat":[1001,15],"product_tag":[],"class_list":{"0":"post-15095","1":"product","2":"type-product","3":"status-publish","4":"has-post-thumbnail","6":"product_cat-husholdningsartikler","7":"product_cat-uncategorized","8":"pa_48081_vk991grj-1-stk","9":"pa_48081_vk991grj-2-stk","10":"pa_48081_vk991grj-4-stk","11":"desktop-align-left","12":"tablet-align-left","13":"mobile-align-left","15":"first","16":"instock","17":"shipping-taxable","18":"purchasable","19":"product-type-variable"},"_links":{"self":[{"href":"https:\/\/keluvo.com\/no\/wp-json\/wp\/v2\/product\/15095","targetHints":{"allow":["GET"]}}],"collection":[{"href":"https:\/\/keluvo.com\/no\/wp-json\/wp\/v2\/product"}],"about":[{"href":"https:\/\/keluvo.com\/no\/wp-json\/wp\/v2\/types\/product"}],"replies":[{"embeddable":true,"href":"https:\/\/keluvo.com\/no\/wp-json\/wp\/v2\/comments?post=15095"}],"wp:featuredmedia":[{"embeddable":true,"href":"https:\/\/keluvo.com\/no\/wp-json\/wp\/v2\/media\/15091"}],"wp:attachment":[{"href":"https:\/\/keluvo.com\/no\/wp-json\/wp\/v2\/media?parent=15095"}],"wp:term":[{"taxonomy":"product_brand","embeddable":true,"href":"https:\/\/keluvo.com\/no\/wp-json\/wp\/v2\/product_brand?post=15095"},{"taxonomy":"product_cat","embeddable":true,"href":"https:\/\/keluvo.com\/no\/wp-json\/wp\/v2\/product_cat?post=15095"},{"taxonomy":"product_tag","embeddable":true,"href":"https:\/\/keluvo.com\/no\/wp-json\/wp\/v2\/product_tag?post=15095"}],"curies":[{"name":"wp","href":"https:\/\/api.w.org\/{rel}","templated":true}]}}