{"id":14940,"date":"2025-04-21T17:23:26","date_gmt":"2025-04-21T15:23:26","guid":{"rendered":"https:\/\/keluvo.com\/no\/produkt\/deksel-for-falske-tenner\/"},"modified":"2025-09-12T16:35:12","modified_gmt":"2025-09-12T13:35:12","slug":"deksel-for-falske-tenner","status":"publish","type":"product","link":"https:\/\/keluvo.com\/no\/produkt\/deksel-for-falske-tenner\/","title":{"rendered":"Deksel for falske tenner"},"content":{"rendered":"<h2 style=\"text-align: center;\">\ud83e\uddb7 \u00d8yeblikkelig perfekt smil<\/h2>\n<p style=\"text-align: center;\">Transformer smilet ditt p\u00e5 sekunder! Enten du har manglende, flekkete eller skjeve tenner, tilbyr denne tannfasaden en rask, rimelig og ikke-invasiv l\u00f8sning. Ingen tannlegebes\u00f8k. Ingen smerter. Bare et lysere, fyldigere smil n\u00e5r som helst du trenger det.<\/p>\n<p><img decoding=\"async\" class=\"size-full wp-image-15145 aligncenter\" src=\"https:\/\/keluvo.com\/template\/wp-content\/uploads\/sites\/5\/2025\/04\/ezgif-79c733d65f62b6.webp\" alt=\"\" \/><\/p>\n<h2 style=\"text-align: center;\" data-start=\"954\" data-end=\"974\">\u2728 Viktige Fordeler<\/h2>\n<ul data-start=\"975\" data-end=\"1436\">\n<li class=\"\" style=\"text-align: center;\" data-start=\"975\" data-end=\"1067\">\n<p class=\"\" data-start=\"977\" data-end=\"1067\"><strong data-start=\"977\" data-end=\"1003\">\u00d8yeblikkelig Smileforbedring<\/strong> \u2013 Dekker hull, splinter, flekker og skjeve tenner uten problemer.<\/p>\n<\/li>\n<li class=\"\" style=\"text-align: center;\" data-start=\"1068\" data-end=\"1150\">\n<p class=\"\" data-start=\"1070\" data-end=\"1150\"><strong data-start=\"1070\" data-end=\"1091\">Skreddersydd Passform<\/strong> \u2013 Mykgj\u00f8res i varmt vann for en personlig og behagelig f\u00f8lelse.<\/p>\n<\/li>\n<li class=\"\" style=\"text-align: center;\" data-start=\"1151\" data-end=\"1247\">\n<p class=\"\" data-start=\"1153\" data-end=\"1247\"><strong data-start=\"1153\" data-end=\"1176\">Naturlig Utseende &amp; F\u00f8lelse<\/strong> \u2013 Utformet for \u00e5 etterligne utseendet til ekte tenner for en diskret slitasje.<\/p>\n<\/li>\n<li class=\"\" style=\"text-align: center;\" data-start=\"1248\" data-end=\"1352\">\n<p class=\"\" data-start=\"1250\" data-end=\"1352\"><strong data-start=\"1250\" data-end=\"1274\">Gjenbrukbar &amp; Avtakbar<\/strong> \u2013 Bruk igjen og igjen for viktige hendelser, bilder eller hverdagslig selvtillit.<\/p>\n<\/li>\n<li class=\"\" style=\"text-align: center;\" data-start=\"1353\" data-end=\"1436\">\n<p class=\"\" data-start=\"1355\" data-end=\"1436\"><strong data-start=\"1355\" data-end=\"1374\">Budsjettvennlig<\/strong> \u2013 Et smart alternativ til kostbar tannregulering eller kosmetisk tannbehandling.<\/p>\n<\/li>\n<\/ul>\n<p><img decoding=\"async\" class=\"size-full wp-image-15146 aligncenter\" src=\"https:\/\/keluvo.com\/template\/wp-content\/uploads\/sites\/5\/2025\/04\/S238011bcf6784e29998de126757e8b47V-1.jpg\" alt=\"\" \/><\/p>\n<h2 style=\"text-align: center;\" data-start=\"1443\" data-end=\"1462\">\ud83d\udee0 Hvordan Du Bruker<\/h2>\n<ol data-start=\"1463\" data-end=\"1708\">\n<li class=\"\" style=\"text-align: center;\" data-start=\"1463\" data-end=\"1532\">\n<p class=\"\" data-start=\"1466\" data-end=\"1532\"><strong data-start=\"1466\" data-end=\"1477\">Softe:<\/strong> Legg i varmt vann i 1 minutt for \u00e5 gj\u00f8re det fleksibelt.<\/p>\n<\/li>\n<li class=\"\" style=\"text-align: center;\" data-start=\"1533\" data-end=\"1603\">\n<p class=\"\" data-start=\"1536\" data-end=\"1603\"><strong data-start=\"1536\" data-end=\"1544\">Fit:<\/strong> Trykk p\u00e5 de ekte tennene dine ved hjelp av et speil for justering.<\/p>\n<\/li>\n<li class=\"\" style=\"text-align: center;\" data-start=\"1604\" data-end=\"1708\">\n<p class=\"\" data-start=\"1607\" data-end=\"1708\"><strong data-start=\"1607\" data-end=\"1615\">Set:<\/strong> Avkj\u00f8l i kaldt vann for \u00e5 herde avtrykket.<br data-start=\"1660\" data-end=\"1663\" \/><em data-start=\"1663\" data-end=\"1674\">Valgfritt:<\/em> Trim for perfekt passform om n\u00f8dvendig.<\/p>\n<\/li>\n<\/ol>\n<p>&nbsp;<\/p>\n<h2 style=\"text-align: center;\" data-start=\"1715\" data-end=\"1739\">\ud83d\udd04 Hva Er Inkludert<\/h2>\n<ul data-start=\"1740\" data-end=\"1789\">\n<li class=\"\" style=\"text-align: center;\" data-start=\"1740\" data-end=\"1764\">\n<p class=\"\" data-start=\"1742\" data-end=\"1764\">1x \u00d8vre Tanndeksel<\/p>\n<\/li>\n<li class=\"\" style=\"text-align: center;\" data-start=\"1765\" data-end=\"1789\">\n<p class=\"\" data-start=\"1767\" data-end=\"1789\">1x Nedre Tanndeksel<\/p>\n<\/li>\n<\/ul>\n<p>&nbsp;<\/p>\n<h2 style=\"text-align: center;\" data-start=\"1796\" data-end=\"1823\">\ud83d\udca1 Hvorfor Du Vil Elske Det<\/h2>\n<p class=\"\" style=\"text-align: center;\" data-start=\"1824\" data-end=\"2021\">Fordi smilet ditt er ditt beste tilbeh\u00f8r &#8211; og det skal aldri koste en formue \u00e5 f\u00f8le seg bra med det. Enten det er for en kveld ute, en spesiell begivenhet eller daglig selvtillit, er dette din midlertidige l\u00f8sning.<\/p>\n<h2 style=\"text-align: center;\" data-start=\"2028\" data-end=\"2037\">\u2753FAQs<\/h2>\n<p class=\"\" style=\"text-align: center;\" data-start=\"2039\" data-end=\"2127\"><strong data-start=\"2039\" data-end=\"2068\">Er Dette Produktet Gjenbrukbart?<\/strong><br data-start=\"2068\" data-end=\"2071\" \/>Ja! Rengj\u00f8r det etter hver bruk, og det er klart til bruk igjen.<\/p>\n<p class=\"\" style=\"text-align: center;\" data-start=\"2129\" data-end=\"2251\"><strong data-start=\"2129\" data-end=\"2162\">Ser Det Ut Som Ekte Tenner?<\/strong><br data-start=\"2162\" data-end=\"2165\" \/>Absolutt. Den er designet med et naturlig, tannlignende utseende for realistiske resultater.<\/p>\n<p class=\"\" style=\"text-align: center;\" data-start=\"2253\" data-end=\"2384\"><strong data-start=\"2253\" data-end=\"2293\">Kan Jeg Spise Eller Drikke Mens Jeg Bruker Den?<\/strong><br data-start=\"2293\" data-end=\"2296\" \/>Det anbefales \u00e5 ta av fasettene f\u00f8r du spiser eller drikker for \u00e5 opprettholde holdbarheten.<\/p>\n<p class=\"\" style=\"text-align: center;\" data-start=\"2386\" data-end=\"2497\"><strong data-start=\"2386\" data-end=\"2408\">Hvordan Rengj\u00f8r Jeg Den?<\/strong><br data-start=\"2408\" data-end=\"2411\" \/>Bare skyll med varmt vann og mild s\u00e5pe etter hver bruk. Oppbevares p\u00e5 et kj\u00f8lig, t\u00f8rt sted.<\/p>\n","protected":false},"excerpt":{"rendered":"<p>\ud83e\uddb7 \u00d8yeblikkelig perfekt smil Transformer smilet ditt p\u00e5 sekunder! Enten du har manglende, flekkete eller skjeve tenner, tilbyr denne tannfasaden [&hellip;]<\/p>\n","protected":false},"featured_media":14936,"comment_status":"open","ping_status":"closed","template":"","meta":{"site-sidebar-layout":"default","site-content-layout":"","ast-site-content-layout":"default","site-content-style":"default","site-sidebar-style":"default","ast-global-header-display":"","ast-banner-title-visibility":"","ast-main-header-display":"","ast-hfb-above-header-display":"","ast-hfb-below-header-display":"","ast-hfb-mobile-header-display":"","site-post-title":"","ast-breadcrumbs-content":"","ast-featured-img":"","footer-sml-layout":"","theme-transparent-header-meta":"default","adv-header-id-meta":"","stick-header-meta":"","header-above-stick-meta":"","header-main-stick-meta":"","header-below-stick-meta":"","astra-migrate-meta-layouts":"set","ast-page-background-enabled":"default","ast-page-background-meta":{"desktop":{"background-color":"var(--ast-global-color-4)","background-image":"","background-repeat":"repeat","background-position":"center center","background-size":"auto","background-attachment":"scroll","background-type":"","background-media":"","overlay-type":"","overlay-color":"","overlay-opacity":"","overlay-gradient":""},"tablet":{"background-color":"","background-image":"","background-repeat":"repeat","background-position":"center center","background-size":"auto","background-attachment":"scroll","background-type":"","background-media":"","overlay-type":"","overlay-color":"","overlay-opacity":"","overlay-gradient":""},"mobile":{"background-color":"","background-image":"","background-repeat":"repeat","background-position":"center center","background-size":"auto","background-attachment":"scroll","background-type":"","background-media":"","overlay-type":"","overlay-color":"","overlay-opacity":"","overlay-gradient":""}},"ast-content-background-meta":{"desktop":{"background-color":"var(--ast-global-color-5)","background-image":"","background-repeat":"repeat","background-position":"center center","background-size":"auto","background-attachment":"scroll","background-type":"","background-media":"","overlay-type":"","overlay-color":"","overlay-opacity":"","overlay-gradient":""},"tablet":{"background-color":"var(--ast-global-color-5)","background-image":"","background-repeat":"repeat","background-position":"center center","background-size":"auto","background-attachment":"scroll","background-type":"","background-media":"","overlay-type":"","overlay-color":"","overlay-opacity":"","overlay-gradient":""},"mobile":{"background-color":"var(--ast-global-color-5)","background-image":"","background-repeat":"repeat","background-position":"center center","background-size":"auto","background-attachment":"scroll","background-type":"","background-media":"","overlay-type":"","overlay-color":"","overlay-opacity":"","overlay-gradient":""}}},"product_brand":[],"product_cat":[992],"product_tag":[],"class_list":{"0":"post-14940","1":"product","2":"type-product","3":"status-publish","4":"has-post-thumbnail","6":"product_cat-skjonnhets-og-hygieneprodukter","7":"desktop-align-left","8":"tablet-align-left","9":"mobile-align-left","11":"first","12":"instock","13":"shipping-taxable","14":"purchasable","15":"product-type-simple"},"_links":{"self":[{"href":"https:\/\/keluvo.com\/no\/wp-json\/wp\/v2\/product\/14940","targetHints":{"allow":["GET"]}}],"collection":[{"href":"https:\/\/keluvo.com\/no\/wp-json\/wp\/v2\/product"}],"about":[{"href":"https:\/\/keluvo.com\/no\/wp-json\/wp\/v2\/types\/product"}],"replies":[{"embeddable":true,"href":"https:\/\/keluvo.com\/no\/wp-json\/wp\/v2\/comments?post=14940"}],"wp:featuredmedia":[{"embeddable":true,"href":"https:\/\/keluvo.com\/no\/wp-json\/wp\/v2\/media\/14936"}],"wp:attachment":[{"href":"https:\/\/keluvo.com\/no\/wp-json\/wp\/v2\/media?parent=14940"}],"wp:term":[{"taxonomy":"product_brand","embeddable":true,"href":"https:\/\/keluvo.com\/no\/wp-json\/wp\/v2\/product_brand?post=14940"},{"taxonomy":"product_cat","embeddable":true,"href":"https:\/\/keluvo.com\/no\/wp-json\/wp\/v2\/product_cat?post=14940"},{"taxonomy":"product_tag","embeddable":true,"href":"https:\/\/keluvo.com\/no\/wp-json\/wp\/v2\/product_tag?post=14940"}],"curies":[{"name":"wp","href":"https:\/\/api.w.org\/{rel}","templated":true}]}}