{"id":1472,"date":"2024-10-10T12:23:54","date_gmt":"2024-10-10T09:23:54","guid":{"rendered":"https:\/\/keluvo.com\/no\/produkt\/rengjoringsmiddel-for-windows\/"},"modified":"2024-10-10T12:45:33","modified_gmt":"2024-10-10T09:45:33","slug":"rengjoringsmiddel-for-windows","status":"publish","type":"product","link":"https:\/\/keluvo.com\/no\/produkt\/rengjoringsmiddel-for-windows\/","title":{"rendered":"Rengj\u00f8ringsmiddel for Windows"},"content":{"rendered":"<h2 style=\"text-align: center;\"><strong>Rengj\u00f8ring av h\u00f8y kvalitet<\/strong><\/h2>\n<p style=\"text-align: center;\">Rengj\u00f8r flekker, kalk og annet smuss med denne lette glass- og speilrenseren!<\/p>\n<h2 style=\"text-align: center;\"><strong><img decoding=\"async\" class=\"size-medium wp-image-826 aligncenter\" src=\"https:\/\/keluvo.com\/template\/wp-content\/uploads\/2024\/10\/languvalytuvas.webp\" alt=\"\" \/><\/strong><\/h2>\n<h2><\/h2>\n<h2 style=\"text-align: center;\"><strong>Funksjonalitet og funksjoner<\/strong><\/h2>\n<p style=\"text-align: center;\">Vindusvask kan v\u00e6re vanskelig hvis du ikke har de riktige verkt\u00f8yene for \u00e5 gj\u00f8re jobben skikkelig. Med denne praktiske nalen kan du legge til rengj\u00f8ringsverkt\u00f8yene dine for \u00e5 rengj\u00f8re alle glassflater i hjemmet uten flekker eller drypp. Dette verkt\u00f8yet kan brukes til \u00e5 rengj\u00f8re glassd\u00f8rer, vinduer, speil og mye mer.<\/p>\n<p><img decoding=\"async\" class=\"size-medium wp-image-829 aligncenter\" src=\"https:\/\/keluvo.com\/template\/wp-content\/uploads\/sites\/5\/2024\/10\/aa.webp\" alt=\"\" \/><\/p>\n<p>&nbsp;<\/p>\n<h2 style=\"text-align: center;\"><strong>Innbygd spr\u00f8yte<\/strong><\/h2>\n<p style=\"text-align: center;\">V\u00e5r nal leveres med en innebygd spr\u00f8yte slik at du kan spraye og rengj\u00f8re overflaten. Du kan ogs\u00e5 fylle sprayflasken med s\u00e5pe og vann for \u00e5 rengj\u00f8re vinduene i bilen, hjemme eller p\u00e5 kontoret. I tillegg er v\u00e6skeflasken p\u00e5 denne nalen avtakbar for enkel p\u00e5fylling.<\/p>\n<p><img decoding=\"async\" class=\"size-medium wp-image-824 aligncenter\" src=\"https:\/\/keluvo.com\/template\/wp-content\/uploads\/sites\/5\/2024\/10\/5_800x_17de7be0-5df9-408a-ad00-c6e90bb44d91.webp\" alt=\"\" \/><\/p>\n","protected":false},"excerpt":{"rendered":"<p>Rengj\u00f8ring av h\u00f8y kvalitet Rengj\u00f8r flekker, kalk og annet smuss med denne lette glass- og speilrenseren! Funksjonalitet og funksjoner Vindusvask [&hellip;]<\/p>\n","protected":false},"featured_media":1468,"comment_status":"open","ping_status":"closed","template":"","meta":{"site-sidebar-layout":"default","site-content-layout":"","ast-site-content-layout":"default","site-content-style":"default","site-sidebar-style":"default","ast-global-header-display":"","ast-banner-title-visibility":"","ast-main-header-display":"","ast-hfb-above-header-display":"","ast-hfb-below-header-display":"","ast-hfb-mobile-header-display":"","site-post-title":"","ast-breadcrumbs-content":"","ast-featured-img":"","footer-sml-layout":"","theme-transparent-header-meta":"default","adv-header-id-meta":"","stick-header-meta":"","header-above-stick-meta":"","header-main-stick-meta":"","header-below-stick-meta":"","astra-migrate-meta-layouts":"set","ast-page-background-enabled":"default","ast-page-background-meta":{"desktop":{"background-color":"var(--ast-global-color-4)","background-image":"","background-repeat":"repeat","background-position":"center center","background-size":"auto","background-attachment":"scroll","background-type":"","background-media":"","overlay-type":"","overlay-color":"","overlay-opacity":"","overlay-gradient":""},"tablet":{"background-color":"","background-image":"","background-repeat":"repeat","background-position":"center center","background-size":"auto","background-attachment":"scroll","background-type":"","background-media":"","overlay-type":"","overlay-color":"","overlay-opacity":"","overlay-gradient":""},"mobile":{"background-color":"","background-image":"","background-repeat":"repeat","background-position":"center center","background-size":"auto","background-attachment":"scroll","background-type":"","background-media":"","overlay-type":"","overlay-color":"","overlay-opacity":"","overlay-gradient":""}},"ast-content-background-meta":{"desktop":{"background-color":"var(--ast-global-color-5)","background-image":"","background-repeat":"repeat","background-position":"center center","background-size":"auto","background-attachment":"scroll","background-type":"","background-media":"","overlay-type":"","overlay-color":"","overlay-opacity":"","overlay-gradient":""},"tablet":{"background-color":"var(--ast-global-color-5)","background-image":"","background-repeat":"repeat","background-position":"center center","background-size":"auto","background-attachment":"scroll","background-type":"","background-media":"","overlay-type":"","overlay-color":"","overlay-opacity":"","overlay-gradient":""},"mobile":{"background-color":"var(--ast-global-color-5)","background-image":"","background-repeat":"repeat","background-position":"center center","background-size":"auto","background-attachment":"scroll","background-type":"","background-media":"","overlay-type":"","overlay-color":"","overlay-opacity":"","overlay-gradient":""}}},"product_brand":[],"product_cat":[15],"product_tag":[],"class_list":{"0":"post-1472","1":"product","2":"type-product","3":"status-publish","4":"has-post-thumbnail","6":"product_cat-uncategorized","7":"pa_q97n4e6m-bla","8":"pa_q97n4e6m-gul","9":"pa_q97n4e6m-hvit","10":"desktop-align-left","11":"tablet-align-left","12":"mobile-align-left","14":"first","15":"instock","16":"shipping-taxable","17":"purchasable","18":"product-type-variable"},"_links":{"self":[{"href":"https:\/\/keluvo.com\/no\/wp-json\/wp\/v2\/product\/1472","targetHints":{"allow":["GET"]}}],"collection":[{"href":"https:\/\/keluvo.com\/no\/wp-json\/wp\/v2\/product"}],"about":[{"href":"https:\/\/keluvo.com\/no\/wp-json\/wp\/v2\/types\/product"}],"replies":[{"embeddable":true,"href":"https:\/\/keluvo.com\/no\/wp-json\/wp\/v2\/comments?post=1472"}],"wp:featuredmedia":[{"embeddable":true,"href":"https:\/\/keluvo.com\/no\/wp-json\/wp\/v2\/media\/1468"}],"wp:attachment":[{"href":"https:\/\/keluvo.com\/no\/wp-json\/wp\/v2\/media?parent=1472"}],"wp:term":[{"taxonomy":"product_brand","embeddable":true,"href":"https:\/\/keluvo.com\/no\/wp-json\/wp\/v2\/product_brand?post=1472"},{"taxonomy":"product_cat","embeddable":true,"href":"https:\/\/keluvo.com\/no\/wp-json\/wp\/v2\/product_cat?post=1472"},{"taxonomy":"product_tag","embeddable":true,"href":"https:\/\/keluvo.com\/no\/wp-json\/wp\/v2\/product_tag?post=1472"}],"curies":[{"name":"wp","href":"https:\/\/api.w.org\/{rel}","templated":true}]}}