{"id":14654,"date":"2025-04-18T11:42:05","date_gmt":"2025-04-18T09:42:05","guid":{"rendered":"https:\/\/keluvo.com\/no\/produkt\/sett-med-diamantunderlegg\/"},"modified":"2025-04-18T11:42:16","modified_gmt":"2025-04-18T09:42:16","slug":"sett-med-diamantunderlegg","status":"publish","type":"product","link":"https:\/\/keluvo.com\/no\/produkt\/sett-med-diamantunderlegg\/","title":{"rendered":"Sett med diamantunderlegg"},"content":{"rendered":"<p style=\"text-align: center\"><strong>\ud83d\udc8e En morsom og kreativ m\u00e5te \u00e5 lage dine egne glitrende bordsk\u00e5nere p\u00e5. \u2615<\/strong><\/p>\n<h2 style=\"text-align: center\">Lag, Dekorer, Og Ha Det G\u00f8y Med Diamantunderleggssettet.<\/h2>\n<p class=\"\" style=\"text-align: center\" data-start=\"144\" data-end=\"477\">Kos deg med barna eller slapp av mens du skaper noe vakkert.<br data-start=\"322\" data-end=\"325\" \/>Med dette enkle gj\u00f8r-det-selv-settet kan du designe underlegg som skinner. Perfekt for \u00e5 knytte b\u00e5nd mellom foreldre og barn, lage gaver eller rett og slett dekorere rommet ditt med h\u00e5ndlaget sjarm.<\/p>\n<p data-start=\"144\" data-end=\"477\"><img decoding=\"async\" class=\"size-full wp-image-15098 aligncenter\" src=\"https:\/\/keluvo.com\/template\/wp-content\/uploads\/sites\/5\/2025\/04\/diamondcoastervideo-ezgif.com-video-to-webp-converter.webp\" alt=\"\" \/><\/p>\n<h2 style=\"text-align: center\" data-start=\"144\" data-end=\"477\">Lag Dine Egne Glitrende Bordsk\u00e5nere!<\/h2>\n<p data-start=\"144\" data-end=\"477\"><br data-start=\"532\" data-end=\"535\" \/>\u2714 Perfekt for familietid og utvikling av barnas ferdigheter<\/p>\n<p data-start=\"144\" data-end=\"477\">\u2714 Forbedrer h\u00e5nd-\u00f8ye-koordinasjon og kreativitet<\/p>\n<p data-start=\"144\" data-end=\"477\">\u2714 Stilig og dekorativt \u2013 flott som gave<\/p>\n<p data-start=\"144\" data-end=\"477\">\u2714 Slitesterke og holdbare materialer<\/p>\n<p data-start=\"144\" data-end=\"477\"><img decoding=\"async\" class=\"size-full wp-image-15094 aligncenter\" src=\"https:\/\/keluvo.com\/template\/wp-content\/uploads\/sites\/5\/2025\/04\/4c3bb4c8-3ac7-410a-b35f-cae54aa6edcf.webp\" alt=\"\" \/><\/p>\n<h2 style=\"text-align: center\" data-start=\"479\" data-end=\"713\">Slik Bruker Du Diamantbordsk\u00e5nersettet?<\/h2>\n<p class=\"\" style=\"text-align: center\" data-start=\"479\" data-end=\"713\">Velg design og p\u00e5f\u00f8r de sm\u00e5, skinnende diamantene ved hjelp av de medf\u00f8lgende verkt\u00f8yene. F\u00f8lg m\u00f8nsteret, plasser diamantene og nyt \u00e5 se bordsk\u00e5neren komme til liv. N\u00e5r du er ferdig, kan du bruke underleggene eller vise dem frem med det medf\u00f8lgende stativet.<\/p>\n<h2 style=\"text-align: center\" data-start=\"715\" data-end=\"893\">Pakken Inneholder:<\/h2>\n<ul>\n<li data-start=\"715\" data-end=\"893\">6 underlegg + 1 verkt\u00f8ysett + 1 stativ<\/li>\n<\/ul>\n<p class=\"\" style=\"text-align: center\" data-start=\"715\" data-end=\"893\">Hver underlegger m\u00e5ler ca. 10 x 10 cm<\/p>\n<p class=\"\" data-start=\"895\" data-end=\"1169\">\n","protected":false},"excerpt":{"rendered":"<p>\ud83d\udc8e En morsom og kreativ m\u00e5te \u00e5 lage dine egne glitrende bordsk\u00e5nere p\u00e5. \u2615 Lag, Dekorer, Og Ha Det G\u00f8y [&hellip;]<\/p>\n","protected":false},"featured_media":14650,"comment_status":"open","ping_status":"closed","template":"","meta":{"site-sidebar-layout":"default","site-content-layout":"","ast-site-content-layout":"default","site-content-style":"default","site-sidebar-style":"default","ast-global-header-display":"","ast-banner-title-visibility":"","ast-main-header-display":"","ast-hfb-above-header-display":"","ast-hfb-below-header-display":"","ast-hfb-mobile-header-display":"","site-post-title":"","ast-breadcrumbs-content":"","ast-featured-img":"","footer-sml-layout":"","theme-transparent-header-meta":"default","adv-header-id-meta":"","stick-header-meta":"","header-above-stick-meta":"","header-main-stick-meta":"","header-below-stick-meta":"","astra-migrate-meta-layouts":"set","ast-page-background-enabled":"default","ast-page-background-meta":{"desktop":{"background-color":"var(--ast-global-color-4)","background-image":"","background-repeat":"repeat","background-position":"center center","background-size":"auto","background-attachment":"scroll","background-type":"","background-media":"","overlay-type":"","overlay-color":"","overlay-opacity":"","overlay-gradient":""},"tablet":{"background-color":"","background-image":"","background-repeat":"repeat","background-position":"center center","background-size":"auto","background-attachment":"scroll","background-type":"","background-media":"","overlay-type":"","overlay-color":"","overlay-opacity":"","overlay-gradient":""},"mobile":{"background-color":"","background-image":"","background-repeat":"repeat","background-position":"center center","background-size":"auto","background-attachment":"scroll","background-type":"","background-media":"","overlay-type":"","overlay-color":"","overlay-opacity":"","overlay-gradient":""}},"ast-content-background-meta":{"desktop":{"background-color":"var(--ast-global-color-5)","background-image":"","background-repeat":"repeat","background-position":"center center","background-size":"auto","background-attachment":"scroll","background-type":"","background-media":"","overlay-type":"","overlay-color":"","overlay-opacity":"","overlay-gradient":""},"tablet":{"background-color":"var(--ast-global-color-5)","background-image":"","background-repeat":"repeat","background-position":"center center","background-size":"auto","background-attachment":"scroll","background-type":"","background-media":"","overlay-type":"","overlay-color":"","overlay-opacity":"","overlay-gradient":""},"mobile":{"background-color":"var(--ast-global-color-5)","background-image":"","background-repeat":"repeat","background-position":"center center","background-size":"auto","background-attachment":"scroll","background-type":"","background-media":"","overlay-type":"","overlay-color":"","overlay-opacity":"","overlay-gradient":""}}},"product_brand":[],"product_cat":[1001],"product_tag":[],"class_list":{"0":"post-14654","1":"product","2":"type-product","3":"status-publish","4":"has-post-thumbnail","6":"product_cat-husholdningsartikler","7":"pa_18392_gst9apyt-3055","8":"pa_18392_gst9apyt-3056","9":"pa_18392_gst9apyt-3057","10":"pa_18392_gst9apyt-3058","11":"pa_18392_gst9apyt-3059","12":"pa_18392_gst9apyt-3060","13":"pa_18392_gst9apyt-3061","14":"desktop-align-left","15":"tablet-align-left","16":"mobile-align-left","18":"first","19":"instock","20":"shipping-taxable","21":"purchasable","22":"product-type-variable"},"_links":{"self":[{"href":"https:\/\/keluvo.com\/no\/wp-json\/wp\/v2\/product\/14654","targetHints":{"allow":["GET"]}}],"collection":[{"href":"https:\/\/keluvo.com\/no\/wp-json\/wp\/v2\/product"}],"about":[{"href":"https:\/\/keluvo.com\/no\/wp-json\/wp\/v2\/types\/product"}],"replies":[{"embeddable":true,"href":"https:\/\/keluvo.com\/no\/wp-json\/wp\/v2\/comments?post=14654"}],"wp:featuredmedia":[{"embeddable":true,"href":"https:\/\/keluvo.com\/no\/wp-json\/wp\/v2\/media\/14650"}],"wp:attachment":[{"href":"https:\/\/keluvo.com\/no\/wp-json\/wp\/v2\/media?parent=14654"}],"wp:term":[{"taxonomy":"product_brand","embeddable":true,"href":"https:\/\/keluvo.com\/no\/wp-json\/wp\/v2\/product_brand?post=14654"},{"taxonomy":"product_cat","embeddable":true,"href":"https:\/\/keluvo.com\/no\/wp-json\/wp\/v2\/product_cat?post=14654"},{"taxonomy":"product_tag","embeddable":true,"href":"https:\/\/keluvo.com\/no\/wp-json\/wp\/v2\/product_tag?post=14654"}],"curies":[{"name":"wp","href":"https:\/\/api.w.org\/{rel}","templated":true}]}}