{"id":14637,"date":"2025-04-18T11:28:46","date_gmt":"2025-04-18T09:28:46","guid":{"rendered":"https:\/\/keluvo.com\/no\/produkt\/glodende-ball\/"},"modified":"2025-04-18T11:28:51","modified_gmt":"2025-04-18T09:28:51","slug":"glodende-ball","status":"publish","type":"product","link":"https:\/\/keluvo.com\/no\/produkt\/glodende-ball\/","title":{"rendered":"Gl\u00f8dende ball"},"content":{"rendered":"<h2 style=\"text-align: center\"><b>En fargerik og vanntett m\u00e5te \u00e5 lyse opp uterommet ditt p\u00e5<\/b><\/h2>\n<p style=\"text-align: center\"><span style=\"font-weight: 400\">F\u00e5 hagen, uteplassen eller festen til \u00e5 skinne med dette gl\u00f8dende kulelyset. Den skifter farge og er enkel \u00e5 bruke. Perfekt til bryllup, h\u00f8ytider eller hverdagslig moro.<\/span><\/p>\n<h2 style=\"text-align: center\"><img decoding=\"async\" class=\"size-full wp-image-15130 aligncenter\" src=\"https:\/\/keluvo.com\/template\/wp-content\/uploads\/sites\/5\/2025\/04\/be6da464-26a3-4598-b966-ca696e4b9b25.webp\" alt=\"\" \/><br \/>\n<strong>Hovedfordeler<\/strong><\/h2>\n<ul>\n<li><span style=\"font-weight: 400\">16 farger \u00e5 velge mellom<\/span><\/li>\n<li><span style=\"font-weight: 400\">4 lysmoduser: blits, strobe, fade og smooth<\/span><\/li>\n<li><span style=\"font-weight: 400\">Virker i 8-10 timer etter lading<\/span><\/li>\n<li><span style=\"font-weight: 400\">Vanntett og trygg for utend\u00f8rs bruk<\/span><\/li>\n<li><span style=\"font-weight: 400\">Fjernkontroll for enkle fargeendringer<\/span><\/li>\n<\/ul>\n<h2 style=\"text-align: center\"><img decoding=\"async\" class=\"size-full wp-image-15131 aligncenter\" src=\"https:\/\/keluvo.com\/template\/wp-content\/uploads\/sites\/5\/2025\/04\/e022b739-58f8-4c90-ace3-7b9758815c60.webp\" alt=\"\" \/><br \/>\n<strong>Pakken Inkluderer:<\/strong><\/h2>\n<ul>\n<li><span style=\"font-weight: 400\">1 gl\u00f8dende ball (velg mellom st\u00f8rrelsene 10 cm til 25 cm)<\/span><\/li>\n<li><span style=\"font-weight: 400\">1 USB-ladekabel<\/span><\/li>\n<li><span style=\"font-weight: 400\">1 fjernkontroll<\/span><\/li>\n<\/ul>\n<p><img decoding=\"async\" class=\"size-full wp-image-15132 aligncenter\" src=\"https:\/\/keluvo.com\/template\/wp-content\/uploads\/sites\/5\/2025\/04\/f37de792-8354-4f9f-9846-38b69adc8184.webp\" alt=\"\" \/><\/p>\n<h2><\/h2>\n<h2 style=\"text-align: center\"><b>Slik bruker du den<\/b><\/h2>\n<p style=\"text-align: center\"><span style=\"font-weight: 400\">Lader ballen med USB-kabelen i ca. 6 timer. Bruk fjernkontrollen til \u00e5 velge din favorittfarge eller -modus. Plasser den hvor som helst utend\u00f8rs for \u00e5 nyte gl\u00f8den.<\/span><\/p>\n<p style=\"text-align: center\"><b>Merk:<\/b><\/p>\n<p style=\"text-align: center\"><span style=\"font-weight: 400\">Lyset har et innebygd batteri. Den er vanntett (IP65), men ikke senk den ned i vann.<\/span><\/p>\n<p style=\"text-align: center\"><span style=\"font-weight: 400\">Gi uterommet ditt et magisk preg med det gl\u00f8dende hagelyset.<\/span><\/p>\n","protected":false},"excerpt":{"rendered":"<p>En fargerik og vanntett m\u00e5te \u00e5 lyse opp uterommet ditt p\u00e5 F\u00e5 hagen, uteplassen eller festen til \u00e5 skinne med [&hellip;]<\/p>\n","protected":false},"featured_media":14633,"comment_status":"open","ping_status":"closed","template":"","meta":{"site-sidebar-layout":"default","site-content-layout":"","ast-site-content-layout":"default","site-content-style":"default","site-sidebar-style":"default","ast-global-header-display":"","ast-banner-title-visibility":"","ast-main-header-display":"","ast-hfb-above-header-display":"","ast-hfb-below-header-display":"","ast-hfb-mobile-header-display":"","site-post-title":"","ast-breadcrumbs-content":"","ast-featured-img":"","footer-sml-layout":"","theme-transparent-header-meta":"default","adv-header-id-meta":"","stick-header-meta":"","header-above-stick-meta":"","header-main-stick-meta":"","header-below-stick-meta":"","astra-migrate-meta-layouts":"set","ast-page-background-enabled":"default","ast-page-background-meta":{"desktop":{"background-color":"var(--ast-global-color-4)","background-image":"","background-repeat":"repeat","background-position":"center center","background-size":"auto","background-attachment":"scroll","background-type":"","background-media":"","overlay-type":"","overlay-color":"","overlay-opacity":"","overlay-gradient":""},"tablet":{"background-color":"","background-image":"","background-repeat":"repeat","background-position":"center center","background-size":"auto","background-attachment":"scroll","background-type":"","background-media":"","overlay-type":"","overlay-color":"","overlay-opacity":"","overlay-gradient":""},"mobile":{"background-color":"","background-image":"","background-repeat":"repeat","background-position":"center center","background-size":"auto","background-attachment":"scroll","background-type":"","background-media":"","overlay-type":"","overlay-color":"","overlay-opacity":"","overlay-gradient":""}},"ast-content-background-meta":{"desktop":{"background-color":"var(--ast-global-color-5)","background-image":"","background-repeat":"repeat","background-position":"center center","background-size":"auto","background-attachment":"scroll","background-type":"","background-media":"","overlay-type":"","overlay-color":"","overlay-opacity":"","overlay-gradient":""},"tablet":{"background-color":"var(--ast-global-color-5)","background-image":"","background-repeat":"repeat","background-position":"center center","background-size":"auto","background-attachment":"scroll","background-type":"","background-media":"","overlay-type":"","overlay-color":"","overlay-opacity":"","overlay-gradient":""},"mobile":{"background-color":"var(--ast-global-color-5)","background-image":"","background-repeat":"repeat","background-position":"center center","background-size":"auto","background-attachment":"scroll","background-type":"","background-media":"","overlay-type":"","overlay-color":"","overlay-opacity":"","overlay-gradient":""}}},"product_brand":[],"product_cat":[15],"product_tag":[],"class_list":{"0":"post-14637","1":"product","2":"type-product","3":"status-publish","4":"has-post-thumbnail","6":"product_cat-uncategorized","7":"pa_31412_l5qvahmf-10-cm","8":"pa_31412_l5qvahmf-12-cm","9":"pa_31412_l5qvahmf-15-cm","10":"pa_31412_l5qvahmf-20-cm","11":"pa_31412_l5qvahmf-25-cm","12":"desktop-align-left","13":"tablet-align-left","14":"mobile-align-left","16":"first","17":"instock","18":"shipping-taxable","19":"purchasable","20":"product-type-variable"},"_links":{"self":[{"href":"https:\/\/keluvo.com\/no\/wp-json\/wp\/v2\/product\/14637","targetHints":{"allow":["GET"]}}],"collection":[{"href":"https:\/\/keluvo.com\/no\/wp-json\/wp\/v2\/product"}],"about":[{"href":"https:\/\/keluvo.com\/no\/wp-json\/wp\/v2\/types\/product"}],"replies":[{"embeddable":true,"href":"https:\/\/keluvo.com\/no\/wp-json\/wp\/v2\/comments?post=14637"}],"wp:featuredmedia":[{"embeddable":true,"href":"https:\/\/keluvo.com\/no\/wp-json\/wp\/v2\/media\/14633"}],"wp:attachment":[{"href":"https:\/\/keluvo.com\/no\/wp-json\/wp\/v2\/media?parent=14637"}],"wp:term":[{"taxonomy":"product_brand","embeddable":true,"href":"https:\/\/keluvo.com\/no\/wp-json\/wp\/v2\/product_brand?post=14637"},{"taxonomy":"product_cat","embeddable":true,"href":"https:\/\/keluvo.com\/no\/wp-json\/wp\/v2\/product_cat?post=14637"},{"taxonomy":"product_tag","embeddable":true,"href":"https:\/\/keluvo.com\/no\/wp-json\/wp\/v2\/product_tag?post=14637"}],"curies":[{"name":"wp","href":"https:\/\/api.w.org\/{rel}","templated":true}]}}